{"id":19015,"date":"2019-05-30T13:35:23","date_gmt":"2019-05-30T11:35:23","guid":{"rendered":"https:\/\/regmik.com.ua\/?post_type=product&#038;p=19015"},"modified":"2025-05-23T10:54:16","modified_gmt":"2025-05-23T08:54:16","slug":"ohladitel-sredy-dlya-manometrov","status":"publish","type":"product","link":"https:\/\/regmik.ua\/cs\/product\/ohladitel-sredy-dlya-manometrov\/","title":{"rendered":"St\u0159edn\u00ed chladi\u010d pro tlakom\u011bry"},"content":{"rendered":"<p>St\u0159edn\u00ed chladi\u010d pro tlakom\u011bry je ur\u010den k chlazen\u00ed a ochran\u011b <a href=\"https:\/\/regmik.ua\/product-category\/tovary\/manometry\/\">m\u011b\u0159i\u010de tlaku<\/a> a tlakov\u00e9 sn\u00edma\u010de, kter\u00e9 m\u011b\u0159\u00ed tlak p\u00e1ry, hork\u00e9 kapaliny a dal\u0161\u00edch m\u011b\u0159en\u00fdch m\u00e9di\u00ed s vysokou provozn\u00ed teplotou z p\u0159\u00edm\u00e9ho p\u016fsoben\u00ed m\u00e9dia. P\u0159i pou\u017eit\u00ed chladi\u010de doch\u00e1z\u00ed vlivem odvodu tepla ke sn\u00ed\u017een\u00ed teploty m\u00e9dia na provozn\u00ed teplotu m\u011bni\u010de.<\/p>\n<p>Chladi\u010d m\u00e9dia pro tlakom\u011bry se vyr\u00e1b\u00ed s mont\u00e1\u017en\u00edmi z\u00e1vity: metrick\u00fd podle GOST 24705, v\u00e1lcov\u00fd trubkov\u00fd podle GOST 6357 a k\u00f3nick\u00fd palcov\u00fd podle GOST 6111. Mont\u00e1\u017en\u00ed z\u00e1vit m\u016f\u017ee b\u00fdt vyroben na p\u0159\u00e1n\u00ed z\u00e1kazn\u00edka podle jin\u00fdch norem.<\/p>\n<p>Chladi\u010d je vyroben z oceli 12H18\u041d10\u0422 dle GOST 5632. Na p\u0159\u00e1n\u00ed z\u00e1kazn\u00edka je mo\u017en\u00e9 vyrobit st\u0159edn\u00ed chladi\u010d pro tlakom\u011bry z jin\u00fdch ocel\u00ed.<\/p>\n<p><strong>AISI 321 12\u042518\u041d10\u0422 08\u042518\u041d10\u0422\u00a0<\/strong>\u017d\u00e1ruvzdorn\u00e1, korozivzdorn\u00e1 a \u017e\u00e1ruvzdorn\u00e1 ocel austenitick\u00e9 t\u0159\u00eddy. M\u00e1 vysokou pevnost a odolnost. Pou\u017e\u00edv\u00e1 se p\u0159i teplot\u00e1ch do 600 \u00b0 \u0421 a ve vysoce agresivn\u00edm prost\u0159ed\u00ed do 350 \u00b0 \u0421.<br \/>\n<strong>AISI 304 08\u042518\u041d10\u00a0<\/strong>\u017d\u00e1ruvzdorn\u00e1, korozivzdorn\u00e1 austenitick\u00e1 ocel. Pou\u017e\u00edv\u00e1 se p\u0159i teplot\u00e1ch do 400 \u00b0 C v prost\u0159ed\u00edch st\u0159edn\u00ed aktivity.<br \/>\n<strong>AISI 316L 03\u042517\u041d14\u041c3\u00a0<\/strong>Korozivzdorn\u00e1 austenitick\u00e1 ocel. Pou\u017e\u00edv\u00e1 se p\u0159i teplot\u00e1ch do 450 \u00b0 C ve v\u011bt\u0161in\u011b agresivn\u00edch prost\u0159ed\u00ed.<br \/>\n<strong>AISI 316Ti 10\u042517\u041d13\u041c2\u0422\u00a0<\/strong>Korozivzdorn\u00e1 austenitick\u00e1 ocel. Pou\u017e\u00edv\u00e1 se p\u0159i teplot\u00e1ch do 600 \u00b0 C ve vysoce agresivn\u00edm prost\u0159ed\u00ed.<br \/>\n<strong>AISI 430 12X17\u00a0<\/strong>\u017d\u00e1ruvzdorn\u00e1, korozivzdorn\u00e1 feritick\u00e1 ocel. Pou\u017e\u00edv\u00e1 se p\u0159i teplot\u00e1ch do 400 \u00b0 C v m\u00edrn\u011b agresivn\u00edm prost\u0159ed\u00ed.<br \/>\n<strong>12X1MF\u00a0<\/strong>\u017d\u00e1ruvzdorn\u00fd, odoln\u00fd v\u016f\u010di dlouhodob\u00e9mu p\u016fsoben\u00ed vysok\u00fdch teplot, perlitov\u00e1 ocel. Pou\u017e\u00edv\u00e1 se p\u0159i teplot\u00e1ch do 600 \u00b0 C.<\/p>\n<p>St\u0159edn\u00ed chladi\u010de manometr\u016f mus\u00ed b\u00fdt provozov\u00e1ny p\u0159i provozn\u00edch tlac\u00edch a teplot\u00e1ch, kter\u00e9 nesm\u011bj\u00ed p\u0159ekro\u010dit limity stanoven\u00e9 p\u0159\u00edslu\u0161n\u00fdmi pravidly a p\u0159edpisy st\u00e1tn\u00edho dozoru pro tyto materi\u00e1ly a provozn\u00ed podm\u00ednky.<\/p>\n<p>Instalace chladi\u010d\u016f na m\u00edst\u011b se prov\u00e1d\u00ed v souladu s pokyny pro za\u0159\u00edzen\u00ed, na kter\u00e9m instalace prob\u00edh\u00e1.<\/p>\n<p>Vlastnosti st\u0159edn\u00edho chladi\u010de pro tlakom\u011bry:<\/p>\n<p>Vstupn\u00ed teplota - 250 \u00b0 \u0421, v\u00fdstupn\u00ed teplota - 45 \u00b0 \u0421, p\u0159i teplot\u011b okol\u00ed - 20 \u00b0 \u0421.<\/p>\n<p>Chladi\u010d je mo\u017en\u00e9 vyrobit s jin\u00fdm p\u0159ipojen\u00edm a celkov\u00fdmi rozm\u011bry dle v\u00fdkresu z\u00e1kazn\u00edka.<\/p>","protected":false},"excerpt":{"rendered":"<p>Chladi\u010de jsou ur\u010deny k chlazen\u00ed m\u011b\u0159en\u00e9ho m\u00e9dia vstupuj\u00edc\u00edho do pracovn\u00edch dutin tlakom\u011br\u016f. Materi\u00e1l - nerezov\u00e1 ocel AISI 321 (analogem podle GOST je ocel t\u0159\u00eddy 12X18H10T). Vstupn\u00ed teplota - 250 \u00b0 \u0421, v\u00fdstupn\u00ed teplota - 45 \u00b0 \u0421, p\u0159i teplot\u011b okol\u00ed - 20 \u00b0 \u0421. Chladi\u010d je mo\u017en\u00e9 vyrobit s jin\u00fdm p\u0159ipojen\u00edm a celkov\u00fdmi rozm\u011bry dle v\u00fdkresu z\u00e1kazn\u00edka.<\/p>","protected":false},"featured_media":19016,"comment_status":"open","ping_status":"closed","template":"","meta":[],"product_brand":[],"product_cat":[777],"product_tag":[3042,3041,3043],"class_list":{"0":"post-19015","1":"product","2":"type-product","3":"status-publish","4":"has-post-thumbnail","6":"product_cat-perehodniki-dlya-sredstv-izmereniya-davleniya","7":"product_tag-manometry","8":"product_tag-ohladitel","9":"product_tag-perehodnik","12":"instock","13":"shipping-taxable","14":"purchasable","15":"product-type-simple"},"yoast_head":"<title>\u041e\u0445\u043b\u0430\u0434\u0438\u0442\u0435\u043b\u044c \u0441\u0440\u0435\u0434\u044b \u0434\u043b\u044f \u043c\u0430\u043d\u043e\u043c\u0435\u0442\u0440\u043e\u0432 &#8211; \u0420\u0415\u0413\u041c\u0406\u041a, \u041d\u0412\u0424, \u041f\u041f<\/title>\n<meta name=\"description\" content=\"\u041e\u0445\u043b\u0430\u0434\u0438\u0442\u0435\u043b\u044c \u0441\u0440\u0435\u0434\u044b \u0434\u043b\u044f \u043c\u0430\u043d\u043e\u043c\u0435\u0442\u0440\u043e\u0432 \u043f\u0440\u0435\u0434\u043d\u0430\u0437\u043d\u0430\u0447\u0435\u043d \u0434\u043b\u044f \u043e\u0445\u043b\u0430\u0436\u0434\u0435\u043d\u0438\u044f \u0438\u0437\u043c\u0435\u0440\u044f\u0435\u043c\u043e\u0439 \u0441\u0440\u0435\u0434\u044b, \u043f\u043e\u0441\u0442\u0443\u043f\u0430\u044e\u0449\u0435\u0439 \u0432 \u0440\u0430\u0431\u043e\u0447\u0438\u0435 \u043f\u043e\u043b\u043e\u0441\u0442\u0438 \u043f\u0440\u0438\u0431\u043e\u0440\u043e\u0432 \u0434\u043b\u044f \u0438\u0437\u043c\u0435\u0440\u0435\u043d\u0438\u044f \u0434\u0430\u0432\u043b\u0435\u043d\u0438\u044f.\" \/>\n<meta name=\"robots\" content=\"index, follow, max-snippet:-1, max-image-preview:large, max-video-preview:-1\" \/>\n<link rel=\"canonical\" href=\"https:\/\/regmik.ua\/cs\/produkt\/ohladitel-sredy-dlya-manometrov\/\" \/>\n<script type=\"application\/ld+json\" class=\"yoast-schema-graph\">{\"@context\":\"https:\\\/\\\/schema.org\",\"@graph\":[{\"@type\":\"WebPage\",\"@id\":\"https:\\\/\\\/regmik.ua\\\/product\\\/ohladitel-sredy-dlya-manometrov\\\/\",\"url\":\"https:\\\/\\\/regmik.ua\\\/product\\\/ohladitel-sredy-dlya-manometrov\\\/\",\"name\":\"\u041e\u0445\u043b\u0430\u0434\u0438\u0442\u0435\u043b\u044c \u0441\u0440\u0435\u0434\u044b \u0434\u043b\u044f \u043c\u0430\u043d\u043e\u043c\u0435\u0442\u0440\u043e\u0432 &#8211; \u0420\u0415\u0413\u041c\u0406\u041a, \u041d\u0412\u0424, \u041f\u041f\",\"isPartOf\":{\"@id\":\"https:\\\/\\\/regmik.ua\\\/uk\\\/#website\"},\"primaryImageOfPage\":{\"@id\":\"https:\\\/\\\/regmik.ua\\\/product\\\/ohladitel-sredy-dlya-manometrov\\\/#primaryimage\"},\"image\":{\"@id\":\"https:\\\/\\\/regmik.ua\\\/product\\\/ohladitel-sredy-dlya-manometrov\\\/#primaryimage\"},\"thumbnailUrl\":\"https:\\\/\\\/regmik.ua\\\/wp-content\\\/uploads\\\/2019\\\/05\\\/Ohladitel.png\",\"datePublished\":\"2019-05-30T11:35:23+00:00\",\"dateModified\":\"2025-05-23T08:54:16+00:00\",\"description\":\"\u041e\u0445\u043b\u0430\u0434\u0438\u0442\u0435\u043b\u044c \u0441\u0440\u0435\u0434\u044b \u0434\u043b\u044f \u043c\u0430\u043d\u043e\u043c\u0435\u0442\u0440\u043e\u0432 \u043f\u0440\u0435\u0434\u043d\u0430\u0437\u043d\u0430\u0447\u0435\u043d \u0434\u043b\u044f \u043e\u0445\u043b\u0430\u0436\u0434\u0435\u043d\u0438\u044f \u0438\u0437\u043c\u0435\u0440\u044f\u0435\u043c\u043e\u0439 \u0441\u0440\u0435\u0434\u044b, \u043f\u043e\u0441\u0442\u0443\u043f\u0430\u044e\u0449\u0435\u0439 \u0432 \u0440\u0430\u0431\u043e\u0447\u0438\u0435 \u043f\u043e\u043b\u043e\u0441\u0442\u0438 \u043f\u0440\u0438\u0431\u043e\u0440\u043e\u0432 \u0434\u043b\u044f \u0438\u0437\u043c\u0435\u0440\u0435\u043d\u0438\u044f \u0434\u0430\u0432\u043b\u0435\u043d\u0438\u044f.\",\"breadcrumb\":{\"@id\":\"https:\\\/\\\/regmik.ua\\\/product\\\/ohladitel-sredy-dlya-manometrov\\\/#breadcrumb\"},\"inLanguage\":\"cs\",\"potentialAction\":[{\"@type\":\"ReadAction\",\"target\":[\"https:\\\/\\\/regmik.ua\\\/product\\\/ohladitel-sredy-dlya-manometrov\\\/\"]}]},{\"@type\":\"ImageObject\",\"inLanguage\":\"cs\",\"@id\":\"https:\\\/\\\/regmik.ua\\\/product\\\/ohladitel-sredy-dlya-manometrov\\\/#primaryimage\",\"url\":\"https:\\\/\\\/regmik.ua\\\/wp-content\\\/uploads\\\/2019\\\/05\\\/Ohladitel.png\",\"contentUrl\":\"https:\\\/\\\/regmik.ua\\\/wp-content\\\/uploads\\\/2019\\\/05\\\/Ohladitel.png\",\"width\":800,\"height\":1024,\"caption\":\"\u041e\u0445\u043b\u0430\u0434\u0438\u0442\u0435\u043b\u044c \u0441\u0440\u0435\u0434\u044b \u0434\u043b\u044f \u043c\u0430\u043d\u043e\u043c\u0435\u0442\u0440\u043e\u0432\"},{\"@type\":\"BreadcrumbList\",\"@id\":\"https:\\\/\\\/regmik.ua\\\/product\\\/ohladitel-sredy-dlya-manometrov\\\/#breadcrumb\",\"itemListElement\":[{\"@type\":\"ListItem\",\"position\":1,\"name\":\"\u0413\u043b\u0430\u0432\u043d\u0430\u044f \u0441\u0442\u0440\u0430\u043d\u0438\u0446\u0430\",\"item\":\"https:\\\/\\\/regmik.ua\\\/\"},{\"@type\":\"ListItem\",\"position\":2,\"name\":\"\u041f\u0440\u043e\u0434\u0443\u043a\u0446\u0438\u044f\",\"item\":\"https:\\\/\\\/regmik.ua\\\/uk\\\/products\\\/\"},{\"@type\":\"ListItem\",\"position\":3,\"name\":\"\u041e\u0445\u043b\u0430\u0434\u0438\u0442\u0435\u043b\u044c \u0441\u0440\u0435\u0434\u044b \u0434\u043b\u044f \u043c\u0430\u043d\u043e\u043c\u0435\u0442\u0440\u043e\u0432\"}]},{\"@type\":\"WebSite\",\"@id\":\"https:\\\/\\\/regmik.ua\\\/uk\\\/#website\",\"url\":\"https:\\\/\\\/regmik.ua\\\/uk\\\/\",\"name\":\"REGMIK\",\"description\":\"\u0418\u0437\u043c\u0435\u0440\u0438\u0442\u0435\u043b\u044c\u043d\u044b\u0435 \u043f\u0440\u0438\u0431\u043e\u0440\u044b \u0438 \u0434\u0430\u0442\u0447\u0438\u043a\u0438 \u0442\u0435\u043c\u043f\u0435\u0440\u0430\u0442\u0443\u0440\u044b\",\"publisher\":{\"@id\":\"https:\\\/\\\/regmik.ua\\\/uk\\\/#organization\"},\"alternateName\":\"REGMIK\",\"potentialAction\":[{\"@type\":\"SearchAction\",\"target\":{\"@type\":\"EntryPoint\",\"urlTemplate\":\"https:\\\/\\\/regmik.ua\\\/uk\\\/?s={search_term_string}\"},\"query-input\":{\"@type\":\"PropertyValueSpecification\",\"valueRequired\":true,\"valueName\":\"search_term_string\"}}],\"inLanguage\":\"cs\"},{\"@type\":\"Organization\",\"@id\":\"https:\\\/\\\/regmik.ua\\\/uk\\\/#organization\",\"name\":\"REGMIK\",\"alternateName\":\"\u0420\u0415\u0413\u041c\u0418\u041a\",\"url\":\"https:\\\/\\\/regmik.ua\\\/uk\\\/\",\"logo\":{\"@type\":\"ImageObject\",\"inLanguage\":\"cs\",\"@id\":\"https:\\\/\\\/regmik.ua\\\/uk\\\/#\\\/schema\\\/logo\\\/image\\\/\",\"url\":\"https:\\\/\\\/regmik.ua\\\/wp-content\\\/uploads\\\/2020\\\/03\\\/regmik_logo.png\",\"contentUrl\":\"https:\\\/\\\/regmik.ua\\\/wp-content\\\/uploads\\\/2020\\\/03\\\/regmik_logo.png\",\"width\":194,\"height\":45,\"caption\":\"REGMIK\"},\"image\":{\"@id\":\"https:\\\/\\\/regmik.ua\\\/uk\\\/#\\\/schema\\\/logo\\\/image\\\/\"},\"sameAs\":[\"https:\\\/\\\/www.facebook.com\\\/regmik.npf\",\"https:\\\/\\\/x.com\\\/regmiknpf\",\"https:\\\/\\\/www.youtube.com\\\/channel\\\/UC_SrY98SKAmR3Kt95GcVKcw\"]}]}<\/script>","yoast_head_json":{"title":"Chladi\u010d pro tlakom\u011bry \u2013 REGMIK, NVF, PP","description":"Chladi\u010d m\u00e9dia pro tlakom\u011bry je ur\u010den k chlazen\u00ed m\u011b\u0159en\u00e9ho m\u00e9dia vstupuj\u00edc\u00edho do pracovn\u00edch dutin tlakom\u011br\u016f.","robots":{"index":"index","follow":"follow","max-snippet":"max-snippet:-1","max-image-preview":"max-image-preview:large","max-video-preview":"max-video-preview:-1"},"canonical":"https:\/\/regmik.ua\/cs\/produkt\/ohladitel-sredy-dlya-manometrov\/","schema":{"@context":"https:\/\/schema.org","@graph":[{"@type":"WebPage","@id":"https:\/\/regmik.ua\/product\/ohladitel-sredy-dlya-manometrov\/","url":"https:\/\/regmik.ua\/product\/ohladitel-sredy-dlya-manometrov\/","name":"Chladi\u010d pro tlakom\u011bry \u2013 REGMIK, NVF, PP","isPartOf":{"@id":"https:\/\/regmik.ua\/uk\/#website"},"primaryImageOfPage":{"@id":"https:\/\/regmik.ua\/product\/ohladitel-sredy-dlya-manometrov\/#primaryimage"},"image":{"@id":"https:\/\/regmik.ua\/product\/ohladitel-sredy-dlya-manometrov\/#primaryimage"},"thumbnailUrl":"https:\/\/regmik.ua\/wp-content\/uploads\/2019\/05\/Ohladitel.png","datePublished":"2019-05-30T11:35:23+00:00","dateModified":"2025-05-23T08:54:16+00:00","description":"Chladi\u010d m\u00e9dia pro tlakom\u011bry je ur\u010den k chlazen\u00ed m\u011b\u0159en\u00e9ho m\u00e9dia vstupuj\u00edc\u00edho do pracovn\u00edch dutin tlakom\u011br\u016f.","breadcrumb":{"@id":"https:\/\/regmik.ua\/product\/ohladitel-sredy-dlya-manometrov\/#breadcrumb"},"inLanguage":"cs","potentialAction":[{"@type":"ReadAction","target":["https:\/\/regmik.ua\/product\/ohladitel-sredy-dlya-manometrov\/"]}]},{"@type":"ImageObject","inLanguage":"cs","@id":"https:\/\/regmik.ua\/product\/ohladitel-sredy-dlya-manometrov\/#primaryimage","url":"https:\/\/regmik.ua\/wp-content\/uploads\/2019\/05\/Ohladitel.png","contentUrl":"https:\/\/regmik.ua\/wp-content\/uploads\/2019\/05\/Ohladitel.png","width":800,"height":1024,"caption":"\u041e\u0445\u043b\u0430\u0434\u0438\u0442\u0435\u043b\u044c \u0441\u0440\u0435\u0434\u044b \u0434\u043b\u044f \u043c\u0430\u043d\u043e\u043c\u0435\u0442\u0440\u043e\u0432"},{"@type":"BreadcrumbList","@id":"https:\/\/regmik.ua\/product\/ohladitel-sredy-dlya-manometrov\/#breadcrumb","itemListElement":[{"@type":"ListItem","position":1,"name":"\u0413\u043b\u0430\u0432\u043d\u0430\u044f \u0441\u0442\u0440\u0430\u043d\u0438\u0446\u0430","item":"https:\/\/regmik.ua\/"},{"@type":"ListItem","position":2,"name":"\u041f\u0440\u043e\u0434\u0443\u043a\u0446\u0438\u044f","item":"https:\/\/regmik.ua\/uk\/products\/"},{"@type":"ListItem","position":3,"name":"\u041e\u0445\u043b\u0430\u0434\u0438\u0442\u0435\u043b\u044c \u0441\u0440\u0435\u0434\u044b \u0434\u043b\u044f \u043c\u0430\u043d\u043e\u043c\u0435\u0442\u0440\u043e\u0432"}]},{"@type":"WebSite","@id":"https:\/\/regmik.ua\/uk\/#website","url":"https:\/\/regmik.ua\/uk\/","name":"REGMIK","description":"M\u011b\u0159ic\u00ed p\u0159\u00edstroje a sn\u00edma\u010de teploty","publisher":{"@id":"https:\/\/regmik.ua\/uk\/#organization"},"alternateName":"REGMIK","potentialAction":[{"@type":"SearchAction","target":{"@type":"EntryPoint","urlTemplate":"https:\/\/regmik.ua\/uk\/?s={search_term_string}"},"query-input":{"@type":"PropertyValueSpecification","valueRequired":true,"valueName":"search_term_string"}}],"inLanguage":"cs"},{"@type":"Organization","@id":"https:\/\/regmik.ua\/uk\/#organization","name":"REGMIK","alternateName":"\u0420\u0415\u0413\u041c\u0418\u041a","url":"https:\/\/regmik.ua\/uk\/","logo":{"@type":"ImageObject","inLanguage":"cs","@id":"https:\/\/regmik.ua\/uk\/#\/schema\/logo\/image\/","url":"https:\/\/regmik.ua\/wp-content\/uploads\/2020\/03\/regmik_logo.png","contentUrl":"https:\/\/regmik.ua\/wp-content\/uploads\/2020\/03\/regmik_logo.png","width":194,"height":45,"caption":"REGMIK"},"image":{"@id":"https:\/\/regmik.ua\/uk\/#\/schema\/logo\/image\/"},"sameAs":["https:\/\/www.facebook.com\/regmik.npf","https:\/\/x.com\/regmiknpf","https:\/\/www.youtube.com\/channel\/UC_SrY98SKAmR3Kt95GcVKcw"]}]}},"_links":{"self":[{"href":"https:\/\/regmik.ua\/cs\/wp-json\/wp\/v2\/product\/19015","targetHints":{"allow":["GET"]}}],"collection":[{"href":"https:\/\/regmik.ua\/cs\/wp-json\/wp\/v2\/product"}],"about":[{"href":"https:\/\/regmik.ua\/cs\/wp-json\/wp\/v2\/types\/product"}],"replies":[{"embeddable":true,"href":"https:\/\/regmik.ua\/cs\/wp-json\/wp\/v2\/comments?post=19015"}],"version-history":[{"count":0,"href":"https:\/\/regmik.ua\/cs\/wp-json\/wp\/v2\/product\/19015\/revisions"}],"wp:featuredmedia":[{"embeddable":true,"href":"https:\/\/regmik.ua\/cs\/wp-json\/wp\/v2\/media\/19016"}],"wp:attachment":[{"href":"https:\/\/regmik.ua\/cs\/wp-json\/wp\/v2\/media?parent=19015"}],"wp:term":[{"taxonomy":"product_brand","embeddable":true,"href":"https:\/\/regmik.ua\/cs\/wp-json\/wp\/v2\/product_brand?post=19015"},{"taxonomy":"product_cat","embeddable":true,"href":"https:\/\/regmik.ua\/cs\/wp-json\/wp\/v2\/product_cat?post=19015"},{"taxonomy":"product_tag","embeddable":true,"href":"https:\/\/regmik.ua\/cs\/wp-json\/wp\/v2\/product_tag?post=19015"}],"curies":[{"name":"wp","href":"https:\/\/api.w.org\/{rel}","templated":true}]}}