{"id":18871,"date":"2020-02-05T12:10:18","date_gmt":"2020-02-05T10:10:18","guid":{"rendered":"https:\/\/regmik.com.ua\/?post_type=product&#038;p=18871"},"modified":"2022-06-02T16:10:21","modified_gmt":"2022-06-02T13:10:21","slug":"vitratomir-lichilnik-elektromagnitnij-ers-50","status":"publish","type":"product","link":"https:\/\/regmik.ua\/cs\/product\/vitratomir-lichilnik-elektromagnitnij-ers-50\/","title":{"rendered":"Elektromagnetick\u00fd pr\u016ftokom\u011br-po\u010ditadlo ERS-50 (NIO-35)"},"content":{"rendered":"<div data-elementor-type=\"wp-post\" data-elementor-id=\"18871\" class=\"elementor elementor-18871\">\n\t\t\t\t\t\t<section class=\"elementor-section elementor-top-section elementor-element elementor-element-36868aff elementor-section-boxed elementor-section-height-default elementor-section-height-default\" data-id=\"36868aff\" data-element_type=\"section\" data-e-type=\"section\">\n\t\t\t\t\t\t<div class=\"elementor-container elementor-column-gap-default\">\n\t\t\t\t\t<div class=\"elementor-column elementor-col-100 elementor-top-column elementor-element elementor-element-684d57c7\" data-id=\"684d57c7\" data-element_type=\"column\" data-e-type=\"column\">\n\t\t\t<div class=\"elementor-widget-wrap elementor-element-populated\">\n\t\t\t\t\t\t<div class=\"elementor-element elementor-element-22a1f2cb elementor-widget elementor-widget-text-editor\" data-id=\"22a1f2cb\" data-element_type=\"widget\" data-e-type=\"widget\" data-widget_type=\"text-editor.default\">\n\t\t\t\t\t\t\t\t\t<div class=\"page\" title=\"Strana 5\">\n<div class=\"layoutArea\">\n<div class=\"column\">\n<p><a href=\"https:\/\/ru.wikipedia.org\/wiki\/Flowmeter\">Po\u010ditadlo pr\u016ftokom\u011bru<\/a> elektromagnetick\u00fd ERS-50 (pr\u016ftokom\u011br ERS-50) (NIO-35) je ur\u010den k m\u011b\u0159en\u00ed pr\u016fm\u011brn\u00e9ho objemov\u00e9ho pr\u016ftoku a objemu r\u016fzn\u00fdch kapaln\u00fdch m\u00e9di\u00ed se specifickou elektrickou vodivost\u00ed od 10 do 10 Cm \/ m.<\/p>\n<p>Pr\u016ftokom\u011bry ERS-50 lze pou\u017e\u00edt v potravin\u00e1\u0159sk\u00e9m, ml\u00e9k\u00e1rensk\u00e9m a jin\u00e9m pr\u016fmyslu pro komer\u010dn\u00ed \u00fa\u010dely i v r\u016fzn\u00fdch technologick\u00fdch procesech.<\/p>\n<div class=\"page\" title=\"Str\u00e1nka 13\">\n<div class=\"layoutArea\">\n<div class=\"column\">\n<h3>Princip \u010dinnosti Pr\u016ftokom\u011br-po\u010ditadlo ERS-50<\/h3>\n<p>Princip \u010dinnosti elektromagnetick\u00fdch pr\u016ftokom\u011br\u016f ERS-50 je zalo\u017een na z\u00e1konu elektromagnetick\u00e9 indukce, kter\u00fd spo\u010d\u00edv\u00e1 ve skute\u010dnosti, \u017ee kdy\u017e elektricky vodiv\u00e1 kapalina proch\u00e1z\u00ed magnetick\u00fdm polem, je v n\u011bm indukov\u00e1na elektromotorick\u00e1 s\u00edla (EMF), stejn\u011b jako v pohybuj\u00edc\u00edm se vodi\u010di, \u00fam\u011brn\u00e1 pr\u016fm\u011brn\u00e9 rychlosti kapaliny.<\/p>\n<p>Pro realizaci tohoto principu je \u010d\u00e1st potrub\u00ed vyrobena z nemagnetick\u00e9ho materi\u00e1lu, na jeho\u017e vnit\u0159n\u00ed povrch je aplikov\u00e1n elektricky izola\u010dn\u00ed povlak. Do potrub\u00ed jsou zavedeny dv\u011b elektrody, um\u00edst\u011bn\u00e9 diametr\u00e1ln\u011b proti sob\u011b v jednom z jeho pr\u016f\u0159ez\u016f.<\/p>\n<p>Potrub\u00ed je um\u00edst\u011bno mezi p\u00f3ly magnetick\u00e9ho syst\u00e9mu a elektrody jsou um\u00edst\u011bny kolmo ke sm\u011bru silo\u010dar generovan\u00e9ho magnetick\u00e9ho pole. Nap\u011bt\u00ed na elektrod\u00e1ch (E) je pops\u00e1no pom\u011brem:<\/p>\n<div class=\"page\" title=\"Strana 14\">\n<div class=\"layoutArea\">\n<div class=\"column\">\n<p><strong>E = B\u22c5D\u22c5W = 4\u22c5B\u22c5Q \u03c0D<\/strong>, (1)<\/p>\n<p>Kde <strong>V<\/strong> - magnetick\u00e1 indukce;<br>\n<strong>D<\/strong> - jmenovit\u00fd pr\u016fm\u011br potrub\u00ed;<br>\n<strong>\u017d<\/strong> a <strong>Q<\/strong> - pr\u016fm\u011brn\u00e1 rychlost a pr\u016fm\u011brn\u00fd objemov\u00fd pr\u016ftok kapaliny.<\/p>\n<p>Pr\u016fm\u011brn\u00fd objemov\u00fd pr\u016ftok a mno\u017estv\u00ed (V) kapaliny prot\u00e9kaj\u00edc\u00ed potrub\u00edm EMD jsou ur\u010deny pom\u011bry:<\/p>\n<p><strong>Q = (Ni - NU) \u22c5\u03bb\u22c5PR + CH;<\/strong> (2)<\/p>\n<p><strong>V = Q\u22c5t\u0436<\/strong>, (3)<\/p>\n<p>Kde <strong>Ni<\/strong> - k\u00f3d \u00fam\u011brn\u00fd nap\u011bt\u00ed na elektrod\u00e1ch (E);<br>\n<strong>STUDNA<\/strong> - po\u010d\u00e1te\u010dn\u00ed hodnota nulov\u00e9 \u00farovn\u011b k\u00f3du Ni m\u011b\u0159en\u00e1 b\u011bhem certifikace EDS v z\u00e1vod\u011b v\u00fdrobce, jako\u017e i b\u011bhem jeho pravideln\u00e9ho ov\u011b\u0159ov\u00e1n\u00ed nebo kalibrace;<br>\n<strong>\u03bb<\/strong> - koeficient vypo\u010d\u00edtan\u00fd ve f\u00e1zi n\u00e1vrhu;<br>\n<strong>ATD<\/strong> a <strong>CH<\/strong> - proporcion\u00e1ln\u00ed faktor a offset nuly, kter\u00e9 ur\u010duj\u00ed nomin\u00e1ln\u00ed statickou charakteristiku. Tyto koeficienty jsou ur\u010dov\u00e1ny s vysokou p\u0159esnost\u00ed ve v\u00fdrobn\u00edm z\u00e1vod\u011b b\u011bhem certifikace EDS. Mohou b\u00fdt b\u011bhem provozu aktualizov\u00e1ny;<br>\n<strong>tzh<\/strong> - doba pr\u016ftoku kapaliny.<\/p>\n<p>Aby se minimalizovala polarizace elektrod v EMD, pou\u017e\u00edv\u00e1 se pulzn\u00ed magnetick\u00e9 pole o n\u00edzk\u00e9 frekvenci.<\/p>\n<div class=\"page\" title=\"Strana 14\">\n<div class=\"layoutArea\">\n<div class=\"column\">\n<h3>Drak letounu \u042d\u0420\u0421-50<\/h3>\n<p><span lang=\"ru\">Po\u010ditadlo pr\u016ftokom\u011bru ERS-50<\/span> <span lang=\"ru\">sest\u00e1v\u00e1 z elektromagnetick\u00e9ho sn\u00edma\u010de pr\u016ftoku (EMF) a elektronick\u00e9ho sekund\u00e1rn\u00edho p\u0159evodn\u00edku (PV), kter\u00e9 jsou propojeny kabelem o d\u00e9lce 5 m. Maxim\u00e1ln\u00ed mo\u017en\u00e1 d\u00e9lka kabelu je 30 m.<\/span><\/p>\n<p>Elektromagnetick\u00fd sn\u00edma\u010d pr\u016ftoku se skl\u00e1d\u00e1 z n\u00e1sleduj\u00edc\u00edch hlavn\u00edch jednotek: m\u011b\u0159ic\u00ed kan\u00e1l, magnetick\u00fd syst\u00e9m a pouzdro.<\/p>\n<\/div>\n<\/div>\n<\/div>\n<\/div>\n<\/div>\n<\/div>\n<\/div>\n<\/div>\n<\/div>\n<\/div>\n<\/div>\n<\/div>\n<div class=\"page\" title=\"Strana 15\">\n<div class=\"layoutArea\">\n<div class=\"column\">\n<p>Jako jednotka m\u011b\u0159ic\u00edho kan\u00e1lu se pou\u017e\u00edv\u00e1 trubka z nemagnetick\u00e9 nerezov\u00e9 oceli 12X18H10T GOST 9941-81, jej\u00ed\u017e vnit\u0159n\u00ed povrch je pokryt elektricky izola\u010dn\u00edm materi\u00e1lem (fluoroplast F4D TU 6-65-1937-82).<\/p>\n<p>Elektrody jsou vyrobeny z titanu VT 5 OST 1.90173-75. Jsou um\u00edst\u011bny diametr\u00e1ln\u011b proti sob\u011b ve st\u0159edn\u00ed \u010d\u00e1sti sestavy m\u011b\u0159ic\u00edho kan\u00e1lu a jsou izolov\u00e1ny od jej\u00ed st\u011bny.<\/p>\n<p>Magnetick\u00fd syst\u00e9m se skl\u00e1d\u00e1 z c\u00edvek pole a magnetick\u00e9ho obvodu. Budic\u00ed c\u00edvky jsou vyrobeny z m\u011bd\u011bn\u00e9ho vinut\u00ed a jsou um\u00edst\u011bny diametr\u00e1ln\u011b proti sob\u011b na potrub\u00ed sestavy m\u011b\u0159ic\u00edho kan\u00e1lu.<\/p>\n<p>Budova p<span lang=\"ru\">Po\u010ditadlo elektromagnetick\u00fdch pr\u016ftokom\u011br\u016f ERS-50&nbsp;<\/span>vyrobeno z nerezov\u00e9 oceli a p\u0159iva\u0159eno k potrub\u00ed sestavy m\u011b\u0159ic\u00edho kan\u00e1lu.<\/p>\n<p>EMD je p\u0159ipevn\u011bn k potrub\u00ed pomoc\u00ed z\u00e1vitov\u00e9ho nebo p\u0159\u00edrubov\u00e9ho p\u0159ipojen\u00ed.<\/p>\n<p>Sekund\u00e1rn\u00ed p\u0159evodn\u00edk je vyroben v hlin\u00edkov\u00e9m pouzd\u0159e, kter\u00e9 se skl\u00e1d\u00e1 ze z\u00e1kladny a krytu, jeho\u017e t\u011bsn\u011bn\u00ed je opat\u0159eno gumov\u00fdm t\u011bsn\u011bn\u00edm. Z\u00e1kladna a kryt jsou vz\u00e1jemn\u011b spojeny pomoc\u00ed \u010dty\u0159 jist\u00edc\u00edch \u0161roub\u016f.<\/p>\n<p>Uvnit\u0159 z\u00e1kladny je instalov\u00e1na deska za\u0159\u00edzen\u00ed pro nap\u00e1jen\u00ed a p\u0159evod sign\u00e1lu se svorkovnicemi pro p\u0159ipojen\u00ed zdroje energie, EMD a extern\u00edch za\u0159\u00edzen\u00ed.<\/p>\n<p>Na vnit\u0159n\u00ed stran\u011b krytu je deska \u0159\u00eddic\u00ed jednotky s indika\u010dn\u00ed jednotkou a jej\u00ed indik\u00e1tor polovodi\u010de je instalov\u00e1n p\u0159ed pr\u016fhledn\u00fdm ok\u00e9nkem.&nbsp;<span lang=\"ru\">Na pr\u016ftokom\u011bru ERS-50 jsou v\u00fdsledky m\u011b\u0159en\u00ed zobrazeny na 9m\u00edstn\u00e9m polovodi\u010dov\u00e9m displeji. Existuje mo\u017enost dodate\u010dn\u00e9 instalace extern\u00edho (a\u017e 100 m) indik\u00e1toru, kter\u00fd zobrazuje hodnotu aktu\u00e1ln\u00edho objemu.<\/span><\/p>\n<p>Na p\u0159edn\u00ed plo\u0161e jsou t\u0159i multifunk\u010dn\u00ed kl\u00e1vesy, pomoc\u00ed nich\u017e ovl\u00e1daj\u00ed provozn\u00ed re\u017eimy pr\u016ftokom\u011bru ERS-50.<\/p>\n<p>Spojen\u00ed mezi deskou a zobrazovac\u00ed jednotkou se prov\u00e1d\u00ed pomoc\u00ed kabelu s konektory.<\/p>\n<\/div>\n<p>Po\u010ditadlo pr\u016ftokom\u011bru ERS-50 poskytuje vysokou p\u0159esnost m\u011b\u0159en\u00ed proudu a celkov\u00e9ho objemu v litrech, pr\u016fm\u011brn\u00e9ho objemov\u00e9ho pr\u016ftoku vl \/ sa m3 \/ h, autodiagnostiku. V re\u017eimu d\u00e1vkov\u00e1n\u00ed poskytuje ERS stanoven\u00ed hodnoty d\u00e1vky prot\u00e9kaj\u00edc\u00ed kapaliny pro ovl\u00e1d\u00e1n\u00ed extern\u00edho ak\u010dn\u00edho \u010dlenu s nap\u011bt\u00edm ve sp\u00ednac\u00edch obvodech do 380V.<\/p>\n<p>V pr\u016ftokom\u011bru ERS<span lang=\"ru\">&nbsp;je zde rozhran\u00ed RS-232 pro komunikaci s osobn\u00edm po\u010d\u00edta\u010dem a pulzn\u00ed v\u00fdstup s nastaven\u00edm od 1 do 100 imp.\/l. Elektromagnetick\u00fd sn\u00edma\u010d pr\u016ftoku (EMF) je p\u0159\u00edm\u00e1 m\u011b\u0159ic\u00ed trubice s fluoroplastick\u00fdm povlakem bez pohybliv\u00fdch \u010d\u00e1st\u00ed a vy\u010dn\u00edvaj\u00edc\u00edch \u010d\u00e1st\u00ed, kter\u00e1 umo\u017e\u0148uje \u010di\u0161t\u011bn\u00ed CIP hork\u00fdmi \u010distic\u00edmi prost\u0159edky, \u010di\u0161t\u011bn\u00ed vzduchu a sterilizaci p\u00e1rou a tak\u00e9 eliminuje dal\u0161\u00ed tlakov\u00e9 ztr\u00e1ty.<\/span><\/p>\n<\/div>\n<\/div>\n<div class=\"page\" title=\"Str\u00e1nka 13\">\n<div class=\"layoutArea\">\n<div class=\"column\">\n<p>Elektromagnetick\u00fd pr\u016ftokom\u011br-po\u010ditadlo ERS-50 m\u00e1 proudov\u00fd v\u00fdstup 4-20 mA, co\u017e odpov\u00edd\u00e1 rozsahu pr\u016ftoku od 0 do horn\u00ed hranice rozsahu m\u011b\u0159en\u00ed.<\/p>\n<\/div>\n<\/div>\n<\/div>\n<p><span lang=\"ru\">EMF je p\u0159ipojeno k potrub\u00ed pomoc\u00ed p\u0159\u00edruby se z\u00e1vitem Rd78 ST SEV 307-76, kter\u00e1 je sou\u010d\u00e1st\u00ed dod\u00e1vky.<\/span><\/p>\n<p><span lang=\"ru\">Elektromagnetick\u00fd pr\u016ftokom\u011br ERS-50 poskytuje metrologick\u00e9 charakteristiky p\u0159i pou\u017eit\u00ed syst\u00e9mu odlu\u010dov\u00e1n\u00ed vzduchu, kter\u00fd vylu\u010duje p\u0159\u00edtomnost vzduchu v m\u011b\u0159en\u00e9m m\u00e9diu.<\/span><\/p>\n<p><span lang=\"ru\">Provoz elektromagnetick\u00e9ho pr\u016ftokom\u011bru ERS-50 v ml\u00e9k\u00e1rensk\u00fdch podnic\u00edch na Ukrajin\u011b za\u010dal v roce 1994<\/span>.<\/p>\n<p>Podnik REGMIK vyd\u00e1v\u00e1 aktualizovanou a v\u00fdrazn\u011b vylep\u0161enou verzi&nbsp;<a href=\"https:\/\/regmik.ua\/vimiryuvach-elektromagnitnogo-potoku\/\">Elektromagnetick\u00fd pr\u016ftokom\u011br EPC-50.<\/a><\/p>\t\t\t\t\t\t\t\t<\/div>\n\t\t\t\t\t<\/div>\n\t\t<\/div>\n\t\t\t\t\t<\/div>\n\t\t<\/section>\n\t\t\t\t<\/div>","protected":false},"excerpt":{"rendered":"<p id=\"tw-target-text\" class=\"tw-data-text tw-text-large tw-ta\" dir=\"ltr\" data-placeholder=\"\u041f\u0435\u0440\u0435\u043a\u043b\u0430\u0434\"><span lang=\"ru\">Elektromagnetick\u00fd pr\u016ftokom\u011br ERS-50 je ur\u010den k m\u011b\u0159en\u00ed pr\u016fm\u011brn\u00e9ho objemov\u00e9ho pr\u016ftoku, objemu, d\u00e1vkov\u00e1n\u00ed kapaln\u00fdch m\u00e9di\u00ed s elektrickou vodivost\u00ed od 10-3 do 10 cm\/m: vody, ml\u00e9ka, ml\u00e9\u010dn\u00fdch v\u00fdrobk\u016f, ovocn\u00fdch \u0161\u0165\u00e1v a dal\u0161\u00edch slo\u017eek potravin, d\u00e1le jako kyseliny, z\u00e1sady a buni\u010diny v technologick\u00fdch procesech a v komer\u010dn\u00edch v\u00fdpo\u010dtech. T\u0159\u00edda p\u0159esnosti - 0,5.<\/span><\/p>","protected":false},"featured_media":18876,"comment_status":"open","ping_status":"closed","template":"","meta":[],"product_brand":[],"product_cat":[767],"product_tag":[3216,3215,3217],"class_list":{"0":"post-18871","1":"product","2":"type-product","3":"status-publish","4":"has-post-thumbnail","6":"product_cat-schetchiki-elektromagnitnye","7":"product_tag-rashodomer-schetchik","8":"product_tag-rashodomer-schetchik-elektromagnitnyj-ers-50","9":"product_tag-ers-50","12":"instock","13":"shipping-taxable","14":"purchasable","15":"product-type-simple"},"yoast_head":"<title>\u0420\u0430\u0441\u0445\u043e\u0434\u043e\u043c\u0435\u0440-\u0441\u0447\u0435\u0442\u0447\u0438\u043a \u044d\u043b\u0435\u043a\u0442\u0440\u043e\u043c\u0430\u0433\u043d\u0438\u0442\u043d\u044b\u0439 \u042d\u0420\u0421-50 (\u041d\u0418\u041e-35) &#8211; \u0420\u0415\u0413\u041c\u0406\u041a, \u041d\u0412\u0424, \u041f\u041f<\/title>\n<meta name=\"description\" content=\"\u0420\u0430\u0441\u0445\u043e\u0434\u043e\u043c\u0435\u0440-\u0441\u0447\u0435\u0442\u0447\u0438\u043a \u042d\u0420\u0421-50 \u043f\u0440\u0435\u0434\u043d\u0430\u0437\u043d\u0430\u0447\u0435\u043d \u0434\u043b\u044f \u0438\u0437\u043c\u0435\u0440\u0435\u043d\u0438\u044f \u0441\u0440\u0435\u0434\u043d\u0435\u0433\u043e \u043e\u0431\u044a\u0435\u043c\u043d\u043e\u0433\u043e \u0440\u0430\u0441\u0445\u043e\u0434\u0430, \u043e\u0431\u044a\u0435\u043c\u0430, \u043e\u0431\u0435\u0441\u043f\u0435\u0447\u0435\u043d\u0438\u044f \u0434\u043e\u0437\u0438\u0440\u043e\u0432\u0430\u043d\u0438\u044f \u0436\u0438\u0434\u043a\u0438\u0445 \u044d\u043b\u0435\u043a\u0442\u0440\u043e\u043f\u0440\u043e\u0432\u043e\u0434\u044f\u0449\u0438\u0445 \u0441\u0440\u0435\u0434\" \/>\n<meta name=\"robots\" content=\"index, follow, max-snippet:-1, max-image-preview:large, max-video-preview:-1\" \/>\n<link rel=\"canonical\" href=\"https:\/\/regmik.ua\/cs\/produkt\/vitratomir-lichilnik-elektromagnitnij-ers-50\/\" \/>\n<script type=\"application\/ld+json\" class=\"yoast-schema-graph\">{\"@context\":\"https:\\\/\\\/schema.org\",\"@graph\":[{\"@type\":\"WebPage\",\"@id\":\"https:\\\/\\\/regmik.ua\\\/product\\\/vitratomir-lichilnik-elektromagnitnij-ers-50\\\/\",\"url\":\"https:\\\/\\\/regmik.ua\\\/product\\\/vitratomir-lichilnik-elektromagnitnij-ers-50\\\/\",\"name\":\"\u0420\u0430\u0441\u0445\u043e\u0434\u043e\u043c\u0435\u0440-\u0441\u0447\u0435\u0442\u0447\u0438\u043a \u044d\u043b\u0435\u043a\u0442\u0440\u043e\u043c\u0430\u0433\u043d\u0438\u0442\u043d\u044b\u0439 \u042d\u0420\u0421-50 (\u041d\u0418\u041e-35) &#8211; \u0420\u0415\u0413\u041c\u0406\u041a, \u041d\u0412\u0424, \u041f\u041f\",\"isPartOf\":{\"@id\":\"https:\\\/\\\/regmik.ua\\\/uk\\\/#website\"},\"primaryImageOfPage\":{\"@id\":\"https:\\\/\\\/regmik.ua\\\/product\\\/vitratomir-lichilnik-elektromagnitnij-ers-50\\\/#primaryimage\"},\"image\":{\"@id\":\"https:\\\/\\\/regmik.ua\\\/product\\\/vitratomir-lichilnik-elektromagnitnij-ers-50\\\/#primaryimage\"},\"thumbnailUrl\":\"https:\\\/\\\/regmik.ua\\\/wp-content\\\/uploads\\\/2018\\\/12\\\/ERS-50_schetchik.png\",\"datePublished\":\"2020-02-05T10:10:18+00:00\",\"dateModified\":\"2022-06-02T13:10:21+00:00\",\"description\":\"\u0420\u0430\u0441\u0445\u043e\u0434\u043e\u043c\u0435\u0440-\u0441\u0447\u0435\u0442\u0447\u0438\u043a \u042d\u0420\u0421-50 \u043f\u0440\u0435\u0434\u043d\u0430\u0437\u043d\u0430\u0447\u0435\u043d \u0434\u043b\u044f \u0438\u0437\u043c\u0435\u0440\u0435\u043d\u0438\u044f \u0441\u0440\u0435\u0434\u043d\u0435\u0433\u043e \u043e\u0431\u044a\u0435\u043c\u043d\u043e\u0433\u043e \u0440\u0430\u0441\u0445\u043e\u0434\u0430, \u043e\u0431\u044a\u0435\u043c\u0430, \u043e\u0431\u0435\u0441\u043f\u0435\u0447\u0435\u043d\u0438\u044f \u0434\u043e\u0437\u0438\u0440\u043e\u0432\u0430\u043d\u0438\u044f \u0436\u0438\u0434\u043a\u0438\u0445 \u044d\u043b\u0435\u043a\u0442\u0440\u043e\u043f\u0440\u043e\u0432\u043e\u0434\u044f\u0449\u0438\u0445 \u0441\u0440\u0435\u0434\",\"breadcrumb\":{\"@id\":\"https:\\\/\\\/regmik.ua\\\/product\\\/vitratomir-lichilnik-elektromagnitnij-ers-50\\\/#breadcrumb\"},\"inLanguage\":\"cs\",\"potentialAction\":[{\"@type\":\"ReadAction\",\"target\":[\"https:\\\/\\\/regmik.ua\\\/product\\\/vitratomir-lichilnik-elektromagnitnij-ers-50\\\/\"]}]},{\"@type\":\"ImageObject\",\"inLanguage\":\"cs\",\"@id\":\"https:\\\/\\\/regmik.ua\\\/product\\\/vitratomir-lichilnik-elektromagnitnij-ers-50\\\/#primaryimage\",\"url\":\"https:\\\/\\\/regmik.ua\\\/wp-content\\\/uploads\\\/2018\\\/12\\\/ERS-50_schetchik.png\",\"contentUrl\":\"https:\\\/\\\/regmik.ua\\\/wp-content\\\/uploads\\\/2018\\\/12\\\/ERS-50_schetchik.png\",\"width\":800,\"height\":1024,\"caption\":\"\u0420\u0430\u0441\u0445\u043e\u0434\u043e\u043c\u0435\u0440-\u0441\u0447\u0435\u0442\u0447\u0438\u043a \u044d\u043b\u0435\u043a\u0442\u0440\u043e\u043c\u0430\u0433\u043d\u0438\u0442\u043d\u044b\u0439 \u042d\u0420\u0421-50 (\u041d\u0418\u041e-35)\"},{\"@type\":\"BreadcrumbList\",\"@id\":\"https:\\\/\\\/regmik.ua\\\/product\\\/vitratomir-lichilnik-elektromagnitnij-ers-50\\\/#breadcrumb\",\"itemListElement\":[{\"@type\":\"ListItem\",\"position\":1,\"name\":\"\u0413\u043b\u0430\u0432\u043d\u0430\u044f \u0441\u0442\u0440\u0430\u043d\u0438\u0446\u0430\",\"item\":\"https:\\\/\\\/regmik.ua\\\/\"},{\"@type\":\"ListItem\",\"position\":2,\"name\":\"\u041f\u0440\u043e\u0434\u0443\u043a\u0446\u0438\u044f\",\"item\":\"https:\\\/\\\/regmik.ua\\\/uk\\\/products\\\/\"},{\"@type\":\"ListItem\",\"position\":3,\"name\":\"\u0420\u0430\u0441\u0445\u043e\u0434\u043e\u043c\u0435\u0440-\u0441\u0447\u0435\u0442\u0447\u0438\u043a \u044d\u043b\u0435\u043a\u0442\u0440\u043e\u043c\u0430\u0433\u043d\u0438\u0442\u043d\u044b\u0439 \u042d\u0420\u0421-50 (\u041d\u0418\u041e-35)\"}]},{\"@type\":\"WebSite\",\"@id\":\"https:\\\/\\\/regmik.ua\\\/uk\\\/#website\",\"url\":\"https:\\\/\\\/regmik.ua\\\/uk\\\/\",\"name\":\"REGMIK\",\"description\":\"\u0418\u0437\u043c\u0435\u0440\u0438\u0442\u0435\u043b\u044c\u043d\u044b\u0435 \u043f\u0440\u0438\u0431\u043e\u0440\u044b \u0438 \u0434\u0430\u0442\u0447\u0438\u043a\u0438 \u0442\u0435\u043c\u043f\u0435\u0440\u0430\u0442\u0443\u0440\u044b\",\"publisher\":{\"@id\":\"https:\\\/\\\/regmik.ua\\\/uk\\\/#organization\"},\"alternateName\":\"REGMIK\",\"potentialAction\":[{\"@type\":\"SearchAction\",\"target\":{\"@type\":\"EntryPoint\",\"urlTemplate\":\"https:\\\/\\\/regmik.ua\\\/uk\\\/?s={search_term_string}\"},\"query-input\":{\"@type\":\"PropertyValueSpecification\",\"valueRequired\":true,\"valueName\":\"search_term_string\"}}],\"inLanguage\":\"cs\"},{\"@type\":\"Organization\",\"@id\":\"https:\\\/\\\/regmik.ua\\\/uk\\\/#organization\",\"name\":\"REGMIK\",\"alternateName\":\"\u0420\u0415\u0413\u041c\u0418\u041a\",\"url\":\"https:\\\/\\\/regmik.ua\\\/uk\\\/\",\"logo\":{\"@type\":\"ImageObject\",\"inLanguage\":\"cs\",\"@id\":\"https:\\\/\\\/regmik.ua\\\/uk\\\/#\\\/schema\\\/logo\\\/image\\\/\",\"url\":\"https:\\\/\\\/regmik.ua\\\/wp-content\\\/uploads\\\/2020\\\/03\\\/regmik_logo.png\",\"contentUrl\":\"https:\\\/\\\/regmik.ua\\\/wp-content\\\/uploads\\\/2020\\\/03\\\/regmik_logo.png\",\"width\":194,\"height\":45,\"caption\":\"REGMIK\"},\"image\":{\"@id\":\"https:\\\/\\\/regmik.ua\\\/uk\\\/#\\\/schema\\\/logo\\\/image\\\/\"},\"sameAs\":[\"https:\\\/\\\/www.facebook.com\\\/regmik.npf\",\"https:\\\/\\\/x.com\\\/regmiknpf\",\"https:\\\/\\\/www.youtube.com\\\/channel\\\/UC_SrY98SKAmR3Kt95GcVKcw\"]}]}<\/script>","yoast_head_json":{"title":"\u0420\u0430\u0441\u0445\u043e\u0434\u043e\u043c\u0435\u0440-\u0441\u0447\u0435\u0442\u0447\u0438\u043a \u044d\u043b\u0435\u043a\u0442\u0440\u043e\u043c\u0430\u0433\u043d\u0438\u0442\u043d\u044b\u0439 \u042d\u0420\u0421-50 (\u041d\u0418\u041e-35) &#8211; \u0420\u0415\u0413\u041c\u0406\u041a, \u041d\u0412\u0424, \u041f\u041f","description":"Po\u010ditadlo pr\u016ftokom\u011bru ERS-50 je ur\u010deno k m\u011b\u0159en\u00ed pr\u016fm\u011brn\u00e9ho objemov\u00e9ho pr\u016ftoku, objemu a zaji\u0161t\u011bn\u00ed d\u00e1vkov\u00e1n\u00ed kapaln\u00fdch vodiv\u00fdch m\u00e9di\u00ed","robots":{"index":"index","follow":"follow","max-snippet":"max-snippet:-1","max-image-preview":"max-image-preview:large","max-video-preview":"max-video-preview:-1"},"canonical":"https:\/\/regmik.ua\/cs\/produkt\/vitratomir-lichilnik-elektromagnitnij-ers-50\/","schema":{"@context":"https:\/\/schema.org","@graph":[{"@type":"WebPage","@id":"https:\/\/regmik.ua\/product\/vitratomir-lichilnik-elektromagnitnij-ers-50\/","url":"https:\/\/regmik.ua\/product\/vitratomir-lichilnik-elektromagnitnij-ers-50\/","name":"\u0420\u0430\u0441\u0445\u043e\u0434\u043e\u043c\u0435\u0440-\u0441\u0447\u0435\u0442\u0447\u0438\u043a \u044d\u043b\u0435\u043a\u0442\u0440\u043e\u043c\u0430\u0433\u043d\u0438\u0442\u043d\u044b\u0439 \u042d\u0420\u0421-50 (\u041d\u0418\u041e-35) &#8211; \u0420\u0415\u0413\u041c\u0406\u041a, \u041d\u0412\u0424, \u041f\u041f","isPartOf":{"@id":"https:\/\/regmik.ua\/uk\/#website"},"primaryImageOfPage":{"@id":"https:\/\/regmik.ua\/product\/vitratomir-lichilnik-elektromagnitnij-ers-50\/#primaryimage"},"image":{"@id":"https:\/\/regmik.ua\/product\/vitratomir-lichilnik-elektromagnitnij-ers-50\/#primaryimage"},"thumbnailUrl":"https:\/\/regmik.ua\/wp-content\/uploads\/2018\/12\/ERS-50_schetchik.png","datePublished":"2020-02-05T10:10:18+00:00","dateModified":"2022-06-02T13:10:21+00:00","description":"Po\u010ditadlo pr\u016ftokom\u011bru ERS-50 je ur\u010deno k m\u011b\u0159en\u00ed pr\u016fm\u011brn\u00e9ho objemov\u00e9ho pr\u016ftoku, objemu a zaji\u0161t\u011bn\u00ed d\u00e1vkov\u00e1n\u00ed kapaln\u00fdch vodiv\u00fdch m\u00e9di\u00ed","breadcrumb":{"@id":"https:\/\/regmik.ua\/product\/vitratomir-lichilnik-elektromagnitnij-ers-50\/#breadcrumb"},"inLanguage":"cs","potentialAction":[{"@type":"ReadAction","target":["https:\/\/regmik.ua\/product\/vitratomir-lichilnik-elektromagnitnij-ers-50\/"]}]},{"@type":"ImageObject","inLanguage":"cs","@id":"https:\/\/regmik.ua\/product\/vitratomir-lichilnik-elektromagnitnij-ers-50\/#primaryimage","url":"https:\/\/regmik.ua\/wp-content\/uploads\/2018\/12\/ERS-50_schetchik.png","contentUrl":"https:\/\/regmik.ua\/wp-content\/uploads\/2018\/12\/ERS-50_schetchik.png","width":800,"height":1024,"caption":"\u0420\u0430\u0441\u0445\u043e\u0434\u043e\u043c\u0435\u0440-\u0441\u0447\u0435\u0442\u0447\u0438\u043a \u044d\u043b\u0435\u043a\u0442\u0440\u043e\u043c\u0430\u0433\u043d\u0438\u0442\u043d\u044b\u0439 \u042d\u0420\u0421-50 (\u041d\u0418\u041e-35)"},{"@type":"BreadcrumbList","@id":"https:\/\/regmik.ua\/product\/vitratomir-lichilnik-elektromagnitnij-ers-50\/#breadcrumb","itemListElement":[{"@type":"ListItem","position":1,"name":"\u0413\u043b\u0430\u0432\u043d\u0430\u044f \u0441\u0442\u0440\u0430\u043d\u0438\u0446\u0430","item":"https:\/\/regmik.ua\/"},{"@type":"ListItem","position":2,"name":"\u041f\u0440\u043e\u0434\u0443\u043a\u0446\u0438\u044f","item":"https:\/\/regmik.ua\/uk\/products\/"},{"@type":"ListItem","position":3,"name":"\u0420\u0430\u0441\u0445\u043e\u0434\u043e\u043c\u0435\u0440-\u0441\u0447\u0435\u0442\u0447\u0438\u043a \u044d\u043b\u0435\u043a\u0442\u0440\u043e\u043c\u0430\u0433\u043d\u0438\u0442\u043d\u044b\u0439 \u042d\u0420\u0421-50 (\u041d\u0418\u041e-35)"}]},{"@type":"WebSite","@id":"https:\/\/regmik.ua\/uk\/#website","url":"https:\/\/regmik.ua\/uk\/","name":"REGMIK","description":"M\u011b\u0159ic\u00ed p\u0159\u00edstroje a sn\u00edma\u010de teploty","publisher":{"@id":"https:\/\/regmik.ua\/uk\/#organization"},"alternateName":"REGMIK","potentialAction":[{"@type":"SearchAction","target":{"@type":"EntryPoint","urlTemplate":"https:\/\/regmik.ua\/uk\/?s={search_term_string}"},"query-input":{"@type":"PropertyValueSpecification","valueRequired":true,"valueName":"search_term_string"}}],"inLanguage":"cs"},{"@type":"Organization","@id":"https:\/\/regmik.ua\/uk\/#organization","name":"REGMIK","alternateName":"\u0420\u0415\u0413\u041c\u0418\u041a","url":"https:\/\/regmik.ua\/uk\/","logo":{"@type":"ImageObject","inLanguage":"cs","@id":"https:\/\/regmik.ua\/uk\/#\/schema\/logo\/image\/","url":"https:\/\/regmik.ua\/wp-content\/uploads\/2020\/03\/regmik_logo.png","contentUrl":"https:\/\/regmik.ua\/wp-content\/uploads\/2020\/03\/regmik_logo.png","width":194,"height":45,"caption":"REGMIK"},"image":{"@id":"https:\/\/regmik.ua\/uk\/#\/schema\/logo\/image\/"},"sameAs":["https:\/\/www.facebook.com\/regmik.npf","https:\/\/x.com\/regmiknpf","https:\/\/www.youtube.com\/channel\/UC_SrY98SKAmR3Kt95GcVKcw"]}]}},"_links":{"self":[{"href":"https:\/\/regmik.ua\/cs\/wp-json\/wp\/v2\/product\/18871","targetHints":{"allow":["GET"]}}],"collection":[{"href":"https:\/\/regmik.ua\/cs\/wp-json\/wp\/v2\/product"}],"about":[{"href":"https:\/\/regmik.ua\/cs\/wp-json\/wp\/v2\/types\/product"}],"replies":[{"embeddable":true,"href":"https:\/\/regmik.ua\/cs\/wp-json\/wp\/v2\/comments?post=18871"}],"version-history":[{"count":0,"href":"https:\/\/regmik.ua\/cs\/wp-json\/wp\/v2\/product\/18871\/revisions"}],"wp:featuredmedia":[{"embeddable":true,"href":"https:\/\/regmik.ua\/cs\/wp-json\/wp\/v2\/media\/18876"}],"wp:attachment":[{"href":"https:\/\/regmik.ua\/cs\/wp-json\/wp\/v2\/media?parent=18871"}],"wp:term":[{"taxonomy":"product_brand","embeddable":true,"href":"https:\/\/regmik.ua\/cs\/wp-json\/wp\/v2\/product_brand?post=18871"},{"taxonomy":"product_cat","embeddable":true,"href":"https:\/\/regmik.ua\/cs\/wp-json\/wp\/v2\/product_cat?post=18871"},{"taxonomy":"product_tag","embeddable":true,"href":"https:\/\/regmik.ua\/cs\/wp-json\/wp\/v2\/product_tag?post=18871"}],"curies":[{"name":"wp","href":"https:\/\/api.w.org\/{rel}","templated":true}]}}