{"id":18502,"date":"2018-08-17T07:17:49","date_gmt":"2018-08-17T05:17:49","guid":{"rendered":"https:\/\/regmik.com.ua\/?post_type=product&#038;p=18502"},"modified":"2023-04-13T11:51:52","modified_gmt":"2023-04-13T08:51:52","slug":"datchiki-temperatury-modifikatsiya-210k","status":"publish","type":"product","link":"https:\/\/regmik.ua\/cs\/product\/datchiki-temperatury-modifikatsiya-210k\/","title":{"rendered":"Vysokoteplotn\u00ed teplotn\u00ed senzor 210K"},"content":{"rendered":"<p>Vysokoteplotn\u00ed teplotn\u00ed senzor 210K (<a href=\"https:\/\/uk.wikipedia.org\/wiki\/%D0%A2%D0%B5%D1%80%D0%BC%D0%BE%D0%BF%D0%B0%D1%80%D0%B0\">termo\u010dl\u00e1nek<\/a>, termoelektrick\u00fd konvertor, teplotn\u00ed senzor) se pou\u017e\u00edv\u00e1 v mnoha pr\u016fmyslov\u00fdch odv\u011btv\u00edch k m\u011b\u0159en\u00ed teploty vzduchu, v\u00fdfukov\u00fdch plyn\u016f a jejich produkt\u016f spalov\u00e1n\u00ed a jin\u00fdch chemicky neagresivn\u00edch m\u00e9di\u00ed v teplotn\u00edm rozsahu od -40 do 1000 \u00b0 C.<\/p>\n<p>Rozsah teplot m\u011b\u0159en\u00fd senzory z\u00e1vis\u00ed p\u0159\u00edmo na chemick\u00e9m slo\u017een\u00ed m\u011b\u0159ic\u00edho prvku. Hlavn\u00edm m\u011b\u0159\u00edc\u00edm prvkem t\u011bchto senzor\u016f je \u010d\u00e1st termo\u010dl\u00e1nkov\u00e9ho dr\u00e1tu, postupn\u011b p\u00e1jen\u00e9ho ze dvou odli\u0161n\u00fdch elektricky vodiv\u00fdch kov\u016f, kter\u00fd se naz\u00fdv\u00e1 \u201etermo\u010dl\u00e1nek\u201c. V souladu s \u00fa\u010delem a designem\u00a0<a href=\"https:\/\/www.metotech.ru\/termopary-price.htm\">termo\u010dl\u00e1nek<\/a>\u00a0mo\u017en\u00e1\u00a0<i>pono\u0159en\u00fd<\/i>\u00a0nebo\u00a0<i>povrchn\u00ed<\/i>,\u00a0<i>zape\u010det\u011bn\u00fd<\/i>\u00a0nebo\u00a0<i>d\u011brav\u00fd<\/i>\u00a0(s pl\u00e1\u0161t\u011bm nebo bez n\u011bj),\u00a0<i>n\u00e1razuvzdorn\u00fd<\/i>,\u00a0<i>stacion\u00e1rn\u00ed<\/i>,\u00a0<i>p\u0159enosn\u00fd<\/i>\u00a0atd.\n<\/p>\n<h4>Funkce:<\/h4>\n<ul>\n<li>M\u011b\u0159ic\u00ed prvek je nav\u00edc chr\u00e1n\u011bn keramick\u00fdm krytem, co\u017e zvy\u0161uje odolnost sn\u00edma\u010de.<\/li>\n<li>Svorkovnice umo\u017e\u0148uje bezpe\u010dn\u00e9 upevn\u011bn\u00ed senzoru.<\/li>\n<li>Kr\u00e1tkodob\u00fd provoz senzoru je mo\u017en\u00fd p\u0159i 1200 \u00b0 C.<\/li>\n<li>Proto\u017ee ochrann\u00e9 li\u0161ty a svorkovnice jsou vyrobeny z keramiky, je b\u011bhem instalace a provozu nutn\u00e9 zabr\u00e1nit n\u00e1raz\u016fm sn\u00edma\u010de.<\/li>\n<li>Vysokoteplotn\u00ed teplotn\u00ed \u010didlo Modifikace 210K nejsou pou\u017eiteln\u00e9 pro m\u011b\u0159en\u00ed teploty kapalin, tavenin obsahuj\u00edc\u00edch kyselinu dusi\u010dnou a dusi\u010dnany, a tak\u00e9 pro pou\u017eit\u00ed v atmosf\u00e9r\u00e1ch s vysok\u00fdm obsahem s\u00edry a amoniaku.<\/li>\n<\/ul>\n<p><strong>Typ NSX:<\/strong><\/p>\n<ul>\n<li>TXA - K -40..1000 \u00b0 C<\/li>\n<li>THK - L -40..600 \u00b0 C<\/li>\n<li>TJK - J -40..600 \u00b0 C<\/li>\n<\/ul>\n<p>Typ K (termo\u010dl\u00e1nek chromel-alumel):<\/p>\n<ul>\n<li>\u0160iroce se pou\u017e\u00edv\u00e1 v r\u016fzn\u00fdch oblastech od -100 \u00b0 C do + 1000 \u00b0 C (doporu\u010den\u00fd limit, v z\u00e1vislosti na pr\u016fm\u011bru termo\u010dl\u00e1nku);<\/li>\n<li>Hysterezn\u00ed efekt nast\u00e1v\u00e1 v rozmez\u00ed od 200 do 500 \u00b0 C, tj. Hodnoty se mohou b\u011bhem oh\u0159evu a chlazen\u00ed li\u0161it. N\u011bkdy rozd\u00edl dosahuje 5 \u00b0 C;<\/li>\n<li>Pou\u017e\u00edv\u00e1 se v neutr\u00e1ln\u00edch nebo na kysl\u00edk bohat\u00fdch atmosf\u00e9r\u00e1ch;<\/li>\n<li>Po tepeln\u00e9m st\u00e1rnut\u00ed se hodnoty sni\u017euj\u00ed;<\/li>\n<li>Nedoporu\u010duje se pou\u017e\u00edvat ve vybit\u00e9 atmosf\u00e9\u0159e, proto\u017ee chrom m\u016f\u017ee b\u00fdt uvol\u0148ov\u00e1n z Ni-termin\u00e1lu (tzv. Migrace), zat\u00edmco termo\u010dl\u00e1nek m\u011bn\u00ed TEMF a vykazuje podcen\u011bnou teplotu;<\/li>\n<li>S\u00edrov\u00e1 atmosf\u00e9ra je pro termo\u010dl\u00e1nek \u0161kodliv\u00e1, proto\u017ee ovliv\u0148uje ob\u011b elektrody.<\/li>\n<\/ul>\n<p>Typ J (Iron-Constantan Thermocouple):<\/p>\n<ul>\n<li>Nedoporu\u010duje se pou\u017e\u00edvat p\u0159i teplot\u011b ni\u017e\u0161\u00ed ne\u017e 0 \u00b0 C, proto\u017ee kondenzace vlhkosti na \u017eelezn\u00e9m olovu vede ke vzniku rzi;<\/li>\n<li>Nejvhodn\u011bj\u0161\u00ed typ pro z\u0159ed\u011bnou atmosf\u00e9ru;<\/li>\n<li>Maxim\u00e1ln\u00ed teplota aplikace je -500 \u00b0 C, proto\u017ee nad touto teplotou jsou vodi\u010de rychle oxidov\u00e1ny. Oba vodi\u010de jsou rychle zni\u010deny v atmosf\u00e9\u0159e s\u00edry;<\/li>\n<li>Ode\u010dty se zvy\u0161uj\u00ed po tepeln\u00e9m st\u00e1rnut\u00ed;<\/li>\n<li>V\u00fdhodou jsou n\u00edzk\u00e9 n\u00e1klady.<\/li>\n<\/ul>\n<p><strong>Toleran\u010dn\u00ed t\u0159\u00edda:<\/strong><\/p>\n<ul>\n<li>TXA - 1,2,3<\/li>\n<li>THK - 2.3<\/li>\n<li>TLC - 1.2<\/li>\n<\/ul>","protected":false},"excerpt":{"rendered":"<p>Vysokoteplotn\u00ed teplotn\u00ed senzor (modifikace 210K) se pou\u017e\u00edv\u00e1 v mnoha pr\u016fmyslov\u00fdch odv\u011btv\u00edch k m\u011b\u0159en\u00ed teploty vzduchu, v\u00fdfukov\u00fdch plyn\u016f a jejich produkt\u016f spalov\u00e1n\u00ed a jin\u00fdch chemicky neagresivn\u00edch m\u00e9di\u00ed v teplotn\u00edm rozsahu od -40 do 1 000 \u00b0 C.<\/p>","protected":false},"featured_media":18943,"comment_status":"open","ping_status":"closed","template":"","meta":[],"product_brand":[],"product_cat":[681,38,129],"product_tag":[],"class_list":{"0":"post-18502","1":"product","2":"type-product","3":"status-publish","4":"has-post-thumbnail","6":"product_cat-high-temperature-sensors","7":"product_cat-sensors","8":"product_cat-submersible","9":"pa_accuracy-class-tgk","10":"pa_accuracy-class-417","11":"pa_accuracy-class-418","12":"pa_thermal-inertia-ne-bolee-20-sekund","13":"pa_type-of-nsh-tjk","14":"pa_type-of-nsh-tha","15":"pa_type-of-nsh-thk","16":"pa_working-range-of-temperatur-40-1000","17":"pa_working-range-of-temperatur-40-600","20":"instock","21":"shipping-taxable","22":"purchasable","23":"product-type-variable","24":"has-default-attributes"},"yoast_head":"<title>\u0412\u044b\u0441\u043e\u043a\u043e\u0442\u0435\u043c\u043f\u0435\u0440\u0430\u0442\u0443\u0440\u043d\u044b\u0439 \u0434\u0430\u0442\u0447\u0438\u043a \u0442\u0435\u043c\u043f\u0435\u0440\u0430\u0442\u0443\u0440\u044b 210\u041a \u2013 \u0420\u0415\u0413\u041c\u0406\u041a, \u041d\u0412\u0424, \u041f\u041f<\/title>\n<meta name=\"description\" content=\"\u0412\u044b\u0441\u043e\u043a\u043e\u0442\u0435\u043c\u043f\u0435\u0440\u0430\u0442\u0443\u0440\u043d\u044b\u0439 \u0434\u0430\u0442\u0447\u0438\u043a 210\u041a \u043f\u0440\u0438\u043c\u0435\u043d\u044f\u0435\u0442\u0441\u044f \u0432\u043e \u043c\u043d\u043e\u0433\u0438\u0445 \u043e\u0442\u0440\u0430\u0441\u043b\u044f\u0445 \u043f\u0440\u043e\u043c\u044b\u0448\u043b\u0435\u043d\u043d\u043e\u0441\u0442\u0438 \u0434\u043b\u044f \u0438\u0437\u043c\u0435\u0440\u0435\u043d\u0438\u044f \u0442\u0435\u043c\u043f\u0435\u0440\u0430\u0442\u0443\u0440\u044b \u0432 \u0434\u0438\u0430\u043f\u0430\u0437\u043e\u043d\u0435 \u043e\u0442 -40 \u0434\u043e 1000 \u00b0\u0421.\" \/>\n<meta name=\"robots\" content=\"index, follow, max-snippet:-1, max-image-preview:large, max-video-preview:-1\" \/>\n<link rel=\"canonical\" href=\"https:\/\/regmik.ua\/cs\/produkt\/datchiki-temperatury-modifikatsiya-210k\/\" \/>\n<script type=\"application\/ld+json\" class=\"yoast-schema-graph\">{\"@context\":\"https:\\\/\\\/schema.org\",\"@graph\":[{\"@type\":\"WebPage\",\"@id\":\"https:\\\/\\\/regmik.ua\\\/product\\\/datchiki-temperatury-modifikatsiya-210k\\\/\",\"url\":\"https:\\\/\\\/regmik.ua\\\/product\\\/datchiki-temperatury-modifikatsiya-210k\\\/\",\"name\":\"\u0412\u044b\u0441\u043e\u043a\u043e\u0442\u0435\u043c\u043f\u0435\u0440\u0430\u0442\u0443\u0440\u043d\u044b\u0439 \u0434\u0430\u0442\u0447\u0438\u043a \u0442\u0435\u043c\u043f\u0435\u0440\u0430\u0442\u0443\u0440\u044b 210\u041a \u2013 \u0420\u0415\u0413\u041c\u0406\u041a, \u041d\u0412\u0424, \u041f\u041f\",\"isPartOf\":{\"@id\":\"https:\\\/\\\/regmik.ua\\\/uk\\\/#website\"},\"primaryImageOfPage\":{\"@id\":\"https:\\\/\\\/regmik.ua\\\/product\\\/datchiki-temperatury-modifikatsiya-210k\\\/#primaryimage\"},\"image\":{\"@id\":\"https:\\\/\\\/regmik.ua\\\/product\\\/datchiki-temperatury-modifikatsiya-210k\\\/#primaryimage\"},\"thumbnailUrl\":\"https:\\\/\\\/regmik.ua\\\/wp-content\\\/uploads\\\/2018\\\/08\\\/THH210k.png\",\"datePublished\":\"2018-08-17T05:17:49+00:00\",\"dateModified\":\"2023-04-13T08:51:52+00:00\",\"description\":\"\u0412\u044b\u0441\u043e\u043a\u043e\u0442\u0435\u043c\u043f\u0435\u0440\u0430\u0442\u0443\u0440\u043d\u044b\u0439 \u0434\u0430\u0442\u0447\u0438\u043a 210\u041a \u043f\u0440\u0438\u043c\u0435\u043d\u044f\u0435\u0442\u0441\u044f \u0432\u043e \u043c\u043d\u043e\u0433\u0438\u0445 \u043e\u0442\u0440\u0430\u0441\u043b\u044f\u0445 \u043f\u0440\u043e\u043c\u044b\u0448\u043b\u0435\u043d\u043d\u043e\u0441\u0442\u0438 \u0434\u043b\u044f \u0438\u0437\u043c\u0435\u0440\u0435\u043d\u0438\u044f \u0442\u0435\u043c\u043f\u0435\u0440\u0430\u0442\u0443\u0440\u044b \u0432 \u0434\u0438\u0430\u043f\u0430\u0437\u043e\u043d\u0435 \u043e\u0442 -40 \u0434\u043e 1000 \u00b0\u0421.\",\"breadcrumb\":{\"@id\":\"https:\\\/\\\/regmik.ua\\\/product\\\/datchiki-temperatury-modifikatsiya-210k\\\/#breadcrumb\"},\"inLanguage\":\"cs\",\"potentialAction\":[{\"@type\":\"ReadAction\",\"target\":[\"https:\\\/\\\/regmik.ua\\\/product\\\/datchiki-temperatury-modifikatsiya-210k\\\/\"]}]},{\"@type\":\"ImageObject\",\"inLanguage\":\"cs\",\"@id\":\"https:\\\/\\\/regmik.ua\\\/product\\\/datchiki-temperatury-modifikatsiya-210k\\\/#primaryimage\",\"url\":\"https:\\\/\\\/regmik.ua\\\/wp-content\\\/uploads\\\/2018\\\/08\\\/THH210k.png\",\"contentUrl\":\"https:\\\/\\\/regmik.ua\\\/wp-content\\\/uploads\\\/2018\\\/08\\\/THH210k.png\",\"width\":800,\"height\":1024,\"caption\":\"\u0412\u044b\u0441\u043e\u043a\u043e\u0442\u0435\u043c\u043f\u0435\u0440\u0430\u0442\u0443\u0440\u043d\u044b\u0439 \u043a\u0435\u0440\u0430\u043c\u0438\u0447\u0435\u0441\u043a\u0438\u0439 \u0434\u0430\u0442\u0447\u0438\u043a \u0422\u0425\u0410-210\u041a\"},{\"@type\":\"BreadcrumbList\",\"@id\":\"https:\\\/\\\/regmik.ua\\\/product\\\/datchiki-temperatury-modifikatsiya-210k\\\/#breadcrumb\",\"itemListElement\":[{\"@type\":\"ListItem\",\"position\":1,\"name\":\"\u0413\u043b\u0430\u0432\u043d\u0430\u044f \u0441\u0442\u0440\u0430\u043d\u0438\u0446\u0430\",\"item\":\"https:\\\/\\\/regmik.ua\\\/\"},{\"@type\":\"ListItem\",\"position\":2,\"name\":\"\u041f\u0440\u043e\u0434\u0443\u043a\u0446\u0438\u044f\",\"item\":\"https:\\\/\\\/regmik.ua\\\/uk\\\/products\\\/\"},{\"@type\":\"ListItem\",\"position\":3,\"name\":\"\u0412\u044b\u0441\u043e\u043a\u043e\u0442\u0435\u043c\u043f\u0435\u0440\u0430\u0442\u0443\u0440\u043d\u044b\u0439 \u0434\u0430\u0442\u0447\u0438\u043a \u0442\u0435\u043c\u043f\u0435\u0440\u0430\u0442\u0443\u0440\u044b 210\u041a\"}]},{\"@type\":\"WebSite\",\"@id\":\"https:\\\/\\\/regmik.ua\\\/uk\\\/#website\",\"url\":\"https:\\\/\\\/regmik.ua\\\/uk\\\/\",\"name\":\"REGMIK\",\"description\":\"\u0418\u0437\u043c\u0435\u0440\u0438\u0442\u0435\u043b\u044c\u043d\u044b\u0435 \u043f\u0440\u0438\u0431\u043e\u0440\u044b \u0438 \u0434\u0430\u0442\u0447\u0438\u043a\u0438 \u0442\u0435\u043c\u043f\u0435\u0440\u0430\u0442\u0443\u0440\u044b\",\"publisher\":{\"@id\":\"https:\\\/\\\/regmik.ua\\\/uk\\\/#organization\"},\"alternateName\":\"REGMIK\",\"potentialAction\":[{\"@type\":\"SearchAction\",\"target\":{\"@type\":\"EntryPoint\",\"urlTemplate\":\"https:\\\/\\\/regmik.ua\\\/uk\\\/?s={search_term_string}\"},\"query-input\":{\"@type\":\"PropertyValueSpecification\",\"valueRequired\":true,\"valueName\":\"search_term_string\"}}],\"inLanguage\":\"cs\"},{\"@type\":\"Organization\",\"@id\":\"https:\\\/\\\/regmik.ua\\\/uk\\\/#organization\",\"name\":\"REGMIK\",\"alternateName\":\"\u0420\u0415\u0413\u041c\u0418\u041a\",\"url\":\"https:\\\/\\\/regmik.ua\\\/uk\\\/\",\"logo\":{\"@type\":\"ImageObject\",\"inLanguage\":\"cs\",\"@id\":\"https:\\\/\\\/regmik.ua\\\/uk\\\/#\\\/schema\\\/logo\\\/image\\\/\",\"url\":\"https:\\\/\\\/regmik.ua\\\/wp-content\\\/uploads\\\/2020\\\/03\\\/regmik_logo.png\",\"contentUrl\":\"https:\\\/\\\/regmik.ua\\\/wp-content\\\/uploads\\\/2020\\\/03\\\/regmik_logo.png\",\"width\":194,\"height\":45,\"caption\":\"REGMIK\"},\"image\":{\"@id\":\"https:\\\/\\\/regmik.ua\\\/uk\\\/#\\\/schema\\\/logo\\\/image\\\/\"},\"sameAs\":[\"https:\\\/\\\/www.facebook.com\\\/regmik.npf\",\"https:\\\/\\\/x.com\\\/regmiknpf\",\"https:\\\/\\\/www.youtube.com\\\/channel\\\/UC_SrY98SKAmR3Kt95GcVKcw\"]}]}<\/script>","yoast_head_json":{"title":"Vysokoteplotn\u00ed teplotn\u00ed senzor 210K \u2013 REGMIK, NVF, PP","description":"Vysokoteplotn\u00ed senzor 210K se pou\u017e\u00edv\u00e1 v mnoha pr\u016fmyslov\u00fdch odv\u011btv\u00edch k m\u011b\u0159en\u00ed teplot v rozmez\u00ed od -40 do 1000 \u00b0 C.","robots":{"index":"index","follow":"follow","max-snippet":"max-snippet:-1","max-image-preview":"max-image-preview:large","max-video-preview":"max-video-preview:-1"},"canonical":"https:\/\/regmik.ua\/cs\/produkt\/datchiki-temperatury-modifikatsiya-210k\/","schema":{"@context":"https:\/\/schema.org","@graph":[{"@type":"WebPage","@id":"https:\/\/regmik.ua\/product\/datchiki-temperatury-modifikatsiya-210k\/","url":"https:\/\/regmik.ua\/product\/datchiki-temperatury-modifikatsiya-210k\/","name":"Vysokoteplotn\u00ed teplotn\u00ed senzor 210K \u2013 REGMIK, NVF, PP","isPartOf":{"@id":"https:\/\/regmik.ua\/uk\/#website"},"primaryImageOfPage":{"@id":"https:\/\/regmik.ua\/product\/datchiki-temperatury-modifikatsiya-210k\/#primaryimage"},"image":{"@id":"https:\/\/regmik.ua\/product\/datchiki-temperatury-modifikatsiya-210k\/#primaryimage"},"thumbnailUrl":"https:\/\/regmik.ua\/wp-content\/uploads\/2018\/08\/THH210k.png","datePublished":"2018-08-17T05:17:49+00:00","dateModified":"2023-04-13T08:51:52+00:00","description":"Vysokoteplotn\u00ed senzor 210K se pou\u017e\u00edv\u00e1 v mnoha pr\u016fmyslov\u00fdch odv\u011btv\u00edch k m\u011b\u0159en\u00ed teplot v rozmez\u00ed od -40 do 1000 \u00b0 C.","breadcrumb":{"@id":"https:\/\/regmik.ua\/product\/datchiki-temperatury-modifikatsiya-210k\/#breadcrumb"},"inLanguage":"cs","potentialAction":[{"@type":"ReadAction","target":["https:\/\/regmik.ua\/product\/datchiki-temperatury-modifikatsiya-210k\/"]}]},{"@type":"ImageObject","inLanguage":"cs","@id":"https:\/\/regmik.ua\/product\/datchiki-temperatury-modifikatsiya-210k\/#primaryimage","url":"https:\/\/regmik.ua\/wp-content\/uploads\/2018\/08\/THH210k.png","contentUrl":"https:\/\/regmik.ua\/wp-content\/uploads\/2018\/08\/THH210k.png","width":800,"height":1024,"caption":"\u0412\u044b\u0441\u043e\u043a\u043e\u0442\u0435\u043c\u043f\u0435\u0440\u0430\u0442\u0443\u0440\u043d\u044b\u0439 \u043a\u0435\u0440\u0430\u043c\u0438\u0447\u0435\u0441\u043a\u0438\u0439 \u0434\u0430\u0442\u0447\u0438\u043a \u0422\u0425\u0410-210\u041a"},{"@type":"BreadcrumbList","@id":"https:\/\/regmik.ua\/product\/datchiki-temperatury-modifikatsiya-210k\/#breadcrumb","itemListElement":[{"@type":"ListItem","position":1,"name":"\u0413\u043b\u0430\u0432\u043d\u0430\u044f \u0441\u0442\u0440\u0430\u043d\u0438\u0446\u0430","item":"https:\/\/regmik.ua\/"},{"@type":"ListItem","position":2,"name":"\u041f\u0440\u043e\u0434\u0443\u043a\u0446\u0438\u044f","item":"https:\/\/regmik.ua\/uk\/products\/"},{"@type":"ListItem","position":3,"name":"\u0412\u044b\u0441\u043e\u043a\u043e\u0442\u0435\u043c\u043f\u0435\u0440\u0430\u0442\u0443\u0440\u043d\u044b\u0439 \u0434\u0430\u0442\u0447\u0438\u043a \u0442\u0435\u043c\u043f\u0435\u0440\u0430\u0442\u0443\u0440\u044b 210\u041a"}]},{"@type":"WebSite","@id":"https:\/\/regmik.ua\/uk\/#website","url":"https:\/\/regmik.ua\/uk\/","name":"REGMIK","description":"M\u011b\u0159ic\u00ed p\u0159\u00edstroje a sn\u00edma\u010de teploty","publisher":{"@id":"https:\/\/regmik.ua\/uk\/#organization"},"alternateName":"REGMIK","potentialAction":[{"@type":"SearchAction","target":{"@type":"EntryPoint","urlTemplate":"https:\/\/regmik.ua\/uk\/?s={search_term_string}"},"query-input":{"@type":"PropertyValueSpecification","valueRequired":true,"valueName":"search_term_string"}}],"inLanguage":"cs"},{"@type":"Organization","@id":"https:\/\/regmik.ua\/uk\/#organization","name":"REGMIK","alternateName":"\u0420\u0415\u0413\u041c\u0418\u041a","url":"https:\/\/regmik.ua\/uk\/","logo":{"@type":"ImageObject","inLanguage":"cs","@id":"https:\/\/regmik.ua\/uk\/#\/schema\/logo\/image\/","url":"https:\/\/regmik.ua\/wp-content\/uploads\/2020\/03\/regmik_logo.png","contentUrl":"https:\/\/regmik.ua\/wp-content\/uploads\/2020\/03\/regmik_logo.png","width":194,"height":45,"caption":"REGMIK"},"image":{"@id":"https:\/\/regmik.ua\/uk\/#\/schema\/logo\/image\/"},"sameAs":["https:\/\/www.facebook.com\/regmik.npf","https:\/\/x.com\/regmiknpf","https:\/\/www.youtube.com\/channel\/UC_SrY98SKAmR3Kt95GcVKcw"]}]}},"_links":{"self":[{"href":"https:\/\/regmik.ua\/cs\/wp-json\/wp\/v2\/product\/18502","targetHints":{"allow":["GET"]}}],"collection":[{"href":"https:\/\/regmik.ua\/cs\/wp-json\/wp\/v2\/product"}],"about":[{"href":"https:\/\/regmik.ua\/cs\/wp-json\/wp\/v2\/types\/product"}],"replies":[{"embeddable":true,"href":"https:\/\/regmik.ua\/cs\/wp-json\/wp\/v2\/comments?post=18502"}],"version-history":[{"count":0,"href":"https:\/\/regmik.ua\/cs\/wp-json\/wp\/v2\/product\/18502\/revisions"}],"wp:featuredmedia":[{"embeddable":true,"href":"https:\/\/regmik.ua\/cs\/wp-json\/wp\/v2\/media\/18943"}],"wp:attachment":[{"href":"https:\/\/regmik.ua\/cs\/wp-json\/wp\/v2\/media?parent=18502"}],"wp:term":[{"taxonomy":"product_brand","embeddable":true,"href":"https:\/\/regmik.ua\/cs\/wp-json\/wp\/v2\/product_brand?post=18502"},{"taxonomy":"product_cat","embeddable":true,"href":"https:\/\/regmik.ua\/cs\/wp-json\/wp\/v2\/product_cat?post=18502"},{"taxonomy":"product_tag","embeddable":true,"href":"https:\/\/regmik.ua\/cs\/wp-json\/wp\/v2\/product_tag?post=18502"}],"curies":[{"name":"wp","href":"https:\/\/api.w.org\/{rel}","templated":true}]}}