{"id":17543,"date":"2017-02-14T14:14:09","date_gmt":"2017-02-14T12:14:09","guid":{"rendered":"https:\/\/regmik.com.ua\/product\/vyisokotemperaturnyiy-keramicheskiy-datchik-tha-modifikatsiya-022\/"},"modified":"2024-04-08T15:15:17","modified_gmt":"2024-04-08T13:15:17","slug":"vyisokotemperaturnyiy-keramicheskiy-datchik-tha-modifikatsiya-022","status":"publish","type":"product","link":"https:\/\/regmik.ua\/cs\/product\/vyisokotemperaturnyiy-keramicheskiy-datchik-tha-modifikatsiya-022\/","title":{"rendered":"Senzory vysok\u00e9 teploty \u0422\u0425\u0410-022, \u0422\u0425\u041a-022, \u0422\u0416\u041a-022"},"content":{"rendered":"<p><a href=\"https:\/\/regmik.ua\/product-category\/sensors\/temperature-sensors\/high-temperature-sensors\/\">Vysokoteplotn\u00ed senzory<\/a>\u00a0s keramick\u00fdm ochrann\u00fdm krytem <strong>THA-022, THK-022, TJK-022<\/strong> jsou ur\u010deny k m\u011b\u0159en\u00ed teplot a\u017e do 1200 \u00b0 C. Senzory umo\u017e\u0148uj\u00ed m\u011b\u0159it teplotu plynn\u00fdch a chemicky neagresivn\u00edch m\u00e9di\u00ed k materi\u00e1lu ochrann\u00fdch armatur.<\/p>\n<h3>Jak funguje termo\u010dl\u00e1nek<\/h3>\n<p>Princip \u010dinnosti termo\u010dl\u00e1nku je zalo\u017een na termoelektrick\u00e9m<a href=\"http:\/\/u.wikipedia.org\/wiki\/\u042d\u0444\u0444\u0435\u043a\u0442_\u0417\u0435\u0435\u0431\u0435\u043a\u0430#:~:text=\u042d\u0444\u0444\u0435\u043a\u0442%20\u0417\u0435\u0435\u0431\u0435\u043a\u0430%20\u2014%20\u044f\u0432\u043b\u0435\u043d\u0438\u0435%20\u0432\u043e\u0437\u043d\u0438\u043a\u043d\u043e\u0432\u0435\u043d\u0438\u044f%20\u042d\u0414\u0421,\u0438\u043d\u043e\u0433\u0434\u0430%20\u043d\u0430\u0437\u044b\u0432\u0430\u044e\u0442%20\u043f\u0440\u043e\u0441\u0442\u043e%20\u0442\u0435\u0440\u043c\u043e\u044d\u043b\u0435\u043a\u0442\u0440\u0438\u0447\u0435\u0441\u043a\u0438\u043c%20\u044d\u0444\u0444\u0435\u043a\u0442\u043e\u043c.\"> Seebeck\u016fv efekt<\/a>... Termo\u010dl\u00e1nek m\u00e1 dva p\u00e1jen\u00e9 konce, jeden konec je um\u00edst\u011bn v m\u011b\u0159ic\u00edm prost\u0159ed\u00ed a naz\u00fdv\u00e1 se pracovn\u00ed nebo hork\u00fd spoj a druh\u00fd konec v m\u00edst\u011b p\u0159ipojen\u00ed ke vstupu za\u0159\u00edzen\u00ed se naz\u00fdv\u00e1 studen\u00fd spoj. Zp\u016fsoby v\u00fdroby hork\u00e9ho spoje jsou zobrazeny na obr\u00e1zku 1. Kdy\u017e v obvodu dojde k teplotn\u00edmu rozd\u00edlu mezi hork\u00fdm a studen\u00fdm spojem, dojde k termo-EMF, jeho\u017e hodnota se p\u0159ivede na vstup.<\/p>\n<p><a href=\"https:\/\/regmik.ua\/wp-content\/uploads\/2017\/02\/sposoby-izgotovleniya-goryachego-spaya.jpg\"><img decoding=\"async\" class=\"alignnone size-medium wp-image-26208\" src=\"https:\/\/regmik.ua\/wp-content\/uploads\/2017\/02\/sposoby-izgotovleniya-goryachego-spaya-280x144.jpg\" alt=\"\" width=\"280\" height=\"144\" \/><\/a><\/p>\n<p>Obr\u00e1zek 1 -\u00a0<strong>Metody v\u00fdroby za horka<\/strong><\/p>\n<p>Pracovn\u00ed uzel vysokoteplotn\u00edch sn\u00edma\u010d\u016f je um\u00edst\u011bn v ochrann\u00fdch armatur\u00e1ch. Termo\u010dl\u00e1nkov\u00e9 p\u0159echody se vyr\u00e1b\u011bj\u00ed v r\u016fzn\u00fdch konfigurac\u00edch. Spoje mohou b\u00fdt uzemn\u011bn\u00e9 nebo neuzemn\u011bn\u00e9 a dvouprvkov\u00e9 termo\u010dl\u00e1nky mohou b\u00fdt izolovan\u00e9 nebo neizolovan\u00e9. Konfigurace hork\u00fdch spoj\u016f jsou zn\u00e1zorn\u011bny na obr\u00e1zku 2.<\/p>\n<p><a href=\"https:\/\/regmik.ua\/wp-content\/uploads\/2017\/02\/konfiguracii-goryachih-spaev.jpg\"><img fetchpriority=\"high\" decoding=\"async\" class=\"alignnone size-medium wp-image-26209\" src=\"https:\/\/regmik.ua\/wp-content\/uploads\/2017\/02\/konfiguracii-goryachih-spaev-280x233.jpg\" alt=\"\" width=\"280\" height=\"233\" \/><\/a><\/p>\n<p>Obr\u00e1zek 2 -\u00a0<strong>Konfigurace hork\u00e9ho spojen\u00ed<\/strong><\/p>\n<p>Uzemn\u011bn\u00e9 spojen\u00ed termo\u010dl\u00e1nku se vytvo\u0159\u00ed, kdy\u017e je spojen\u00ed termo\u010dl\u00e1nku p\u0159ipojeno k pl\u00e1\u0161ti sn\u00edma\u010de. Uzemn\u011bn\u00e9 uzly maj\u00ed lep\u0161\u00ed tepelnou vodivost, co\u017e zase zlep\u0161uje doby odezvy. Uzemn\u011bn\u00ed v\u0161ak tak\u00e9 zvy\u0161uje citlivost obvod\u016f termo\u010dl\u00e1nk\u016f na elektrick\u00fd \u0161um, kter\u00fd m\u016f\u017ee naru\u0161it nap\u011b\u0165ov\u00fd sign\u00e1l termo\u010dl\u00e1nku, pokud tester neposkytne izolaci. V\u0161echny vysoce kvalitn\u00ed vys\u00edla\u010de a desky I \/ O jsou standardn\u011b elektricky izolov\u00e1ny. Uzemn\u011bn\u00fd spoj je tak\u00e9 n\u00e1chyln\u011bj\u0161\u00ed k chemick\u00e9 kontaminaci v pr\u016fb\u011bhu \u010dasu.<\/p>\n<p>Termoelektrick\u00e9 p\u0159evodn\u00edky s otev\u0159en\u00fdm spojem maj\u00ed hork\u00fd spoj, kter\u00fd vy\u010dn\u00edv\u00e1 z ut\u011bsn\u011bn\u00e9ho konce pl\u00e1\u0161t\u011b a poskytuje vysokou dobu odezvy. Ut\u011bsn\u011bn\u00ed zabra\u0148uje vniknut\u00ed vlhkosti nebo jin\u00fdch ne\u010distot do pl\u00e1\u0161t\u011b. Tyto termo\u010dl\u00e1nky se obvykle pou\u017e\u00edvaj\u00ed pouze v nekorozivn\u00edch plynech, jako jsou vzduchov\u00e9 kan\u00e1ly.<\/p>\n<p>Neuzemn\u011bn\u00e9 spoje se z\u00edskaj\u00ed, kdy\u017e termo\u010dl\u00e1nkov\u00e9 prvky nejsou p\u0159ipojeny k pl\u00e1\u0161ti prim\u00e1rn\u00edho p\u0159evodn\u00edku, ale jsou obklopeny izola\u010dn\u00edm pr\u00e1\u0161kem.<\/p>\n<h3>Vlastnosti pou\u017eit\u00ed vysokoteplotn\u00edch sn\u00edma\u010d\u016f \u0422\u0425\u0410-022, \u0422\u0425\u041a-022, \u0422\u0416\u041a-022:<\/h3>\n<ul>\n<li>Disponuje koncovkou, kter\u00e1 V\u00e1m umo\u017en\u00ed pohodln\u00e9 p\u0159ipojen\u00ed kabelu ke sn\u00edma\u010di a ochranu p\u0159ipojovac\u00edho bodu.<\/li>\n<li>M\u00e1 pevnou mont\u00e1\u017e, kter\u00e1 umo\u017e\u0148uje bezpe\u010dn\u00e9 upevn\u011bn\u00ed sn\u00edma\u010de.<\/li>\n<li>Kr\u00e1tkodob\u00fd provoz senzoru je mo\u017en\u00fd p\u0159i 1200 \u00b0 C.<\/li>\n<li>Model nem\u00e1 po cel\u00e9 sv\u00e9 d\u00e9lce vysokou teplotu, tak\u017ee v hork\u00e9 z\u00f3n\u011b by m\u011bla b\u00fdt pouze keramick\u00e1 \u010d\u00e1st.<\/li>\n<li>Proto\u017ee \u010d\u00e1st ochrann\u00fdch armatur je vyrobena z keramiky, je nutn\u00e9 b\u011bhem instalace a provozu zabr\u00e1nit n\u00e1raz\u016fm tepeln\u00e9ho m\u011bni\u010de.<\/li>\n<li>Nelze pou\u017e\u00edt pro m\u011b\u0159en\u00ed teploty kapalin, stejn\u011b jako v agresivn\u00edch plynech - vypa\u0159ov\u00e1n\u00ed kyselin, z\u00e1sad.<\/li>\n<\/ul>\n<p>Vysokoteplotn\u00ed senzory s keramick\u00fdm ochrann\u00fdm pouzdrem <strong>THA-022, THK-022, TJK-022 <\/strong>lze vyrobit bez mont\u00e1\u017ee <strong>-\u00a0<\/strong><a href=\"https:\/\/regmik.ua\/product\/vysokotemperaturnyj-keramicheskij-datchik-tha-br-small-modifikatsiya-021\/\">\u0422\u0425\u0410-021, \u0422\u0425\u041a-021, \u0422\u0416\u041a-021.<\/a><\/p>","protected":false},"excerpt":{"rendered":"<p>Vysokoteplotn\u00ed sn\u00edma\u010de s keramick\u00fdm ochrann\u00fdm krytem \u0422\u0425\u0410-022, \u0422\u0425\u041a-022, \u0422\u0416\u041a-022 slou\u017e\u00ed ke zm\u011bn\u011b teploty a\u017e do 1200\u00b0C.<\/p>","protected":false},"featured_media":18936,"comment_status":"open","ping_status":"closed","template":"","meta":[],"product_brand":[],"product_cat":[681,38],"product_tag":[685,686,675],"class_list":{"0":"post-17543","1":"product","2":"type-product","3":"status-publish","4":"has-post-thumbnail","6":"product_cat-high-temperature-sensors","7":"product_cat-sensors","8":"product_tag-vysokotemperaturnyj-dachik-temperatury","9":"product_tag-keramicheskij-datchik-temperatury","10":"product_tag-tha","11":"pa_diameter-mounting-part-d-m-436","12":"pa_head-type-dural","13":"pa_length-of-installed-part-l-372","14":"pa_length-of-installed-part-l-377","15":"pa_length-of-installed-part-l-379","16":"pa_thermal-inertia-ne-bolee-20-sekund","17":"pa_thread-type-g1-2-2","18":"pa_thread-type-g3-8","19":"pa_thread-type-m16x15","20":"pa_thread-type-m20x15","21":"pa_type-of-nsh-tha","22":"pa_working-range-of-temperatur-40-1200","25":"instock","26":"shipping-taxable","27":"purchasable","28":"product-type-variable"},"yoast_head":"<title>\u0412\u044b\u0441\u043e\u043a\u043e\u0442\u0435\u043c\u043f\u0435\u0440\u0430\u0442\u0443\u0440\u043d\u044b\u0435 \u0434\u0430\u0442\u0447\u0438\u043a\u0438 \u0422\u0425\u0410-022, \u0422\u0425\u041a-022, \u0422\u0416\u041a-022<\/title>\n<meta name=\"description\" content=\"\u0412\u044b\u0441\u043e\u043a\u043e\u0442\u0435\u043c\u043f\u0435\u0440\u0430\u0442\u0443\u0440\u043d\u044b\u0435 \u043a\u0435\u0440\u0430\u043c\u0438\u0447\u0435\u0441\u043a\u0438\u0435 \u0434\u0430\u0442\u0447\u0438\u043a\u0438 \u0422\u0425\u0410-022, \u0422\u0425\u041a-022, \u0422\u0416\u041a-022 \u043f\u0440\u0435\u0434\u043d\u0430\u0437\u043d\u0430\u0447\u0435\u043d\u044b \u0434\u043b\u044f \u0438\u0437\u043c\u0435\u0440\u0435\u043d\u0438\u044f \u0442\u0435\u043c\u043f\u0435\u0440\u0430\u0442\u0443\u0440 \u0434\u043e 1200\u00b0\u0421.\" \/>\n<meta name=\"robots\" content=\"index, follow, max-snippet:-1, max-image-preview:large, max-video-preview:-1\" \/>\n<link rel=\"canonical\" href=\"https:\/\/regmik.ua\/cs\/produkt\/vyisokotemperaturnyiy-keramicheskiy-datchik-tha-modifikatsiya-022\/\" \/>\n<script type=\"application\/ld+json\" class=\"yoast-schema-graph\">{\"@context\":\"https:\\\/\\\/schema.org\",\"@graph\":[{\"@type\":\"WebPage\",\"@id\":\"https:\\\/\\\/regmik.ua\\\/product\\\/vyisokotemperaturnyiy-keramicheskiy-datchik-tha-modifikatsiya-022\\\/\",\"url\":\"https:\\\/\\\/regmik.ua\\\/product\\\/vyisokotemperaturnyiy-keramicheskiy-datchik-tha-modifikatsiya-022\\\/\",\"name\":\"\u0412\u044b\u0441\u043e\u043a\u043e\u0442\u0435\u043c\u043f\u0435\u0440\u0430\u0442\u0443\u0440\u043d\u044b\u0435 \u0434\u0430\u0442\u0447\u0438\u043a\u0438 \u0422\u0425\u0410-022, \u0422\u0425\u041a-022, \u0422\u0416\u041a-022\",\"isPartOf\":{\"@id\":\"https:\\\/\\\/regmik.ua\\\/uk\\\/#website\"},\"primaryImageOfPage\":{\"@id\":\"https:\\\/\\\/regmik.ua\\\/product\\\/vyisokotemperaturnyiy-keramicheskiy-datchik-tha-modifikatsiya-022\\\/#primaryimage\"},\"image\":{\"@id\":\"https:\\\/\\\/regmik.ua\\\/product\\\/vyisokotemperaturnyiy-keramicheskiy-datchik-tha-modifikatsiya-022\\\/#primaryimage\"},\"thumbnailUrl\":\"https:\\\/\\\/regmik.ua\\\/wp-content\\\/uploads\\\/2017\\\/02\\\/THH022.png\",\"datePublished\":\"2017-02-14T12:14:09+00:00\",\"dateModified\":\"2024-04-08T13:15:17+00:00\",\"description\":\"\u0412\u044b\u0441\u043e\u043a\u043e\u0442\u0435\u043c\u043f\u0435\u0440\u0430\u0442\u0443\u0440\u043d\u044b\u0435 \u043a\u0435\u0440\u0430\u043c\u0438\u0447\u0435\u0441\u043a\u0438\u0435 \u0434\u0430\u0442\u0447\u0438\u043a\u0438 \u0422\u0425\u0410-022, \u0422\u0425\u041a-022, \u0422\u0416\u041a-022 \u043f\u0440\u0435\u0434\u043d\u0430\u0437\u043d\u0430\u0447\u0435\u043d\u044b \u0434\u043b\u044f \u0438\u0437\u043c\u0435\u0440\u0435\u043d\u0438\u044f \u0442\u0435\u043c\u043f\u0435\u0440\u0430\u0442\u0443\u0440 \u0434\u043e 1200\u00b0\u0421.\",\"breadcrumb\":{\"@id\":\"https:\\\/\\\/regmik.ua\\\/product\\\/vyisokotemperaturnyiy-keramicheskiy-datchik-tha-modifikatsiya-022\\\/#breadcrumb\"},\"inLanguage\":\"cs\",\"potentialAction\":[{\"@type\":\"ReadAction\",\"target\":[\"https:\\\/\\\/regmik.ua\\\/product\\\/vyisokotemperaturnyiy-keramicheskiy-datchik-tha-modifikatsiya-022\\\/\"]}]},{\"@type\":\"ImageObject\",\"inLanguage\":\"cs\",\"@id\":\"https:\\\/\\\/regmik.ua\\\/product\\\/vyisokotemperaturnyiy-keramicheskiy-datchik-tha-modifikatsiya-022\\\/#primaryimage\",\"url\":\"https:\\\/\\\/regmik.ua\\\/wp-content\\\/uploads\\\/2017\\\/02\\\/THH022.png\",\"contentUrl\":\"https:\\\/\\\/regmik.ua\\\/wp-content\\\/uploads\\\/2017\\\/02\\\/THH022.png\",\"width\":800,\"height\":1024,\"caption\":\"\u0412\u044b\u0441\u043e\u043a\u043e\u0442\u0435\u043c\u043f\u0435\u0440\u0430\u0442\u0443\u0440\u043d\u044b\u0439 \u043a\u0435\u0440\u0430\u043c\u0438\u0447\u0435\u0441\u043a\u0438\u0439 \u0434\u0430\u0442\u0447\u0438\u043a \u0422\u0425\u0410-022\"},{\"@type\":\"BreadcrumbList\",\"@id\":\"https:\\\/\\\/regmik.ua\\\/product\\\/vyisokotemperaturnyiy-keramicheskiy-datchik-tha-modifikatsiya-022\\\/#breadcrumb\",\"itemListElement\":[{\"@type\":\"ListItem\",\"position\":1,\"name\":\"\u0413\u043b\u0430\u0432\u043d\u0430\u044f \u0441\u0442\u0440\u0430\u043d\u0438\u0446\u0430\",\"item\":\"https:\\\/\\\/regmik.ua\\\/\"},{\"@type\":\"ListItem\",\"position\":2,\"name\":\"\u041f\u0440\u043e\u0434\u0443\u043a\u0446\u0438\u044f\",\"item\":\"https:\\\/\\\/regmik.ua\\\/uk\\\/products\\\/\"},{\"@type\":\"ListItem\",\"position\":3,\"name\":\"\u0412\u044b\u0441\u043e\u043a\u043e\u0442\u0435\u043c\u043f\u0435\u0440\u0430\u0442\u0443\u0440\u043d\u044b\u0435 \u0434\u0430\u0442\u0447\u0438\u043a\u0438 \u0422\u0425\u0410-022, \u0422\u0425\u041a-022, \u0422\u0416\u041a-022\"}]},{\"@type\":\"WebSite\",\"@id\":\"https:\\\/\\\/regmik.ua\\\/uk\\\/#website\",\"url\":\"https:\\\/\\\/regmik.ua\\\/uk\\\/\",\"name\":\"REGMIK\",\"description\":\"\u0418\u0437\u043c\u0435\u0440\u0438\u0442\u0435\u043b\u044c\u043d\u044b\u0435 \u043f\u0440\u0438\u0431\u043e\u0440\u044b \u0438 \u0434\u0430\u0442\u0447\u0438\u043a\u0438 \u0442\u0435\u043c\u043f\u0435\u0440\u0430\u0442\u0443\u0440\u044b\",\"publisher\":{\"@id\":\"https:\\\/\\\/regmik.ua\\\/uk\\\/#organization\"},\"alternateName\":\"REGMIK\",\"potentialAction\":[{\"@type\":\"SearchAction\",\"target\":{\"@type\":\"EntryPoint\",\"urlTemplate\":\"https:\\\/\\\/regmik.ua\\\/uk\\\/?s={search_term_string}\"},\"query-input\":{\"@type\":\"PropertyValueSpecification\",\"valueRequired\":true,\"valueName\":\"search_term_string\"}}],\"inLanguage\":\"cs\"},{\"@type\":\"Organization\",\"@id\":\"https:\\\/\\\/regmik.ua\\\/uk\\\/#organization\",\"name\":\"REGMIK\",\"alternateName\":\"\u0420\u0415\u0413\u041c\u0418\u041a\",\"url\":\"https:\\\/\\\/regmik.ua\\\/uk\\\/\",\"logo\":{\"@type\":\"ImageObject\",\"inLanguage\":\"cs\",\"@id\":\"https:\\\/\\\/regmik.ua\\\/uk\\\/#\\\/schema\\\/logo\\\/image\\\/\",\"url\":\"https:\\\/\\\/regmik.ua\\\/wp-content\\\/uploads\\\/2020\\\/03\\\/regmik_logo.png\",\"contentUrl\":\"https:\\\/\\\/regmik.ua\\\/wp-content\\\/uploads\\\/2020\\\/03\\\/regmik_logo.png\",\"width\":194,\"height\":45,\"caption\":\"REGMIK\"},\"image\":{\"@id\":\"https:\\\/\\\/regmik.ua\\\/uk\\\/#\\\/schema\\\/logo\\\/image\\\/\"},\"sameAs\":[\"https:\\\/\\\/www.facebook.com\\\/regmik.npf\",\"https:\\\/\\\/x.com\\\/regmiknpf\",\"https:\\\/\\\/www.youtube.com\\\/channel\\\/UC_SrY98SKAmR3Kt95GcVKcw\"]}]}<\/script>","yoast_head_json":{"title":"Senzory vysok\u00e9 teploty \u0422\u0425\u0410-022, \u0422\u0425\u041a-022, \u0422\u0416\u041a-022","description":"Vysokoteplotn\u00ed keramick\u00e9 sn\u00edma\u010de \u0422\u0425\u0410-022, \u0422\u0425\u041a-022, \u0422\u0416\u041a-022 jsou ur\u010deny pro m\u011b\u0159en\u00ed teplot do 1200\u00b0\u0421.","robots":{"index":"index","follow":"follow","max-snippet":"max-snippet:-1","max-image-preview":"max-image-preview:large","max-video-preview":"max-video-preview:-1"},"canonical":"https:\/\/regmik.ua\/cs\/produkt\/vyisokotemperaturnyiy-keramicheskiy-datchik-tha-modifikatsiya-022\/","schema":{"@context":"https:\/\/schema.org","@graph":[{"@type":"WebPage","@id":"https:\/\/regmik.ua\/product\/vyisokotemperaturnyiy-keramicheskiy-datchik-tha-modifikatsiya-022\/","url":"https:\/\/regmik.ua\/product\/vyisokotemperaturnyiy-keramicheskiy-datchik-tha-modifikatsiya-022\/","name":"Senzory vysok\u00e9 teploty \u0422\u0425\u0410-022, \u0422\u0425\u041a-022, \u0422\u0416\u041a-022","isPartOf":{"@id":"https:\/\/regmik.ua\/uk\/#website"},"primaryImageOfPage":{"@id":"https:\/\/regmik.ua\/product\/vyisokotemperaturnyiy-keramicheskiy-datchik-tha-modifikatsiya-022\/#primaryimage"},"image":{"@id":"https:\/\/regmik.ua\/product\/vyisokotemperaturnyiy-keramicheskiy-datchik-tha-modifikatsiya-022\/#primaryimage"},"thumbnailUrl":"https:\/\/regmik.ua\/wp-content\/uploads\/2017\/02\/THH022.png","datePublished":"2017-02-14T12:14:09+00:00","dateModified":"2024-04-08T13:15:17+00:00","description":"Vysokoteplotn\u00ed keramick\u00e9 sn\u00edma\u010de \u0422\u0425\u0410-022, \u0422\u0425\u041a-022, \u0422\u0416\u041a-022 jsou ur\u010deny pro m\u011b\u0159en\u00ed teplot do 1200\u00b0\u0421.","breadcrumb":{"@id":"https:\/\/regmik.ua\/product\/vyisokotemperaturnyiy-keramicheskiy-datchik-tha-modifikatsiya-022\/#breadcrumb"},"inLanguage":"cs","potentialAction":[{"@type":"ReadAction","target":["https:\/\/regmik.ua\/product\/vyisokotemperaturnyiy-keramicheskiy-datchik-tha-modifikatsiya-022\/"]}]},{"@type":"ImageObject","inLanguage":"cs","@id":"https:\/\/regmik.ua\/product\/vyisokotemperaturnyiy-keramicheskiy-datchik-tha-modifikatsiya-022\/#primaryimage","url":"https:\/\/regmik.ua\/wp-content\/uploads\/2017\/02\/THH022.png","contentUrl":"https:\/\/regmik.ua\/wp-content\/uploads\/2017\/02\/THH022.png","width":800,"height":1024,"caption":"\u0412\u044b\u0441\u043e\u043a\u043e\u0442\u0435\u043c\u043f\u0435\u0440\u0430\u0442\u0443\u0440\u043d\u044b\u0439 \u043a\u0435\u0440\u0430\u043c\u0438\u0447\u0435\u0441\u043a\u0438\u0439 \u0434\u0430\u0442\u0447\u0438\u043a \u0422\u0425\u0410-022"},{"@type":"BreadcrumbList","@id":"https:\/\/regmik.ua\/product\/vyisokotemperaturnyiy-keramicheskiy-datchik-tha-modifikatsiya-022\/#breadcrumb","itemListElement":[{"@type":"ListItem","position":1,"name":"\u0413\u043b\u0430\u0432\u043d\u0430\u044f \u0441\u0442\u0440\u0430\u043d\u0438\u0446\u0430","item":"https:\/\/regmik.ua\/"},{"@type":"ListItem","position":2,"name":"\u041f\u0440\u043e\u0434\u0443\u043a\u0446\u0438\u044f","item":"https:\/\/regmik.ua\/uk\/products\/"},{"@type":"ListItem","position":3,"name":"\u0412\u044b\u0441\u043e\u043a\u043e\u0442\u0435\u043c\u043f\u0435\u0440\u0430\u0442\u0443\u0440\u043d\u044b\u0435 \u0434\u0430\u0442\u0447\u0438\u043a\u0438 \u0422\u0425\u0410-022, \u0422\u0425\u041a-022, \u0422\u0416\u041a-022"}]},{"@type":"WebSite","@id":"https:\/\/regmik.ua\/uk\/#website","url":"https:\/\/regmik.ua\/uk\/","name":"REGMIK","description":"M\u011b\u0159ic\u00ed p\u0159\u00edstroje a sn\u00edma\u010de teploty","publisher":{"@id":"https:\/\/regmik.ua\/uk\/#organization"},"alternateName":"REGMIK","potentialAction":[{"@type":"SearchAction","target":{"@type":"EntryPoint","urlTemplate":"https:\/\/regmik.ua\/uk\/?s={search_term_string}"},"query-input":{"@type":"PropertyValueSpecification","valueRequired":true,"valueName":"search_term_string"}}],"inLanguage":"cs"},{"@type":"Organization","@id":"https:\/\/regmik.ua\/uk\/#organization","name":"REGMIK","alternateName":"\u0420\u0415\u0413\u041c\u0418\u041a","url":"https:\/\/regmik.ua\/uk\/","logo":{"@type":"ImageObject","inLanguage":"cs","@id":"https:\/\/regmik.ua\/uk\/#\/schema\/logo\/image\/","url":"https:\/\/regmik.ua\/wp-content\/uploads\/2020\/03\/regmik_logo.png","contentUrl":"https:\/\/regmik.ua\/wp-content\/uploads\/2020\/03\/regmik_logo.png","width":194,"height":45,"caption":"REGMIK"},"image":{"@id":"https:\/\/regmik.ua\/uk\/#\/schema\/logo\/image\/"},"sameAs":["https:\/\/www.facebook.com\/regmik.npf","https:\/\/x.com\/regmiknpf","https:\/\/www.youtube.com\/channel\/UC_SrY98SKAmR3Kt95GcVKcw"]}]}},"_links":{"self":[{"href":"https:\/\/regmik.ua\/cs\/wp-json\/wp\/v2\/product\/17543","targetHints":{"allow":["GET"]}}],"collection":[{"href":"https:\/\/regmik.ua\/cs\/wp-json\/wp\/v2\/product"}],"about":[{"href":"https:\/\/regmik.ua\/cs\/wp-json\/wp\/v2\/types\/product"}],"replies":[{"embeddable":true,"href":"https:\/\/regmik.ua\/cs\/wp-json\/wp\/v2\/comments?post=17543"}],"version-history":[{"count":0,"href":"https:\/\/regmik.ua\/cs\/wp-json\/wp\/v2\/product\/17543\/revisions"}],"wp:featuredmedia":[{"embeddable":true,"href":"https:\/\/regmik.ua\/cs\/wp-json\/wp\/v2\/media\/18936"}],"wp:attachment":[{"href":"https:\/\/regmik.ua\/cs\/wp-json\/wp\/v2\/media?parent=17543"}],"wp:term":[{"taxonomy":"product_brand","embeddable":true,"href":"https:\/\/regmik.ua\/cs\/wp-json\/wp\/v2\/product_brand?post=17543"},{"taxonomy":"product_cat","embeddable":true,"href":"https:\/\/regmik.ua\/cs\/wp-json\/wp\/v2\/product_cat?post=17543"},{"taxonomy":"product_tag","embeddable":true,"href":"https:\/\/regmik.ua\/cs\/wp-json\/wp\/v2\/product_tag?post=17543"}],"curies":[{"name":"wp","href":"https:\/\/api.w.org\/{rel}","templated":true}]}}