{"id":16988,"date":"2017-02-07T11:06:17","date_gmt":"2017-02-07T09:06:17","guid":{"rendered":"https:\/\/regmik.com.ua\/product\/komplekt-termopreobrazovatelej-soprotivleniya-podobrannyh-par-br-small-modifikatsiya-001pl-small\/"},"modified":"2020-09-14T16:58:45","modified_gmt":"2020-09-14T13:58:45","slug":"komplekt-termopreobrazovateley-soprotivleniya-podobrannaya-para-dlya-teploschetchika-modifikatsiya-001pl","status":"publish","type":"product","link":"https:\/\/regmik.ua\/cs\/product\/komplekt-termopreobrazovateley-soprotivleniya-podobrannaya-para-dlya-teploschetchika-modifikatsiya-001pl\/","title":{"rendered":"Sada odporov\u00fdch termo\u010dl\u00e1nk\u016f (p\u00e1r p\u00e1r\u016f pro m\u011b\u0159i\u010d tepla) KTSP-001PL"},"content":{"rendered":"<p>Podnik \u201eREGMIK\u201c vyr\u00e1b\u00ed sady platinov\u00fdch odporov\u00fdch termo\u010dl\u00e1nk\u016f \u201eREGMIK KTSP- ...\u201c (KTSP), kter\u00e9 jsou m\u011b\u0159\u00edc\u00edmi p\u0159evodn\u00edky s vysok\u00fdmi metrologick\u00fdmi charakteristikami.<br \/>\nSada odporov\u00fdch termo\u010dl\u00e1nk\u016f se pou\u017e\u00edv\u00e1 pro p\u0159evod informac\u00ed o teplot\u011b a teplotn\u00edm rozd\u00edlu na zm\u011bnu elektrick\u00e9ho odporu citliv\u00fdch prvk\u016f jako sou\u010d\u00e1st m\u011b\u0159i\u010d\u016f tepla a jin\u00fdch m\u011b\u0159ic\u00edch a \u0159\u00eddic\u00edch za\u0159\u00edzen\u00ed pro tepelnou energii dod\u00e1vaj\u00edc\u00edch teplo a organizac\u00ed spot\u0159ebov\u00e1vaj\u00edc\u00edch teplo. KTSP lze pou\u017e\u00edt v syst\u00e9mech \u00fa\u010dtov\u00e1n\u00ed a \u0159\u00edzen\u00ed tepeln\u00e9 energie organizac\u00ed dod\u00e1vaj\u00edc\u00edch teplo a spot\u0159ebov\u00e1vaj\u00edc\u00edch teplo.<\/p>\n<p>1.1.3 KTSP se t\u00fdk\u00e1 m\u011b\u0159ic\u00edch p\u0159\u00edstroj\u016f, kter\u00e9 jsou ur\u010deny pro pou\u017eit\u00ed v ter\u00e9nu nebo mimo r\u00e1mec z\u00e1konem regulovan\u00e9 metrologie.<\/p>","protected":false},"excerpt":{"rendered":"<p>Podnik \u201eREGMIK\u201c vyr\u00e1b\u00ed sady platinov\u00fdch odporov\u00fdch termo\u010dl\u00e1nk\u016f \u201eREGMIK KTSP-\u2026\u201c (RTSP), kter\u00e9 jsou m\u011b\u0159ic\u00edm p\u0159evodn\u00edkem s vysok\u00fdmi metrologick\u00fdmi vlastnostmi. Sada odporov\u00fdch tepeln\u00fdch p\u0159evodn\u00edk\u016f slou\u017e\u00ed k p\u0159evodu informace o teplot\u011b a teplotn\u00edm rozd\u00edlu na zm\u011bnu elektrick\u00e9ho odporu citliv\u00fdch prvk\u016f jako sou\u010d\u00e1st m\u011b\u0159i\u010d\u016f tepla a dal\u0161\u00edch m\u011b\u0159ic\u00edch a regula\u010dn\u00edch za\u0159\u00edzen\u00ed tepeln\u00e9 energie organizac\u00ed z\u00e1sobuj\u00edc\u00edch teplo a odb\u011braj\u00edc\u00edch teplo. CTSP lze pou\u017e\u00edt v... <a href=\"https:\/\/regmik.ua\/cs\/product\/komplekt-termopreobrazovateley-soprotivleniya-podobrannaya-para-dlya-teploschetchika-modifikatsiya-001pl\/\" class=\"more-link\">pokra\u010dovat ve \u010dten\u00ed <span class=\"screen-reader-text\">Sada odporov\u00fdch termo\u010dl\u00e1nk\u016f (p\u00e1r p\u00e1r\u016f pro m\u011b\u0159i\u010d tepla) KTSP-001PL<\/span><\/a><\/p>","protected":false},"featured_media":17226,"comment_status":"open","ping_status":"closed","template":"","meta":[],"product_brand":[],"product_cat":[476,627],"product_tag":[89,684,683,633],"class_list":{"0":"post-16988","1":"product","2":"type-product","3":"status-publish","4":"has-post-thumbnail","6":"product_cat-temperature-sensors","7":"product_cat-podobrannyie-paryi","8":"product_tag-datchik","9":"product_tag-komplekt-termopreobrazovatelej-soprotivleniya","10":"product_tag-podobrannaya-para","11":"product_tag-teploschetchik","12":"pa_accuracy-class-b","13":"pa_accuracy-class-a","14":"pa_diameter-mounting-part-d-m-387","15":"pa_diameter-mounting-part-d-m-389","16":"pa_diameter-mounting-part-d-m-385","17":"pa_diameter-mounting-part-d-m-386","18":"pa_length-of-installed-part-l-652","19":"pa_length-of-installed-part-l-371","20":"pa_thermal-inertia-15-45","21":"pa_type-of-nsh-tsp-pt100-pt500-pt1000","22":"pa_working-range-of-temperatur-0-150","25":"instock","26":"shipping-taxable","27":"product-type-simple"},"yoast_head":"<title>\u0420\u0415\u0413\u041c\u0406\u041a, \u041d\u0412\u0424, \u041f\u041f \u041a\u043e\u043c\u043f\u043b\u0435\u043a\u0442 \u0442\u0435\u0440\u043c\u043e\u043f\u0440\u0435\u043e\u0431\u0440\u0430\u0437\u043e\u0432\u0430\u0442\u0435\u043b\u0435\u0439 \u0441\u043e\u043f\u0440\u043e\u0442\u0438\u0432\u043b\u0435\u043d\u0438\u044f \u0422\u0421\u041f-001PL<\/title>\n<meta name=\"description\" content=\"\u041a\u0422\u0421\u041f \u043c\u043e\u0433\u0443\u0442 \u043f\u0440\u0438\u043c\u0435\u043d\u044f\u0442\u044c\u0441\u044f \u0432 \u0441\u0438\u0441\u0442\u0435\u043c\u0430\u0445 \u0443\u0447\u0435\u0442\u0430 \u0438 \u043a\u043e\u043d\u0442\u0440\u043e\u043b\u044f \u0442\u0435\u043f\u043b\u043e\u0432\u043e\u0439 \u044d\u043d\u0435\u0440\u0433\u0438\u0438 \u0432 \u0441\u043e\u0441\u0442\u0430\u0432\u0435 \u0442\u0435\u043f\u043b\u043e\u0441\u0447\u0435\u0442\u0447\u0438\u043a\u043e\u0432 \u0438 \u0434\u0440\u0443\u0433\u0438\u0445 \u043f\u0440\u0438\u0431\u043e\u0440\u043e\u0432 \u043e\u0440\u0433\u0430\u043d\u0438\u0437\u0430\u0446\u0438\u0439.\" \/>\n<meta name=\"robots\" content=\"index, follow, max-snippet:-1, max-image-preview:large, max-video-preview:-1\" \/>\n<link rel=\"canonical\" href=\"https:\/\/regmik.ua\/cs\/produkt\/komplekt-termopreobrazovateley-soprotivleniya-podobrannaya-para-dlya-teploschetchika-modifikatsiya-001pl\/\" \/>\n<script type=\"application\/ld+json\" class=\"yoast-schema-graph\">{\"@context\":\"https:\\\/\\\/schema.org\",\"@graph\":[{\"@type\":\"WebPage\",\"@id\":\"https:\\\/\\\/regmik.ua\\\/product\\\/komplekt-termopreobrazovateley-soprotivleniya-podobrannaya-para-dlya-teploschetchika-modifikatsiya-001pl\\\/\",\"url\":\"https:\\\/\\\/regmik.ua\\\/product\\\/komplekt-termopreobrazovateley-soprotivleniya-podobrannaya-para-dlya-teploschetchika-modifikatsiya-001pl\\\/\",\"name\":\"\u0420\u0415\u0413\u041c\u0406\u041a, \u041d\u0412\u0424, \u041f\u041f \u041a\u043e\u043c\u043f\u043b\u0435\u043a\u0442 \u0442\u0435\u0440\u043c\u043e\u043f\u0440\u0435\u043e\u0431\u0440\u0430\u0437\u043e\u0432\u0430\u0442\u0435\u043b\u0435\u0439 \u0441\u043e\u043f\u0440\u043e\u0442\u0438\u0432\u043b\u0435\u043d\u0438\u044f \u0422\u0421\u041f-001PL\",\"isPartOf\":{\"@id\":\"https:\\\/\\\/regmik.ua\\\/uk\\\/#website\"},\"primaryImageOfPage\":{\"@id\":\"https:\\\/\\\/regmik.ua\\\/product\\\/komplekt-termopreobrazovateley-soprotivleniya-podobrannaya-para-dlya-teploschetchika-modifikatsiya-001pl\\\/#primaryimage\"},\"image\":{\"@id\":\"https:\\\/\\\/regmik.ua\\\/product\\\/komplekt-termopreobrazovateley-soprotivleniya-podobrannaya-para-dlya-teploschetchika-modifikatsiya-001pl\\\/#primaryimage\"},\"thumbnailUrl\":\"https:\\\/\\\/regmik.ua\\\/wp-content\\\/uploads\\\/2017\\\/02\\\/KTSP_001PL.jpg\",\"datePublished\":\"2017-02-07T09:06:17+00:00\",\"dateModified\":\"2020-09-14T13:58:45+00:00\",\"description\":\"\u041a\u0422\u0421\u041f \u043c\u043e\u0433\u0443\u0442 \u043f\u0440\u0438\u043c\u0435\u043d\u044f\u0442\u044c\u0441\u044f \u0432 \u0441\u0438\u0441\u0442\u0435\u043c\u0430\u0445 \u0443\u0447\u0435\u0442\u0430 \u0438 \u043a\u043e\u043d\u0442\u0440\u043e\u043b\u044f \u0442\u0435\u043f\u043b\u043e\u0432\u043e\u0439 \u044d\u043d\u0435\u0440\u0433\u0438\u0438 \u0432 \u0441\u043e\u0441\u0442\u0430\u0432\u0435 \u0442\u0435\u043f\u043b\u043e\u0441\u0447\u0435\u0442\u0447\u0438\u043a\u043e\u0432 \u0438 \u0434\u0440\u0443\u0433\u0438\u0445 \u043f\u0440\u0438\u0431\u043e\u0440\u043e\u0432 \u043e\u0440\u0433\u0430\u043d\u0438\u0437\u0430\u0446\u0438\u0439.\",\"breadcrumb\":{\"@id\":\"https:\\\/\\\/regmik.ua\\\/product\\\/komplekt-termopreobrazovateley-soprotivleniya-podobrannaya-para-dlya-teploschetchika-modifikatsiya-001pl\\\/#breadcrumb\"},\"inLanguage\":\"cs\",\"potentialAction\":[{\"@type\":\"ReadAction\",\"target\":[\"https:\\\/\\\/regmik.ua\\\/product\\\/komplekt-termopreobrazovateley-soprotivleniya-podobrannaya-para-dlya-teploschetchika-modifikatsiya-001pl\\\/\"]}]},{\"@type\":\"ImageObject\",\"inLanguage\":\"cs\",\"@id\":\"https:\\\/\\\/regmik.ua\\\/product\\\/komplekt-termopreobrazovateley-soprotivleniya-podobrannaya-para-dlya-teploschetchika-modifikatsiya-001pl\\\/#primaryimage\",\"url\":\"https:\\\/\\\/regmik.ua\\\/wp-content\\\/uploads\\\/2017\\\/02\\\/KTSP_001PL.jpg\",\"contentUrl\":\"https:\\\/\\\/regmik.ua\\\/wp-content\\\/uploads\\\/2017\\\/02\\\/KTSP_001PL.jpg\",\"width\":800,\"height\":1024,\"caption\":\"\u041a\u043e\u043c\u043f\u043b\u0435\u043a\u0442 \u0442\u0435\u0440\u043c\u043e\u043f\u0440\u0435\u043e\u0431\u0440\u0430\u0437\u043e\u0432\u0430\u0442\u0435\u043b\u0435\u0439 \u0441\u043e\u043f\u0440\u043e\u0442\u0438\u0432\u043b\u0435\u043d\u0438\u044f, \u043f\u043e\u0434\u043e\u0431\u0440\u0430\u043d\u043d\u044b\u0445 \u043f\u0430\u0440 (\u041c\u043e\u0434\u0438\u0444\u0438\u043a\u0430\u0446\u0438\u044f 001PL)\"},{\"@type\":\"BreadcrumbList\",\"@id\":\"https:\\\/\\\/regmik.ua\\\/product\\\/komplekt-termopreobrazovateley-soprotivleniya-podobrannaya-para-dlya-teploschetchika-modifikatsiya-001pl\\\/#breadcrumb\",\"itemListElement\":[{\"@type\":\"ListItem\",\"position\":1,\"name\":\"\u0413\u043b\u0430\u0432\u043d\u0430\u044f \u0441\u0442\u0440\u0430\u043d\u0438\u0446\u0430\",\"item\":\"https:\\\/\\\/regmik.ua\\\/\"},{\"@type\":\"ListItem\",\"position\":2,\"name\":\"\u041f\u0440\u043e\u0434\u0443\u043a\u0446\u0438\u044f\",\"item\":\"https:\\\/\\\/regmik.ua\\\/uk\\\/products\\\/\"},{\"@type\":\"ListItem\",\"position\":3,\"name\":\"\u041a\u043e\u043c\u043f\u043b\u0435\u043a\u0442 \u0442\u0435\u0440\u043c\u043e\u043f\u0440\u0435\u043e\u0431\u0440\u0430\u0437\u043e\u0432\u0430\u0442\u0435\u043b\u0435\u0439 \u0441\u043e\u043f\u0440\u043e\u0442\u0438\u0432\u043b\u0435\u043d\u0438\u044f (\u043f\u043e\u0434\u043e\u0431\u0440\u0430\u043d\u043d\u0430\u044f \u043f\u0430\u0440\u0430 \u0434\u043b\u044f \u0442\u0435\u043f\u043b\u043e\u0441\u0447\u0435\u0442\u0447\u0438\u043a\u0430) \u041a\u0422\u0421\u041f-001PL\"}]},{\"@type\":\"WebSite\",\"@id\":\"https:\\\/\\\/regmik.ua\\\/uk\\\/#website\",\"url\":\"https:\\\/\\\/regmik.ua\\\/uk\\\/\",\"name\":\"REGMIK\",\"description\":\"\u0418\u0437\u043c\u0435\u0440\u0438\u0442\u0435\u043b\u044c\u043d\u044b\u0435 \u043f\u0440\u0438\u0431\u043e\u0440\u044b \u0438 \u0434\u0430\u0442\u0447\u0438\u043a\u0438 \u0442\u0435\u043c\u043f\u0435\u0440\u0430\u0442\u0443\u0440\u044b\",\"publisher\":{\"@id\":\"https:\\\/\\\/regmik.ua\\\/uk\\\/#organization\"},\"alternateName\":\"REGMIK\",\"potentialAction\":[{\"@type\":\"SearchAction\",\"target\":{\"@type\":\"EntryPoint\",\"urlTemplate\":\"https:\\\/\\\/regmik.ua\\\/uk\\\/?s={search_term_string}\"},\"query-input\":{\"@type\":\"PropertyValueSpecification\",\"valueRequired\":true,\"valueName\":\"search_term_string\"}}],\"inLanguage\":\"cs\"},{\"@type\":\"Organization\",\"@id\":\"https:\\\/\\\/regmik.ua\\\/uk\\\/#organization\",\"name\":\"REGMIK\",\"alternateName\":\"\u0420\u0415\u0413\u041c\u0418\u041a\",\"url\":\"https:\\\/\\\/regmik.ua\\\/uk\\\/\",\"logo\":{\"@type\":\"ImageObject\",\"inLanguage\":\"cs\",\"@id\":\"https:\\\/\\\/regmik.ua\\\/uk\\\/#\\\/schema\\\/logo\\\/image\\\/\",\"url\":\"https:\\\/\\\/regmik.ua\\\/wp-content\\\/uploads\\\/2020\\\/03\\\/regmik_logo.png\",\"contentUrl\":\"https:\\\/\\\/regmik.ua\\\/wp-content\\\/uploads\\\/2020\\\/03\\\/regmik_logo.png\",\"width\":194,\"height\":45,\"caption\":\"REGMIK\"},\"image\":{\"@id\":\"https:\\\/\\\/regmik.ua\\\/uk\\\/#\\\/schema\\\/logo\\\/image\\\/\"},\"sameAs\":[\"https:\\\/\\\/www.facebook.com\\\/regmik.npf\",\"https:\\\/\\\/x.com\\\/regmiknpf\",\"https:\\\/\\\/www.youtube.com\\\/channel\\\/UC_SrY98SKAmR3Kt95GcVKcw\"]}]}<\/script>","yoast_head_json":{"title":"\u0420\u0415\u0413\u041c\u0406\u041a, \u041d\u0412\u0424, \u041f\u041f \u041a\u043e\u043c\u043f\u043b\u0435\u043a\u0442 \u0442\u0435\u0440\u043c\u043e\u043f\u0440\u0435\u043e\u0431\u0440\u0430\u0437\u043e\u0432\u0430\u0442\u0435\u043b\u0435\u0439 \u0441\u043e\u043f\u0440\u043e\u0442\u0438\u0432\u043b\u0435\u043d\u0438\u044f \u0422\u0421\u041f-001PL","description":"KTSP lze pou\u017e\u00edt v syst\u00e9mech m\u011b\u0159en\u00ed a regulace tepeln\u00e9 energie jako sou\u010d\u00e1st m\u011b\u0159i\u010d\u016f tepla a dal\u0161\u00edch za\u0159\u00edzen\u00ed organizac\u00ed.","robots":{"index":"index","follow":"follow","max-snippet":"max-snippet:-1","max-image-preview":"max-image-preview:large","max-video-preview":"max-video-preview:-1"},"canonical":"https:\/\/regmik.ua\/cs\/produkt\/komplekt-termopreobrazovateley-soprotivleniya-podobrannaya-para-dlya-teploschetchika-modifikatsiya-001pl\/","schema":{"@context":"https:\/\/schema.org","@graph":[{"@type":"WebPage","@id":"https:\/\/regmik.ua\/product\/komplekt-termopreobrazovateley-soprotivleniya-podobrannaya-para-dlya-teploschetchika-modifikatsiya-001pl\/","url":"https:\/\/regmik.ua\/product\/komplekt-termopreobrazovateley-soprotivleniya-podobrannaya-para-dlya-teploschetchika-modifikatsiya-001pl\/","name":"\u0420\u0415\u0413\u041c\u0406\u041a, \u041d\u0412\u0424, \u041f\u041f \u041a\u043e\u043c\u043f\u043b\u0435\u043a\u0442 \u0442\u0435\u0440\u043c\u043e\u043f\u0440\u0435\u043e\u0431\u0440\u0430\u0437\u043e\u0432\u0430\u0442\u0435\u043b\u0435\u0439 \u0441\u043e\u043f\u0440\u043e\u0442\u0438\u0432\u043b\u0435\u043d\u0438\u044f \u0422\u0421\u041f-001PL","isPartOf":{"@id":"https:\/\/regmik.ua\/uk\/#website"},"primaryImageOfPage":{"@id":"https:\/\/regmik.ua\/product\/komplekt-termopreobrazovateley-soprotivleniya-podobrannaya-para-dlya-teploschetchika-modifikatsiya-001pl\/#primaryimage"},"image":{"@id":"https:\/\/regmik.ua\/product\/komplekt-termopreobrazovateley-soprotivleniya-podobrannaya-para-dlya-teploschetchika-modifikatsiya-001pl\/#primaryimage"},"thumbnailUrl":"https:\/\/regmik.ua\/wp-content\/uploads\/2017\/02\/KTSP_001PL.jpg","datePublished":"2017-02-07T09:06:17+00:00","dateModified":"2020-09-14T13:58:45+00:00","description":"KTSP lze pou\u017e\u00edt v syst\u00e9mech m\u011b\u0159en\u00ed a regulace tepeln\u00e9 energie jako sou\u010d\u00e1st m\u011b\u0159i\u010d\u016f tepla a dal\u0161\u00edch za\u0159\u00edzen\u00ed organizac\u00ed.","breadcrumb":{"@id":"https:\/\/regmik.ua\/product\/komplekt-termopreobrazovateley-soprotivleniya-podobrannaya-para-dlya-teploschetchika-modifikatsiya-001pl\/#breadcrumb"},"inLanguage":"cs","potentialAction":[{"@type":"ReadAction","target":["https:\/\/regmik.ua\/product\/komplekt-termopreobrazovateley-soprotivleniya-podobrannaya-para-dlya-teploschetchika-modifikatsiya-001pl\/"]}]},{"@type":"ImageObject","inLanguage":"cs","@id":"https:\/\/regmik.ua\/product\/komplekt-termopreobrazovateley-soprotivleniya-podobrannaya-para-dlya-teploschetchika-modifikatsiya-001pl\/#primaryimage","url":"https:\/\/regmik.ua\/wp-content\/uploads\/2017\/02\/KTSP_001PL.jpg","contentUrl":"https:\/\/regmik.ua\/wp-content\/uploads\/2017\/02\/KTSP_001PL.jpg","width":800,"height":1024,"caption":"\u041a\u043e\u043c\u043f\u043b\u0435\u043a\u0442 \u0442\u0435\u0440\u043c\u043e\u043f\u0440\u0435\u043e\u0431\u0440\u0430\u0437\u043e\u0432\u0430\u0442\u0435\u043b\u0435\u0439 \u0441\u043e\u043f\u0440\u043e\u0442\u0438\u0432\u043b\u0435\u043d\u0438\u044f, \u043f\u043e\u0434\u043e\u0431\u0440\u0430\u043d\u043d\u044b\u0445 \u043f\u0430\u0440 (\u041c\u043e\u0434\u0438\u0444\u0438\u043a\u0430\u0446\u0438\u044f 001PL)"},{"@type":"BreadcrumbList","@id":"https:\/\/regmik.ua\/product\/komplekt-termopreobrazovateley-soprotivleniya-podobrannaya-para-dlya-teploschetchika-modifikatsiya-001pl\/#breadcrumb","itemListElement":[{"@type":"ListItem","position":1,"name":"\u0413\u043b\u0430\u0432\u043d\u0430\u044f \u0441\u0442\u0440\u0430\u043d\u0438\u0446\u0430","item":"https:\/\/regmik.ua\/"},{"@type":"ListItem","position":2,"name":"\u041f\u0440\u043e\u0434\u0443\u043a\u0446\u0438\u044f","item":"https:\/\/regmik.ua\/uk\/products\/"},{"@type":"ListItem","position":3,"name":"\u041a\u043e\u043c\u043f\u043b\u0435\u043a\u0442 \u0442\u0435\u0440\u043c\u043e\u043f\u0440\u0435\u043e\u0431\u0440\u0430\u0437\u043e\u0432\u0430\u0442\u0435\u043b\u0435\u0439 \u0441\u043e\u043f\u0440\u043e\u0442\u0438\u0432\u043b\u0435\u043d\u0438\u044f (\u043f\u043e\u0434\u043e\u0431\u0440\u0430\u043d\u043d\u0430\u044f \u043f\u0430\u0440\u0430 \u0434\u043b\u044f \u0442\u0435\u043f\u043b\u043e\u0441\u0447\u0435\u0442\u0447\u0438\u043a\u0430) \u041a\u0422\u0421\u041f-001PL"}]},{"@type":"WebSite","@id":"https:\/\/regmik.ua\/uk\/#website","url":"https:\/\/regmik.ua\/uk\/","name":"REGMIK","description":"M\u011b\u0159ic\u00ed p\u0159\u00edstroje a sn\u00edma\u010de teploty","publisher":{"@id":"https:\/\/regmik.ua\/uk\/#organization"},"alternateName":"REGMIK","potentialAction":[{"@type":"SearchAction","target":{"@type":"EntryPoint","urlTemplate":"https:\/\/regmik.ua\/uk\/?s={search_term_string}"},"query-input":{"@type":"PropertyValueSpecification","valueRequired":true,"valueName":"search_term_string"}}],"inLanguage":"cs"},{"@type":"Organization","@id":"https:\/\/regmik.ua\/uk\/#organization","name":"REGMIK","alternateName":"\u0420\u0415\u0413\u041c\u0418\u041a","url":"https:\/\/regmik.ua\/uk\/","logo":{"@type":"ImageObject","inLanguage":"cs","@id":"https:\/\/regmik.ua\/uk\/#\/schema\/logo\/image\/","url":"https:\/\/regmik.ua\/wp-content\/uploads\/2020\/03\/regmik_logo.png","contentUrl":"https:\/\/regmik.ua\/wp-content\/uploads\/2020\/03\/regmik_logo.png","width":194,"height":45,"caption":"REGMIK"},"image":{"@id":"https:\/\/regmik.ua\/uk\/#\/schema\/logo\/image\/"},"sameAs":["https:\/\/www.facebook.com\/regmik.npf","https:\/\/x.com\/regmiknpf","https:\/\/www.youtube.com\/channel\/UC_SrY98SKAmR3Kt95GcVKcw"]}]}},"_links":{"self":[{"href":"https:\/\/regmik.ua\/cs\/wp-json\/wp\/v2\/product\/16988","targetHints":{"allow":["GET"]}}],"collection":[{"href":"https:\/\/regmik.ua\/cs\/wp-json\/wp\/v2\/product"}],"about":[{"href":"https:\/\/regmik.ua\/cs\/wp-json\/wp\/v2\/types\/product"}],"replies":[{"embeddable":true,"href":"https:\/\/regmik.ua\/cs\/wp-json\/wp\/v2\/comments?post=16988"}],"version-history":[{"count":0,"href":"https:\/\/regmik.ua\/cs\/wp-json\/wp\/v2\/product\/16988\/revisions"}],"wp:featuredmedia":[{"embeddable":true,"href":"https:\/\/regmik.ua\/cs\/wp-json\/wp\/v2\/media\/17226"}],"wp:attachment":[{"href":"https:\/\/regmik.ua\/cs\/wp-json\/wp\/v2\/media?parent=16988"}],"wp:term":[{"taxonomy":"product_brand","embeddable":true,"href":"https:\/\/regmik.ua\/cs\/wp-json\/wp\/v2\/product_brand?post=16988"},{"taxonomy":"product_cat","embeddable":true,"href":"https:\/\/regmik.ua\/cs\/wp-json\/wp\/v2\/product_cat?post=16988"},{"taxonomy":"product_tag","embeddable":true,"href":"https:\/\/regmik.ua\/cs\/wp-json\/wp\/v2\/product_tag?post=16988"}],"curies":[{"name":"wp","href":"https:\/\/api.w.org\/{rel}","templated":true}]}}