{"id":15420,"date":"2017-01-20T09:01:04","date_gmt":"2017-01-20T07:01:04","guid":{"rendered":"https:\/\/regmik.com.ua\/index.php\/product\/datchik-vlazhnosti-i-temperaturyi-tsifrovoymodifikatsiya-dvtts-303\/"},"modified":"2025-06-12T08:11:17","modified_gmt":"2025-06-12T06:11:17","slug":"datchik-vlazhnosti-i-temperaturyi-modifikatsiya-dvt-303","status":"publish","type":"product","link":"https:\/\/regmik.ua\/cs\/product\/datchik-vlazhnosti-i-temperaturyi-modifikatsiya-dvt-303\/","title":{"rendered":"\u010cidlo vlhkosti a teploty DVT-303, DVTts-303"},"content":{"rendered":"<p>Podnik REGMIK vyr\u00e1b\u00ed sn\u00edma\u010de vlhkosti a teploty s digit\u00e1ln\u00edmi sn\u00edma\u010di (DVTts-303) a analogov\u00fdmi sn\u00edma\u010di (DVT-303). U sn\u00edma\u010d\u016f DVT-303 se prvek HIH4xxx pou\u017e\u00edv\u00e1 jako citliv\u00fd prvek pro m\u011b\u0159en\u00ed vlhkosti, u sn\u00edma\u010d\u016f DVTts-303 - prvek SHTxx. K m\u011b\u0159en\u00ed teploty se pou\u017e\u00edvaj\u00ed teplotn\u00ed senzory n\u011bmeck\u00e9 firmy Heraeus.<\/p>\n<p>Vlhkostn\u00ed a teplotn\u00ed senzory jsou ur\u010deny k p\u0159evodu hodnoty relativn\u00ed vlhkosti prost\u0159ed\u00ed plynu a jeho teploty (s v\u00fdjimkou agresivn\u00edch plyn\u016f) na standardn\u00ed elektrick\u00e9 sign\u00e1ly:<\/p>\n<ul>\n<li class=\"a\" style=\"margin-left: 16.5pt; text-indent: 18.95pt;\">analogov\u00e9 nap\u011bt\u00ed (nam\u011b\u0159en\u00e1 hodnota nap\u011bt\u00ed na \u010didle vlhkosti);<\/li>\n<li class=\"a\" style=\"margin-left: 16.5pt; text-indent: 18.95pt;\"><a href=\"https:\/\/uk.wikipedia.org\/wiki\/I\u00b2C\">\u04212\u0421<\/a> - digit\u00e1ln\u00ed senzory;<\/li>\n<li class=\"a\" style=\"margin-left: 16.5pt; text-indent: 18.95pt;\">nap\u011bt\u00ed 0-10V - pro digit\u00e1ln\u00ed a analogov\u00e9 sn\u00edma\u010de;<\/li>\n<li class=\"a\" style=\"margin-left: 16.5pt; text-indent: 18.95pt;\">proud 4-20mA - pro digit\u00e1ln\u00ed a analogov\u00e9 sn\u00edma\u010de;<\/li>\n<li class=\"a\" style=\"margin-left: 16.5pt; text-indent: 18.95pt;\">odpor (hodnota teploty z teplotn\u00edho senzoru Pt100, Pt500 nebo Pt1000) - pro analogov\u00e9 senzory;<\/li>\n<li class=\"a\" style=\"margin-left: 16.5pt; text-indent: 18.95pt;\"><a href=\"https:\/\/uk.wikipedia.org\/wiki\/RS-485\">RS-485<\/a> (Protokol ModBus RTU) - pro digit\u00e1ln\u00ed senzory.<\/li>\n<\/ul>\n<p>Oblast pou\u017eit\u00ed sn\u00edma\u010d\u016f vlhkosti vzduchu je velmi \u0161irok\u00e1 a zahrnuje:<\/p>\n<ul>\n<li>Udr\u017eov\u00e1n\u00ed mikroklimatu ve stanoven\u00fdch mez\u00edch ve v\u00fdrob\u011b vybaven\u00e9 elektronick\u00fdmi za\u0159\u00edzen\u00edmi citliv\u00fdmi na vlhkost;<\/li>\n<li>Kontrola nad ukazateli vlhkosti v kancel\u00e1\u0159sk\u00fdch prostor\u00e1ch, v ka\u017edodenn\u00edm \u017eivot\u011b;<\/li>\n<li>V oblasti bydlen\u00ed a komun\u00e1ln\u00edch slu\u017eeb - v koteln\u00e1ch a \u00fapravn\u00e1ch vody zabra\u0148uj\u00ed tvorb\u011b kondenz\u00e1tu;<\/li>\n<li>Periodick\u00e1 kontrola pom\u00e1h\u00e1 p\u0159edch\u00e1zet vzniku pl\u00edsn\u00ed, pl\u00edsn\u00ed na st\u011bn\u00e1ch budovy nebo ve skladu;<\/li>\n<li>\u0158\u00edzen\u00ed technologick\u00fdch proces\u016f;<\/li>\n<li>Monitorov\u00e1n\u00ed parametr\u016f prost\u0159ed\u00ed atd.<\/li>\n<\/ul>\n<p>Materi\u00e1l ochrann\u00e9ho kov\u00e1n\u00ed senzor\u016f je nerezov\u00e1 ocel 12X18H10T. Senzory vlhkosti a teploty DVT-303, DVTts-303 zabra\u0148uj\u00ed kondenzaci vlhkosti.<\/p>\n<p>V\u00edcevrstv\u00e1 konstrukce sn\u00edmac\u00edho prvku HIH4xxx poskytuje vynikaj\u00edc\u00ed odolnost v\u016f\u010di v\u011bt\u0161in\u011b aplika\u010dn\u00edch rizik, jako je vlhkost, prach, \u0161p\u00edna, olej a b\u011b\u017en\u00e9 chemik\u00e1lie v \u017eivotn\u00edm prost\u0159ed\u00ed. Hlavn\u00ed charakteristiky senzor\u016f zalo\u017een\u00fdch na prvc\u00edch \u0159ady HIH4xxx:<\/p>\n<ul>\n<li>Tvarovan\u00e9 t\u011blo vyroben\u00e9 z termosetov\u00e9ho plastu;<\/li>\n<li>T\u00e9m\u011b\u0159 line\u00e1rn\u00ed v\u00fdstupn\u00ed nap\u011bt\u00ed versus relativn\u00ed vlhkost;<\/li>\n<li>Zam\u011bniteln\u00e9 s laserov\u00fdm ulo\u017een\u00edm;<\/li>\n<li>Design s n\u00edzkou spot\u0159ebou;<\/li>\n<li>Zv\u00fd\u0161en\u00e1 p\u0159esnost;<\/li>\n<li>Rychl\u00e1 doba odezvy;<\/li>\n<li>Stabiln\u00ed v\u00fdkon s n\u00edzk\u00fdm posunem;<\/li>\n<li>Chemick\u00e1 odolnost.<\/li>\n<\/ul>\n<div class=\"page\" title=\"Strana 1\">\n<div class=\"layoutArea\">\n<div class=\"column\">\n<div class=\"page\" title=\"Strana 1\">\n<div class=\"layoutArea\">\n<div class=\"column\">\n<p>Senzory vlhkosti a teploty DVT-303, DVTts-303 zalo\u017een\u00e9 na prvc\u00edch \u0159ady SHTxxx maj\u00ed n\u00e1sleduj\u00edc\u00ed charakteristick\u00e9 vlastnosti:<\/p>\n<ul>\n<li>Vysok\u00e1 spolehlivost a dlouhodob\u00e1 stabilita;<\/li>\n<li>Pr\u016fmyslov\u011b osv\u011bd\u010den\u00e1 technologie s v\u00edce ne\u017e 10 lety zku\u0161enost\u00ed;<\/li>\n<li>Ur\u010deno pro hromadnou v\u00fdrobu;<\/li>\n<li>Optimalizov\u00e1no pro nejni\u017e\u0161\u00ed n\u00e1klady;<\/li>\n<li>N\u00edzk\u00e1 \u00farove\u0148 \u0161umu sign\u00e1lu.<\/li>\n<\/ul>\n<\/div>\n<\/div>\n<\/div>\n<\/div>\n<\/div>\n<\/div>\n<p>P\u0159evodn\u00edk pracuje stabiln\u011b v doporu\u010den\u00e9m rozsahu m\u011b\u0159en\u00ed vlhkosti a teploty. Dlouhodob\u00e9 vystaven\u00ed podm\u00ednk\u00e1m mimo norm\u00e1ln\u00ed rozmez\u00ed, zejm\u00e9na vlhkosti&gt; 80%, m\u016f\u017ee do\u010dasn\u011b zv\u00fd\u0161it nejistotu m\u011b\u0159en\u00ed. Po n\u00e1vratu do norm\u00e1ln\u00edho rozsahu se pomalu vr\u00e1t\u00ed do tov\u00e1rn\u00edho nastaven\u00ed.<\/p>\n<p>P\u0159i pou\u017e\u00edv\u00e1n\u00ed p\u0159evodn\u00edku ve vlhk\u00e9m prost\u0159ed\u00ed (&gt; 98%) a v bl\u00edzkosti rosn\u00e9ho bodu je t\u0159eba v\u011bnovat zvl\u00e1\u0161tn\u00ed pozornost pokud je vlhk\u00fd, m\u016f\u017ee doj\u00edt k neopraviteln\u00e9mu po\u0161kozen\u00ed sn\u00edmac\u00edho prvku.<\/p>\n<p>K dispozici jsou tak\u00e9 dal\u0161\u00ed \u00fapravy \u010didel vlhkosti, se kter\u00fdmi se m\u016f\u017eete sezn\u00e1mit <a href=\"\/product-category\/sensors\/humidity-sensors\/?filter_tip-che=sht&amp;query_type_tip-che=or\">odkaz ...<\/a><\/p>","protected":false},"excerpt":{"rendered":"<p>Senzory vlhkosti a teploty se pou\u017e\u00edvaj\u00ed v klimatiza\u010dn\u00edch syst\u00e9mech a pro \u0159\u00edzen\u00ed technologick\u00fdch proces\u016f. DVT m\u016f\u017ee b\u00fdt digit\u00e1ln\u00ed a analogov\u00fd, m\u016f\u017ee m\u00edt digit\u00e1ln\u00ed v\u00fdstupy, RS-485, 4..20mA nebo 0..10V a m\u016f\u017ee m\u00edt tak\u00e9 r\u016fzn\u00e9 typy metrologick\u00fdch charakteristik.<\/p>","protected":false},"featured_media":29195,"comment_status":"open","ping_status":"closed","template":"","meta":[],"product_brand":[3454],"product_cat":[492],"product_tag":[553],"class_list":{"0":"post-15420","1":"product","2":"type-product","3":"status-publish","4":"has-post-thumbnail","6":"product_brand-regmik","7":"product_cat-humidity-sensors","8":"product_tag-datchik-vlazhnosti","9":"pa_tip-che-hih","10":"pa_tip-che-sht","11":"pa_unif-signal-dvt-sht-i2c","12":"pa_unif-signal-dvt-sht-rs485","13":"pa_unif-signal-tc-hih-resistance-analog-voltage","14":"pa_unif-signal-dvt-ts-hih-soprotivlenie-tok-4-20ma","15":"pa_unif-signal-dvt-sht-napryazhenie-0-10v-napryazhenie-0-10v","16":"pa_unif-signal-dvt-sht-tok-4-20ma-tok-4-20ma","17":"pa_vid-metrologicheskoy-620","18":"pa_vid-metrologicheskoy-621","21":"instock","22":"shipping-taxable","23":"purchasable","24":"product-type-variable","25":"has-default-attributes"},"yoast_head":"<title>\u0414\u0430\u0442\u0447\u0438\u043a \u0432\u043b\u0430\u0436\u043d\u043e\u0441\u0442\u0438 \u0438 \u0442\u0435\u043c\u043f\u0435\u0440\u0430\u0442\u0443\u0440\u044b \u0414\u0412\u0422-303, \u0414\u0412\u0422\u0446-303<\/title>\n<meta name=\"description\" content=\"\u0414\u0430\u0442\u0447\u0438\u043a\u0438 \u0432\u043b\u0430\u0436\u043d\u043e\u0441\u0442\u0438 \u0438 \u0442\u0435\u043c\u043f\u0435\u0440\u0430\u0442\u0443\u0440\u044b \u0414\u0412\u0422-303, \u0414\u0412\u0422\u0446-303 \u0434\u043b\u044f \u0438\u0437\u043c\u0435\u0440\u0435\u043d\u0438\u044f \u043e\u0442\u043d\u043e\u0441\u0438\u0442\u0435\u043b\u044c\u043d\u043e\u0439 \u0432\u043b\u0430\u0436\u043d\u043e\u0441\u0442\u0438 \u0432 \u043f\u0440\u043e\u043c\u044b\u0448\u043b\u0435\u043d\u043d\u043e\u0441\u0442\u0438 \u0438 \u0431\u044b\u0442\u0443. \u0418\u0437\u0433\u043e\u0442\u043e\u0432\u043b\u0435\u043d\u043e \u0432 \u0423\u043a\u0440\u0430\u0438\u043d\u0435.\" \/>\n<meta name=\"robots\" content=\"index, follow, max-snippet:-1, max-image-preview:large, max-video-preview:-1\" \/>\n<link rel=\"canonical\" href=\"https:\/\/regmik.ua\/cs\/produkt\/datchik-vlazhnosti-i-temperaturyi-modifikatsiya-dvt-303\/\" \/>\n<script type=\"application\/ld+json\" class=\"yoast-schema-graph\">{\"@context\":\"https:\\\/\\\/schema.org\",\"@graph\":[{\"@type\":\"WebPage\",\"@id\":\"https:\\\/\\\/regmik.ua\\\/product\\\/datchik-vlazhnosti-i-temperaturyi-modifikatsiya-dvt-303\\\/\",\"url\":\"https:\\\/\\\/regmik.ua\\\/product\\\/datchik-vlazhnosti-i-temperaturyi-modifikatsiya-dvt-303\\\/\",\"name\":\"\u0414\u0430\u0442\u0447\u0438\u043a \u0432\u043b\u0430\u0436\u043d\u043e\u0441\u0442\u0438 \u0438 \u0442\u0435\u043c\u043f\u0435\u0440\u0430\u0442\u0443\u0440\u044b \u0414\u0412\u0422-303, \u0414\u0412\u0422\u0446-303\",\"isPartOf\":{\"@id\":\"https:\\\/\\\/regmik.ua\\\/uk\\\/#website\"},\"primaryImageOfPage\":{\"@id\":\"https:\\\/\\\/regmik.ua\\\/product\\\/datchik-vlazhnosti-i-temperaturyi-modifikatsiya-dvt-303\\\/#primaryimage\"},\"image\":{\"@id\":\"https:\\\/\\\/regmik.ua\\\/product\\\/datchik-vlazhnosti-i-temperaturyi-modifikatsiya-dvt-303\\\/#primaryimage\"},\"thumbnailUrl\":\"https:\\\/\\\/regmik.ua\\\/wp-content\\\/uploads\\\/\u0414\u0412\u0422\u0446-303-600\u0445768.jpg\",\"datePublished\":\"2017-01-20T07:01:04+00:00\",\"dateModified\":\"2025-06-12T06:11:17+00:00\",\"description\":\"\u0414\u0430\u0442\u0447\u0438\u043a\u0438 \u0432\u043b\u0430\u0436\u043d\u043e\u0441\u0442\u0438 \u0438 \u0442\u0435\u043c\u043f\u0435\u0440\u0430\u0442\u0443\u0440\u044b \u0414\u0412\u0422-303, \u0414\u0412\u0422\u0446-303 \u0434\u043b\u044f \u0438\u0437\u043c\u0435\u0440\u0435\u043d\u0438\u044f \u043e\u0442\u043d\u043e\u0441\u0438\u0442\u0435\u043b\u044c\u043d\u043e\u0439 \u0432\u043b\u0430\u0436\u043d\u043e\u0441\u0442\u0438 \u0432 \u043f\u0440\u043e\u043c\u044b\u0448\u043b\u0435\u043d\u043d\u043e\u0441\u0442\u0438 \u0438 \u0431\u044b\u0442\u0443. \u0418\u0437\u0433\u043e\u0442\u043e\u0432\u043b\u0435\u043d\u043e \u0432 \u0423\u043a\u0440\u0430\u0438\u043d\u0435.\",\"breadcrumb\":{\"@id\":\"https:\\\/\\\/regmik.ua\\\/product\\\/datchik-vlazhnosti-i-temperaturyi-modifikatsiya-dvt-303\\\/#breadcrumb\"},\"inLanguage\":\"cs\",\"potentialAction\":[{\"@type\":\"ReadAction\",\"target\":[\"https:\\\/\\\/regmik.ua\\\/product\\\/datchik-vlazhnosti-i-temperaturyi-modifikatsiya-dvt-303\\\/\"]}]},{\"@type\":\"ImageObject\",\"inLanguage\":\"cs\",\"@id\":\"https:\\\/\\\/regmik.ua\\\/product\\\/datchik-vlazhnosti-i-temperaturyi-modifikatsiya-dvt-303\\\/#primaryimage\",\"url\":\"https:\\\/\\\/regmik.ua\\\/wp-content\\\/uploads\\\/\u0414\u0412\u0422\u0446-303-600\u0445768.jpg\",\"contentUrl\":\"https:\\\/\\\/regmik.ua\\\/wp-content\\\/uploads\\\/\u0414\u0412\u0422\u0446-303-600\u0445768.jpg\",\"width\":600,\"height\":768},{\"@type\":\"BreadcrumbList\",\"@id\":\"https:\\\/\\\/regmik.ua\\\/product\\\/datchik-vlazhnosti-i-temperaturyi-modifikatsiya-dvt-303\\\/#breadcrumb\",\"itemListElement\":[{\"@type\":\"ListItem\",\"position\":1,\"name\":\"\u0413\u043b\u0430\u0432\u043d\u0430\u044f \u0441\u0442\u0440\u0430\u043d\u0438\u0446\u0430\",\"item\":\"https:\\\/\\\/regmik.ua\\\/\"},{\"@type\":\"ListItem\",\"position\":2,\"name\":\"\u041f\u0440\u043e\u0434\u0443\u043a\u0446\u0438\u044f\",\"item\":\"https:\\\/\\\/regmik.ua\\\/uk\\\/products\\\/\"},{\"@type\":\"ListItem\",\"position\":3,\"name\":\"\u0414\u0430\u0442\u0447\u0438\u043a \u0432\u043b\u0430\u0436\u043d\u043e\u0441\u0442\u0438 \u0438 \u0442\u0435\u043c\u043f\u0435\u0440\u0430\u0442\u0443\u0440\u044b \u0414\u0412\u0422-303, \u0414\u0412\u0422\u0446-303\"}]},{\"@type\":\"WebSite\",\"@id\":\"https:\\\/\\\/regmik.ua\\\/uk\\\/#website\",\"url\":\"https:\\\/\\\/regmik.ua\\\/uk\\\/\",\"name\":\"REGMIK\",\"description\":\"\u0418\u0437\u043c\u0435\u0440\u0438\u0442\u0435\u043b\u044c\u043d\u044b\u0435 \u043f\u0440\u0438\u0431\u043e\u0440\u044b \u0438 \u0434\u0430\u0442\u0447\u0438\u043a\u0438 \u0442\u0435\u043c\u043f\u0435\u0440\u0430\u0442\u0443\u0440\u044b\",\"publisher\":{\"@id\":\"https:\\\/\\\/regmik.ua\\\/uk\\\/#organization\"},\"alternateName\":\"REGMIK\",\"potentialAction\":[{\"@type\":\"SearchAction\",\"target\":{\"@type\":\"EntryPoint\",\"urlTemplate\":\"https:\\\/\\\/regmik.ua\\\/uk\\\/?s={search_term_string}\"},\"query-input\":{\"@type\":\"PropertyValueSpecification\",\"valueRequired\":true,\"valueName\":\"search_term_string\"}}],\"inLanguage\":\"cs\"},{\"@type\":\"Organization\",\"@id\":\"https:\\\/\\\/regmik.ua\\\/uk\\\/#organization\",\"name\":\"REGMIK\",\"alternateName\":\"\u0420\u0415\u0413\u041c\u0418\u041a\",\"url\":\"https:\\\/\\\/regmik.ua\\\/uk\\\/\",\"logo\":{\"@type\":\"ImageObject\",\"inLanguage\":\"cs\",\"@id\":\"https:\\\/\\\/regmik.ua\\\/uk\\\/#\\\/schema\\\/logo\\\/image\\\/\",\"url\":\"https:\\\/\\\/regmik.ua\\\/wp-content\\\/uploads\\\/2020\\\/03\\\/regmik_logo.png\",\"contentUrl\":\"https:\\\/\\\/regmik.ua\\\/wp-content\\\/uploads\\\/2020\\\/03\\\/regmik_logo.png\",\"width\":194,\"height\":45,\"caption\":\"REGMIK\"},\"image\":{\"@id\":\"https:\\\/\\\/regmik.ua\\\/uk\\\/#\\\/schema\\\/logo\\\/image\\\/\"},\"sameAs\":[\"https:\\\/\\\/www.facebook.com\\\/regmik.npf\",\"https:\\\/\\\/x.com\\\/regmiknpf\",\"https:\\\/\\\/www.youtube.com\\\/channel\\\/UC_SrY98SKAmR3Kt95GcVKcw\"]}]}<\/script>","yoast_head_json":{"title":"\u010cidlo vlhkosti a teploty DVT-303, DVTts-303","description":"Sn\u00edma\u010de vlhkosti a teploty DVT-303, DVTts-303 pro m\u011b\u0159en\u00ed relativn\u00ed vlhkosti v pr\u016fmyslu a v ka\u017edodenn\u00edm \u017eivot\u011b. Vyrobeno na Ukrajin\u011b.","robots":{"index":"index","follow":"follow","max-snippet":"max-snippet:-1","max-image-preview":"max-image-preview:large","max-video-preview":"max-video-preview:-1"},"canonical":"https:\/\/regmik.ua\/cs\/produkt\/datchik-vlazhnosti-i-temperaturyi-modifikatsiya-dvt-303\/","schema":{"@context":"https:\/\/schema.org","@graph":[{"@type":"WebPage","@id":"https:\/\/regmik.ua\/product\/datchik-vlazhnosti-i-temperaturyi-modifikatsiya-dvt-303\/","url":"https:\/\/regmik.ua\/product\/datchik-vlazhnosti-i-temperaturyi-modifikatsiya-dvt-303\/","name":"\u010cidlo vlhkosti a teploty DVT-303, DVTts-303","isPartOf":{"@id":"https:\/\/regmik.ua\/uk\/#website"},"primaryImageOfPage":{"@id":"https:\/\/regmik.ua\/product\/datchik-vlazhnosti-i-temperaturyi-modifikatsiya-dvt-303\/#primaryimage"},"image":{"@id":"https:\/\/regmik.ua\/product\/datchik-vlazhnosti-i-temperaturyi-modifikatsiya-dvt-303\/#primaryimage"},"thumbnailUrl":"https:\/\/regmik.ua\/wp-content\/uploads\/\u0414\u0412\u0422\u0446-303-600\u0445768.jpg","datePublished":"2017-01-20T07:01:04+00:00","dateModified":"2025-06-12T06:11:17+00:00","description":"Sn\u00edma\u010de vlhkosti a teploty DVT-303, DVTts-303 pro m\u011b\u0159en\u00ed relativn\u00ed vlhkosti v pr\u016fmyslu a v ka\u017edodenn\u00edm \u017eivot\u011b. Vyrobeno na Ukrajin\u011b.","breadcrumb":{"@id":"https:\/\/regmik.ua\/product\/datchik-vlazhnosti-i-temperaturyi-modifikatsiya-dvt-303\/#breadcrumb"},"inLanguage":"cs","potentialAction":[{"@type":"ReadAction","target":["https:\/\/regmik.ua\/product\/datchik-vlazhnosti-i-temperaturyi-modifikatsiya-dvt-303\/"]}]},{"@type":"ImageObject","inLanguage":"cs","@id":"https:\/\/regmik.ua\/product\/datchik-vlazhnosti-i-temperaturyi-modifikatsiya-dvt-303\/#primaryimage","url":"https:\/\/regmik.ua\/wp-content\/uploads\/\u0414\u0412\u0422\u0446-303-600\u0445768.jpg","contentUrl":"https:\/\/regmik.ua\/wp-content\/uploads\/\u0414\u0412\u0422\u0446-303-600\u0445768.jpg","width":600,"height":768},{"@type":"BreadcrumbList","@id":"https:\/\/regmik.ua\/product\/datchik-vlazhnosti-i-temperaturyi-modifikatsiya-dvt-303\/#breadcrumb","itemListElement":[{"@type":"ListItem","position":1,"name":"\u0413\u043b\u0430\u0432\u043d\u0430\u044f \u0441\u0442\u0440\u0430\u043d\u0438\u0446\u0430","item":"https:\/\/regmik.ua\/"},{"@type":"ListItem","position":2,"name":"\u041f\u0440\u043e\u0434\u0443\u043a\u0446\u0438\u044f","item":"https:\/\/regmik.ua\/uk\/products\/"},{"@type":"ListItem","position":3,"name":"\u0414\u0430\u0442\u0447\u0438\u043a \u0432\u043b\u0430\u0436\u043d\u043e\u0441\u0442\u0438 \u0438 \u0442\u0435\u043c\u043f\u0435\u0440\u0430\u0442\u0443\u0440\u044b \u0414\u0412\u0422-303, \u0414\u0412\u0422\u0446-303"}]},{"@type":"WebSite","@id":"https:\/\/regmik.ua\/uk\/#website","url":"https:\/\/regmik.ua\/uk\/","name":"REGMIK","description":"M\u011b\u0159ic\u00ed p\u0159\u00edstroje a sn\u00edma\u010de teploty","publisher":{"@id":"https:\/\/regmik.ua\/uk\/#organization"},"alternateName":"REGMIK","potentialAction":[{"@type":"SearchAction","target":{"@type":"EntryPoint","urlTemplate":"https:\/\/regmik.ua\/uk\/?s={search_term_string}"},"query-input":{"@type":"PropertyValueSpecification","valueRequired":true,"valueName":"search_term_string"}}],"inLanguage":"cs"},{"@type":"Organization","@id":"https:\/\/regmik.ua\/uk\/#organization","name":"REGMIK","alternateName":"\u0420\u0415\u0413\u041c\u0418\u041a","url":"https:\/\/regmik.ua\/uk\/","logo":{"@type":"ImageObject","inLanguage":"cs","@id":"https:\/\/regmik.ua\/uk\/#\/schema\/logo\/image\/","url":"https:\/\/regmik.ua\/wp-content\/uploads\/2020\/03\/regmik_logo.png","contentUrl":"https:\/\/regmik.ua\/wp-content\/uploads\/2020\/03\/regmik_logo.png","width":194,"height":45,"caption":"REGMIK"},"image":{"@id":"https:\/\/regmik.ua\/uk\/#\/schema\/logo\/image\/"},"sameAs":["https:\/\/www.facebook.com\/regmik.npf","https:\/\/x.com\/regmiknpf","https:\/\/www.youtube.com\/channel\/UC_SrY98SKAmR3Kt95GcVKcw"]}]}},"_links":{"self":[{"href":"https:\/\/regmik.ua\/cs\/wp-json\/wp\/v2\/product\/15420","targetHints":{"allow":["GET"]}}],"collection":[{"href":"https:\/\/regmik.ua\/cs\/wp-json\/wp\/v2\/product"}],"about":[{"href":"https:\/\/regmik.ua\/cs\/wp-json\/wp\/v2\/types\/product"}],"replies":[{"embeddable":true,"href":"https:\/\/regmik.ua\/cs\/wp-json\/wp\/v2\/comments?post=15420"}],"version-history":[{"count":0,"href":"https:\/\/regmik.ua\/cs\/wp-json\/wp\/v2\/product\/15420\/revisions"}],"wp:featuredmedia":[{"embeddable":true,"href":"https:\/\/regmik.ua\/cs\/wp-json\/wp\/v2\/media\/29195"}],"wp:attachment":[{"href":"https:\/\/regmik.ua\/cs\/wp-json\/wp\/v2\/media?parent=15420"}],"wp:term":[{"taxonomy":"product_brand","embeddable":true,"href":"https:\/\/regmik.ua\/cs\/wp-json\/wp\/v2\/product_brand?post=15420"},{"taxonomy":"product_cat","embeddable":true,"href":"https:\/\/regmik.ua\/cs\/wp-json\/wp\/v2\/product_cat?post=15420"},{"taxonomy":"product_tag","embeddable":true,"href":"https:\/\/regmik.ua\/cs\/wp-json\/wp\/v2\/product_tag?post=15420"}],"curies":[{"name":"wp","href":"https:\/\/api.w.org\/{rel}","templated":true}]}}