{"id":14745,"date":"2016-11-07T08:03:45","date_gmt":"2016-11-07T06:03:45","guid":{"rendered":"http:\/\/test.regmik.com.ua\/index.php\/product\/datchik-urovnja-modifikacija-du-002\/"},"modified":"2023-11-23T15:42:40","modified_gmt":"2023-11-23T13:42:40","slug":"datchik-urovnja-modifikacija-du-002","status":"publish","type":"product","link":"https:\/\/regmik.ua\/cs\/product\/datchik-urovnja-modifikacija-du-002\/","title":{"rendered":"Sn\u00edma\u010d hladiny DU-002"},"content":{"rendered":"<p><a href=\"regmik.ua\/product-category\/sensors\/level-sensors\/\">Hladinov\u00e9 senzory<\/a>\u00a0 DU-002 jsou ur\u010deny pro signalizaci \u00farovn\u011b <a href=\"https:\/\/ru.wikipedia.org\/wiki\/%D0%AD%D0%BB%D0%B5%D0%BA%D1%82%D1%80%D0%BE%D0%BF%D1%80%D0%BE%D0%B2%D0%BE%D0%B4%D0%BD%D0%BE%D1%81%D1%82%D1%8C\">elektricky vodiv\u00e9 kapaliny<\/a> (voda, ml\u00e9ko, j\u00eddlo - slab\u011b kysel\u00e9, z\u00e1sadit\u00e9 atd.).<\/p>\n<p>Ve sv\u00e9 nejjednodu\u0161\u0161\u00ed form\u011b je sn\u00edma\u010d hladiny DU-002 vyroben z elektrod z nerezov\u00e9 oceli, z nich\u017e jedna slou\u017e\u00ed jako b\u011b\u017en\u00e1 v \u0159\u00eddic\u00edm obvodu, a je instalov\u00e1n v n\u00e1dob\u011b tak, aby jej\u00ed pracovn\u00ed \u010d\u00e1st byla neust\u00e1le v kontaktu s kapalinou, zejm\u00e9na se z vodiv\u00e9 t\u011blesa n\u00e1doby m\u016f\u017ee st\u00e1t b\u011b\u017en\u00e1 elektroda s kapalinou. Ostatn\u00ed elektrody budou signalizovat a budou um\u00edst\u011bny na konkr\u00e9tn\u00edch \u00farovn\u00edch, kter\u00e9 je t\u0159eba sledovat.<\/p>\n<p>Jednoelektrodov\u00e9 sn\u00edma\u010de hladiny jsou vhodn\u00e9 pro pou\u017eit\u00ed v uzav\u0159en\u00fdch nebo otev\u0159en\u00fdch kovov\u00fdch n\u00e1dob\u00e1ch.<\/p>\n<p>Konduktometrick\u00fd sn\u00edma\u010d hladiny DU-002 se vyr\u00e1b\u00ed s mont\u00e1\u017en\u00edmi z\u00e1vity: metrick\u00fd podle GOST 24705, v\u00e1lcov\u00fd trubkov\u00fd podle GOST 6357 a k\u00f3nick\u00fd palcov\u00fd podle GOST 6111. Mont\u00e1\u017en\u00ed z\u00e1vit m\u016f\u017ee b\u00fdt vyroben na p\u0159\u00e1n\u00ed z\u00e1kazn\u00edka podle jin\u00fdch norem .<\/p>\n<p>Pro instalaci na m\u00edst\u011b maj\u00ed sn\u00edma\u010de hladiny standardn\u00ed z\u00e1vity M20x1,5, M16x1,5 nebo G1 \/ 2.<br \/>\nJe mo\u017en\u00e1 horizont\u00e1ln\u00ed i vertik\u00e1ln\u00ed instalace konduktometrick\u00e9ho sn\u00edma\u010de hladiny s konektorem DU-002.<br \/>\nPro prodlou\u017een\u00ed pracovn\u00ed \u010d\u00e1sti elektrod sn\u00edma\u010de hladiny u\u017eivatelem je na konci elektrody upraven z\u00e1vit.<\/p>\n<p>Konduktometrick\u00e9 sn\u00edma\u010de hladiny jsou vyrobeny z oceli 12H18N10\u0422 podle GOST 5632. Na p\u0159\u00e1n\u00ed z\u00e1kazn\u00edka je mo\u017en\u00e9 vyrobit teplom\u011brn\u00e1 pouzdra z jin\u00fdch ocel\u00ed.<\/p>\n<p><strong>AISI 321 12\u042518\u041d10\u0422 08\u042518\u041d10\u0422\u00a0<\/strong>\u017d\u00e1ruvzdorn\u00e1, korozivzdorn\u00e1 a \u017e\u00e1ruvzdorn\u00e1 ocel austenitick\u00e9 t\u0159\u00eddy. M\u00e1 vysokou pevnost a odolnost. Pou\u017e\u00edv\u00e1 se p\u0159i teplot\u00e1ch do 600 \u00b0 \u0421 a ve vysoce agresivn\u00edm prost\u0159ed\u00ed do 350 \u00b0 \u0421.<br \/>\n<strong>AISI 304 08\u042518\u041d10\u00a0<\/strong>\u017d\u00e1ruvzdorn\u00e1, korozivzdorn\u00e1 austenitick\u00e1 ocel. Pou\u017e\u00edv\u00e1 se p\u0159i teplot\u00e1ch do 400 \u00b0 C v prost\u0159ed\u00edch st\u0159edn\u00ed aktivity.<br \/>\n<strong>AISI 316L 03\u042517\u041d14\u041c3\u00a0<\/strong>Korozivzdorn\u00e1 austenitick\u00e1 ocel. Pou\u017e\u00edv\u00e1 se p\u0159i teplot\u00e1ch do 450 \u00b0 C ve v\u011bt\u0161in\u011b agresivn\u00edch prost\u0159ed\u00ed.<br \/>\n<strong>AISI 316Ti 10\u042517\u041d13\u041c2\u0422\u00a0<\/strong>Korozivzdorn\u00e1 austenitick\u00e1 ocel. Pou\u017e\u00edv\u00e1 se p\u0159i teplot\u00e1ch do 600 \u00b0 C ve vysoce agresivn\u00edm prost\u0159ed\u00ed.<br \/>\n<strong>AISI 430 12X17\u00a0<\/strong>\u017d\u00e1ruvzdorn\u00e1, korozivzdorn\u00e1 feritick\u00e1 ocel. Pou\u017e\u00edv\u00e1 se p\u0159i teplot\u00e1ch do 400 \u00b0 C v m\u00edrn\u011b agresivn\u00edm prost\u0159ed\u00ed.<br \/>\n<strong>12X1MF\u00a0<\/strong>\u017d\u00e1ruvzdorn\u00fd, odoln\u00fd v\u016f\u010di dlouhodob\u00e9mu p\u016fsoben\u00ed vysok\u00fdch teplot, perlitov\u00e1 ocel. Pou\u017e\u00edv\u00e1 se p\u0159i teplot\u00e1ch do 600 \u00b0 C.<\/p>\n<p>Pr\u016fm\u011br elektrody 6 mm.<br \/>\nHladinov\u00e9 sn\u00edma\u010de Du-002 se vyr\u00e1b\u011bj\u00ed s regulovanou teplotou m\u00e9dia do 125 \u00b0 C a pracovn\u00edm tlakem m\u00e9dia do 0,8 MPa.<br \/>\nSpecifick\u00e1 elektrick\u00e1 vodivost m\u00e9dia mus\u00ed b\u00fdt alespo\u0148 0,015 S \/ m.<\/p>\n<table class=\"reg-product-table\">\n<tbody>\n<tr>\n<th>Popis charakteristik<\/th>\n<th>Hodnota hodnota<\/th>\n<\/tr>\n<tr>\n<td>Pracovn\u00ed teplota, \u00b0 C<\/td>\n<td style=\"text-align: center;\">0 ... 125<\/td>\n<\/tr>\n<tr>\n<td>Pracovn\u00ed tlak, MPa<\/td>\n<td style=\"text-align: center;\">0,8<\/td>\n<\/tr>\n<tr>\n<td>Pr\u016fm\u011br elektrody, mm<\/td>\n<td style=\"text-align: center;\">6<\/td>\n<\/tr>\n<tr>\n<td>Spojovac\u00ed materi\u00e1l<\/td>\n<td>nerezov\u00e1 ocel 12\u042518\u041d10\u0422<\/td>\n<\/tr>\n<\/tbody>\n<\/table>\n<div id=\"product-related\" class=\"related products tbay-element tbay-element-product\">\n<div class=\"tbay-element-content woocommerce\">\n<div class=\"owl-carousel products related row-1 slick-initialized slick-slider\" data-items=\"4\" data-desktopslick=\"4\" data-desktopsmallslick=\"4\" data-tabletslick=\"3\" data-landscapeslick=\"2\" data-mobileslick=\"2\" data-carousel=\"owl\" data-rows=\"1\" data-nav=\"1\" data-pagination=\"\" data-loop=\"\" data-auto=\"\" data-unslick=\"\">\n<div class=\"slick-list draggable\">\n<div class=\"slick-track\">\n<div class=\"item slick-slide slick-current slick-active\" data-slick-index=\"0\" aria-hidden=\"false\">\n<div class=\"products-grid product type-product post-12236 status-publish instock product_cat-devices product_cat-regulators product_cat-level-controls product_tag-du product_tag-konduktometricheskij-datchik product_tag-napolnenie product_tag-osushenie product_tag-regulyator product_tag-ru product_tag-uroven has-post-thumbnail shipping-taxable purchasable product-type-variable has-default-attributes\">\n<div class=\"product-block grid product v1\" data-product-id=\"12236\">\n<div class=\"product-content\">\n<div class=\"block-inner\">\n<div class=\"group-buttons\">\n<div class=\"add-cart\" title=\"Vyberte ...\"><\/div>\n<\/div>\n<\/div>\n<\/div>\n<\/div>\n<\/div>\n<\/div>\n<\/div>\n<\/div>\n<\/div>\n<\/div>\n<\/div>\n<footer id=\"tbay-footer\" class=\"tbay-footer elementor-20915\">\n<div class=\"elementor elementor-20915\" data-elementor-type=\"wp-post\" data-elementor-id=\"20915\" data-elementor-settings=\"[]\">\n<div class=\"elementor-section-wrap\">\n<section class=\"elementor-section elementor-top-section elementor-element elementor-element-726de1b0 elementor-section-stretched elementor-section-height-min-height elementor-section-boxed elementor-section-height-default elementor-section-items-middle\" data-id=\"726de1b0\" data-element_type=\"section\" data-settings=\"{&quot;stretch_section&quot;:&quot;section-stretched&quot;,&quot;background_background&quot;:&quot;classic&quot;}\">\n<div class=\"elementor-container elementor-column-gap-default\">\n<div class=\"elementor-column elementor-col-33 elementor-top-column elementor-element elementor-element-d5ffe6c\" data-id=\"d5ffe6c\" data-element_type=\"column\">\n<div class=\"elementor-widget-wrap elementor-element-populated\">\n<section class=\"elementor-section elementor-inner-section elementor-element elementor-element-311ee48f elementor-section-boxed elementor-section-height-default elementor-section-height-default\" data-id=\"311ee48f\" data-element_type=\"section\">\n<div class=\"elementor-container elementor-column-gap-default\">\n<div class=\"elementor-column elementor-col-50 elementor-inner-column elementor-element elementor-element-1c33fcb\" data-id=\"1c33fcb\" data-element_type=\"column\">\n<div class=\"elementor-widget-wrap elementor-element-populated\">\n<div class=\"elementor-element elementor-element-6563a300 elementor-widget elementor-widget-besa-heading\" data-id=\"6563a300\" data-element_type=\"widget\" data-widget_type=\"besa-heading.default\">\n<div class=\"elementor-widget-container\"><\/div>\n<\/div>\n<\/div>\n<\/div>\n<\/div>\n<\/section>\n<\/div>\n<\/div>\n<\/div>\n<\/section>\n<\/div>\n<\/div>\n<\/footer>\n<p>&nbsp;<\/p>","protected":false},"excerpt":{"rendered":"<p>DU konduktometrick\u00e9 sn\u00edma\u010de hladiny jsou navr\u017eeny pro spolupr\u00e1ci s regul\u00e1tory hladiny <a href=\"regmik.ua\/product\/regulyator-urovnya-dvuhkanalnyiy-ru2\/\">RU<\/a>.<br \/>\nPro prodlou\u017een\u00ed pracovn\u00ed \u010d\u00e1sti elektrod sn\u00edma\u010de hladiny u\u017eivatelem je na konci elektrody upraven z\u00e1vit.<br \/>\nCena hladinov\u00fdch sn\u00edma\u010d\u016f nad 100 mm je 350 UAH + 30 UAH. na ka\u017ed\u00fdch 100 mm.<\/p>","protected":false},"featured_media":14674,"comment_status":"open","ping_status":"closed","template":"","meta":[],"product_brand":[],"product_cat":[38,551],"product_tag":[552,3439],"class_list":{"0":"post-14745","1":"product","2":"type-product","3":"status-publish","4":"has-post-thumbnail","6":"product_cat-sensors","7":"product_cat-level-sensors","8":"product_tag-datchik-urovnya","9":"product_tag-3439","12":"instock","13":"shipping-taxable","14":"purchasable","15":"product-type-simple"},"yoast_head":"<title>\u0420\u0415\u0413\u041c\u0406\u041a, \u041d\u0412\u0424, \u041f\u041f &#8211; \u0414\u0430\u0442\u0447\u0438\u043a \u0443\u0440\u043e\u0432\u043d\u044f (\u041c\u043e\u0434\u0438\u0444\u0438\u043a\u0430\u0446\u0438\u044f \u0414\u0423-002)<\/title>\n<meta name=\"description\" content=\"\u0414\u0430\u0442\u0447\u0438\u043a\u0438 \u0443\u0440\u043e\u0432\u043d\u044f \u0414\u0423-002\u00a0 \u043f\u0440\u0435\u0434\u043d\u0430\u0437\u043d\u0430\u0447\u0435\u043d\u044b \u0434\u043b\u044f \u0441\u0438\u0433\u043d\u0430\u043b\u0438\u0437\u0430\u0446\u0438\u0438 \u0443\u0440\u043e\u0432\u043d\u0435\u0439 \u044d\u043b\u0435\u043a\u0442\u0440\u043e\u043f\u0440\u043e\u0432\u043e\u0434\u043d\u044b\u0445 \u0436\u0438\u0434\u043a\u043e\u0441\u0442\u0435\u0439 (\u0432\u043e\u0434\u0430, \u043c\u043e\u043b\u043e\u043a\u043e, \u043f\u0438\u0449\u0435\u0432\u044b\u0435 \u043f\u0440\u043e\u0434\u0443\u043a\u0442\u044b).\" \/>\n<meta name=\"robots\" content=\"index, follow, max-snippet:-1, max-image-preview:large, max-video-preview:-1\" \/>\n<link rel=\"canonical\" href=\"https:\/\/regmik.ua\/cs\/produkt\/datchik-urovnja-modifikacija-du-002\/\" \/>\n<script type=\"application\/ld+json\" class=\"yoast-schema-graph\">{\"@context\":\"https:\\\/\\\/schema.org\",\"@graph\":[{\"@type\":\"WebPage\",\"@id\":\"https:\\\/\\\/regmik.ua\\\/product\\\/datchik-urovnja-modifikacija-du-002\\\/\",\"url\":\"https:\\\/\\\/regmik.ua\\\/product\\\/datchik-urovnja-modifikacija-du-002\\\/\",\"name\":\"\u0420\u0415\u0413\u041c\u0406\u041a, \u041d\u0412\u0424, \u041f\u041f &#8211; \u0414\u0430\u0442\u0447\u0438\u043a \u0443\u0440\u043e\u0432\u043d\u044f (\u041c\u043e\u0434\u0438\u0444\u0438\u043a\u0430\u0446\u0438\u044f \u0414\u0423-002)\",\"isPartOf\":{\"@id\":\"https:\\\/\\\/regmik.ua\\\/uk\\\/#website\"},\"primaryImageOfPage\":{\"@id\":\"https:\\\/\\\/regmik.ua\\\/product\\\/datchik-urovnja-modifikacija-du-002\\\/#primaryimage\"},\"image\":{\"@id\":\"https:\\\/\\\/regmik.ua\\\/product\\\/datchik-urovnja-modifikacija-du-002\\\/#primaryimage\"},\"thumbnailUrl\":\"https:\\\/\\\/regmik.ua\\\/wp-content\\\/uploads\\\/2016\\\/11\\\/DY-001.png\",\"datePublished\":\"2016-11-07T06:03:45+00:00\",\"dateModified\":\"2023-11-23T13:42:40+00:00\",\"description\":\"\u0414\u0430\u0442\u0447\u0438\u043a\u0438 \u0443\u0440\u043e\u0432\u043d\u044f \u0414\u0423-002\u00a0 \u043f\u0440\u0435\u0434\u043d\u0430\u0437\u043d\u0430\u0447\u0435\u043d\u044b \u0434\u043b\u044f \u0441\u0438\u0433\u043d\u0430\u043b\u0438\u0437\u0430\u0446\u0438\u0438 \u0443\u0440\u043e\u0432\u043d\u0435\u0439 \u044d\u043b\u0435\u043a\u0442\u0440\u043e\u043f\u0440\u043e\u0432\u043e\u0434\u043d\u044b\u0445 \u0436\u0438\u0434\u043a\u043e\u0441\u0442\u0435\u0439 (\u0432\u043e\u0434\u0430, \u043c\u043e\u043b\u043e\u043a\u043e, \u043f\u0438\u0449\u0435\u0432\u044b\u0435 \u043f\u0440\u043e\u0434\u0443\u043a\u0442\u044b).\",\"breadcrumb\":{\"@id\":\"https:\\\/\\\/regmik.ua\\\/product\\\/datchik-urovnja-modifikacija-du-002\\\/#breadcrumb\"},\"inLanguage\":\"cs\",\"potentialAction\":[{\"@type\":\"ReadAction\",\"target\":[\"https:\\\/\\\/regmik.ua\\\/product\\\/datchik-urovnja-modifikacija-du-002\\\/\"]}]},{\"@type\":\"ImageObject\",\"inLanguage\":\"cs\",\"@id\":\"https:\\\/\\\/regmik.ua\\\/product\\\/datchik-urovnja-modifikacija-du-002\\\/#primaryimage\",\"url\":\"https:\\\/\\\/regmik.ua\\\/wp-content\\\/uploads\\\/2016\\\/11\\\/DY-001.png\",\"contentUrl\":\"https:\\\/\\\/regmik.ua\\\/wp-content\\\/uploads\\\/2016\\\/11\\\/DY-001.png\",\"width\":800,\"height\":1024,\"caption\":\"\u0414\u0430\u0442\u0447\u0438\u043a \u0443\u0440\u043e\u0432\u043d\u044f \u0414\u0423-001\"},{\"@type\":\"BreadcrumbList\",\"@id\":\"https:\\\/\\\/regmik.ua\\\/product\\\/datchik-urovnja-modifikacija-du-002\\\/#breadcrumb\",\"itemListElement\":[{\"@type\":\"ListItem\",\"position\":1,\"name\":\"\u0413\u043b\u0430\u0432\u043d\u0430\u044f \u0441\u0442\u0440\u0430\u043d\u0438\u0446\u0430\",\"item\":\"https:\\\/\\\/regmik.ua\\\/\"},{\"@type\":\"ListItem\",\"position\":2,\"name\":\"\u041f\u0440\u043e\u0434\u0443\u043a\u0446\u0438\u044f\",\"item\":\"https:\\\/\\\/regmik.ua\\\/uk\\\/products\\\/\"},{\"@type\":\"ListItem\",\"position\":3,\"name\":\"\u0414\u0430\u0442\u0447\u0438\u043a \u0443\u0440\u043e\u0432\u043d\u044f \u0414\u0423-002\"}]},{\"@type\":\"WebSite\",\"@id\":\"https:\\\/\\\/regmik.ua\\\/uk\\\/#website\",\"url\":\"https:\\\/\\\/regmik.ua\\\/uk\\\/\",\"name\":\"REGMIK\",\"description\":\"\u0418\u0437\u043c\u0435\u0440\u0438\u0442\u0435\u043b\u044c\u043d\u044b\u0435 \u043f\u0440\u0438\u0431\u043e\u0440\u044b \u0438 \u0434\u0430\u0442\u0447\u0438\u043a\u0438 \u0442\u0435\u043c\u043f\u0435\u0440\u0430\u0442\u0443\u0440\u044b\",\"publisher\":{\"@id\":\"https:\\\/\\\/regmik.ua\\\/uk\\\/#organization\"},\"alternateName\":\"REGMIK\",\"potentialAction\":[{\"@type\":\"SearchAction\",\"target\":{\"@type\":\"EntryPoint\",\"urlTemplate\":\"https:\\\/\\\/regmik.ua\\\/uk\\\/?s={search_term_string}\"},\"query-input\":{\"@type\":\"PropertyValueSpecification\",\"valueRequired\":true,\"valueName\":\"search_term_string\"}}],\"inLanguage\":\"cs\"},{\"@type\":\"Organization\",\"@id\":\"https:\\\/\\\/regmik.ua\\\/uk\\\/#organization\",\"name\":\"REGMIK\",\"alternateName\":\"\u0420\u0415\u0413\u041c\u0418\u041a\",\"url\":\"https:\\\/\\\/regmik.ua\\\/uk\\\/\",\"logo\":{\"@type\":\"ImageObject\",\"inLanguage\":\"cs\",\"@id\":\"https:\\\/\\\/regmik.ua\\\/uk\\\/#\\\/schema\\\/logo\\\/image\\\/\",\"url\":\"https:\\\/\\\/regmik.ua\\\/wp-content\\\/uploads\\\/2020\\\/03\\\/regmik_logo.png\",\"contentUrl\":\"https:\\\/\\\/regmik.ua\\\/wp-content\\\/uploads\\\/2020\\\/03\\\/regmik_logo.png\",\"width\":194,\"height\":45,\"caption\":\"REGMIK\"},\"image\":{\"@id\":\"https:\\\/\\\/regmik.ua\\\/uk\\\/#\\\/schema\\\/logo\\\/image\\\/\"},\"sameAs\":[\"https:\\\/\\\/www.facebook.com\\\/regmik.npf\",\"https:\\\/\\\/x.com\\\/regmiknpf\",\"https:\\\/\\\/www.youtube.com\\\/channel\\\/UC_SrY98SKAmR3Kt95GcVKcw\"]}]}<\/script>","yoast_head_json":{"title":"REGMIK, NVF, PP \u2013 Sn\u00edma\u010d hladiny (modifikace DU-002)","description":"Hladinov\u00e9 sn\u00edma\u010de DU-002 jsou ur\u010deny pro signalizaci hladin elektricky vodiv\u00fdch kapalin (voda, ml\u00e9ko, j\u00eddlo).","robots":{"index":"index","follow":"follow","max-snippet":"max-snippet:-1","max-image-preview":"max-image-preview:large","max-video-preview":"max-video-preview:-1"},"canonical":"https:\/\/regmik.ua\/cs\/produkt\/datchik-urovnja-modifikacija-du-002\/","schema":{"@context":"https:\/\/schema.org","@graph":[{"@type":"WebPage","@id":"https:\/\/regmik.ua\/product\/datchik-urovnja-modifikacija-du-002\/","url":"https:\/\/regmik.ua\/product\/datchik-urovnja-modifikacija-du-002\/","name":"REGMIK, NVF, PP \u2013 Sn\u00edma\u010d hladiny (modifikace DU-002)","isPartOf":{"@id":"https:\/\/regmik.ua\/uk\/#website"},"primaryImageOfPage":{"@id":"https:\/\/regmik.ua\/product\/datchik-urovnja-modifikacija-du-002\/#primaryimage"},"image":{"@id":"https:\/\/regmik.ua\/product\/datchik-urovnja-modifikacija-du-002\/#primaryimage"},"thumbnailUrl":"https:\/\/regmik.ua\/wp-content\/uploads\/2016\/11\/DY-001.png","datePublished":"2016-11-07T06:03:45+00:00","dateModified":"2023-11-23T13:42:40+00:00","description":"Hladinov\u00e9 sn\u00edma\u010de DU-002 jsou ur\u010deny pro signalizaci hladin elektricky vodiv\u00fdch kapalin (voda, ml\u00e9ko, j\u00eddlo).","breadcrumb":{"@id":"https:\/\/regmik.ua\/product\/datchik-urovnja-modifikacija-du-002\/#breadcrumb"},"inLanguage":"cs","potentialAction":[{"@type":"ReadAction","target":["https:\/\/regmik.ua\/product\/datchik-urovnja-modifikacija-du-002\/"]}]},{"@type":"ImageObject","inLanguage":"cs","@id":"https:\/\/regmik.ua\/product\/datchik-urovnja-modifikacija-du-002\/#primaryimage","url":"https:\/\/regmik.ua\/wp-content\/uploads\/2016\/11\/DY-001.png","contentUrl":"https:\/\/regmik.ua\/wp-content\/uploads\/2016\/11\/DY-001.png","width":800,"height":1024,"caption":"\u0414\u0430\u0442\u0447\u0438\u043a \u0443\u0440\u043e\u0432\u043d\u044f \u0414\u0423-001"},{"@type":"BreadcrumbList","@id":"https:\/\/regmik.ua\/product\/datchik-urovnja-modifikacija-du-002\/#breadcrumb","itemListElement":[{"@type":"ListItem","position":1,"name":"\u0413\u043b\u0430\u0432\u043d\u0430\u044f \u0441\u0442\u0440\u0430\u043d\u0438\u0446\u0430","item":"https:\/\/regmik.ua\/"},{"@type":"ListItem","position":2,"name":"\u041f\u0440\u043e\u0434\u0443\u043a\u0446\u0438\u044f","item":"https:\/\/regmik.ua\/uk\/products\/"},{"@type":"ListItem","position":3,"name":"\u0414\u0430\u0442\u0447\u0438\u043a \u0443\u0440\u043e\u0432\u043d\u044f \u0414\u0423-002"}]},{"@type":"WebSite","@id":"https:\/\/regmik.ua\/uk\/#website","url":"https:\/\/regmik.ua\/uk\/","name":"REGMIK","description":"M\u011b\u0159ic\u00ed p\u0159\u00edstroje a sn\u00edma\u010de teploty","publisher":{"@id":"https:\/\/regmik.ua\/uk\/#organization"},"alternateName":"REGMIK","potentialAction":[{"@type":"SearchAction","target":{"@type":"EntryPoint","urlTemplate":"https:\/\/regmik.ua\/uk\/?s={search_term_string}"},"query-input":{"@type":"PropertyValueSpecification","valueRequired":true,"valueName":"search_term_string"}}],"inLanguage":"cs"},{"@type":"Organization","@id":"https:\/\/regmik.ua\/uk\/#organization","name":"REGMIK","alternateName":"\u0420\u0415\u0413\u041c\u0418\u041a","url":"https:\/\/regmik.ua\/uk\/","logo":{"@type":"ImageObject","inLanguage":"cs","@id":"https:\/\/regmik.ua\/uk\/#\/schema\/logo\/image\/","url":"https:\/\/regmik.ua\/wp-content\/uploads\/2020\/03\/regmik_logo.png","contentUrl":"https:\/\/regmik.ua\/wp-content\/uploads\/2020\/03\/regmik_logo.png","width":194,"height":45,"caption":"REGMIK"},"image":{"@id":"https:\/\/regmik.ua\/uk\/#\/schema\/logo\/image\/"},"sameAs":["https:\/\/www.facebook.com\/regmik.npf","https:\/\/x.com\/regmiknpf","https:\/\/www.youtube.com\/channel\/UC_SrY98SKAmR3Kt95GcVKcw"]}]}},"_links":{"self":[{"href":"https:\/\/regmik.ua\/cs\/wp-json\/wp\/v2\/product\/14745","targetHints":{"allow":["GET"]}}],"collection":[{"href":"https:\/\/regmik.ua\/cs\/wp-json\/wp\/v2\/product"}],"about":[{"href":"https:\/\/regmik.ua\/cs\/wp-json\/wp\/v2\/types\/product"}],"replies":[{"embeddable":true,"href":"https:\/\/regmik.ua\/cs\/wp-json\/wp\/v2\/comments?post=14745"}],"version-history":[{"count":0,"href":"https:\/\/regmik.ua\/cs\/wp-json\/wp\/v2\/product\/14745\/revisions"}],"wp:featuredmedia":[{"embeddable":true,"href":"https:\/\/regmik.ua\/cs\/wp-json\/wp\/v2\/media\/14674"}],"wp:attachment":[{"href":"https:\/\/regmik.ua\/cs\/wp-json\/wp\/v2\/media?parent=14745"}],"wp:term":[{"taxonomy":"product_brand","embeddable":true,"href":"https:\/\/regmik.ua\/cs\/wp-json\/wp\/v2\/product_brand?post=14745"},{"taxonomy":"product_cat","embeddable":true,"href":"https:\/\/regmik.ua\/cs\/wp-json\/wp\/v2\/product_cat?post=14745"},{"taxonomy":"product_tag","embeddable":true,"href":"https:\/\/regmik.ua\/cs\/wp-json\/wp\/v2\/product_tag?post=14745"}],"curies":[{"name":"wp","href":"https:\/\/api.w.org\/{rel}","templated":true}]}}