{"id":14484,"date":"2016-10-25T07:58:51","date_gmt":"2016-10-25T05:58:51","guid":{"rendered":"http:\/\/test.regmik.com.ua\/index.php\/product\/elektrokotlyi-buran-k\/"},"modified":"2023-05-02T12:31:19","modified_gmt":"2023-05-02T09:31:19","slug":"elektrokotlyi-buran-k","status":"publish","type":"product","link":"https:\/\/regmik.ua\/cs\/product\/elektrokotlyi-buran-k\/","title":{"rendered":"Elektrick\u00e9 kotle BURAN-K"},"content":{"rendered":"<p>REGMIK vyv\u00edj\u00ed a vyr\u00e1b\u00ed za\u0159\u00edzen\u00ed pro oh\u0159ev vody pro dom\u00e1cnost (elektrick\u00e9 kotle) BVP * BURAN * ur\u010den\u00e9 k vyt\u00e1p\u011bn\u00ed obytn\u00fdch prostor vybaven\u00fdch topn\u00fdm syst\u00e9mem s pou\u017eit\u00edm vody nebo speci\u00e1ln\u00ed kapaliny (doporu\u010deno) jako nosi\u010de tepla. V\u00fdb\u011br elektrick\u00e9ho kotle se prov\u00e1d\u00ed na z\u00e1klad\u011b tepeln\u00e9 rovnov\u00e1hy objektu.<\/p>\n<p>Elektrick\u00fd topn\u00fd kotel je p\u0159\u00edle\u017eitost\u00ed pou\u017e\u00edt ekologick\u00fd zdroj, kter\u00fd nezne\u010di\u0161\u0165uje \u017eivotn\u00ed prost\u0159ed\u00ed \u0161kodliv\u00fdmi odpadn\u00edmi l\u00e1tkami, jako zdroj tepla v r\u016fzn\u00fdch syst\u00e9mech p\u0159\u00edm\u00e9ho, akumulovan\u00e9ho a sm\u00ed\u0161en\u00e9ho vyt\u00e1p\u011bn\u00ed a tak\u00e9 spole\u010dn\u011b se z\u00e1sobn\u00edky. Elektrick\u00fd kotel lze pou\u017e\u00edt k p\u0159\u00edprav\u011b tepl\u00e9 vody v nep\u0159\u00edm\u00fdch topn\u00fdch n\u00e1dr\u017e\u00edch a m\u016f\u017ee tak\u00e9 slou\u017eit jako z\u00e1lo\u017en\u00ed zdroj tepla.<br \/>\nHlavn\u00edmi prvky elektrick\u00e9ho kotle jsou - v\u00fdm\u011bn\u00edk tepla, kter\u00fd se skl\u00e1d\u00e1 z n\u00e1dr\u017ee s elektrodami v n\u00ed upevn\u011bn\u00fdmi, \u0159\u00eddic\u00ed a regula\u010dn\u00ed jednotky. Elektrick\u00e9 kotle BVP * BURAN * se dod\u00e1vaj\u00ed jako sada: BVP, automatiza\u010dn\u00ed jednotka, sn\u00edma\u010de teploty p\u0159\u00edvodu a zp\u00e1te\u010dky.<\/p>\n<p>Elektrick\u00e9 kotle jsou ur\u010deny k vyt\u00e1p\u011bn\u00ed v\u0161ech prostor: byty, jednotliv\u00e9 domy, chaty, chaty, r\u016fzn\u00e9 obchodn\u00ed objekty, a\u0165 u\u017e jsou to obchody, kav\u00e1rny, kancel\u00e1\u0159sk\u00e9 prostory nebo pr\u016fmyslov\u00e9 podniky.<\/p>\n<p>Elektrick\u00e9 kotle jsou n\u00edzkoteplotn\u00ed za\u0159\u00edzen\u00ed pracuj\u00edc\u00ed v uzav\u0159en\u00fdch a otev\u0159en\u00fdch topn\u00fdch syst\u00e9mech s nucen\u00fdm ob\u011bhem chladic\u00ed kapaliny. \u00da\u010dinnost elektrick\u00e9ho kotle dosahuje 95-98%.<\/p>\n<p>Elektrick\u00fd kotel pracuje v automatick\u00e9m re\u017eimu a vy\u017eaduje minim\u00e1ln\u00ed \u00fadr\u017ebu. Elektrick\u00e9 kotle jsou vybaveny syst\u00e9my, kter\u00e9 zabra\u0148uj\u00ed poruch\u00e1m elektrick\u00e9ho veden\u00ed a vyt\u00e1p\u011bn\u00ed.<\/p>\n<p>Elektrick\u00e9 kotle BVP * BURAN * lze na p\u0159\u00e1n\u00ed z\u00e1kazn\u00edka doplnit ob\u011bhov\u00fdm \u010derpadlem, manometrem, expanzn\u00ed n\u00e1dobou, automatick\u00fdm odvzdu\u0161\u0148ovac\u00edm ventilem, ventilem v nev\u00fdbu\u0161n\u00e9m proveden\u00ed a sn\u00edma\u010dem teploty v m\u00edstnosti.<\/p>\n<h3>V\u00fdhody elektrick\u00fdch kotl\u016f<\/h3>\n<ul>\n<li>Pou\u017eit\u00ed - elektrick\u00e9 kotle se vyr\u00e1b\u011bj\u00ed v \u0161irok\u00e9m rozsahu v\u00fdkon\u016f od 3 kW do v\u00edce ne\u017e 60 kW. Modely do 20 kW jsou ide\u00e1ln\u00ed pro individu\u00e1ln\u00ed topn\u00e9 syst\u00e9my a modely nad 30 kW pro pr\u016fmyslov\u00e1 a komer\u010dn\u00ed za\u0159\u00edzen\u00ed. Pou\u017eit\u00ed elektrick\u00fdch kotl\u016f jako zdroje tepla umo\u017e\u0148uje namontovat kask\u00e1dov\u00fd topn\u00fd syst\u00e9m pomoc\u00ed n\u011bkolika kotl\u016f ve svazku, co\u017e zajist\u00ed vysokou spolehlivost a produktivitu topn\u00e9ho syst\u00e9mu.<\/li>\n<li>Energetick\u00e1 \u00fa\u010dinnost a ekonomika - navzdory velk\u00e9 kritice elektrick\u00fdch kotl\u016f za jejich neefektivitu maj\u00ed nejvy\u0161\u0161\u00ed \u00farove\u0148 \u00fa\u010dinnosti a\u017e 99% a modern\u00ed elektrick\u00e9 kotle maj\u00ed skokovou \u00farove\u0148 v\u00fdkonu, kter\u00e1 p\u0159i provozu elektrick\u00e9ho kotle poskytuje vysok\u00e9 \u00faspory energie.<\/li>\n<li>Ekologick\u00e1 nez\u00e1vadnost - elektrick\u00e9 kotle poskytuj\u00ed nejvy\u0161\u0161\u00ed stupe\u0148 ekologick\u00e9 nez\u00e1vadnosti d\u00edky absenci emis\u00ed spalin. D\u016fle\u017eit\u00fd aspekt, proto\u017ee pro provoz elektrick\u00fdch jednotek nen\u00ed pot\u0159eba dal\u0161\u00ed m\u00edstnost a instalace kom\u00edn\u016f krbov\u00e9ho nebo p\u0159epl\u0148ovan\u00e9ho (koaxi\u00e1ln\u00edho) typu, kter\u00e1 v\u00e1m umo\u017en\u00ed u\u0161et\u0159it m\u00edsto a instalaci kom\u00edna, je zvl\u00e1\u0161t\u011b d\u016fle\u017eit\u00e1 pro obchodn\u00ed objekty.<\/li>\n<li>Komfortn\u00ed ovl\u00e1d\u00e1n\u00ed - pln\u011b automatick\u00fd provoz d\u00edky regulaci termostaty a mo\u017enosti p\u0159ipojen\u00ed pokojov\u00fdch a venkovn\u00edch termostat\u016f nebo program\u00e1tor\u016f, kter\u00e9 poskytuj\u00ed nejen komfort, ale tak\u00e9 umo\u017e\u0148uj\u00ed provoz kotle v ekonomi\u010dt\u011bj\u0161\u00edm re\u017eimu.<\/li>\n<li>Topn\u00e1 voda - elektrick\u00e9 kotle mohou krom\u011b funkce topen\u00ed plnit funkci dod\u00e1vky tepl\u00e9 vody. Tepl\u00e1 voda se p\u0159ipravuje pomoc\u00ed extern\u00edho akumula\u010dn\u00edho kotle po\u017eadovan\u00e9ho objemu.<\/li>\n<li>Pohodl\u00ed - snadn\u00fd provoz, tich\u00fd provoz, spolehlivost, trvanlivost a n\u00edzk\u00e1 cena dopl\u0148uj\u00ed seznam v\u00fd\u0161e uveden\u00fdch v\u00fdhod elektrick\u00fdch kotl\u016f. V na\u0161ich elektrick\u00fdch kotl\u00edch nejsou \u017e\u00e1dn\u00e9 topn\u00e9 \u010dl\u00e1nky, kter\u00e9 je \u010dasto nutn\u00e9 vym\u011b\u0148ovat.<\/li>\n<\/ul>\n<h3>Nev\u00fdhody elektrick\u00fdch kotl\u016f<\/h3>\n<ul>\n<li>Vysok\u00e9 n\u00e1klady na elekt\u0159inu. Ve\u0161ker\u00e9 pohodl\u00ed pou\u017e\u00edv\u00e1n\u00ed elektrick\u00e9ho kotle je p\u0159ekro\u010deno n\u00e1klady na spot\u0159ebovanou elekt\u0159inu. Pou\u017e\u00edv\u00e1n\u00ed elektrick\u00e9ho kotle je pro spot\u0159ebitele dra\u017e\u0161\u00ed ne\u017e pou\u017e\u00edv\u00e1n\u00ed plynov\u00fdch nebo kotl\u016f na tuh\u00e1 paliva. V\u00fdchodiskem z t\u00e9to situace je vyu\u017eit\u00ed akumula\u010dn\u00edch n\u00e1dr\u017e\u00ed (akumul\u00e1tor\u016f tepla) p\u0159ebyte\u010dn\u00e9ho tepla, kter\u00e9 v\u00fdznamn\u011b \u0161et\u0159\u00ed na spot\u0159eb\u011b elekt\u0159iny, a tak\u00e9 vyu\u017eit\u00ed v\u00edce tarifn\u00edho m\u011b\u0159en\u00ed elekt\u0159iny (provoz kotl\u016f je zaji\u0161\u0165ov\u00e1n za * no\u010dn\u00ed tarif *, kter\u00fd je v\u00fdrazn\u011b ni\u017e\u0161\u00ed ne\u017e obvykl\u00fd tarif).<\/li>\n<li>\u00dapln\u00e1 z\u00e1vislost na elekt\u0159in\u011b. P\u0159i v\u00fdb\u011bru elektrick\u00e9ho kotle je t\u0159eba si uv\u011bdomit, \u017ee jeho provoz zcela z\u00e1vis\u00ed na elekt\u0159in\u011b, vypnut\u00ed nebo p\u0159eru\u0161en\u00ed dod\u00e1vky elekt\u0159iny povede k vypnut\u00ed provozu kotle a cel\u00e9ho topn\u00e9ho syst\u00e9mu, co\u017e by nem\u011blo b\u00fdt v zimn\u00edm obdob\u00ed povoleno. P\u0159i pou\u017eit\u00ed elektrick\u00e9ho kotle jako hlavn\u00edho kotle topn\u00e9ho syst\u00e9mu je vhodn\u00e9 pou\u017e\u00edt alternativn\u00ed zdroj energie, aby se zabr\u00e1nilo ochlazen\u00ed budovy. Alternativn\u00edm zdrojem energie m\u016f\u017ee b\u00fdt kotel na tuh\u00e1 paliva a pro mal\u00e9 domy krb na d\u0159evo. U samostatn\u00fdch za\u0159\u00edzen\u00ed bez alternativn\u00edho zdroje topen\u00ed se doporu\u010duje pou\u017e\u00edt v topn\u00e9m syst\u00e9mu nemrznouc\u00ed chladic\u00ed kapalinu (speci\u00e1ln\u00ed nemrznouc\u00ed sm\u011bs).<\/li>\n<li>P\u0159\u00edtomnost pot\u0159ebn\u00e9ho elektrick\u00e9ho veden\u00ed. V z\u00e1vislosti na v\u00fdkonu oh\u0159\u00edva\u010de m\u016f\u017ee b\u00fdt navr\u017een pro jednof\u00e1zov\u00e9 nebo t\u0159\u00edf\u00e1zov\u00e9 nap\u00e1jen\u00ed. V p\u0159\u00edpad\u011b nov\u011b postaven\u00e9 budovy je mo\u017en\u00e9 vz\u00edt v \u00favahu elektrick\u00e9 veden\u00ed budovy pro provoz elektrick\u00e9ho kotle po\u017eadovan\u00e9ho v\u00fdkonu, ale v p\u0159\u00edpad\u011b ji\u017e postaven\u00e9 budovy mohou nastat pot\u00ed\u017ee s v\u00fdb\u011brem topn\u00e9ho za\u0159\u00edzen\u00ed podle st\u00e1vaj\u00edc\u00edch schopnost\u00ed m\u00edstn\u00ed elektrick\u00e9 s\u00edt\u011b.<\/li>\n<\/ul>\n<h3>Vyt\u00e1p\u011bn\u00ed elektrick\u00fdch kotl\u016f BVP * BURAN-K *<\/h3>\n<p>Buran-6k, Buran-9k, Buran-12k, Buran-15k, Buran-25k<\/p>\n<h3>Funkce:<\/h3>\n<ul>\n<li>Vysok\u00e1 p\u0159esnost udr\u017eov\u00e1n\u00ed teploty d\u00edky pou\u017eit\u00ed termostatu s integrovanou adaptivn\u00ed logikou pr\u00e1ce. Pou\u017eit\u00ed tohoto regul\u00e1toru d\u00e1le sni\u017euje spot\u0159ebu elektrick\u00e9 energie elektrick\u00e9ho kotle.<\/li>\n<li>Provozn\u00ed re\u017eim elektrick\u00e9ho kotle \u201ezima \/ l\u00e9to\u201c zabra\u0148uje zablokov\u00e1n\u00ed ob\u011bhov\u00e9ho \u010derpadla.<\/li>\n<li>Pou\u017eit\u00ed ochrann\u00e9ho styka\u010de br\u00e1n\u00ed mo\u017enosti poruchy elektrick\u00e9ho kotle v p\u0159\u00edpad\u011b poruchy hlavn\u00edho styka\u010de (triakov\u00e9 jednotky) nebo termostatu.<\/li>\n<li>Pou\u017eit\u00ed bimetalov\u00e9 tepeln\u00e9 pojistky nav\u00edc zabra\u0148uje mo\u017en\u00e9mu zv\u00fd\u0161en\u00ed teploty uvnit\u0159 elektrick\u00e9ho kotle.<\/li>\n<li>P\u0159etlakov\u00fd pojistn\u00fd ventil zaji\u0161\u0165uje bezpe\u010dn\u00fd provoz elektrick\u00e9ho kotle.<\/li>\n<\/ul>\n<h3>Hlavn\u00ed kompletn\u00ed sada elektrick\u00e9ho kotle<\/h3>\n<ul>\n<li>sn\u00edma\u010de teploty p\u0159\u00edvodu a zp\u00e1te\u010dky;<\/li>\n<li>sn\u00edma\u010de proudu;<\/li>\n<li>p\u0159etlakov\u00fd pojistn\u00fd ventil;<\/li>\n<li>ob\u011bhov\u00e9 \u010derpadlo;<\/li>\n<li>ochrann\u00fd styka\u010d;<\/li>\n<li>bimetalov\u00e1 tepeln\u00e1 pojistka;<\/li>\n<li>vypou\u0161t\u011bc\u00ed \/ plnic\u00ed kohout;<\/li>\n<li>manometr;<\/li>\n<li>elektronick\u00fd termostat;<\/li>\n<li>LED indik\u00e1tory pro vyt\u00e1p\u011bn\u00ed, stav \u010derpadla, provozn\u00ed re\u017eimy;<\/li>\n<li>automatick\u00e9 p\u0159ep\u00edn\u00e1n\u00ed v nap\u00e1jec\u00edm obvodu elektrick\u00e9ho kotle;<\/li>\n<li>automatick\u00e9 zapnut\u00ed v okruhu ob\u011bhov\u00e9ho \u010derpadla a termostatu.<\/li>\n<\/ul>\n<h3>Topn\u00e9 elektrick\u00e9 kotle BVP * BURAN-K GSM *<\/h3>\n<p>Buran-6K GSM, Buran-9K GSM, Buran-12K GSM, Buran-15K GSM, Buran-25K GSM<\/p>\n<h3>Funkce:<\/h3>\n<ul>\n<li>Mo\u017enost ovl\u00e1d\u00e1n\u00ed elektrick\u00e9ho kotle pomoc\u00ed mobiln\u00edho telefonu. Zasl\u00e1n\u00edm b\u011b\u017en\u00e9 SMS m\u016f\u017eete zapnout \/ vypnout elektrick\u00fd kotel, zm\u011bnit provozn\u00ed re\u017eim, ode\u010d\u00edst teplotu v m\u00edstnosti, zkontrolovat stav elektrick\u00e9ho kotle. V p\u0159\u00edpad\u011b poruchy obdr\u017e\u00edte informace na mobiln\u00edm telefonu.<\/li>\n<li>Vysok\u00e1 p\u0159esnost udr\u017eov\u00e1n\u00ed teploty d\u00edky pou\u017eit\u00ed termostatu s integrovanou adaptivn\u00ed logikou pr\u00e1ce. Pou\u017eit\u00ed tohoto regul\u00e1toru d\u00e1le sni\u017euje spot\u0159ebu energie.<\/li>\n<li>Provozn\u00ed re\u017eim elektrick\u00e9ho kotle * zima \/ l\u00e9to * zabra\u0148uje zablokov\u00e1n\u00ed ob\u011bhov\u00e9ho \u010derpadla p\u0159i dlouhodob\u00e9m vypnut\u00ed elektrick\u00e9ho kotle.<\/li>\n<li>Pou\u017eit\u00ed ochrann\u00e9ho styka\u010de br\u00e1n\u00ed mo\u017enosti poruchy elektrick\u00e9ho kotle v p\u0159\u00edpad\u011b poruchy hlavn\u00edho styka\u010de (triakov\u00e1 jednotka) nebo termostatu<\/li>\n<li>Pou\u017eit\u00ed bimetalov\u00e9 tepeln\u00e9 pojistky zabra\u0148uje mo\u017en\u00e9mu zv\u00fd\u0161en\u00ed teploty uvnit\u0159 elektrick\u00e9ho kotle.<\/li>\n<li>Pojistn\u00fd p\u0159etlakov\u00fd ventil zaji\u0161\u0165uje bezpe\u010dnost elektrick\u00e9ho kotle.<\/li>\n<\/ul>\n<h3>Hlavn\u00ed kompletn\u00ed sada elektrick\u00e9ho kotle<\/h3>\n<ul>\n<li>sn\u00edma\u010de teploty p\u0159\u00edvodu a zp\u00e1te\u010dky;<\/li>\n<li>sn\u00edma\u010de proudu;<\/li>\n<li>p\u0159etlakov\u00fd pojistn\u00fd ventil;<\/li>\n<li>ob\u011bhov\u00e9 \u010derpadlo;<\/li>\n<li>ochrann\u00fd styka\u010d;<\/li>\n<li>tepeln\u00e1 pojistka;<\/li>\n<li>vypou\u0161t\u011bc\u00ed \/ plnic\u00ed kohout;<\/li>\n<li>manometr;<\/li>\n<li>elektronick\u00fd termostat;<\/li>\n<li>LED indik\u00e1tory pro vyt\u00e1p\u011bn\u00ed, stav \u010derpadla, provozn\u00ed re\u017eimy;<\/li>\n<li>automatick\u00e9 p\u0159ep\u00edn\u00e1n\u00ed v nap\u00e1jec\u00edm obvodu elektrick\u00e9ho kotle;<\/li>\n<li>ochrann\u00fd sp\u00edna\u010d v okruhu ob\u011bhov\u00e9ho \u010derpadla a termostatu;<\/li>\n<li>GSM komunika\u010dn\u00ed jednotka.<\/li>\n<\/ul>","protected":false},"excerpt":{"rendered":"<p>Elektrodov\u00fd oh\u0159\u00edva\u010d vody BURAN-K-complete - vybaven ob\u011bhov\u00fdm \u010derpadlem, program\u00e1torem, pojistn\u00fdm ventilem, ochrannou automatikou a manometrem (voliteln\u00e1 instalace modulu GSM) a je ur\u010den k vyt\u00e1p\u011bn\u00ed obytn\u00fdch m\u00edstnost\u00ed vybaven\u00fdch topn\u00fdm syst\u00e9mem s vyu\u017eit\u00edm vody nebo speci\u00e1ln\u00ed kapaliny jako nosi\u010de tepla.<\/p>","protected":false},"featured_media":14566,"comment_status":"open","ping_status":"closed","template":"","meta":[],"product_brand":[],"product_cat":[137],"product_tag":[534,535],"class_list":{"0":"post-14484","1":"product","2":"type-product","3":"status-publish","4":"has-post-thumbnail","6":"product_cat-heating-electric-boils","7":"product_tag-elektricheskij-kotel","8":"product_tag-elektrodnyj","9":"pa_power-kwt-504","10":"pa_power-kwt-505","11":"pa_power-kwt-506","12":"pa_power-kwt-500","13":"pa_power-kwt-501","14":"pa_power-kwt-502","15":"pa_power-kwt-503","18":"instock","19":"shipping-taxable","20":"purchasable","21":"product-type-variable","22":"has-default-attributes"},"yoast_head":"<title>\u0420\u0415\u0413\u041c\u0406\u041a, \u041d\u0412\u0424, \u041f\u041f &#8211; \u042d\u043b\u0435\u043a\u0442\u0440\u043e\u043a\u043e\u0442\u043b\u044b \u0411\u0423\u0420\u0410\u041d-\u041a<\/title>\n<meta name=\"description\" content=\"\u042d\u043a\u043e\u043d\u043e\u043c\u043d\u044b\u0435 \u044d\u043b\u0435\u043a\u0442\u0440\u043e\u043a\u043e\u0442\u043b\u044b \u043e\u0442 \u043f\u0440\u043e\u0438\u0437\u0432\u043e\u0434\u0438\u0442\u0435\u043b\u044f \u0446\u0435\u043d\u0430 \u043e\u0442 7000\u0433\u0440\u043d. \u041f\u043e\u0434\u0431\u043e\u0440 \u044d\u043b\u0435\u043a\u0442\u0440\u043e\u043a\u043e\u0442\u043b\u043e\u0432 \u00b7 \u0411\u0435\u0441\u043f\u043b\u0430\u0442\u043d\u0430\u044f \u043a\u043e\u043d\u0441\u0443\u043b\u044c\u0442\u0430\u0446\u0438\u044f \u260e+38(0462)614-863\" \/>\n<meta name=\"robots\" content=\"index, follow, max-snippet:-1, max-image-preview:large, max-video-preview:-1\" \/>\n<link rel=\"canonical\" href=\"https:\/\/regmik.ua\/cs\/produkt\/elektrokotlyi-buran-k\/\" \/>\n<script type=\"application\/ld+json\" class=\"yoast-schema-graph\">{\"@context\":\"https:\\\/\\\/schema.org\",\"@graph\":[{\"@type\":\"WebPage\",\"@id\":\"https:\\\/\\\/regmik.ua\\\/en\\\/product\\\/elektrokotlyi-buran-k\\\/\",\"url\":\"https:\\\/\\\/regmik.ua\\\/en\\\/product\\\/elektrokotlyi-buran-k\\\/\",\"name\":\"\u0420\u0415\u0413\u041c\u0406\u041a, \u041d\u0412\u0424, \u041f\u041f &#8211; \u042d\u043b\u0435\u043a\u0442\u0440\u043e\u043a\u043e\u0442\u043b\u044b \u0411\u0423\u0420\u0410\u041d-\u041a\",\"isPartOf\":{\"@id\":\"https:\\\/\\\/regmik.ua\\\/uk\\\/#website\"},\"primaryImageOfPage\":{\"@id\":\"https:\\\/\\\/regmik.ua\\\/en\\\/product\\\/elektrokotlyi-buran-k\\\/#primaryimage\"},\"image\":{\"@id\":\"https:\\\/\\\/regmik.ua\\\/en\\\/product\\\/elektrokotlyi-buran-k\\\/#primaryimage\"},\"thumbnailUrl\":\"https:\\\/\\\/regmik.ua\\\/wp-content\\\/uploads\\\/2016\\\/10\\\/BURAN.png\",\"datePublished\":\"2016-10-25T05:58:51+00:00\",\"dateModified\":\"2023-05-02T09:31:19+00:00\",\"description\":\"\u042d\u043a\u043e\u043d\u043e\u043c\u043d\u044b\u0435 \u044d\u043b\u0435\u043a\u0442\u0440\u043e\u043a\u043e\u0442\u043b\u044b \u043e\u0442 \u043f\u0440\u043e\u0438\u0437\u0432\u043e\u0434\u0438\u0442\u0435\u043b\u044f \u0446\u0435\u043d\u0430 \u043e\u0442 7000\u0433\u0440\u043d. \u041f\u043e\u0434\u0431\u043e\u0440 \u044d\u043b\u0435\u043a\u0442\u0440\u043e\u043a\u043e\u0442\u043b\u043e\u0432 \u00b7 \u0411\u0435\u0441\u043f\u043b\u0430\u0442\u043d\u0430\u044f \u043a\u043e\u043d\u0441\u0443\u043b\u044c\u0442\u0430\u0446\u0438\u044f \u260e+38(0462)614-863\",\"breadcrumb\":{\"@id\":\"https:\\\/\\\/regmik.ua\\\/en\\\/product\\\/elektrokotlyi-buran-k\\\/#breadcrumb\"},\"inLanguage\":\"cs\",\"potentialAction\":[{\"@type\":\"ReadAction\",\"target\":[\"https:\\\/\\\/regmik.ua\\\/en\\\/product\\\/elektrokotlyi-buran-k\\\/\"]}]},{\"@type\":\"ImageObject\",\"inLanguage\":\"cs\",\"@id\":\"https:\\\/\\\/regmik.ua\\\/en\\\/product\\\/elektrokotlyi-buran-k\\\/#primaryimage\",\"url\":\"https:\\\/\\\/regmik.ua\\\/wp-content\\\/uploads\\\/2016\\\/10\\\/BURAN.png\",\"contentUrl\":\"https:\\\/\\\/regmik.ua\\\/wp-content\\\/uploads\\\/2016\\\/10\\\/BURAN.png\",\"width\":800,\"height\":1024,\"caption\":\"\u042d\u043b\u0435\u043a\u0442\u0440\u0438\u0447\u0435\u0441\u043a\u0438\u0439 \u044d\u043b\u0435\u043a\u0442\u0440\u043e\u0434\u043d\u044b\u0439 \u043e\u0442\u043e\u043f\u0438\u0442\u0435\u043b\u044c\u043d\u044b\u0439 \u043a\u043e\u0442\u0435\u043b\"},{\"@type\":\"BreadcrumbList\",\"@id\":\"https:\\\/\\\/regmik.ua\\\/en\\\/product\\\/elektrokotlyi-buran-k\\\/#breadcrumb\",\"itemListElement\":[{\"@type\":\"ListItem\",\"position\":1,\"name\":\"\u0413\u043b\u0430\u0432\u043d\u0430\u044f \u0441\u0442\u0440\u0430\u043d\u0438\u0446\u0430\",\"item\":\"https:\\\/\\\/regmik.ua\\\/\"},{\"@type\":\"ListItem\",\"position\":2,\"name\":\"\u041f\u0440\u043e\u0434\u0443\u043a\u0446\u0438\u044f\",\"item\":\"https:\\\/\\\/regmik.ua\\\/uk\\\/products\\\/\"},{\"@type\":\"ListItem\",\"position\":3,\"name\":\"\u042d\u043b\u0435\u043a\u0442\u0440\u043e\u043a\u043e\u0442\u043b\u044b \u0411\u0423\u0420\u0410\u041d-\u041a\"}]},{\"@type\":\"WebSite\",\"@id\":\"https:\\\/\\\/regmik.ua\\\/uk\\\/#website\",\"url\":\"https:\\\/\\\/regmik.ua\\\/uk\\\/\",\"name\":\"REGMIK\",\"description\":\"\u0418\u0437\u043c\u0435\u0440\u0438\u0442\u0435\u043b\u044c\u043d\u044b\u0435 \u043f\u0440\u0438\u0431\u043e\u0440\u044b \u0438 \u0434\u0430\u0442\u0447\u0438\u043a\u0438 \u0442\u0435\u043c\u043f\u0435\u0440\u0430\u0442\u0443\u0440\u044b\",\"publisher\":{\"@id\":\"https:\\\/\\\/regmik.ua\\\/uk\\\/#organization\"},\"alternateName\":\"REGMIK\",\"potentialAction\":[{\"@type\":\"SearchAction\",\"target\":{\"@type\":\"EntryPoint\",\"urlTemplate\":\"https:\\\/\\\/regmik.ua\\\/uk\\\/?s={search_term_string}\"},\"query-input\":{\"@type\":\"PropertyValueSpecification\",\"valueRequired\":true,\"valueName\":\"search_term_string\"}}],\"inLanguage\":\"cs\"},{\"@type\":\"Organization\",\"@id\":\"https:\\\/\\\/regmik.ua\\\/uk\\\/#organization\",\"name\":\"REGMIK\",\"alternateName\":\"\u0420\u0415\u0413\u041c\u0418\u041a\",\"url\":\"https:\\\/\\\/regmik.ua\\\/uk\\\/\",\"logo\":{\"@type\":\"ImageObject\",\"inLanguage\":\"cs\",\"@id\":\"https:\\\/\\\/regmik.ua\\\/uk\\\/#\\\/schema\\\/logo\\\/image\\\/\",\"url\":\"https:\\\/\\\/regmik.ua\\\/wp-content\\\/uploads\\\/2020\\\/03\\\/regmik_logo.png\",\"contentUrl\":\"https:\\\/\\\/regmik.ua\\\/wp-content\\\/uploads\\\/2020\\\/03\\\/regmik_logo.png\",\"width\":194,\"height\":45,\"caption\":\"REGMIK\"},\"image\":{\"@id\":\"https:\\\/\\\/regmik.ua\\\/uk\\\/#\\\/schema\\\/logo\\\/image\\\/\"},\"sameAs\":[\"https:\\\/\\\/www.facebook.com\\\/regmik.npf\",\"https:\\\/\\\/x.com\\\/regmiknpf\",\"https:\\\/\\\/www.youtube.com\\\/channel\\\/UC_SrY98SKAmR3Kt95GcVKcw\"]}]}<\/script>","yoast_head_json":{"title":"REGMIK, NVF, PP \u2013 Elektrick\u00e9 kotle BURAN-K","description":"Ekonomick\u00e9 elektrick\u00e9 kotle od v\u00fdrobce, cena je od 7000 UAH. V\u00fdb\u011br elektrick\u00fdch kotl\u016f Bezplatn\u00e1 konzultace \u260e + 38 (0462) 614-863","robots":{"index":"index","follow":"follow","max-snippet":"max-snippet:-1","max-image-preview":"max-image-preview:large","max-video-preview":"max-video-preview:-1"},"canonical":"https:\/\/regmik.ua\/cs\/produkt\/elektrokotlyi-buran-k\/","schema":{"@context":"https:\/\/schema.org","@graph":[{"@type":"WebPage","@id":"https:\/\/regmik.ua\/en\/product\/elektrokotlyi-buran-k\/","url":"https:\/\/regmik.ua\/en\/product\/elektrokotlyi-buran-k\/","name":"REGMIK, NVF, PP \u2013 Elektrick\u00e9 kotle BURAN-K","isPartOf":{"@id":"https:\/\/regmik.ua\/uk\/#website"},"primaryImageOfPage":{"@id":"https:\/\/regmik.ua\/en\/product\/elektrokotlyi-buran-k\/#primaryimage"},"image":{"@id":"https:\/\/regmik.ua\/en\/product\/elektrokotlyi-buran-k\/#primaryimage"},"thumbnailUrl":"https:\/\/regmik.ua\/wp-content\/uploads\/2016\/10\/BURAN.png","datePublished":"2016-10-25T05:58:51+00:00","dateModified":"2023-05-02T09:31:19+00:00","description":"Ekonomick\u00e9 elektrick\u00e9 kotle od v\u00fdrobce, cena je od 7000 UAH. V\u00fdb\u011br elektrick\u00fdch kotl\u016f Bezplatn\u00e1 konzultace \u260e + 38 (0462) 614-863","breadcrumb":{"@id":"https:\/\/regmik.ua\/en\/product\/elektrokotlyi-buran-k\/#breadcrumb"},"inLanguage":"cs","potentialAction":[{"@type":"ReadAction","target":["https:\/\/regmik.ua\/en\/product\/elektrokotlyi-buran-k\/"]}]},{"@type":"ImageObject","inLanguage":"cs","@id":"https:\/\/regmik.ua\/en\/product\/elektrokotlyi-buran-k\/#primaryimage","url":"https:\/\/regmik.ua\/wp-content\/uploads\/2016\/10\/BURAN.png","contentUrl":"https:\/\/regmik.ua\/wp-content\/uploads\/2016\/10\/BURAN.png","width":800,"height":1024,"caption":"\u042d\u043b\u0435\u043a\u0442\u0440\u0438\u0447\u0435\u0441\u043a\u0438\u0439 \u044d\u043b\u0435\u043a\u0442\u0440\u043e\u0434\u043d\u044b\u0439 \u043e\u0442\u043e\u043f\u0438\u0442\u0435\u043b\u044c\u043d\u044b\u0439 \u043a\u043e\u0442\u0435\u043b"},{"@type":"BreadcrumbList","@id":"https:\/\/regmik.ua\/en\/product\/elektrokotlyi-buran-k\/#breadcrumb","itemListElement":[{"@type":"ListItem","position":1,"name":"\u0413\u043b\u0430\u0432\u043d\u0430\u044f \u0441\u0442\u0440\u0430\u043d\u0438\u0446\u0430","item":"https:\/\/regmik.ua\/"},{"@type":"ListItem","position":2,"name":"\u041f\u0440\u043e\u0434\u0443\u043a\u0446\u0438\u044f","item":"https:\/\/regmik.ua\/uk\/products\/"},{"@type":"ListItem","position":3,"name":"\u042d\u043b\u0435\u043a\u0442\u0440\u043e\u043a\u043e\u0442\u043b\u044b \u0411\u0423\u0420\u0410\u041d-\u041a"}]},{"@type":"WebSite","@id":"https:\/\/regmik.ua\/uk\/#website","url":"https:\/\/regmik.ua\/uk\/","name":"REGMIK","description":"M\u011b\u0159ic\u00ed p\u0159\u00edstroje a sn\u00edma\u010de teploty","publisher":{"@id":"https:\/\/regmik.ua\/uk\/#organization"},"alternateName":"REGMIK","potentialAction":[{"@type":"SearchAction","target":{"@type":"EntryPoint","urlTemplate":"https:\/\/regmik.ua\/uk\/?s={search_term_string}"},"query-input":{"@type":"PropertyValueSpecification","valueRequired":true,"valueName":"search_term_string"}}],"inLanguage":"cs"},{"@type":"Organization","@id":"https:\/\/regmik.ua\/uk\/#organization","name":"REGMIK","alternateName":"\u0420\u0415\u0413\u041c\u0418\u041a","url":"https:\/\/regmik.ua\/uk\/","logo":{"@type":"ImageObject","inLanguage":"cs","@id":"https:\/\/regmik.ua\/uk\/#\/schema\/logo\/image\/","url":"https:\/\/regmik.ua\/wp-content\/uploads\/2020\/03\/regmik_logo.png","contentUrl":"https:\/\/regmik.ua\/wp-content\/uploads\/2020\/03\/regmik_logo.png","width":194,"height":45,"caption":"REGMIK"},"image":{"@id":"https:\/\/regmik.ua\/uk\/#\/schema\/logo\/image\/"},"sameAs":["https:\/\/www.facebook.com\/regmik.npf","https:\/\/x.com\/regmiknpf","https:\/\/www.youtube.com\/channel\/UC_SrY98SKAmR3Kt95GcVKcw"]}]}},"_links":{"self":[{"href":"https:\/\/regmik.ua\/cs\/wp-json\/wp\/v2\/product\/14484","targetHints":{"allow":["GET"]}}],"collection":[{"href":"https:\/\/regmik.ua\/cs\/wp-json\/wp\/v2\/product"}],"about":[{"href":"https:\/\/regmik.ua\/cs\/wp-json\/wp\/v2\/types\/product"}],"replies":[{"embeddable":true,"href":"https:\/\/regmik.ua\/cs\/wp-json\/wp\/v2\/comments?post=14484"}],"version-history":[{"count":0,"href":"https:\/\/regmik.ua\/cs\/wp-json\/wp\/v2\/product\/14484\/revisions"}],"wp:featuredmedia":[{"embeddable":true,"href":"https:\/\/regmik.ua\/cs\/wp-json\/wp\/v2\/media\/14566"}],"wp:attachment":[{"href":"https:\/\/regmik.ua\/cs\/wp-json\/wp\/v2\/media?parent=14484"}],"wp:term":[{"taxonomy":"product_brand","embeddable":true,"href":"https:\/\/regmik.ua\/cs\/wp-json\/wp\/v2\/product_brand?post=14484"},{"taxonomy":"product_cat","embeddable":true,"href":"https:\/\/regmik.ua\/cs\/wp-json\/wp\/v2\/product_cat?post=14484"},{"taxonomy":"product_tag","embeddable":true,"href":"https:\/\/regmik.ua\/cs\/wp-json\/wp\/v2\/product_tag?post=14484"}],"curies":[{"name":"wp","href":"https:\/\/api.w.org\/{rel}","templated":true}]}}