{"id":14413,"date":"2016-10-17T11:51:54","date_gmt":"2016-10-17T08:51:54","guid":{"rendered":"http:\/\/test.regmik.com.ua\/?post_type=product&#038;p=14413"},"modified":"2020-08-20T07:25:06","modified_gmt":"2020-08-20T05:25:06","slug":"shhity-raspredelitelnye-navesnye-na-24-m","status":"publish","type":"product","link":"https:\/\/regmik.ua\/cs\/product\/shhity-raspredelitelnye-navesnye-na-24-m\/","title":{"rendered":"Sklopn\u00e9 rozvad\u011b\u010de pro 24 modul\u016f"},"content":{"rendered":"<p>Ur\u010deno pro mont\u00e1\u017e elektrick\u00fdch rozvodn\u00fdch desek pomoc\u00ed modul\u00e1rn\u00edho za\u0159\u00edzen\u00ed pro vstup a rozvod elektrick\u00e9 energie.<br \/>\nPovlak - epoxy-polyester (pr\u00e1\u0161ek), barva - RAL7032 (b\u00e9\u017eov\u00e1), RAL7035 (\u0161ed\u00e1), RAL9016 (b\u00edl\u00e1).<br \/>\nTlou\u0161\u0165ka st\u011bny - 0,5 mm, 0,8 mm.<br \/>\nJe mo\u017en\u00e9 vyrobit oto\u010dn\u00e9 rozvad\u011b\u010de pro jin\u00fd po\u010det modul\u016f.<\/p>","protected":false},"excerpt":{"rendered":"<p>Ur\u010deno pro mont\u00e1\u017e elektrick\u00fdch rozvodn\u00fdch desek pomoc\u00ed modul\u00e1rn\u00edho za\u0159\u00edzen\u00ed pro vstup a rozvod elektrick\u00e9 energie. Povlak - epoxy-polyester (pr\u00e1\u0161ek), barva - RAL7032 (b\u00e9\u017eov\u00e1), RAL7035 (\u0161ed\u00e1), RAL9016 (b\u00edl\u00e1). Tlou\u0161\u0165ka st\u011bny - 0,5 mm, 0,8 mm. Je mo\u017en\u00e9 vyrobit vestav\u011bn\u00e9 rozvad\u011b\u010de pro r\u016fzn\u00fd po\u010det modul\u016f.<\/p>","protected":false},"featured_media":14464,"comment_status":"open","ping_status":"closed","template":"","meta":[],"product_brand":[],"product_cat":[570],"product_tag":[527,526,520],"class_list":{"0":"post-14413","1":"product","2":"type-product","3":"status-publish","4":"has-post-thumbnail","6":"product_cat-boxes-metallic-exterior","7":"product_tag-navesnoj","8":"product_tag-raspredelitelnyj","9":"product_tag-shhit","12":"instock","13":"shipping-taxable","14":"product-type-simple"},"yoast_head":"<title>\u0429\u0438\u0442\u044b \u0440\u0430\u0441\u043f\u0440\u0435\u0434\u0435\u043b\u0438\u0442\u0435\u043b\u044c\u043d\u044b\u0435 \u043d\u0430\u0432\u0435\u0441\u043d\u044b\u0435 \u043d\u0430 24 \u043c\u043e\u0434\u0443\u043b\u044f &#8211; \u0420\u0415\u0413\u041c\u0406\u041a, \u041d\u0412\u0424, \u041f\u041f<\/title>\n<meta name=\"description\" content=\"\u041f\u0440\u0435\u0434\u043d\u0430\u0437\u043d\u0430\u0447\u0435\u043d\u044b \u0434\u043b\u044f \u0441\u0431\u043e\u0440\u043a\u0438 \u0440\u0430\u0441\u043f\u0440\u0435\u0434\u0435\u043b\u0438\u0442\u0435\u043b\u044c\u043d\u044b\u0445 \u044d\u043b\u0435\u043a\u0442\u0440\u043e\u0449\u0438\u0442\u043e\u0432 \u0441 \u0438\u0441\u043f\u043e\u043b\u044c\u0437\u043e\u0432\u0430\u043d\u0438\u0435\u043c \u043c\u043e\u0434\u0443\u043b\u044c\u043d\u043e\u0439 \u0430\u043f\u043f\u0430\u0440\u0430\u0442\u0443\u0440\u044b, \u0434\u043b\u044f \u0432\u0432\u043e\u0434\u0430 \u0438 \u0440\u0430\u0441\u043f\u0440\u0435\u0434\u0435\u043b\u0435\u043d\u0438\u044f \u044d\u043b\u0435\u043a\u0442\u0440\u043e\u044d\u043d\u0435\u0440\u0433\u0438\u0438. \u041f\u043e\u043a\u0440\u044b\u0442\u0438\u0435 -\" \/>\n<meta name=\"robots\" content=\"index, follow, max-snippet:-1, max-image-preview:large, max-video-preview:-1\" \/>\n<link rel=\"canonical\" href=\"https:\/\/regmik.ua\/cs\/produkt\/shhity-raspredelitelnye-navesnye-na-24-m\/\" \/>\n<script type=\"application\/ld+json\" class=\"yoast-schema-graph\">{\"@context\":\"https:\\\/\\\/schema.org\",\"@graph\":[{\"@type\":\"WebPage\",\"@id\":\"https:\\\/\\\/regmik.ua\\\/product\\\/shhity-raspredelitelnye-navesnye-na-24-m\\\/\",\"url\":\"https:\\\/\\\/regmik.ua\\\/product\\\/shhity-raspredelitelnye-navesnye-na-24-m\\\/\",\"name\":\"\u0429\u0438\u0442\u044b \u0440\u0430\u0441\u043f\u0440\u0435\u0434\u0435\u043b\u0438\u0442\u0435\u043b\u044c\u043d\u044b\u0435 \u043d\u0430\u0432\u0435\u0441\u043d\u044b\u0435 \u043d\u0430 24 \u043c\u043e\u0434\u0443\u043b\u044f &#8211; \u0420\u0415\u0413\u041c\u0406\u041a, \u041d\u0412\u0424, \u041f\u041f\",\"isPartOf\":{\"@id\":\"https:\\\/\\\/regmik.ua\\\/uk\\\/#website\"},\"primaryImageOfPage\":{\"@id\":\"https:\\\/\\\/regmik.ua\\\/product\\\/shhity-raspredelitelnye-navesnye-na-24-m\\\/#primaryimage\"},\"image\":{\"@id\":\"https:\\\/\\\/regmik.ua\\\/product\\\/shhity-raspredelitelnye-navesnye-na-24-m\\\/#primaryimage\"},\"thumbnailUrl\":\"https:\\\/\\\/regmik.ua\\\/wp-content\\\/uploads\\\/2015\\\/08\\\/Box_DIN_zakritiy_s_panelu.png\",\"datePublished\":\"2016-10-17T08:51:54+00:00\",\"dateModified\":\"2020-08-20T05:25:06+00:00\",\"description\":\"\u041f\u0440\u0435\u0434\u043d\u0430\u0437\u043d\u0430\u0447\u0435\u043d\u044b \u0434\u043b\u044f \u0441\u0431\u043e\u0440\u043a\u0438 \u0440\u0430\u0441\u043f\u0440\u0435\u0434\u0435\u043b\u0438\u0442\u0435\u043b\u044c\u043d\u044b\u0445 \u044d\u043b\u0435\u043a\u0442\u0440\u043e\u0449\u0438\u0442\u043e\u0432 \u0441 \u0438\u0441\u043f\u043e\u043b\u044c\u0437\u043e\u0432\u0430\u043d\u0438\u0435\u043c \u043c\u043e\u0434\u0443\u043b\u044c\u043d\u043e\u0439 \u0430\u043f\u043f\u0430\u0440\u0430\u0442\u0443\u0440\u044b, \u0434\u043b\u044f \u0432\u0432\u043e\u0434\u0430 \u0438 \u0440\u0430\u0441\u043f\u0440\u0435\u0434\u0435\u043b\u0435\u043d\u0438\u044f \u044d\u043b\u0435\u043a\u0442\u0440\u043e\u044d\u043d\u0435\u0440\u0433\u0438\u0438. \u041f\u043e\u043a\u0440\u044b\u0442\u0438\u0435 -\",\"breadcrumb\":{\"@id\":\"https:\\\/\\\/regmik.ua\\\/product\\\/shhity-raspredelitelnye-navesnye-na-24-m\\\/#breadcrumb\"},\"inLanguage\":\"cs\",\"potentialAction\":[{\"@type\":\"ReadAction\",\"target\":[\"https:\\\/\\\/regmik.ua\\\/product\\\/shhity-raspredelitelnye-navesnye-na-24-m\\\/\"]}]},{\"@type\":\"ImageObject\",\"inLanguage\":\"cs\",\"@id\":\"https:\\\/\\\/regmik.ua\\\/product\\\/shhity-raspredelitelnye-navesnye-na-24-m\\\/#primaryimage\",\"url\":\"https:\\\/\\\/regmik.ua\\\/wp-content\\\/uploads\\\/2015\\\/08\\\/Box_DIN_zakritiy_s_panelu.png\",\"contentUrl\":\"https:\\\/\\\/regmik.ua\\\/wp-content\\\/uploads\\\/2015\\\/08\\\/Box_DIN_zakritiy_s_panelu.png\",\"width\":800,\"height\":1024,\"caption\":\"\u041f\u0440\u0435\u0434\u043d\u0430\u0437\u043d\u0430\u0447\u0435\u043d\u044b \u0434\u043b\u044f \u0441\u0431\u043e\u0440\u043a\u0438 \u0440\u0430\u0441\u043f\u0440\u0435\u0434\u0435\u043b\u0438\u0442\u0435\u043b\u044c\u043d\u044b\u0445 \u044d\u043b\u0435\u043a\u0442\u0440\u043e\u0449\u0438\u0442\u043e\u0432 \u0441 \u0438\u0441\u043f\u043e\u043b\u044c\u0437\u043e\u0432\u0430\u043d\u0438\u0435\u043c \u043c\u043e\u0434\u0443\u043b\u044c\u043d\u043e\u0439 \u0430\u043f\u043f\u0430\u0440\u0430\u0442\u0443\u0440\u044b\"},{\"@type\":\"BreadcrumbList\",\"@id\":\"https:\\\/\\\/regmik.ua\\\/product\\\/shhity-raspredelitelnye-navesnye-na-24-m\\\/#breadcrumb\",\"itemListElement\":[{\"@type\":\"ListItem\",\"position\":1,\"name\":\"\u0413\u043b\u0430\u0432\u043d\u0430\u044f \u0441\u0442\u0440\u0430\u043d\u0438\u0446\u0430\",\"item\":\"https:\\\/\\\/regmik.ua\\\/\"},{\"@type\":\"ListItem\",\"position\":2,\"name\":\"\u041f\u0440\u043e\u0434\u0443\u043a\u0446\u0438\u044f\",\"item\":\"https:\\\/\\\/regmik.ua\\\/uk\\\/products\\\/\"},{\"@type\":\"ListItem\",\"position\":3,\"name\":\"\u0429\u0438\u0442\u044b \u0440\u0430\u0441\u043f\u0440\u0435\u0434\u0435\u043b\u0438\u0442\u0435\u043b\u044c\u043d\u044b\u0435 \u043d\u0430\u0432\u0435\u0441\u043d\u044b\u0435 \u043d\u0430 24 \u043c\u043e\u0434\u0443\u043b\u044f\"}]},{\"@type\":\"WebSite\",\"@id\":\"https:\\\/\\\/regmik.ua\\\/uk\\\/#website\",\"url\":\"https:\\\/\\\/regmik.ua\\\/uk\\\/\",\"name\":\"REGMIK\",\"description\":\"\u0418\u0437\u043c\u0435\u0440\u0438\u0442\u0435\u043b\u044c\u043d\u044b\u0435 \u043f\u0440\u0438\u0431\u043e\u0440\u044b \u0438 \u0434\u0430\u0442\u0447\u0438\u043a\u0438 \u0442\u0435\u043c\u043f\u0435\u0440\u0430\u0442\u0443\u0440\u044b\",\"publisher\":{\"@id\":\"https:\\\/\\\/regmik.ua\\\/uk\\\/#organization\"},\"alternateName\":\"REGMIK\",\"potentialAction\":[{\"@type\":\"SearchAction\",\"target\":{\"@type\":\"EntryPoint\",\"urlTemplate\":\"https:\\\/\\\/regmik.ua\\\/uk\\\/?s={search_term_string}\"},\"query-input\":{\"@type\":\"PropertyValueSpecification\",\"valueRequired\":true,\"valueName\":\"search_term_string\"}}],\"inLanguage\":\"cs\"},{\"@type\":\"Organization\",\"@id\":\"https:\\\/\\\/regmik.ua\\\/uk\\\/#organization\",\"name\":\"REGMIK\",\"alternateName\":\"\u0420\u0415\u0413\u041c\u0418\u041a\",\"url\":\"https:\\\/\\\/regmik.ua\\\/uk\\\/\",\"logo\":{\"@type\":\"ImageObject\",\"inLanguage\":\"cs\",\"@id\":\"https:\\\/\\\/regmik.ua\\\/uk\\\/#\\\/schema\\\/logo\\\/image\\\/\",\"url\":\"https:\\\/\\\/regmik.ua\\\/wp-content\\\/uploads\\\/2020\\\/03\\\/regmik_logo.png\",\"contentUrl\":\"https:\\\/\\\/regmik.ua\\\/wp-content\\\/uploads\\\/2020\\\/03\\\/regmik_logo.png\",\"width\":194,\"height\":45,\"caption\":\"REGMIK\"},\"image\":{\"@id\":\"https:\\\/\\\/regmik.ua\\\/uk\\\/#\\\/schema\\\/logo\\\/image\\\/\"},\"sameAs\":[\"https:\\\/\\\/www.facebook.com\\\/regmik.npf\",\"https:\\\/\\\/x.com\\\/regmiknpf\",\"https:\\\/\\\/www.youtube.com\\\/channel\\\/UC_SrY98SKAmR3Kt95GcVKcw\"]}]}<\/script>","yoast_head_json":{"title":"\u0429\u0438\u0442\u044b \u0440\u0430\u0441\u043f\u0440\u0435\u0434\u0435\u043b\u0438\u0442\u0435\u043b\u044c\u043d\u044b\u0435 \u043d\u0430\u0432\u0435\u0441\u043d\u044b\u0435 \u043d\u0430 24 \u043c\u043e\u0434\u0443\u043b\u044f &#8211; \u0420\u0415\u0413\u041c\u0406\u041a, \u041d\u0412\u0424, \u041f\u041f","description":"Ur\u010deno pro mont\u00e1\u017e elektrick\u00fdch rozvodn\u00fdch desek pomoc\u00ed modul\u00e1rn\u00edho za\u0159\u00edzen\u00ed pro vstup a rozvod elektrick\u00e9 energie. Dosah -","robots":{"index":"index","follow":"follow","max-snippet":"max-snippet:-1","max-image-preview":"max-image-preview:large","max-video-preview":"max-video-preview:-1"},"canonical":"https:\/\/regmik.ua\/cs\/produkt\/shhity-raspredelitelnye-navesnye-na-24-m\/","schema":{"@context":"https:\/\/schema.org","@graph":[{"@type":"WebPage","@id":"https:\/\/regmik.ua\/product\/shhity-raspredelitelnye-navesnye-na-24-m\/","url":"https:\/\/regmik.ua\/product\/shhity-raspredelitelnye-navesnye-na-24-m\/","name":"\u0429\u0438\u0442\u044b \u0440\u0430\u0441\u043f\u0440\u0435\u0434\u0435\u043b\u0438\u0442\u0435\u043b\u044c\u043d\u044b\u0435 \u043d\u0430\u0432\u0435\u0441\u043d\u044b\u0435 \u043d\u0430 24 \u043c\u043e\u0434\u0443\u043b\u044f &#8211; \u0420\u0415\u0413\u041c\u0406\u041a, \u041d\u0412\u0424, \u041f\u041f","isPartOf":{"@id":"https:\/\/regmik.ua\/uk\/#website"},"primaryImageOfPage":{"@id":"https:\/\/regmik.ua\/product\/shhity-raspredelitelnye-navesnye-na-24-m\/#primaryimage"},"image":{"@id":"https:\/\/regmik.ua\/product\/shhity-raspredelitelnye-navesnye-na-24-m\/#primaryimage"},"thumbnailUrl":"https:\/\/regmik.ua\/wp-content\/uploads\/2015\/08\/Box_DIN_zakritiy_s_panelu.png","datePublished":"2016-10-17T08:51:54+00:00","dateModified":"2020-08-20T05:25:06+00:00","description":"Ur\u010deno pro mont\u00e1\u017e elektrick\u00fdch rozvodn\u00fdch desek pomoc\u00ed modul\u00e1rn\u00edho za\u0159\u00edzen\u00ed pro vstup a rozvod elektrick\u00e9 energie. Dosah -","breadcrumb":{"@id":"https:\/\/regmik.ua\/product\/shhity-raspredelitelnye-navesnye-na-24-m\/#breadcrumb"},"inLanguage":"cs","potentialAction":[{"@type":"ReadAction","target":["https:\/\/regmik.ua\/product\/shhity-raspredelitelnye-navesnye-na-24-m\/"]}]},{"@type":"ImageObject","inLanguage":"cs","@id":"https:\/\/regmik.ua\/product\/shhity-raspredelitelnye-navesnye-na-24-m\/#primaryimage","url":"https:\/\/regmik.ua\/wp-content\/uploads\/2015\/08\/Box_DIN_zakritiy_s_panelu.png","contentUrl":"https:\/\/regmik.ua\/wp-content\/uploads\/2015\/08\/Box_DIN_zakritiy_s_panelu.png","width":800,"height":1024,"caption":"\u041f\u0440\u0435\u0434\u043d\u0430\u0437\u043d\u0430\u0447\u0435\u043d\u044b \u0434\u043b\u044f \u0441\u0431\u043e\u0440\u043a\u0438 \u0440\u0430\u0441\u043f\u0440\u0435\u0434\u0435\u043b\u0438\u0442\u0435\u043b\u044c\u043d\u044b\u0445 \u044d\u043b\u0435\u043a\u0442\u0440\u043e\u0449\u0438\u0442\u043e\u0432 \u0441 \u0438\u0441\u043f\u043e\u043b\u044c\u0437\u043e\u0432\u0430\u043d\u0438\u0435\u043c \u043c\u043e\u0434\u0443\u043b\u044c\u043d\u043e\u0439 \u0430\u043f\u043f\u0430\u0440\u0430\u0442\u0443\u0440\u044b"},{"@type":"BreadcrumbList","@id":"https:\/\/regmik.ua\/product\/shhity-raspredelitelnye-navesnye-na-24-m\/#breadcrumb","itemListElement":[{"@type":"ListItem","position":1,"name":"\u0413\u043b\u0430\u0432\u043d\u0430\u044f \u0441\u0442\u0440\u0430\u043d\u0438\u0446\u0430","item":"https:\/\/regmik.ua\/"},{"@type":"ListItem","position":2,"name":"\u041f\u0440\u043e\u0434\u0443\u043a\u0446\u0438\u044f","item":"https:\/\/regmik.ua\/uk\/products\/"},{"@type":"ListItem","position":3,"name":"\u0429\u0438\u0442\u044b \u0440\u0430\u0441\u043f\u0440\u0435\u0434\u0435\u043b\u0438\u0442\u0435\u043b\u044c\u043d\u044b\u0435 \u043d\u0430\u0432\u0435\u0441\u043d\u044b\u0435 \u043d\u0430 24 \u043c\u043e\u0434\u0443\u043b\u044f"}]},{"@type":"WebSite","@id":"https:\/\/regmik.ua\/uk\/#website","url":"https:\/\/regmik.ua\/uk\/","name":"REGMIK","description":"M\u011b\u0159ic\u00ed p\u0159\u00edstroje a sn\u00edma\u010de teploty","publisher":{"@id":"https:\/\/regmik.ua\/uk\/#organization"},"alternateName":"REGMIK","potentialAction":[{"@type":"SearchAction","target":{"@type":"EntryPoint","urlTemplate":"https:\/\/regmik.ua\/uk\/?s={search_term_string}"},"query-input":{"@type":"PropertyValueSpecification","valueRequired":true,"valueName":"search_term_string"}}],"inLanguage":"cs"},{"@type":"Organization","@id":"https:\/\/regmik.ua\/uk\/#organization","name":"REGMIK","alternateName":"\u0420\u0415\u0413\u041c\u0418\u041a","url":"https:\/\/regmik.ua\/uk\/","logo":{"@type":"ImageObject","inLanguage":"cs","@id":"https:\/\/regmik.ua\/uk\/#\/schema\/logo\/image\/","url":"https:\/\/regmik.ua\/wp-content\/uploads\/2020\/03\/regmik_logo.png","contentUrl":"https:\/\/regmik.ua\/wp-content\/uploads\/2020\/03\/regmik_logo.png","width":194,"height":45,"caption":"REGMIK"},"image":{"@id":"https:\/\/regmik.ua\/uk\/#\/schema\/logo\/image\/"},"sameAs":["https:\/\/www.facebook.com\/regmik.npf","https:\/\/x.com\/regmiknpf","https:\/\/www.youtube.com\/channel\/UC_SrY98SKAmR3Kt95GcVKcw"]}]}},"_links":{"self":[{"href":"https:\/\/regmik.ua\/cs\/wp-json\/wp\/v2\/product\/14413","targetHints":{"allow":["GET"]}}],"collection":[{"href":"https:\/\/regmik.ua\/cs\/wp-json\/wp\/v2\/product"}],"about":[{"href":"https:\/\/regmik.ua\/cs\/wp-json\/wp\/v2\/types\/product"}],"replies":[{"embeddable":true,"href":"https:\/\/regmik.ua\/cs\/wp-json\/wp\/v2\/comments?post=14413"}],"version-history":[{"count":0,"href":"https:\/\/regmik.ua\/cs\/wp-json\/wp\/v2\/product\/14413\/revisions"}],"wp:featuredmedia":[{"embeddable":true,"href":"https:\/\/regmik.ua\/cs\/wp-json\/wp\/v2\/media\/14464"}],"wp:attachment":[{"href":"https:\/\/regmik.ua\/cs\/wp-json\/wp\/v2\/media?parent=14413"}],"wp:term":[{"taxonomy":"product_brand","embeddable":true,"href":"https:\/\/regmik.ua\/cs\/wp-json\/wp\/v2\/product_brand?post=14413"},{"taxonomy":"product_cat","embeddable":true,"href":"https:\/\/regmik.ua\/cs\/wp-json\/wp\/v2\/product_cat?post=14413"},{"taxonomy":"product_tag","embeddable":true,"href":"https:\/\/regmik.ua\/cs\/wp-json\/wp\/v2\/product_tag?post=14413"}],"curies":[{"name":"wp","href":"https:\/\/api.w.org\/{rel}","templated":true}]}}