{"id":14013,"date":"2016-10-13T10:43:53","date_gmt":"2016-10-13T08:43:53","guid":{"rendered":"http:\/\/test.regmik.com.ua\/index.php\/product\/bobyishki-modifikatsiya-bpp-003\/"},"modified":"2020-10-06T11:34:34","modified_gmt":"2020-10-06T08:34:34","slug":"bobyishki-modifikatsiya-bpp-003","status":"publish","type":"product","link":"https:\/\/regmik.ua\/cs\/product\/bobyishki-modifikatsiya-bpp-003\/","title":{"rendered":"O\u010dka B-003"},"content":{"rendered":"<p>Mont\u00e1\u017en\u00ed v\u00fdstupky B-003 (cel\u00fd n\u00e1zev BPP-B-003) jsou ur\u010deny k instalaci odporov\u00fdch teplom\u011br\u016f (<a href=\"https:\/\/regmik.ua\/product-category\/sensors\/temperature-sensors\/\">TS<\/a>), termoelektrick\u00e9 p\u0159evodn\u00edky (<a href=\"https:\/\/regmik.ua\/product-category\/sensors\/temperature-sensors\/\">PT<\/a>) a <a href=\"https:\/\/regmik.ua\/?product_cat=&amp;s=%D0%B3%D0%B8%D0%BB%D1%8C%D0%B7%D1%8B&amp;post_type=product\">ochrann\u00e9 ruk\u00e1vy<\/a> u p\u0159edm\u011bt\u016f ovl\u00e1dan\u00fdch teplom\u011brem. Oka B-003 jsou namontov\u00e1na pomoc\u00ed sva\u0159ovan\u00e9ho spoje.<\/p>\n<p>N\u00e1boje jsou vyr\u00e1b\u011bny s mont\u00e1\u017en\u00edmi z\u00e1vity: metrick\u00fdmi podle GOST 24705, trubkov\u00fdmi v\u00e1lcov\u00fdmi podle GOST 6357 a ku\u017eelov\u00fdmi palcov\u00fdmi podle GOST 6111. Mont\u00e1\u017en\u00ed z\u00e1vity lze na p\u0159\u00e1n\u00ed z\u00e1kazn\u00edka vyrobit podle jin\u00fdch norem.<\/p>\n<p>Oka B-003 jsou vyrobena z oceli 12X18H10T v souladu s ocel\u00ed GOST 5632 nebo St3. Na p\u0159\u00e1n\u00ed z\u00e1kazn\u00edka je mo\u017en\u00e9 vyrobit termometrick\u00e1 pouzdra z jin\u00fdch ocel\u00ed.<\/p>\n<p><strong>AISI 321 12\u042518\u041d10\u0422 08\u042518\u041d10\u0422\u00a0<\/strong>\u017d\u00e1ruvzdorn\u00e1, korozivzdorn\u00e1 a \u017e\u00e1ruvzdorn\u00e1 ocel austenitick\u00e9 t\u0159\u00eddy. M\u00e1 vysokou pevnost a odolnost. Pou\u017e\u00edv\u00e1 se p\u0159i teplot\u00e1ch do 600 \u00b0 \u0421 a ve vysoce agresivn\u00edm prost\u0159ed\u00ed do 350 \u00b0 \u0421.<br \/>\n<strong>AISI 304 08\u042518\u041d10\u00a0<\/strong>\u017d\u00e1ruvzdorn\u00e1, korozivzdorn\u00e1 austenitick\u00e1 ocel. Pou\u017e\u00edv\u00e1 se p\u0159i teplot\u00e1ch do 400 \u00b0 C v prost\u0159ed\u00edch st\u0159edn\u00ed aktivity.<br \/>\n<strong>AISI 316L 03\u042517\u041d14\u041c3\u00a0<\/strong>Korozivzdorn\u00e1 austenitick\u00e1 ocel. Pou\u017e\u00edv\u00e1 se p\u0159i teplot\u00e1ch do 450 \u00b0 C ve v\u011bt\u0161in\u011b agresivn\u00edch prost\u0159ed\u00ed.<br \/>\n<strong>AISI 316Ti 10\u042517\u041d13\u041c2\u0422\u00a0<\/strong>Korozivzdorn\u00e1 austenitick\u00e1 ocel. Pou\u017e\u00edv\u00e1 se p\u0159i teplot\u00e1ch do 600 \u00b0 C ve vysoce agresivn\u00edm prost\u0159ed\u00ed.<br \/>\n<strong>AISI 430 12X17\u00a0<\/strong>\u017d\u00e1ruvzdorn\u00e1, korozivzdorn\u00e1 feritick\u00e1 ocel. Pou\u017e\u00edv\u00e1 se p\u0159i teplot\u00e1ch do 400 \u00b0 C v m\u00edrn\u011b agresivn\u00edm prost\u0159ed\u00ed.<br \/>\n<strong>12X1MF\u00a0<\/strong>\u017d\u00e1ruvzdorn\u00fd, odoln\u00fd v\u016f\u010di dlouhodob\u00e9mu p\u016fsoben\u00ed vysok\u00fdch teplot, perlitov\u00e1 ocel. Pou\u017e\u00edv\u00e1 se p\u0159i teplot\u00e1ch do 600 \u00b0 C.<\/p>\n<p>\u0160\u00e9fov\u00e9 B-003 by m\u011bli pracovat p\u0159i provozn\u00edch tlac\u00edch a teplot\u00e1ch, kter\u00e9 by nem\u011bly p\u0159ekro\u010dit limity stanoven\u00e9 p\u0159\u00edslu\u0161n\u00fdmi pravidly a p\u0159edpisy st\u00e1tn\u00edho dozoru pro tyto materi\u00e1ly a provozn\u00ed podm\u00ednky.<\/p>\n<p>Instalace \u0161\u00e9f\u016f B-003 v za\u0159\u00edzen\u00ed se prov\u00e1d\u00ed v souladu s pokyny pro za\u0159\u00edzen\u00ed, na kter\u00e9m instalace prob\u00edh\u00e1. T\u011bsn\u00edc\u00ed t\u011bsn\u011bn\u00ed pro instalaci <a href=\"https:\/\/regmik.ua\/product-category\/sensors\/temperature-sensors\/\">TS<\/a> nen\u00ed sou\u010d\u00e1st\u00ed balen\u00ed.<\/p>\n<p>Konven\u010dn\u00ed ozna\u010den\u00ed Bobshek B-003 (pln\u00fd n\u00e1zev BPP-B-003) podle TUU26.5-32195027-008: 2016:<\/p>\n<h3>REGMIK BPP-B-003<\/h3>\n<p>Legenda:<br \/>\nL - d\u00e9lka mont\u00e1\u017en\u00ed \u010d\u00e1sti v\u00fdstupku, mm<br \/>\nL1 - d\u00e9lka p\u0159echodu, mm<br \/>\nD - vn\u011bj\u0161\u00ed pr\u016fm\u011br v\u00fdstupku, mm<br \/>\nD1 - pr\u016fm\u011br pro instalaci v\u00fdstupku<br \/>\nd - vnit\u0159n\u00ed pr\u016fm\u011br v\u00fdstupku, mm<br \/>\nM - typ z\u00e1vitu<br \/>\na - hloubka z\u00e1vitu nad\u0159\u00edzen\u00e9ho<\/p>\n<p>&nbsp;<\/p>\n<p>&nbsp;<\/p>","protected":false},"excerpt":{"rendered":"<p>\u0411\u043e\u0431\u044b\u0448\u043a\u0438 \u0411-003 \u043c\u043e\u043d\u0442\u0430\u0436\u043d\u044b\u0435 (\u043f\u043e\u043b\u043d\u043e\u0435 \u043d\u0430\u0438\u043c\u0435\u043d\u043e\u0432\u0430\u043d\u0438\u0435 \u0411\u041f\u041f-\u0411-003) \u043f\u0440\u0435\u0434\u043d\u0430\u0437\u043d\u0430\u0447\u0435\u043d\u044b \u0434\u043b\u044f \u0443\u0441\u0442\u0430\u043d\u043e\u0432\u043a\u0438 \u0442\u0435\u0440\u043c\u043e\u043c\u0435\u0442\u0440\u043e\u0432 \u0441\u043e\u043f\u0440\u043e\u0442\u0438\u0432\u043b\u0435\u043d\u0438\u044f (\u0422\u0421), \u043f\u0440\u0435\u043e\u0431\u0440\u0430\u0437\u043e\u0432\u0430\u0442\u0435\u043b\u0435\u0439 \u0442\u0435\u0440\u043c\u043e\u044d\u043b\u0435\u043a\u0442\u0440\u0438\u0447\u0435\u0441\u043a\u0438\u0445 (\u041f\u0422) \u0438 \u0433\u0438\u043b\u044c\u0437 \u0437\u0430\u0449\u0438\u0442\u043d\u044b\u0445 \u043d\u0430 \u0442\u0435\u0440\u043c\u043e\u043c\u0435\u0442\u0440\u0438\u0440\u0443\u0435\u043c\u044b\u0445 \u043e\u0431\u044a\u0435\u043a\u0442\u0430\u0445. \u041c\u043e\u043d\u0442\u0430\u0436 \u0431\u043e\u0431\u044b\u0448\u0435\u043a \u0411-003 \u0432\u044b\u043f\u043e\u043b\u043d\u044f\u0435\u0442\u0441\u044f \u0441\u0432\u0430\u0440\u043d\u044b\u043c \u0441\u043e\u0435\u0434\u0438\u043d\u0435\u043d\u0438\u0435\u043c. \u0411\u043e\u0431\u044b\u0448\u043a\u0438 \u00a0\u0438\u0437\u0433\u043e\u0442\u0430\u0432\u043b\u0438\u0432\u0430\u044e\u0442\u0441\u044f \u0441 \u043c\u043e\u043d\u0442\u0430\u0436\u043d\u043e\u0439 \u0440\u0435\u0437\u044c\u0431\u043e\u0439: \u043c\u0435\u0442\u0440\u0438\u0447\u0435\u0441\u043a\u043e\u0439 \u043f\u043e \u0413\u041e\u0421\u0422 24705, \u0442\u0440\u0443\u0431\u043d\u043e\u0439 \u0446\u0438\u043b\u0438\u043d\u0434\u0440\u0438\u0447\u0435\u0441\u043a\u043e\u0439 \u043f\u043e \u0413\u041e\u0421\u0422 6357 \u0438 \u043a\u043e\u043d\u0438\u0447\u0435\u0441\u043a\u043e\u0439 \u0434\u044e\u0439\u043c\u043e\u0432\u043e\u0439 \u043f\u043e \u0413\u041e\u0421\u0422 6111. \u041c\u043e\u043d\u0442\u0430\u0436\u043d\u0430\u044f \u0440\u0435\u0437\u044c\u0431\u0430 \u043c\u043e\u0436\u0435\u0442 \u0431\u044b\u0442\u044c \u0432\u044b\u043f\u043e\u043b\u043d\u0435\u043d\u0430 \u043f\u043e \u0442\u0440\u0435\u0431\u043e\u0432\u0430\u043d\u0438\u044e \u0417\u0430\u043a\u0430\u0437\u0447\u0438\u043a\u0430 &hellip; <a href=\"https:\/\/regmik.ua\/cs\/product\/bobyishki-modifikatsiya-bpp-003\/\" class=\"more-link\">pokra\u010dovat ve \u010dten\u00ed <span class=\"screen-reader-text\">O\u010dka B-003<\/span><\/a><\/p>","protected":false},"featured_media":13974,"comment_status":"open","ping_status":"closed","template":"","meta":[],"product_brand":[],"product_cat":[467,38],"product_tag":[468,89,471],"class_list":{"0":"post-14013","1":"product","2":"type-product","3":"status-publish","4":"has-post-thumbnail","6":"product_cat-protective-fittings","7":"product_cat-sensors","8":"product_tag-bobyshka","9":"product_tag-datchik","10":"product_tag-zashhitnaya-armatura","11":"pa_execution-machined","12":"pa_inside-diameter-d-mm-450","13":"pa_length-l-mm-469","14":"pa_length-l-mm-458","15":"pa_material-12x18h10t","16":"pa_material-st3","17":"pa_the-outer-diameter-d-mm-445","20":"instock","21":"shipping-taxable","22":"purchasable","23":"product-type-variable","24":"has-default-attributes"},"yoast_head":"<title>\u0411\u043e\u0431\u044b\u0448\u043a\u0438 \u0411-003 &#8211; \u0420\u0415\u0413\u041c\u0406\u041a, \u041d\u0412\u0424, \u041f\u041f (\u0418\u0437\u0433\u043e\u0442\u043e\u0432\u043b\u0435\u043d\u043e \u0432 \u0423\u043a\u0440\u0430\u0438\u043d\u0435)<\/title>\n<meta name=\"description\" content=\"\u0411\u043e\u0431\u044b\u0448\u043a\u0438 \u00a0\u0411\u041f\u041f-003 \u043c\u043e\u043d\u0442\u0430\u0436\u043d\u044b\u0435 \u043f\u0440\u0435\u0434\u043d\u0430\u0437\u043d\u0430\u0447\u0435\u043d\u044b \u0434\u043b\u044f \u0443\u0441\u0442\u0430\u043d\u043e\u0432\u043a\u0438 \u0442\u0435\u0440\u043c\u043e\u043c\u0435\u0442\u0440\u043e\u0432 \u0441\u043e\u043f\u0440\u043e\u0442\u0438\u0432\u043b\u0435\u043d\u0438\u044f , \u043f\u0440\u0435\u043e\u0431\u0440\u0430\u0437\u043e\u0432\u0430\u0442\u0435\u043b\u0435\u0439 \u0442\u0435\u0440\u043c\u043e\u044d\u043b\u0435\u043a\u0442\u0440\u0438\u0447\u0435\u0441\u043a\u0438\u0445 \u0438 \u0433\u0438\u043b\u044c\u0437 \u0437\u0430\u0449\u0438\u0442\u043d\u044b\u0445.\" \/>\n<meta name=\"robots\" content=\"index, follow, max-snippet:-1, max-image-preview:large, max-video-preview:-1\" \/>\n<link rel=\"canonical\" href=\"https:\/\/regmik.ua\/cs\/produkt\/bobyishki-modifikatsiya-bpp-003\/\" \/>\n<script type=\"application\/ld+json\" class=\"yoast-schema-graph\">{\"@context\":\"https:\\\/\\\/schema.org\",\"@graph\":[{\"@type\":\"WebPage\",\"@id\":\"https:\\\/\\\/regmik.ua\\\/product\\\/bobyishki-modifikatsiya-bpp-003\\\/\",\"url\":\"https:\\\/\\\/regmik.ua\\\/product\\\/bobyishki-modifikatsiya-bpp-003\\\/\",\"name\":\"\u0411\u043e\u0431\u044b\u0448\u043a\u0438 \u0411-003 &#8211; \u0420\u0415\u0413\u041c\u0406\u041a, \u041d\u0412\u0424, \u041f\u041f (\u0418\u0437\u0433\u043e\u0442\u043e\u0432\u043b\u0435\u043d\u043e \u0432 \u0423\u043a\u0440\u0430\u0438\u043d\u0435)\",\"isPartOf\":{\"@id\":\"https:\\\/\\\/regmik.ua\\\/uk\\\/#website\"},\"primaryImageOfPage\":{\"@id\":\"https:\\\/\\\/regmik.ua\\\/product\\\/bobyishki-modifikatsiya-bpp-003\\\/#primaryimage\"},\"image\":{\"@id\":\"https:\\\/\\\/regmik.ua\\\/product\\\/bobyishki-modifikatsiya-bpp-003\\\/#primaryimage\"},\"thumbnailUrl\":\"https:\\\/\\\/regmik.ua\\\/wp-content\\\/uploads\\\/2015\\\/08\\\/B003.png\",\"datePublished\":\"2016-10-13T08:43:53+00:00\",\"dateModified\":\"2020-10-06T08:34:34+00:00\",\"description\":\"\u0411\u043e\u0431\u044b\u0448\u043a\u0438 \u00a0\u0411\u041f\u041f-003 \u043c\u043e\u043d\u0442\u0430\u0436\u043d\u044b\u0435 \u043f\u0440\u0435\u0434\u043d\u0430\u0437\u043d\u0430\u0447\u0435\u043d\u044b \u0434\u043b\u044f \u0443\u0441\u0442\u0430\u043d\u043e\u0432\u043a\u0438 \u0442\u0435\u0440\u043c\u043e\u043c\u0435\u0442\u0440\u043e\u0432 \u0441\u043e\u043f\u0440\u043e\u0442\u0438\u0432\u043b\u0435\u043d\u0438\u044f , \u043f\u0440\u0435\u043e\u0431\u0440\u0430\u0437\u043e\u0432\u0430\u0442\u0435\u043b\u0435\u0439 \u0442\u0435\u0440\u043c\u043e\u044d\u043b\u0435\u043a\u0442\u0440\u0438\u0447\u0435\u0441\u043a\u0438\u0445 \u0438 \u0433\u0438\u043b\u044c\u0437 \u0437\u0430\u0449\u0438\u0442\u043d\u044b\u0445.\",\"breadcrumb\":{\"@id\":\"https:\\\/\\\/regmik.ua\\\/product\\\/bobyishki-modifikatsiya-bpp-003\\\/#breadcrumb\"},\"inLanguage\":\"cs\",\"potentialAction\":[{\"@type\":\"ReadAction\",\"target\":[\"https:\\\/\\\/regmik.ua\\\/product\\\/bobyishki-modifikatsiya-bpp-003\\\/\"]}]},{\"@type\":\"ImageObject\",\"inLanguage\":\"cs\",\"@id\":\"https:\\\/\\\/regmik.ua\\\/product\\\/bobyishki-modifikatsiya-bpp-003\\\/#primaryimage\",\"url\":\"https:\\\/\\\/regmik.ua\\\/wp-content\\\/uploads\\\/2015\\\/08\\\/B003.png\",\"contentUrl\":\"https:\\\/\\\/regmik.ua\\\/wp-content\\\/uploads\\\/2015\\\/08\\\/B003.png\",\"width\":800,\"height\":1024,\"caption\":\"\u0411\u043e\u0431\u044b\u0448\u043a\u0438 \u043c\u043e\u043d\u0442\u0430\u0436\u043d\u044b\u0435 \u0411-003\"},{\"@type\":\"BreadcrumbList\",\"@id\":\"https:\\\/\\\/regmik.ua\\\/product\\\/bobyishki-modifikatsiya-bpp-003\\\/#breadcrumb\",\"itemListElement\":[{\"@type\":\"ListItem\",\"position\":1,\"name\":\"\u0413\u043b\u0430\u0432\u043d\u0430\u044f \u0441\u0442\u0440\u0430\u043d\u0438\u0446\u0430\",\"item\":\"https:\\\/\\\/regmik.ua\\\/\"},{\"@type\":\"ListItem\",\"position\":2,\"name\":\"\u041f\u0440\u043e\u0434\u0443\u043a\u0446\u0438\u044f\",\"item\":\"https:\\\/\\\/regmik.ua\\\/uk\\\/products\\\/\"},{\"@type\":\"ListItem\",\"position\":3,\"name\":\"\u0411\u043e\u0431\u044b\u0448\u043a\u0438 \u0411-003\"}]},{\"@type\":\"WebSite\",\"@id\":\"https:\\\/\\\/regmik.ua\\\/uk\\\/#website\",\"url\":\"https:\\\/\\\/regmik.ua\\\/uk\\\/\",\"name\":\"REGMIK\",\"description\":\"\u0418\u0437\u043c\u0435\u0440\u0438\u0442\u0435\u043b\u044c\u043d\u044b\u0435 \u043f\u0440\u0438\u0431\u043e\u0440\u044b \u0438 \u0434\u0430\u0442\u0447\u0438\u043a\u0438 \u0442\u0435\u043c\u043f\u0435\u0440\u0430\u0442\u0443\u0440\u044b\",\"publisher\":{\"@id\":\"https:\\\/\\\/regmik.ua\\\/uk\\\/#organization\"},\"alternateName\":\"REGMIK\",\"potentialAction\":[{\"@type\":\"SearchAction\",\"target\":{\"@type\":\"EntryPoint\",\"urlTemplate\":\"https:\\\/\\\/regmik.ua\\\/uk\\\/?s={search_term_string}\"},\"query-input\":{\"@type\":\"PropertyValueSpecification\",\"valueRequired\":true,\"valueName\":\"search_term_string\"}}],\"inLanguage\":\"cs\"},{\"@type\":\"Organization\",\"@id\":\"https:\\\/\\\/regmik.ua\\\/uk\\\/#organization\",\"name\":\"REGMIK\",\"alternateName\":\"\u0420\u0415\u0413\u041c\u0418\u041a\",\"url\":\"https:\\\/\\\/regmik.ua\\\/uk\\\/\",\"logo\":{\"@type\":\"ImageObject\",\"inLanguage\":\"cs\",\"@id\":\"https:\\\/\\\/regmik.ua\\\/uk\\\/#\\\/schema\\\/logo\\\/image\\\/\",\"url\":\"https:\\\/\\\/regmik.ua\\\/wp-content\\\/uploads\\\/2020\\\/03\\\/regmik_logo.png\",\"contentUrl\":\"https:\\\/\\\/regmik.ua\\\/wp-content\\\/uploads\\\/2020\\\/03\\\/regmik_logo.png\",\"width\":194,\"height\":45,\"caption\":\"REGMIK\"},\"image\":{\"@id\":\"https:\\\/\\\/regmik.ua\\\/uk\\\/#\\\/schema\\\/logo\\\/image\\\/\"},\"sameAs\":[\"https:\\\/\\\/www.facebook.com\\\/regmik.npf\",\"https:\\\/\\\/x.com\\\/regmiknpf\",\"https:\\\/\\\/www.youtube.com\\\/channel\\\/UC_SrY98SKAmR3Kt95GcVKcw\"]}]}<\/script>","yoast_head_json":{"title":"\u0411\u043e\u0431\u044b\u0448\u043a\u0438 \u0411-003 &#8211; \u0420\u0415\u0413\u041c\u0406\u041a, \u041d\u0412\u0424, \u041f\u041f (\u0418\u0437\u0433\u043e\u0442\u043e\u0432\u043b\u0435\u043d\u043e \u0432 \u0423\u043a\u0440\u0430\u0438\u043d\u0435)","description":"Mont\u00e1\u017en\u00ed v\u00fdstupky BPP-003 jsou ur\u010deny k instalaci odporov\u00fdch teplom\u011br\u016f, termoelektrick\u00fdch m\u011bni\u010d\u016f a ochrann\u00fdch pouzder.","robots":{"index":"index","follow":"follow","max-snippet":"max-snippet:-1","max-image-preview":"max-image-preview:large","max-video-preview":"max-video-preview:-1"},"canonical":"https:\/\/regmik.ua\/cs\/produkt\/bobyishki-modifikatsiya-bpp-003\/","schema":{"@context":"https:\/\/schema.org","@graph":[{"@type":"WebPage","@id":"https:\/\/regmik.ua\/product\/bobyishki-modifikatsiya-bpp-003\/","url":"https:\/\/regmik.ua\/product\/bobyishki-modifikatsiya-bpp-003\/","name":"\u0411\u043e\u0431\u044b\u0448\u043a\u0438 \u0411-003 &#8211; \u0420\u0415\u0413\u041c\u0406\u041a, \u041d\u0412\u0424, \u041f\u041f (\u0418\u0437\u0433\u043e\u0442\u043e\u0432\u043b\u0435\u043d\u043e \u0432 \u0423\u043a\u0440\u0430\u0438\u043d\u0435)","isPartOf":{"@id":"https:\/\/regmik.ua\/uk\/#website"},"primaryImageOfPage":{"@id":"https:\/\/regmik.ua\/product\/bobyishki-modifikatsiya-bpp-003\/#primaryimage"},"image":{"@id":"https:\/\/regmik.ua\/product\/bobyishki-modifikatsiya-bpp-003\/#primaryimage"},"thumbnailUrl":"https:\/\/regmik.ua\/wp-content\/uploads\/2015\/08\/B003.png","datePublished":"2016-10-13T08:43:53+00:00","dateModified":"2020-10-06T08:34:34+00:00","description":"Mont\u00e1\u017en\u00ed v\u00fdstupky BPP-003 jsou ur\u010deny k instalaci odporov\u00fdch teplom\u011br\u016f, termoelektrick\u00fdch m\u011bni\u010d\u016f a ochrann\u00fdch pouzder.","breadcrumb":{"@id":"https:\/\/regmik.ua\/product\/bobyishki-modifikatsiya-bpp-003\/#breadcrumb"},"inLanguage":"cs","potentialAction":[{"@type":"ReadAction","target":["https:\/\/regmik.ua\/product\/bobyishki-modifikatsiya-bpp-003\/"]}]},{"@type":"ImageObject","inLanguage":"cs","@id":"https:\/\/regmik.ua\/product\/bobyishki-modifikatsiya-bpp-003\/#primaryimage","url":"https:\/\/regmik.ua\/wp-content\/uploads\/2015\/08\/B003.png","contentUrl":"https:\/\/regmik.ua\/wp-content\/uploads\/2015\/08\/B003.png","width":800,"height":1024,"caption":"\u0411\u043e\u0431\u044b\u0448\u043a\u0438 \u043c\u043e\u043d\u0442\u0430\u0436\u043d\u044b\u0435 \u0411-003"},{"@type":"BreadcrumbList","@id":"https:\/\/regmik.ua\/product\/bobyishki-modifikatsiya-bpp-003\/#breadcrumb","itemListElement":[{"@type":"ListItem","position":1,"name":"\u0413\u043b\u0430\u0432\u043d\u0430\u044f \u0441\u0442\u0440\u0430\u043d\u0438\u0446\u0430","item":"https:\/\/regmik.ua\/"},{"@type":"ListItem","position":2,"name":"\u041f\u0440\u043e\u0434\u0443\u043a\u0446\u0438\u044f","item":"https:\/\/regmik.ua\/uk\/products\/"},{"@type":"ListItem","position":3,"name":"\u0411\u043e\u0431\u044b\u0448\u043a\u0438 \u0411-003"}]},{"@type":"WebSite","@id":"https:\/\/regmik.ua\/uk\/#website","url":"https:\/\/regmik.ua\/uk\/","name":"REGMIK","description":"M\u011b\u0159ic\u00ed p\u0159\u00edstroje a sn\u00edma\u010de teploty","publisher":{"@id":"https:\/\/regmik.ua\/uk\/#organization"},"alternateName":"REGMIK","potentialAction":[{"@type":"SearchAction","target":{"@type":"EntryPoint","urlTemplate":"https:\/\/regmik.ua\/uk\/?s={search_term_string}"},"query-input":{"@type":"PropertyValueSpecification","valueRequired":true,"valueName":"search_term_string"}}],"inLanguage":"cs"},{"@type":"Organization","@id":"https:\/\/regmik.ua\/uk\/#organization","name":"REGMIK","alternateName":"\u0420\u0415\u0413\u041c\u0418\u041a","url":"https:\/\/regmik.ua\/uk\/","logo":{"@type":"ImageObject","inLanguage":"cs","@id":"https:\/\/regmik.ua\/uk\/#\/schema\/logo\/image\/","url":"https:\/\/regmik.ua\/wp-content\/uploads\/2020\/03\/regmik_logo.png","contentUrl":"https:\/\/regmik.ua\/wp-content\/uploads\/2020\/03\/regmik_logo.png","width":194,"height":45,"caption":"REGMIK"},"image":{"@id":"https:\/\/regmik.ua\/uk\/#\/schema\/logo\/image\/"},"sameAs":["https:\/\/www.facebook.com\/regmik.npf","https:\/\/x.com\/regmiknpf","https:\/\/www.youtube.com\/channel\/UC_SrY98SKAmR3Kt95GcVKcw"]}]}},"_links":{"self":[{"href":"https:\/\/regmik.ua\/cs\/wp-json\/wp\/v2\/product\/14013","targetHints":{"allow":["GET"]}}],"collection":[{"href":"https:\/\/regmik.ua\/cs\/wp-json\/wp\/v2\/product"}],"about":[{"href":"https:\/\/regmik.ua\/cs\/wp-json\/wp\/v2\/types\/product"}],"replies":[{"embeddable":true,"href":"https:\/\/regmik.ua\/cs\/wp-json\/wp\/v2\/comments?post=14013"}],"version-history":[{"count":0,"href":"https:\/\/regmik.ua\/cs\/wp-json\/wp\/v2\/product\/14013\/revisions"}],"wp:featuredmedia":[{"embeddable":true,"href":"https:\/\/regmik.ua\/cs\/wp-json\/wp\/v2\/media\/13974"}],"wp:attachment":[{"href":"https:\/\/regmik.ua\/cs\/wp-json\/wp\/v2\/media?parent=14013"}],"wp:term":[{"taxonomy":"product_brand","embeddable":true,"href":"https:\/\/regmik.ua\/cs\/wp-json\/wp\/v2\/product_brand?post=14013"},{"taxonomy":"product_cat","embeddable":true,"href":"https:\/\/regmik.ua\/cs\/wp-json\/wp\/v2\/product_cat?post=14013"},{"taxonomy":"product_tag","embeddable":true,"href":"https:\/\/regmik.ua\/cs\/wp-json\/wp\/v2\/product_tag?post=14013"}],"curies":[{"name":"wp","href":"https:\/\/api.w.org\/{rel}","templated":true}]}}