{"id":14000,"date":"2016-10-12T08:33:17","date_gmt":"2016-10-12T05:33:17","guid":{"rendered":"http:\/\/test.regmik.com.ua\/index.php\/product\/bobyishki-modifikatsiya-001\/"},"modified":"2022-05-31T06:32:59","modified_gmt":"2022-05-31T03:32:59","slug":"bayonet-adapter","status":"publish","type":"product","link":"https:\/\/regmik.ua\/cs\/product\/bayonet-adapter\/","title":{"rendered":"Mont\u00e1\u017en\u00ed oka B-001, B-002, B-003, B-004, B-005"},"content":{"rendered":"<p>Mont\u00e1\u017en\u00ed oka B-001, B-002, B-003, B-004, B-005 jsou ur\u010dena pro mont\u00e1\u017e odporov\u00fdch teplom\u011br\u016f (<a href=\"https:\/\/regmik.ua\/product-category\/sensors\/temperature-sensors\/\">TS<\/a>), termoelektrick\u00e9 p\u0159evodn\u00edky (<a href=\"https:\/\/regmik.ua\/product-category\/sensors\/temperature-sensors\/\">PT<\/a>) a <a href=\"https:\/\/regmik.ua\/?product_cat=&amp;s=%D0%B3%D0%B8%D0%BB%D1%8C%D0%B7%D1%8B&amp;post_type=product\">ochrann\u00e9 ruk\u00e1vy<\/a>... Mont\u00e1\u017e n\u00e1litk\u016f B-001, B-002, B-003 se prov\u00e1d\u00ed svarov\u00fdm spojem a B-004, B-005 - pomoc\u00ed z\u00e1vitov\u00e9ho spoje.<\/p>\n<p class=\"base title\">Mont\u00e1\u017en\u00ed o\u010dka B-004, B-005 jsou sou\u010d\u00e1st\u00ed bajonetov\u00e9ho spojen\u00ed (<a href=\"https:\/\/en.wikipedia.org\/wiki\/Bayonet_mount\">bajonetov\u00e1 z\u00e1suvka,<\/a> bajonetov\u00fd adapt\u00e9r, bajonetov\u00e9 uchycen\u00ed).<\/p>\n<p>N\u00e1boje jsou vyr\u00e1b\u011bny s mont\u00e1\u017en\u00edmi z\u00e1vity: metrick\u00fdmi podle GOST 24705, trubkov\u00fdmi v\u00e1lcov\u00fdmi podle GOST 6357 a ku\u017eelov\u00fdmi palcov\u00fdmi podle GOST 6111. Mont\u00e1\u017en\u00ed z\u00e1vity lze na p\u0159\u00e1n\u00ed z\u00e1kazn\u00edka vyrobit podle jin\u00fdch norem.<\/p>\n<p>Mont\u00e1\u017en\u00ed n\u00e1litky B-xxx jsou vyrobeny z oceli 12X18H10T v souladu s GOST 5632 nebo oceli St3. Na p\u0159\u00e1n\u00ed z\u00e1kazn\u00edka je mo\u017en\u00e9 vyrobit termometrick\u00e9 man\u017eety z jin\u00fdch ocel\u00ed.<\/p>\n<p><strong>AISI 321 12\u042518\u041d10\u0422 08\u042518\u041d10\u0422\u00a0<\/strong>\u017d\u00e1ruvzdorn\u00e1, korozivzdorn\u00e1 a \u017e\u00e1ruvzdorn\u00e1 ocel austenitick\u00e9 t\u0159\u00eddy. M\u00e1 vysokou pevnost a odolnost. Pou\u017e\u00edv\u00e1 se p\u0159i teplot\u00e1ch do 600 \u00b0 \u0421 a ve vysoce agresivn\u00edm prost\u0159ed\u00ed do 350 \u00b0 \u0421.<br \/>\n<strong>AISI 304 08\u042518\u041d10\u00a0<\/strong>\u017d\u00e1ruvzdorn\u00e1, korozivzdorn\u00e1 austenitick\u00e1 ocel. Pou\u017e\u00edv\u00e1 se p\u0159i teplot\u00e1ch do 400 \u00b0 C v prost\u0159ed\u00edch st\u0159edn\u00ed aktivity.<br \/>\n<strong>AISI 316L 03\u042517\u041d14\u041c3\u00a0<\/strong>Korozivzdorn\u00e1 austenitick\u00e1 ocel. Pou\u017e\u00edv\u00e1 se p\u0159i teplot\u00e1ch do 450 \u00b0 C ve v\u011bt\u0161in\u011b agresivn\u00edch prost\u0159ed\u00ed.<br \/>\n<strong>AISI 316Ti 10\u042517\u041d13\u041c2\u0422\u00a0<\/strong>Korozivzdorn\u00e1 austenitick\u00e1 ocel. Pou\u017e\u00edv\u00e1 se p\u0159i teplot\u00e1ch do 600 \u00b0 C ve vysoce agresivn\u00edm prost\u0159ed\u00ed.<br \/>\n<strong>AISI 430 12X17\u00a0<\/strong>\u017d\u00e1ruvzdorn\u00e1, korozivzdorn\u00e1 feritick\u00e1 ocel. Pou\u017e\u00edv\u00e1 se p\u0159i teplot\u00e1ch do 400 \u00b0 C v m\u00edrn\u011b agresivn\u00edm prost\u0159ed\u00ed.<br \/>\n<strong>12X1MF\u00a0<\/strong>\u017d\u00e1ruvzdorn\u00fd, odoln\u00fd v\u016f\u010di dlouhodob\u00e9mu p\u016fsoben\u00ed vysok\u00fdch teplot, perlitov\u00e1 ocel. Pou\u017e\u00edv\u00e1 se p\u0159i teplot\u00e1ch do 600 \u00b0 C.<\/p>\n<p>N\u00e1stavce B-xxx by m\u011bly b\u00fdt provozov\u00e1ny p\u0159i provozn\u00edch tlac\u00edch a teplot\u00e1ch, kter\u00e9 by nem\u011bly p\u0159ekra\u010dovat limity stanoven\u00e9 p\u0159\u00edslu\u0161n\u00fdmi pravidly a p\u0159edpisy st\u00e1tn\u00edho dozoru pro tyto materi\u00e1ly a provozn\u00ed podm\u00ednky.<\/p>\n<p>Instalace n\u00e1stavc\u016f B-xxx na provozovn\u011b se prov\u00e1d\u00ed v souladu s pokyny pro za\u0159\u00edzen\u00ed, na kter\u00e9 se instalace prov\u00e1d\u00ed. T\u011bsn\u00edc\u00ed t\u011bsn\u011bn\u00ed pro instalaci <a href=\"https:\/\/regmik.ua\/product-category\/sensors\/temperature-sensors\/\">TS<\/a> nen\u00ed sou\u010d\u00e1st\u00ed balen\u00ed.<\/p>\n<p>Konven\u010dn\u00ed ozna\u010den\u00ed Bobshek B-001 (cel\u00fd n\u00e1zev BPP-B-001) podle TU U26.5-32195027-008: 2016:<\/p>\n<div class=\"page\" title=\"Strana 7\">\n<div class=\"layoutArea\">\n<div class=\"column\">\n<p><strong>Mont\u00e1\u017en\u00ed n\u00e1litky REGMIK BPP-B-001.DdLM<\/strong><\/p>\n<\/div>\n<\/div>\n<\/div>\n<p>L - d\u00e9lka mont\u00e1\u017en\u00ed \u010d\u00e1sti v\u00fdstupku, mm<br \/>\nD - vn\u011bj\u0161\u00ed pr\u016fm\u011br v\u00fdstupku, mm<br \/>\nd - vnit\u0159n\u00ed pr\u016fm\u011br v\u00fdstupku, mm<br \/>\nM - typ z\u00e1vitu<br \/>\na - hloubka z\u00e1vitu nad\u0159\u00edzen\u00e9ho<\/p>","protected":false},"excerpt":{"rendered":"<p>Mont\u00e1\u017en\u00ed n\u00e1litky B-001, B-002, B-003, B-004, B-005 jsou ur\u010deny pro mont\u00e1\u017e odporov\u00fdch teplom\u011br\u016f, termoelektrick\u00fdch p\u0159evodn\u00edk\u016f a ochrann\u00fdch obj\u00edmek.<\/p>","protected":false},"featured_media":13972,"comment_status":"open","ping_status":"closed","template":"","meta":[],"product_brand":[],"product_cat":[467,38],"product_tag":[468,89,471],"class_list":{"0":"post-14000","1":"product","2":"type-product","3":"status-publish","4":"has-post-thumbnail","6":"product_cat-protective-fittings","7":"product_cat-sensors","8":"product_tag-bobyshka","9":"product_tag-datchik","10":"product_tag-zashhitnaya-armatura","13":"instock","14":"shipping-taxable","15":"purchasable","16":"product-type-simple"},"yoast_head":"<title>\u0411\u043e\u0431\u044b\u0448\u043a\u0438 \u043c\u043e\u043d\u0442\u0430\u0436\u043d\u044b\u0435 \u0411-001, \u0411-002, \u0411-003, \u0411-004, \u0411-005 &#8211; \u0420\u0415\u0413\u041c\u0406\u041a, \u041d\u0412\u0424, \u041f\u041f<\/title>\n<meta name=\"description\" content=\"\u0411\u043e\u0431\u044b\u0448\u043a\u0438 \u043c\u043e\u043d\u0442\u0430\u0436\u043d\u044b\u0435 \u043f\u0440\u0435\u0434\u043d\u0430\u0437\u043d\u0430\u0447\u0435\u043d\u044b \u0434\u043b\u044f \u0443\u0441\u0442\u0430\u043d\u043e\u0432\u043a\u0438 \u0442\u0435\u0440\u043c\u043e\u043c\u0435\u0442\u0440\u043e\u0432 \u0441\u043e\u043f\u0440\u043e\u0442\u0438\u0432\u043b\u0435\u043d\u0438\u044f , \u043f\u0440\u0435\u043e\u0431\u0440\u0430\u0437\u043e\u0432\u0430\u0442\u0435\u043b\u0435\u0439 \u0442\u0435\u0440\u043c\u043e\u044d\u043b\u0435\u043a\u0442\u0440\u0438\u0447\u0435\u0441\u043a\u0438\u0445 \u0438 \u0433\u0438\u043b\u044c\u0437 \u0437\u0430\u0449\u0438\u0442\u043d\u044b\u0445\" \/>\n<meta name=\"robots\" content=\"index, follow, max-snippet:-1, max-image-preview:large, max-video-preview:-1\" \/>\n<link rel=\"canonical\" href=\"https:\/\/regmik.ua\/cs\/produkt\/bayonet-adapter\/\" \/>\n<script type=\"application\/ld+json\" class=\"yoast-schema-graph\">{\"@context\":\"https:\\\/\\\/schema.org\",\"@graph\":[{\"@type\":\"WebPage\",\"@id\":\"https:\\\/\\\/regmik.ua\\\/product\\\/bayonet-adapter\\\/\",\"url\":\"https:\\\/\\\/regmik.ua\\\/product\\\/bayonet-adapter\\\/\",\"name\":\"\u0411\u043e\u0431\u044b\u0448\u043a\u0438 \u043c\u043e\u043d\u0442\u0430\u0436\u043d\u044b\u0435 \u0411-001, \u0411-002, \u0411-003, \u0411-004, \u0411-005 &#8211; \u0420\u0415\u0413\u041c\u0406\u041a, \u041d\u0412\u0424, \u041f\u041f\",\"isPartOf\":{\"@id\":\"https:\\\/\\\/regmik.ua\\\/uk\\\/#website\"},\"primaryImageOfPage\":{\"@id\":\"https:\\\/\\\/regmik.ua\\\/product\\\/bayonet-adapter\\\/#primaryimage\"},\"image\":{\"@id\":\"https:\\\/\\\/regmik.ua\\\/product\\\/bayonet-adapter\\\/#primaryimage\"},\"thumbnailUrl\":\"https:\\\/\\\/regmik.ua\\\/wp-content\\\/uploads\\\/2015\\\/08\\\/B001.png\",\"datePublished\":\"2016-10-12T05:33:17+00:00\",\"dateModified\":\"2022-05-31T03:32:59+00:00\",\"description\":\"\u0411\u043e\u0431\u044b\u0448\u043a\u0438 \u043c\u043e\u043d\u0442\u0430\u0436\u043d\u044b\u0435 \u043f\u0440\u0435\u0434\u043d\u0430\u0437\u043d\u0430\u0447\u0435\u043d\u044b \u0434\u043b\u044f \u0443\u0441\u0442\u0430\u043d\u043e\u0432\u043a\u0438 \u0442\u0435\u0440\u043c\u043e\u043c\u0435\u0442\u0440\u043e\u0432 \u0441\u043e\u043f\u0440\u043e\u0442\u0438\u0432\u043b\u0435\u043d\u0438\u044f , \u043f\u0440\u0435\u043e\u0431\u0440\u0430\u0437\u043e\u0432\u0430\u0442\u0435\u043b\u0435\u0439 \u0442\u0435\u0440\u043c\u043e\u044d\u043b\u0435\u043a\u0442\u0440\u0438\u0447\u0435\u0441\u043a\u0438\u0445 \u0438 \u0433\u0438\u043b\u044c\u0437 \u0437\u0430\u0449\u0438\u0442\u043d\u044b\u0445\",\"breadcrumb\":{\"@id\":\"https:\\\/\\\/regmik.ua\\\/product\\\/bayonet-adapter\\\/#breadcrumb\"},\"inLanguage\":\"cs\",\"potentialAction\":[{\"@type\":\"ReadAction\",\"target\":[\"https:\\\/\\\/regmik.ua\\\/product\\\/bayonet-adapter\\\/\"]}]},{\"@type\":\"ImageObject\",\"inLanguage\":\"cs\",\"@id\":\"https:\\\/\\\/regmik.ua\\\/product\\\/bayonet-adapter\\\/#primaryimage\",\"url\":\"https:\\\/\\\/regmik.ua\\\/wp-content\\\/uploads\\\/2015\\\/08\\\/B001.png\",\"contentUrl\":\"https:\\\/\\\/regmik.ua\\\/wp-content\\\/uploads\\\/2015\\\/08\\\/B001.png\",\"width\":800,\"height\":1024,\"caption\":\"\u0411\u043e\u0431\u044b\u0448\u043a\u0438 \u043c\u043e\u043d\u0442\u0430\u0436\u043d\u044b\u0435 \u0411-001\"},{\"@type\":\"BreadcrumbList\",\"@id\":\"https:\\\/\\\/regmik.ua\\\/product\\\/bayonet-adapter\\\/#breadcrumb\",\"itemListElement\":[{\"@type\":\"ListItem\",\"position\":1,\"name\":\"\u0413\u043b\u0430\u0432\u043d\u0430\u044f \u0441\u0442\u0440\u0430\u043d\u0438\u0446\u0430\",\"item\":\"https:\\\/\\\/regmik.ua\\\/\"},{\"@type\":\"ListItem\",\"position\":2,\"name\":\"\u041f\u0440\u043e\u0434\u0443\u043a\u0446\u0438\u044f\",\"item\":\"https:\\\/\\\/regmik.ua\\\/uk\\\/products\\\/\"},{\"@type\":\"ListItem\",\"position\":3,\"name\":\"\u0411\u043e\u0431\u044b\u0448\u043a\u0438 \u043c\u043e\u043d\u0442\u0430\u0436\u043d\u044b\u0435 \u0411-001, \u0411-002, \u0411-003, \u0411-004, \u0411-005\"}]},{\"@type\":\"WebSite\",\"@id\":\"https:\\\/\\\/regmik.ua\\\/uk\\\/#website\",\"url\":\"https:\\\/\\\/regmik.ua\\\/uk\\\/\",\"name\":\"REGMIK\",\"description\":\"\u0418\u0437\u043c\u0435\u0440\u0438\u0442\u0435\u043b\u044c\u043d\u044b\u0435 \u043f\u0440\u0438\u0431\u043e\u0440\u044b \u0438 \u0434\u0430\u0442\u0447\u0438\u043a\u0438 \u0442\u0435\u043c\u043f\u0435\u0440\u0430\u0442\u0443\u0440\u044b\",\"publisher\":{\"@id\":\"https:\\\/\\\/regmik.ua\\\/uk\\\/#organization\"},\"alternateName\":\"REGMIK\",\"potentialAction\":[{\"@type\":\"SearchAction\",\"target\":{\"@type\":\"EntryPoint\",\"urlTemplate\":\"https:\\\/\\\/regmik.ua\\\/uk\\\/?s={search_term_string}\"},\"query-input\":{\"@type\":\"PropertyValueSpecification\",\"valueRequired\":true,\"valueName\":\"search_term_string\"}}],\"inLanguage\":\"cs\"},{\"@type\":\"Organization\",\"@id\":\"https:\\\/\\\/regmik.ua\\\/uk\\\/#organization\",\"name\":\"REGMIK\",\"alternateName\":\"\u0420\u0415\u0413\u041c\u0418\u041a\",\"url\":\"https:\\\/\\\/regmik.ua\\\/uk\\\/\",\"logo\":{\"@type\":\"ImageObject\",\"inLanguage\":\"cs\",\"@id\":\"https:\\\/\\\/regmik.ua\\\/uk\\\/#\\\/schema\\\/logo\\\/image\\\/\",\"url\":\"https:\\\/\\\/regmik.ua\\\/wp-content\\\/uploads\\\/2020\\\/03\\\/regmik_logo.png\",\"contentUrl\":\"https:\\\/\\\/regmik.ua\\\/wp-content\\\/uploads\\\/2020\\\/03\\\/regmik_logo.png\",\"width\":194,\"height\":45,\"caption\":\"REGMIK\"},\"image\":{\"@id\":\"https:\\\/\\\/regmik.ua\\\/uk\\\/#\\\/schema\\\/logo\\\/image\\\/\"},\"sameAs\":[\"https:\\\/\\\/www.facebook.com\\\/regmik.npf\",\"https:\\\/\\\/x.com\\\/regmiknpf\",\"https:\\\/\\\/www.youtube.com\\\/channel\\\/UC_SrY98SKAmR3Kt95GcVKcw\"]}]}<\/script>","yoast_head_json":{"title":"Mont\u00e1\u017en\u00ed n\u00e1stavce B-001, B-002, B-003, B-004, B-005 \u2013 REGMIK, NVF, PP","description":"Mont\u00e1\u017en\u00ed oka jsou ur\u010dena pro instalaci odporov\u00fdch teplom\u011br\u016f, termoelektrick\u00fdch p\u0159evodn\u00edk\u016f a ochrann\u00fdch obj\u00edmek","robots":{"index":"index","follow":"follow","max-snippet":"max-snippet:-1","max-image-preview":"max-image-preview:large","max-video-preview":"max-video-preview:-1"},"canonical":"https:\/\/regmik.ua\/cs\/produkt\/bayonet-adapter\/","schema":{"@context":"https:\/\/schema.org","@graph":[{"@type":"WebPage","@id":"https:\/\/regmik.ua\/product\/bayonet-adapter\/","url":"https:\/\/regmik.ua\/product\/bayonet-adapter\/","name":"Mont\u00e1\u017en\u00ed n\u00e1stavce B-001, B-002, B-003, B-004, B-005 \u2013 REGMIK, NVF, PP","isPartOf":{"@id":"https:\/\/regmik.ua\/uk\/#website"},"primaryImageOfPage":{"@id":"https:\/\/regmik.ua\/product\/bayonet-adapter\/#primaryimage"},"image":{"@id":"https:\/\/regmik.ua\/product\/bayonet-adapter\/#primaryimage"},"thumbnailUrl":"https:\/\/regmik.ua\/wp-content\/uploads\/2015\/08\/B001.png","datePublished":"2016-10-12T05:33:17+00:00","dateModified":"2022-05-31T03:32:59+00:00","description":"Mont\u00e1\u017en\u00ed oka jsou ur\u010dena pro instalaci odporov\u00fdch teplom\u011br\u016f, termoelektrick\u00fdch p\u0159evodn\u00edk\u016f a ochrann\u00fdch obj\u00edmek","breadcrumb":{"@id":"https:\/\/regmik.ua\/product\/bayonet-adapter\/#breadcrumb"},"inLanguage":"cs","potentialAction":[{"@type":"ReadAction","target":["https:\/\/regmik.ua\/product\/bayonet-adapter\/"]}]},{"@type":"ImageObject","inLanguage":"cs","@id":"https:\/\/regmik.ua\/product\/bayonet-adapter\/#primaryimage","url":"https:\/\/regmik.ua\/wp-content\/uploads\/2015\/08\/B001.png","contentUrl":"https:\/\/regmik.ua\/wp-content\/uploads\/2015\/08\/B001.png","width":800,"height":1024,"caption":"\u0411\u043e\u0431\u044b\u0448\u043a\u0438 \u043c\u043e\u043d\u0442\u0430\u0436\u043d\u044b\u0435 \u0411-001"},{"@type":"BreadcrumbList","@id":"https:\/\/regmik.ua\/product\/bayonet-adapter\/#breadcrumb","itemListElement":[{"@type":"ListItem","position":1,"name":"\u0413\u043b\u0430\u0432\u043d\u0430\u044f \u0441\u0442\u0440\u0430\u043d\u0438\u0446\u0430","item":"https:\/\/regmik.ua\/"},{"@type":"ListItem","position":2,"name":"\u041f\u0440\u043e\u0434\u0443\u043a\u0446\u0438\u044f","item":"https:\/\/regmik.ua\/uk\/products\/"},{"@type":"ListItem","position":3,"name":"\u0411\u043e\u0431\u044b\u0448\u043a\u0438 \u043c\u043e\u043d\u0442\u0430\u0436\u043d\u044b\u0435 \u0411-001, \u0411-002, \u0411-003, \u0411-004, \u0411-005"}]},{"@type":"WebSite","@id":"https:\/\/regmik.ua\/uk\/#website","url":"https:\/\/regmik.ua\/uk\/","name":"REGMIK","description":"M\u011b\u0159ic\u00ed p\u0159\u00edstroje a sn\u00edma\u010de teploty","publisher":{"@id":"https:\/\/regmik.ua\/uk\/#organization"},"alternateName":"REGMIK","potentialAction":[{"@type":"SearchAction","target":{"@type":"EntryPoint","urlTemplate":"https:\/\/regmik.ua\/uk\/?s={search_term_string}"},"query-input":{"@type":"PropertyValueSpecification","valueRequired":true,"valueName":"search_term_string"}}],"inLanguage":"cs"},{"@type":"Organization","@id":"https:\/\/regmik.ua\/uk\/#organization","name":"REGMIK","alternateName":"\u0420\u0415\u0413\u041c\u0418\u041a","url":"https:\/\/regmik.ua\/uk\/","logo":{"@type":"ImageObject","inLanguage":"cs","@id":"https:\/\/regmik.ua\/uk\/#\/schema\/logo\/image\/","url":"https:\/\/regmik.ua\/wp-content\/uploads\/2020\/03\/regmik_logo.png","contentUrl":"https:\/\/regmik.ua\/wp-content\/uploads\/2020\/03\/regmik_logo.png","width":194,"height":45,"caption":"REGMIK"},"image":{"@id":"https:\/\/regmik.ua\/uk\/#\/schema\/logo\/image\/"},"sameAs":["https:\/\/www.facebook.com\/regmik.npf","https:\/\/x.com\/regmiknpf","https:\/\/www.youtube.com\/channel\/UC_SrY98SKAmR3Kt95GcVKcw"]}]}},"_links":{"self":[{"href":"https:\/\/regmik.ua\/cs\/wp-json\/wp\/v2\/product\/14000","targetHints":{"allow":["GET"]}}],"collection":[{"href":"https:\/\/regmik.ua\/cs\/wp-json\/wp\/v2\/product"}],"about":[{"href":"https:\/\/regmik.ua\/cs\/wp-json\/wp\/v2\/types\/product"}],"replies":[{"embeddable":true,"href":"https:\/\/regmik.ua\/cs\/wp-json\/wp\/v2\/comments?post=14000"}],"version-history":[{"count":0,"href":"https:\/\/regmik.ua\/cs\/wp-json\/wp\/v2\/product\/14000\/revisions"}],"wp:featuredmedia":[{"embeddable":true,"href":"https:\/\/regmik.ua\/cs\/wp-json\/wp\/v2\/media\/13972"}],"wp:attachment":[{"href":"https:\/\/regmik.ua\/cs\/wp-json\/wp\/v2\/media?parent=14000"}],"wp:term":[{"taxonomy":"product_brand","embeddable":true,"href":"https:\/\/regmik.ua\/cs\/wp-json\/wp\/v2\/product_brand?post=14000"},{"taxonomy":"product_cat","embeddable":true,"href":"https:\/\/regmik.ua\/cs\/wp-json\/wp\/v2\/product_cat?post=14000"},{"taxonomy":"product_tag","embeddable":true,"href":"https:\/\/regmik.ua\/cs\/wp-json\/wp\/v2\/product_tag?post=14000"}],"curies":[{"name":"wp","href":"https:\/\/api.w.org\/{rel}","templated":true}]}}