{"id":13916,"date":"2016-10-07T11:49:28","date_gmt":"2016-10-07T09:49:28","guid":{"rendered":"http:\/\/test.regmik.com.ua\/index.php\/product\/datchiki-temperaturyi-modifikatsiya-302\/"},"modified":"2020-10-07T16:10:10","modified_gmt":"2020-10-07T13:10:10","slug":"datchiki-temperatury-vozduha-302","status":"publish","type":"product","link":"https:\/\/regmik.ua\/cs\/product\/datchiki-temperatury-vozduha-302\/","title":{"rendered":"\u010cidla teploty vzduchu 302"},"content":{"rendered":"<p><a href=\"http:\/\/regmik.ua\/product-category\/sensors\/temperature-sensors\/\">Teplotn\u00ed senzory<\/a> air 302 group 3 jsou ur\u010deny k m\u011b\u0159en\u00ed povrchov\u00e9 teploty pevn\u00fdch l\u00e1tek v r\u016fzn\u00fdch pr\u016fmyslov\u00fdch odv\u011btv\u00edch. Maj\u00ed mal\u00e9 rozm\u011bry, zlep\u0161enou tepelnou setrva\u010dnost, nevy\u017eaduj\u00ed p\u0159i instalaci na m\u00edst\u011b slo\u017eit\u00e9 instala\u010dn\u00ed pr\u00e1ce.<\/p>\n<p>Teplota je nejb\u011b\u017en\u011bj\u0161\u00edm m\u011b\u0159en\u00fdm parametrem a p\u0159eh\u0159\u00e1t\u00ed je jedn\u00edm z nejv\u00edce negativn\u00edch faktor\u016f p\u0159i provozu za\u0159\u00edzen\u00ed, proto existuje obrovsk\u00e9 mno\u017estv\u00ed zp\u016fsob\u016f a m\u00edst pou\u017eit\u00ed teplotn\u00edch \u010didel.<\/p>\n<p>Princip \u010dinnosti odporov\u00fdch termo\u010dl\u00e1nk\u016f je zalo\u017een na zm\u011bn\u011b elektrick\u00e9ho odporu vodi\u010d\u016f a polovodi\u010d\u016f v z\u00e1vislosti na teplot\u011b. Materi\u00e1l, ze kter\u00e9ho je takov\u00fd sn\u00edma\u010d vyroben, by m\u011bl m\u00edt vysok\u00fd teplotn\u00ed koeficient odporu, mo\u017en\u00e1 line\u00e1rn\u00ed z\u00e1vislost odporu na teplot\u011b, dobrou reprodukovatelnost vlastnost\u00ed a inertnost v\u016f\u010di vliv\u016fm prost\u0159ed\u00ed. Platina v nejvy\u0161\u0161\u00ed m\u00ed\u0159e spl\u0148uje v\u0161echny v\u00fd\u0161e uveden\u00e9 vlastnosti; o n\u011bco m\u00e9n\u011b m\u011bdi.<\/p>\n<p><a href=\"https:\/\/ru.wikipedia.org\/wiki\/%D0%A2%D0%B5%D1%80%D0%BC%D0%BE%D0%BF%D0%B0%D1%80%D0%B0\">Termo\u010dl\u00e1nek<\/a>\u00a0Jsou to v\u00fdhradn\u011b diferenci\u00e1ln\u00ed teplotn\u00ed senzory. Generuj\u00ed elektrick\u00fd sign\u00e1l \u00fam\u011brn\u00fd teplotn\u00edmu rozd\u00edlu mezi dv\u011bma r\u016fzn\u00fdmi body. Proto se k\u0159i\u017eovatka (k\u0159i\u017eovatka), kterou pou\u017e\u00edv\u00e1me k m\u011b\u0159en\u00ed po\u017eadovan\u00e9 teploty, naz\u00fdv\u00e1 \u201ehork\u00e1\u201c k\u0159i\u017eovatka, zat\u00edmco druh\u00e1 k\u0159i\u017eovatka (ze kter\u00e9 nem\u016f\u017eeme uniknout) se naz\u00fdv\u00e1 \u201estuden\u00e1\u201c k\u0159i\u017eovatka.<\/p>\n<h3>Klasifikace sn\u00edma\u010d\u016f teploty vzduchu 302 REGMIK podle typu m\u011b\u0159ic\u00edho (sn\u00edmac\u00edho) prvku<\/h3>\n<ul>\n<li>odporov\u00e9 termo\u010dl\u00e1nky (teplom\u011bry) - TSM, TSP;<\/li>\n<li>termoelektrick\u00e9 termo\u010dl\u00e1nky (termo\u010dl\u00e1nky) - THA, THK, TJK;<\/li>\n<li>polovodi\u010dov\u00e9 p\u0159evodn\u00edky - TP.<\/li>\n<\/ul>\n<h3>Hlavn\u00ed technick\u00e9 vlastnosti teplotn\u00edch \u010didel 302:<\/h3>\n<ul>\n<li>podle typu SE se d\u011bl\u00ed na:\n<ul>\n<li>\u00a0odporov\u00e9 termo\u010dl\u00e1nky (RTD, odporov\u00e9 teplom\u011bry, teplom\u011bry, teplotn\u00ed senzory) (50M, 100M, 50P, 100P, Pt100, Pt500, Pt1000, Pt2000, Pt10000);<\/li>\n<li>termoelektrick\u00e9 p\u0159evodn\u00edky (TP, termoelektrick\u00e9 p\u0159evodn\u00edky, termo\u010dl\u00e1nky, sn\u00edma\u010de teploty) (\u0422\u0425\u0410 (\u041a), \u0422\u0425\u041a (L));<\/li>\n<li>polovodi\u010d (DS18B20);<\/li>\n<\/ul>\n<\/li>\n<li>stupe\u0148 ochrany proti prachu a vod\u011b \u2013 IP54;<\/li>\n<li>konstrukce tepeln\u00fdch m\u011bni\u010d\u016f (teplotn\u00edch \u010didel) - neodd\u011bliteln\u00e1;<\/li>\n<li>\u00a0izola\u010dn\u00ed odpor - ne m\u00e9n\u011b ne\u017e 100 megohm\u016f;<\/li>\n<li>t\u0159\u00eddy tolerance - A, B, C (pro vozidlo), 1, 2 (pro TP).<\/li>\n<\/ul>","protected":false},"excerpt":{"rendered":"<p>Sn\u00edma\u010de teploty vzduchu 302 skupiny 3 jsou ur\u010deny k m\u011b\u0159en\u00ed povrchov\u00e9 teploty pevn\u00fdch l\u00e1tek v r\u016fzn\u00fdch pr\u016fmyslov\u00fdch odv\u011btv\u00edch. Maj\u00ed mal\u00e9 rozm\u011bry, zlep\u0161enou tepelnou setrva\u010dnost, nevy\u017eaduj\u00ed slo\u017eit\u00e9 instala\u010dn\u00ed pr\u00e1ce p\u0159i instalaci na m\u00edst\u011b. Teplota je nejb\u011b\u017en\u011bj\u0161\u00edm m\u011b\u0159en\u00fdm parametrem a p\u0159eh\u0159\u00e1t\u00ed je jedn\u00edm z nejnegativn\u011bj\u0161\u00edch faktor\u016f p\u0159i provozu za\u0159\u00edzen\u00ed, proto existuje obrovsk\u00fd \u2026 <a href=\"https:\/\/regmik.ua\/cs\/product\/datchiki-temperatury-vozduha-302\/\" class=\"more-link\">pokra\u010dovat ve \u010dten\u00ed <span class=\"screen-reader-text\">\u010cidla teploty vzduchu 302<\/span><\/a><\/p>","protected":false},"featured_media":12524,"comment_status":"open","ping_status":"closed","template":"","meta":[],"product_brand":[],"product_cat":[477,38],"product_tag":[],"class_list":{"0":"post-13916","1":"product","2":"type-product","3":"status-publish","4":"has-post-thumbnail","6":"product_cat-air","7":"product_cat-sensors","8":"pa_accuracy-class-abb3","9":"pa_thermal-inertia-405","10":"pa_type-of-nsh-tsm-50m100m","11":"pa_working-range-of-temperatur-40-85","14":"instock","15":"shipping-taxable","16":"purchasable","17":"product-type-simple"},"yoast_head":"<title>\u0414\u0430\u0442\u0447\u0438\u043a\u0438 \u0442\u0435\u043c\u043f\u0435\u0440\u0430\u0442\u0443\u0440\u044b &#8211; \u0420\u0415\u0413\u041c\u0406\u041a, \u041d\u0412\u0424, \u041f\u041f (\u0418\u0437\u0433\u043e\u0442\u043e\u0432\u043b\u0435\u043d\u043e \u0432 \u0423\u043a\u0440\u0430\u0438\u043d\u0435)<\/title>\n<meta name=\"description\" content=\"\u0414\u0430\u0442\u0447\u0438\u043a\u0438 \u0442\u0435\u043c\u043f\u0435\u0440\u0430\u0442\u0443\u0440\u044b \u0432\u043e\u0437\u0434\u0443\u0445\u0430 302 \u043f\u0440\u0435\u0434\u043d\u0430\u0437\u043d\u0430\u0447\u0435\u043d\u044b \u0434\u043b\u044f \u0438\u0437\u043c\u0435\u0440\u0435\u043d\u0438\u044f \u0442\u0435\u043c\u043f\u0435\u0440\u0430\u0442\u0443\u0440\u044b \u043f\u043e\u0432\u0435\u0440\u0445\u043d\u043e\u0441\u0442\u0438 \u0442\u0432\u0435\u0440\u0434\u044b\u0445 \u0442\u0435\u043b \u0432 \u0440\u0430\u0437\u043b\u0438\u0447\u043d\u044b\u0445 \u043e\u0442\u0440\u0430\u0441\u043b\u044f\u0445 \u043f\u0440\u043e\u043c\u044b\u0448\u043b\u0435\u043d\u043d\u043e\u0441\u0442\u0438\" \/>\n<meta name=\"robots\" content=\"index, follow, max-snippet:-1, max-image-preview:large, max-video-preview:-1\" \/>\n<link rel=\"canonical\" href=\"https:\/\/regmik.ua\/cs\/it\/prodotto\/datchiki-temperatury-vozduha-302\/\" \/>\n<script type=\"application\/ld+json\" class=\"yoast-schema-graph\">{\"@context\":\"https:\\\/\\\/schema.org\",\"@graph\":[{\"@type\":\"WebPage\",\"@id\":\"https:\\\/\\\/regmik.ua\\\/it\\\/prodotto\\\/datchiki-temperatury-vozduha-302\\\/\",\"url\":\"https:\\\/\\\/regmik.ua\\\/it\\\/prodotto\\\/datchiki-temperatury-vozduha-302\\\/\",\"name\":\"\u0414\u0430\u0442\u0447\u0438\u043a\u0438 \u0442\u0435\u043c\u043f\u0435\u0440\u0430\u0442\u0443\u0440\u044b &#8211; \u0420\u0415\u0413\u041c\u0406\u041a, \u041d\u0412\u0424, \u041f\u041f (\u0418\u0437\u0433\u043e\u0442\u043e\u0432\u043b\u0435\u043d\u043e \u0432 \u0423\u043a\u0440\u0430\u0438\u043d\u0435)\",\"isPartOf\":{\"@id\":\"https:\\\/\\\/regmik.ua\\\/uk\\\/#website\"},\"primaryImageOfPage\":{\"@id\":\"https:\\\/\\\/regmik.ua\\\/it\\\/prodotto\\\/datchiki-temperatury-vozduha-302\\\/#primaryimage\"},\"image\":{\"@id\":\"https:\\\/\\\/regmik.ua\\\/it\\\/prodotto\\\/datchiki-temperatury-vozduha-302\\\/#primaryimage\"},\"thumbnailUrl\":\"https:\\\/\\\/regmik.ua\\\/wp-content\\\/uploads\\\/2015\\\/08\\\/Txx302.gif\",\"datePublished\":\"2016-10-07T09:49:28+00:00\",\"dateModified\":\"2020-10-07T13:10:10+00:00\",\"description\":\"\u0414\u0430\u0442\u0447\u0438\u043a\u0438 \u0442\u0435\u043c\u043f\u0435\u0440\u0430\u0442\u0443\u0440\u044b \u0432\u043e\u0437\u0434\u0443\u0445\u0430 302 \u043f\u0440\u0435\u0434\u043d\u0430\u0437\u043d\u0430\u0447\u0435\u043d\u044b \u0434\u043b\u044f \u0438\u0437\u043c\u0435\u0440\u0435\u043d\u0438\u044f \u0442\u0435\u043c\u043f\u0435\u0440\u0430\u0442\u0443\u0440\u044b \u043f\u043e\u0432\u0435\u0440\u0445\u043d\u043e\u0441\u0442\u0438 \u0442\u0432\u0435\u0440\u0434\u044b\u0445 \u0442\u0435\u043b \u0432 \u0440\u0430\u0437\u043b\u0438\u0447\u043d\u044b\u0445 \u043e\u0442\u0440\u0430\u0441\u043b\u044f\u0445 \u043f\u0440\u043e\u043c\u044b\u0448\u043b\u0435\u043d\u043d\u043e\u0441\u0442\u0438\",\"breadcrumb\":{\"@id\":\"https:\\\/\\\/regmik.ua\\\/it\\\/prodotto\\\/datchiki-temperatury-vozduha-302\\\/#breadcrumb\"},\"inLanguage\":\"cs\",\"potentialAction\":[{\"@type\":\"ReadAction\",\"target\":[\"https:\\\/\\\/regmik.ua\\\/it\\\/prodotto\\\/datchiki-temperatury-vozduha-302\\\/\"]}]},{\"@type\":\"ImageObject\",\"inLanguage\":\"cs\",\"@id\":\"https:\\\/\\\/regmik.ua\\\/it\\\/prodotto\\\/datchiki-temperatury-vozduha-302\\\/#primaryimage\",\"url\":\"https:\\\/\\\/regmik.ua\\\/wp-content\\\/uploads\\\/2015\\\/08\\\/Txx302.gif\",\"contentUrl\":\"https:\\\/\\\/regmik.ua\\\/wp-content\\\/uploads\\\/2015\\\/08\\\/Txx302.gif\",\"width\":800,\"height\":1024,\"caption\":\"\u0414\u0430\u0442\u0447\u0438\u043a \u0442\u0435\u043c\u043f\u0435\u0440\u0430\u0442\u0443\u0440\u044b 302\"},{\"@type\":\"BreadcrumbList\",\"@id\":\"https:\\\/\\\/regmik.ua\\\/it\\\/prodotto\\\/datchiki-temperatury-vozduha-302\\\/#breadcrumb\",\"itemListElement\":[{\"@type\":\"ListItem\",\"position\":1,\"name\":\"\u0413\u043b\u0430\u0432\u043d\u0430\u044f \u0441\u0442\u0440\u0430\u043d\u0438\u0446\u0430\",\"item\":\"https:\\\/\\\/regmik.ua\\\/\"},{\"@type\":\"ListItem\",\"position\":2,\"name\":\"\u041f\u0440\u043e\u0434\u0443\u043a\u0446\u0438\u044f\",\"item\":\"https:\\\/\\\/regmik.ua\\\/uk\\\/products\\\/\"},{\"@type\":\"ListItem\",\"position\":3,\"name\":\"\u0414\u0430\u0442\u0447\u0438\u043a\u0438 \u0442\u0435\u043c\u043f\u0435\u0440\u0430\u0442\u0443\u0440\u044b \u0432\u043e\u0437\u0434\u0443\u0445\u0430 302\"}]},{\"@type\":\"WebSite\",\"@id\":\"https:\\\/\\\/regmik.ua\\\/uk\\\/#website\",\"url\":\"https:\\\/\\\/regmik.ua\\\/uk\\\/\",\"name\":\"REGMIK\",\"description\":\"\u0418\u0437\u043c\u0435\u0440\u0438\u0442\u0435\u043b\u044c\u043d\u044b\u0435 \u043f\u0440\u0438\u0431\u043e\u0440\u044b \u0438 \u0434\u0430\u0442\u0447\u0438\u043a\u0438 \u0442\u0435\u043c\u043f\u0435\u0440\u0430\u0442\u0443\u0440\u044b\",\"publisher\":{\"@id\":\"https:\\\/\\\/regmik.ua\\\/uk\\\/#organization\"},\"alternateName\":\"REGMIK\",\"potentialAction\":[{\"@type\":\"SearchAction\",\"target\":{\"@type\":\"EntryPoint\",\"urlTemplate\":\"https:\\\/\\\/regmik.ua\\\/uk\\\/?s={search_term_string}\"},\"query-input\":{\"@type\":\"PropertyValueSpecification\",\"valueRequired\":true,\"valueName\":\"search_term_string\"}}],\"inLanguage\":\"cs\"},{\"@type\":\"Organization\",\"@id\":\"https:\\\/\\\/regmik.ua\\\/uk\\\/#organization\",\"name\":\"REGMIK\",\"alternateName\":\"\u0420\u0415\u0413\u041c\u0418\u041a\",\"url\":\"https:\\\/\\\/regmik.ua\\\/uk\\\/\",\"logo\":{\"@type\":\"ImageObject\",\"inLanguage\":\"cs\",\"@id\":\"https:\\\/\\\/regmik.ua\\\/uk\\\/#\\\/schema\\\/logo\\\/image\\\/\",\"url\":\"https:\\\/\\\/regmik.ua\\\/wp-content\\\/uploads\\\/2020\\\/03\\\/regmik_logo.png\",\"contentUrl\":\"https:\\\/\\\/regmik.ua\\\/wp-content\\\/uploads\\\/2020\\\/03\\\/regmik_logo.png\",\"width\":194,\"height\":45,\"caption\":\"REGMIK\"},\"image\":{\"@id\":\"https:\\\/\\\/regmik.ua\\\/uk\\\/#\\\/schema\\\/logo\\\/image\\\/\"},\"sameAs\":[\"https:\\\/\\\/www.facebook.com\\\/regmik.npf\",\"https:\\\/\\\/x.com\\\/regmiknpf\",\"https:\\\/\\\/www.youtube.com\\\/channel\\\/UC_SrY98SKAmR3Kt95GcVKcw\"]}]}<\/script>","yoast_head_json":{"title":"\u0414\u0430\u0442\u0447\u0438\u043a\u0438 \u0442\u0435\u043c\u043f\u0435\u0440\u0430\u0442\u0443\u0440\u044b &#8211; \u0420\u0415\u0413\u041c\u0406\u041a, \u041d\u0412\u0424, \u041f\u041f (\u0418\u0437\u0433\u043e\u0442\u043e\u0432\u043b\u0435\u043d\u043e \u0432 \u0423\u043a\u0440\u0430\u0438\u043d\u0435)","description":"Sn\u00edma\u010de teploty vzduchu 302 jsou ur\u010deny k m\u011b\u0159en\u00ed povrchov\u00e9 teploty pevn\u00fdch l\u00e1tek v r\u016fzn\u00fdch pr\u016fmyslov\u00fdch odv\u011btv\u00edch","robots":{"index":"index","follow":"follow","max-snippet":"max-snippet:-1","max-image-preview":"max-image-preview:large","max-video-preview":"max-video-preview:-1"},"canonical":"https:\/\/regmik.ua\/cs\/it\/prodotto\/datchiki-temperatury-vozduha-302\/","schema":{"@context":"https:\/\/schema.org","@graph":[{"@type":"WebPage","@id":"https:\/\/regmik.ua\/it\/prodotto\/datchiki-temperatury-vozduha-302\/","url":"https:\/\/regmik.ua\/it\/prodotto\/datchiki-temperatury-vozduha-302\/","name":"\u0414\u0430\u0442\u0447\u0438\u043a\u0438 \u0442\u0435\u043c\u043f\u0435\u0440\u0430\u0442\u0443\u0440\u044b &#8211; \u0420\u0415\u0413\u041c\u0406\u041a, \u041d\u0412\u0424, \u041f\u041f (\u0418\u0437\u0433\u043e\u0442\u043e\u0432\u043b\u0435\u043d\u043e \u0432 \u0423\u043a\u0440\u0430\u0438\u043d\u0435)","isPartOf":{"@id":"https:\/\/regmik.ua\/uk\/#website"},"primaryImageOfPage":{"@id":"https:\/\/regmik.ua\/it\/prodotto\/datchiki-temperatury-vozduha-302\/#primaryimage"},"image":{"@id":"https:\/\/regmik.ua\/it\/prodotto\/datchiki-temperatury-vozduha-302\/#primaryimage"},"thumbnailUrl":"https:\/\/regmik.ua\/wp-content\/uploads\/2015\/08\/Txx302.gif","datePublished":"2016-10-07T09:49:28+00:00","dateModified":"2020-10-07T13:10:10+00:00","description":"Sn\u00edma\u010de teploty vzduchu 302 jsou ur\u010deny k m\u011b\u0159en\u00ed povrchov\u00e9 teploty pevn\u00fdch l\u00e1tek v r\u016fzn\u00fdch pr\u016fmyslov\u00fdch odv\u011btv\u00edch","breadcrumb":{"@id":"https:\/\/regmik.ua\/it\/prodotto\/datchiki-temperatury-vozduha-302\/#breadcrumb"},"inLanguage":"cs","potentialAction":[{"@type":"ReadAction","target":["https:\/\/regmik.ua\/it\/prodotto\/datchiki-temperatury-vozduha-302\/"]}]},{"@type":"ImageObject","inLanguage":"cs","@id":"https:\/\/regmik.ua\/it\/prodotto\/datchiki-temperatury-vozduha-302\/#primaryimage","url":"https:\/\/regmik.ua\/wp-content\/uploads\/2015\/08\/Txx302.gif","contentUrl":"https:\/\/regmik.ua\/wp-content\/uploads\/2015\/08\/Txx302.gif","width":800,"height":1024,"caption":"\u0414\u0430\u0442\u0447\u0438\u043a \u0442\u0435\u043c\u043f\u0435\u0440\u0430\u0442\u0443\u0440\u044b 302"},{"@type":"BreadcrumbList","@id":"https:\/\/regmik.ua\/it\/prodotto\/datchiki-temperatury-vozduha-302\/#breadcrumb","itemListElement":[{"@type":"ListItem","position":1,"name":"\u0413\u043b\u0430\u0432\u043d\u0430\u044f \u0441\u0442\u0440\u0430\u043d\u0438\u0446\u0430","item":"https:\/\/regmik.ua\/"},{"@type":"ListItem","position":2,"name":"\u041f\u0440\u043e\u0434\u0443\u043a\u0446\u0438\u044f","item":"https:\/\/regmik.ua\/uk\/products\/"},{"@type":"ListItem","position":3,"name":"\u0414\u0430\u0442\u0447\u0438\u043a\u0438 \u0442\u0435\u043c\u043f\u0435\u0440\u0430\u0442\u0443\u0440\u044b \u0432\u043e\u0437\u0434\u0443\u0445\u0430 302"}]},{"@type":"WebSite","@id":"https:\/\/regmik.ua\/uk\/#website","url":"https:\/\/regmik.ua\/uk\/","name":"REGMIK","description":"M\u011b\u0159ic\u00ed p\u0159\u00edstroje a sn\u00edma\u010de teploty","publisher":{"@id":"https:\/\/regmik.ua\/uk\/#organization"},"alternateName":"REGMIK","potentialAction":[{"@type":"SearchAction","target":{"@type":"EntryPoint","urlTemplate":"https:\/\/regmik.ua\/uk\/?s={search_term_string}"},"query-input":{"@type":"PropertyValueSpecification","valueRequired":true,"valueName":"search_term_string"}}],"inLanguage":"cs"},{"@type":"Organization","@id":"https:\/\/regmik.ua\/uk\/#organization","name":"REGMIK","alternateName":"\u0420\u0415\u0413\u041c\u0418\u041a","url":"https:\/\/regmik.ua\/uk\/","logo":{"@type":"ImageObject","inLanguage":"cs","@id":"https:\/\/regmik.ua\/uk\/#\/schema\/logo\/image\/","url":"https:\/\/regmik.ua\/wp-content\/uploads\/2020\/03\/regmik_logo.png","contentUrl":"https:\/\/regmik.ua\/wp-content\/uploads\/2020\/03\/regmik_logo.png","width":194,"height":45,"caption":"REGMIK"},"image":{"@id":"https:\/\/regmik.ua\/uk\/#\/schema\/logo\/image\/"},"sameAs":["https:\/\/www.facebook.com\/regmik.npf","https:\/\/x.com\/regmiknpf","https:\/\/www.youtube.com\/channel\/UC_SrY98SKAmR3Kt95GcVKcw"]}]}},"_links":{"self":[{"href":"https:\/\/regmik.ua\/cs\/wp-json\/wp\/v2\/product\/13916","targetHints":{"allow":["GET"]}}],"collection":[{"href":"https:\/\/regmik.ua\/cs\/wp-json\/wp\/v2\/product"}],"about":[{"href":"https:\/\/regmik.ua\/cs\/wp-json\/wp\/v2\/types\/product"}],"replies":[{"embeddable":true,"href":"https:\/\/regmik.ua\/cs\/wp-json\/wp\/v2\/comments?post=13916"}],"version-history":[{"count":0,"href":"https:\/\/regmik.ua\/cs\/wp-json\/wp\/v2\/product\/13916\/revisions"}],"wp:featuredmedia":[{"embeddable":true,"href":"https:\/\/regmik.ua\/cs\/wp-json\/wp\/v2\/media\/12524"}],"wp:attachment":[{"href":"https:\/\/regmik.ua\/cs\/wp-json\/wp\/v2\/media?parent=13916"}],"wp:term":[{"taxonomy":"product_brand","embeddable":true,"href":"https:\/\/regmik.ua\/cs\/wp-json\/wp\/v2\/product_brand?post=13916"},{"taxonomy":"product_cat","embeddable":true,"href":"https:\/\/regmik.ua\/cs\/wp-json\/wp\/v2\/product_cat?post=13916"},{"taxonomy":"product_tag","embeddable":true,"href":"https:\/\/regmik.ua\/cs\/wp-json\/wp\/v2\/product_tag?post=13916"}],"curies":[{"name":"wp","href":"https:\/\/api.w.org\/{rel}","templated":true}]}}