{"id":13410,"date":"2016-10-06T18:13:02","date_gmt":"2016-10-06T16:13:02","guid":{"rendered":"http:\/\/test.regmik.com.ua\/index.php\/product\/datchiki-temperaturyi-modifikatsiya-108\/"},"modified":"2024-05-30T15:47:34","modified_gmt":"2024-05-30T13:47:34","slug":"datchiki-temperatury-108","status":"publish","type":"product","link":"https:\/\/regmik.ua\/cs\/product\/datchiki-temperatury-108\/","title":{"rendered":"Teplotn\u00ed senzory TXA-108, TXK-108, TZHK-108, TSM-108, TSP-108"},"content":{"rendered":"<p><a href=\"http:\/\/regmik.ua\/product-category\/sensors\/temperature-sensors\/\">Teplotn\u00ed senzory<\/a> \u0422\u0425\u0410-108, \u0422\u0425\u041a-108, \u0422\u0416\u041a-108, \u0422\u0421\u041c-108, \u0422\u0421\u041f-108 skupiny 1 jsou ur\u010deny pro m\u011b\u0159en\u00ed teploty prost\u0159ed\u00ed, kapaln\u00fdch, plynn\u00fdch a voln\u011b tekouc\u00edch chemicky neagresivn\u00edch m\u00e9di\u00ed a tak\u00e9 povrchu pevn\u00fdch l\u00e1tek v r\u016fzn\u00fdch pr\u016fmyslov\u00fdch odv\u011btv\u00edch.<\/p>\n<p>Teplota je nejb\u011b\u017en\u011bj\u0161\u00edm m\u011b\u0159en\u00fdm parametrem a p\u0159eh\u0159\u00e1t\u00ed je jedn\u00edm z nejv\u00edce negativn\u00edch faktor\u016f p\u0159i provozu za\u0159\u00edzen\u00ed, proto existuje obrovsk\u00e9 mno\u017estv\u00ed zp\u016fsob\u016f a m\u00edst pou\u017eit\u00ed teplotn\u00edch \u010didel.<\/p>\n<p>Princip \u010dinnosti odporov\u00fdch termo\u010dl\u00e1nk\u016f je zalo\u017een na zm\u011bn\u011b elektrick\u00e9ho odporu vodi\u010d\u016f a polovodi\u010d\u016f v z\u00e1vislosti na teplot\u011b. Materi\u00e1l, ze kter\u00e9ho je takov\u00fd sn\u00edma\u010d vyroben, by m\u011bl m\u00edt vysok\u00fd teplotn\u00ed koeficient odporu, mo\u017en\u00e1 line\u00e1rn\u00ed z\u00e1vislost odporu na teplot\u011b, dobrou reprodukovatelnost vlastnost\u00ed a inertnost v\u016f\u010di vliv\u016fm prost\u0159ed\u00ed. Platina v nejvy\u0161\u0161\u00ed m\u00ed\u0159e spl\u0148uje v\u0161echny v\u00fd\u0161e uveden\u00e9 vlastnosti; o n\u011bco m\u00e9n\u011b m\u011bdi.<\/p>\n<p><a href=\"https:\/\/ru.wikipedia.org\/wiki\/%D0%A2%D0%B5%D1%80%D0%BC%D0%BE%D0%BF%D0%B0%D1%80%D0%B0\">Termo\u010dl\u00e1nek<\/a>\u00a0Jsou to v\u00fdhradn\u011b diferenci\u00e1ln\u00ed teplotn\u00ed senzory. Generuj\u00ed elektrick\u00fd sign\u00e1l \u00fam\u011brn\u00fd teplotn\u00edmu rozd\u00edlu mezi dv\u011bma r\u016fzn\u00fdmi body. Proto se k\u0159i\u017eovatka (k\u0159i\u017eovatka), kterou pou\u017e\u00edv\u00e1me k m\u011b\u0159en\u00ed po\u017eadovan\u00e9 teploty, naz\u00fdv\u00e1 \u201ehork\u00e1\u201c k\u0159i\u017eovatka, zat\u00edmco druh\u00e1 k\u0159i\u017eovatka (ze kter\u00e9 nem\u016f\u017eeme uniknout) se naz\u00fdv\u00e1 \u201estuden\u00e1\u201c k\u0159i\u017eovatka.<\/p>\n<h3>Klasifikace teplotn\u00edch senzor\u016f model 108 podle typu m\u011b\u0159ic\u00edho (citliv\u00e9ho) prvku<\/h3>\n<ul>\n<li>odporov\u00e9 termo\u010dl\u00e1nky (teplom\u011bry):<br \/>\n\u2013 odporov\u00e9 teplotn\u00ed p\u0159evodn\u00edky TSM-108 (sn\u00edma\u010d TSM);<br \/>\n- odporov\u00e9 termo\u010dl\u00e1nky TSP-108 (sn\u00edma\u010d TSP)<\/li>\n<li>termoelektrick\u00e9 termo\u010dl\u00e1nky (termo\u010dl\u00e1nky):<br \/>\n\u2013 termo\u010dl\u00e1nky TXA-108;<br \/>\n\u2013 termo\u010dl\u00e1nky THK-108;<br \/>\n\u2013 termo\u010dl\u00e1nky T\u017dK-108<\/li>\n<li>polovodi\u010dov\u00e9 p\u0159evodn\u00edky - TP-108.<\/li>\n<\/ul>\n<h3>Hlavn\u00ed technick\u00e9 vlastnosti teplotn\u00edch \u010didel \u0422\u0425\u0410-108, \u0422\u0425\u041a-108, \u0422\u0416\u041a-108, \u0422S\u041c-108, \u0422\u0421\u041f-108:<\/h3>\n<ul>\n<li>Toleran\u010dn\u00ed t\u0159\u00eddy - A, B, C (pro odporov\u00e9 teplom\u011bry TSM-108, TSP-108), 1, 2 (pro termo\u010dl\u00e1nky TXA-108, TXK-108, TJK-108);<\/li>\n<li>Sch\u00e9ma p\u0159ipojen\u00ed ChE - dvou-, t\u0159\u00ed-, \u010dty\u0159vodi\u010dov\u00e9;<\/li>\n<li>podle typu SE se d\u011bl\u00ed na\n<ul>\n<li>odporov\u00e9 termo\u010dl\u00e1nky - TSM-108 50M, TSM-108 100M, TSP-108 50P, TSP-108 100P, TSP-108 Pt100, TSP-108 Pt500, TSP-108 Pt1000, TSP-108 Pt2000, TSP-108 Pt10000,<\/li>\n<li>termoelektrick\u00e9 p\u0159evodn\u00edky - termo\u010dl\u00e1nky \u0422\u0425\u0410-108 (\u041a), \u0422\u0425\u041a-108 (L), \u0422\u0416\u041a-108 (J),<\/li>\n<li>polovodi\u010d - TP-108 (DS18B20);<\/li>\n<\/ul>\n<\/li>\n<li>Ochrann\u00fd v\u00fdztu\u017en\u00fd materi\u00e1l - ocel 12X18H10T;<\/li>\n<li>Stupe\u0148 ochrany proti prachu a vod\u011b - IP54;<\/li>\n<li>Design tepeln\u00fdch m\u011bni\u010d\u016f - neodd\u011bliteln\u00fd;<\/li>\n<li>Izola\u010dn\u00ed odpor - ne m\u00e9n\u011b ne\u017e 100 megohm\u016f.<\/li>\n<\/ul>","protected":false},"excerpt":{"rendered":"<p><a href=\"http:\/\/regmik.ua\/product-category\/sensors\/temperature-sensors\/\">Teplotn\u00ed senzory<\/a> TXA-108, THK-108, TZhK-108, TSM-108, TSP-108 jsou ur\u010deny k m\u011b\u0159en\u00ed teploty prost\u0159ed\u00ed, kapaln\u00fdch, plynn\u00fdch a sypk\u00fdch chemicky neagresivn\u00edch m\u00e9di\u00ed a tak\u00e9 povrchu pevn\u00fdch l\u00e1tek v r\u016fzn\u00fdch pr\u016fmyslov\u00fdch odv\u011btv\u00edch.<\/p>","protected":false},"featured_media":12513,"comment_status":"open","ping_status":"closed","template":"","meta":[],"product_brand":[],"product_cat":[38,130],"product_tag":[3199,3075],"class_list":{"0":"post-13410","1":"product","2":"type-product","3":"status-publish","4":"has-post-thumbnail","6":"product_cat-sensors","7":"product_cat-submersible-with-cable","8":"product_tag-3199","9":"product_tag-datchik-temperatury","10":"pa_accuracy-class-417","11":"pa_accuracy-class-418","12":"pa_accuracy-class-abb3","13":"pa_diameter-mounting-part-d-m-436","14":"pa_diameter-mounting-part-d-m-437","15":"pa_diameter-mounting-part-d-m-388","16":"pa_diameter-mounting-part-d-m-389","17":"pa_diameter-mounting-part-d-m-385","18":"pa_length-of-installed-part-l-372","19":"pa_length-of-installed-part-l-428","20":"pa_length-of-installed-part-l-429","21":"pa_length-of-installed-part-l-374","22":"pa_length-of-installed-part-l-375","23":"pa_length-of-installed-part-l-376","24":"pa_length-of-installed-part-l-430","25":"pa_length-of-installed-part-l-377","26":"pa_length-of-installed-part-l-378","27":"pa_length-of-installed-part-l-371","28":"pa_length-of-installed-part-l-431","29":"pa_thermal-inertia-15-45","30":"pa_type-of-nsh-tsm-50m100m","31":"pa_type-of-nsh-tsp-50p100p","32":"pa_type-of-nsh-tsp-pt100-pt500-pt1000","33":"pa_type-of-nsh-thktha","34":"pa_working-range-of-temperatur-40-100","35":"pa_working-range-of-temperatur-40-180","36":"pa_working-range-of-temperatur-40-270","37":"pa_working-range-of-temperatur-40-400","40":"instock","41":"shipping-taxable","42":"purchasable","43":"product-type-variable"},"yoast_head":"<title>\u0414\u0430\u0442\u0447\u0438\u043a\u0438 \u0442\u0435\u043c\u043f\u0435\u0440\u0430\u0442\u0443\u0440\u044b \u0422\u0425\u0410-108, \u0422\u0425\u041a-108, \u0422\u0416\u041a-108, \u0422\u0421\u041c-108, \u0422\u0421\u041f-108<\/title>\n<meta name=\"description\" content=\"\u0414\u0430\u0442\u0447\u0438\u043a\u0438 \u0442\u0435\u043c\u043f\u0435\u0440\u0430\u0442\u0443\u0440\u044b \u0422\u0425\u0410-108, \u0422\u0425\u041a-108, \u0422\u0416\u041a-108, \u0422\u0421\u041c-108 50\u041c | 100\u041c, \u0422\u0421\u041f-108 50\u041f | Pt100 \u043f\u0440\u0435\u0434\u043d\u0430\u0437\u043d\u0430\u0447\u0435\u043d\u044b \u0434\u043b\u044f \u0438\u0437\u043c\u0435\u0440\u0435\u043d\u0438\u044f \u0442\u0435\u043c\u043f\u0435\u0440\u0430\u0442\u0443\u0440\u044b\" \/>\n<meta name=\"robots\" content=\"index, follow, max-snippet:-1, max-image-preview:large, max-video-preview:-1\" \/>\n<link rel=\"canonical\" href=\"https:\/\/regmik.ua\/cs\/produkt\/datchiki-temperatury-108\/\" \/>\n<script type=\"application\/ld+json\" class=\"yoast-schema-graph\">{\"@context\":\"https:\\\/\\\/schema.org\",\"@graph\":[{\"@type\":\"WebPage\",\"@id\":\"https:\\\/\\\/regmik.ua\\\/product\\\/datchiki-temperatury-108\\\/\",\"url\":\"https:\\\/\\\/regmik.ua\\\/product\\\/datchiki-temperatury-108\\\/\",\"name\":\"\u0414\u0430\u0442\u0447\u0438\u043a\u0438 \u0442\u0435\u043c\u043f\u0435\u0440\u0430\u0442\u0443\u0440\u044b \u0422\u0425\u0410-108, \u0422\u0425\u041a-108, \u0422\u0416\u041a-108, \u0422\u0421\u041c-108, \u0422\u0421\u041f-108\",\"isPartOf\":{\"@id\":\"https:\\\/\\\/regmik.ua\\\/uk\\\/#website\"},\"primaryImageOfPage\":{\"@id\":\"https:\\\/\\\/regmik.ua\\\/product\\\/datchiki-temperatury-108\\\/#primaryimage\"},\"image\":{\"@id\":\"https:\\\/\\\/regmik.ua\\\/product\\\/datchiki-temperatury-108\\\/#primaryimage\"},\"thumbnailUrl\":\"https:\\\/\\\/regmik.ua\\\/wp-content\\\/uploads\\\/2015\\\/08\\\/Txx108.gif\",\"datePublished\":\"2016-10-06T16:13:02+00:00\",\"dateModified\":\"2024-05-30T13:47:34+00:00\",\"description\":\"\u0414\u0430\u0442\u0447\u0438\u043a\u0438 \u0442\u0435\u043c\u043f\u0435\u0440\u0430\u0442\u0443\u0440\u044b \u0422\u0425\u0410-108, \u0422\u0425\u041a-108, \u0422\u0416\u041a-108, \u0422\u0421\u041c-108 50\u041c | 100\u041c, \u0422\u0421\u041f-108 50\u041f | Pt100 \u043f\u0440\u0435\u0434\u043d\u0430\u0437\u043d\u0430\u0447\u0435\u043d\u044b \u0434\u043b\u044f \u0438\u0437\u043c\u0435\u0440\u0435\u043d\u0438\u044f \u0442\u0435\u043c\u043f\u0435\u0440\u0430\u0442\u0443\u0440\u044b\",\"breadcrumb\":{\"@id\":\"https:\\\/\\\/regmik.ua\\\/product\\\/datchiki-temperatury-108\\\/#breadcrumb\"},\"inLanguage\":\"cs\",\"potentialAction\":[{\"@type\":\"ReadAction\",\"target\":[\"https:\\\/\\\/regmik.ua\\\/product\\\/datchiki-temperatury-108\\\/\"]}]},{\"@type\":\"ImageObject\",\"inLanguage\":\"cs\",\"@id\":\"https:\\\/\\\/regmik.ua\\\/product\\\/datchiki-temperatury-108\\\/#primaryimage\",\"url\":\"https:\\\/\\\/regmik.ua\\\/wp-content\\\/uploads\\\/2015\\\/08\\\/Txx108.gif\",\"contentUrl\":\"https:\\\/\\\/regmik.ua\\\/wp-content\\\/uploads\\\/2015\\\/08\\\/Txx108.gif\",\"width\":800,\"height\":1024,\"caption\":\"\u0414\u0430\u0442\u0447\u0438\u043a \u0442\u0435\u043c\u043f\u0435\u0440\u0430\u0442\u0443\u0440\u044b (\u041c\u043e\u0434\u0438\u0444\u0438\u043a\u0430\u0446\u0438\u044f 108)\"},{\"@type\":\"BreadcrumbList\",\"@id\":\"https:\\\/\\\/regmik.ua\\\/product\\\/datchiki-temperatury-108\\\/#breadcrumb\",\"itemListElement\":[{\"@type\":\"ListItem\",\"position\":1,\"name\":\"\u0413\u043b\u0430\u0432\u043d\u0430\u044f \u0441\u0442\u0440\u0430\u043d\u0438\u0446\u0430\",\"item\":\"https:\\\/\\\/regmik.ua\\\/\"},{\"@type\":\"ListItem\",\"position\":2,\"name\":\"\u041f\u0440\u043e\u0434\u0443\u043a\u0446\u0438\u044f\",\"item\":\"https:\\\/\\\/regmik.ua\\\/uk\\\/products\\\/\"},{\"@type\":\"ListItem\",\"position\":3,\"name\":\"\u0414\u0430\u0442\u0447\u0438\u043a\u0438 \u0442\u0435\u043c\u043f\u0435\u0440\u0430\u0442\u0443\u0440\u044b \u0422\u0425\u0410-108, \u0422\u0425\u041a-108, \u0422\u0416\u041a-108, \u0422\u0421\u041c-108, \u0422\u0421\u041f-108\"}]},{\"@type\":\"WebSite\",\"@id\":\"https:\\\/\\\/regmik.ua\\\/uk\\\/#website\",\"url\":\"https:\\\/\\\/regmik.ua\\\/uk\\\/\",\"name\":\"REGMIK\",\"description\":\"\u0418\u0437\u043c\u0435\u0440\u0438\u0442\u0435\u043b\u044c\u043d\u044b\u0435 \u043f\u0440\u0438\u0431\u043e\u0440\u044b \u0438 \u0434\u0430\u0442\u0447\u0438\u043a\u0438 \u0442\u0435\u043c\u043f\u0435\u0440\u0430\u0442\u0443\u0440\u044b\",\"publisher\":{\"@id\":\"https:\\\/\\\/regmik.ua\\\/uk\\\/#organization\"},\"alternateName\":\"REGMIK\",\"potentialAction\":[{\"@type\":\"SearchAction\",\"target\":{\"@type\":\"EntryPoint\",\"urlTemplate\":\"https:\\\/\\\/regmik.ua\\\/uk\\\/?s={search_term_string}\"},\"query-input\":{\"@type\":\"PropertyValueSpecification\",\"valueRequired\":true,\"valueName\":\"search_term_string\"}}],\"inLanguage\":\"cs\"},{\"@type\":\"Organization\",\"@id\":\"https:\\\/\\\/regmik.ua\\\/uk\\\/#organization\",\"name\":\"REGMIK\",\"alternateName\":\"\u0420\u0415\u0413\u041c\u0418\u041a\",\"url\":\"https:\\\/\\\/regmik.ua\\\/uk\\\/\",\"logo\":{\"@type\":\"ImageObject\",\"inLanguage\":\"cs\",\"@id\":\"https:\\\/\\\/regmik.ua\\\/uk\\\/#\\\/schema\\\/logo\\\/image\\\/\",\"url\":\"https:\\\/\\\/regmik.ua\\\/wp-content\\\/uploads\\\/2020\\\/03\\\/regmik_logo.png\",\"contentUrl\":\"https:\\\/\\\/regmik.ua\\\/wp-content\\\/uploads\\\/2020\\\/03\\\/regmik_logo.png\",\"width\":194,\"height\":45,\"caption\":\"REGMIK\"},\"image\":{\"@id\":\"https:\\\/\\\/regmik.ua\\\/uk\\\/#\\\/schema\\\/logo\\\/image\\\/\"},\"sameAs\":[\"https:\\\/\\\/www.facebook.com\\\/regmik.npf\",\"https:\\\/\\\/x.com\\\/regmiknpf\",\"https:\\\/\\\/www.youtube.com\\\/channel\\\/UC_SrY98SKAmR3Kt95GcVKcw\"]}]}<\/script>","yoast_head_json":{"title":"Teplotn\u00ed senzory TXA-108, TXK-108, TZHK-108, TSM-108, TSP-108","description":"Teplotn\u00ed sn\u00edma\u010de \u0422\u0425\u0410-108, \u0422\u0425\u041a-108, \u0422\u0416\u041a-108, TSM-108 50M | 100M, TSP-108 50P | Pt100 jsou ur\u010deny pro m\u011b\u0159en\u00ed teploty","robots":{"index":"index","follow":"follow","max-snippet":"max-snippet:-1","max-image-preview":"max-image-preview:large","max-video-preview":"max-video-preview:-1"},"canonical":"https:\/\/regmik.ua\/cs\/produkt\/datchiki-temperatury-108\/","schema":{"@context":"https:\/\/schema.org","@graph":[{"@type":"WebPage","@id":"https:\/\/regmik.ua\/product\/datchiki-temperatury-108\/","url":"https:\/\/regmik.ua\/product\/datchiki-temperatury-108\/","name":"Teplotn\u00ed senzory TXA-108, TXK-108, TZHK-108, TSM-108, TSP-108","isPartOf":{"@id":"https:\/\/regmik.ua\/uk\/#website"},"primaryImageOfPage":{"@id":"https:\/\/regmik.ua\/product\/datchiki-temperatury-108\/#primaryimage"},"image":{"@id":"https:\/\/regmik.ua\/product\/datchiki-temperatury-108\/#primaryimage"},"thumbnailUrl":"https:\/\/regmik.ua\/wp-content\/uploads\/2015\/08\/Txx108.gif","datePublished":"2016-10-06T16:13:02+00:00","dateModified":"2024-05-30T13:47:34+00:00","description":"Teplotn\u00ed sn\u00edma\u010de \u0422\u0425\u0410-108, \u0422\u0425\u041a-108, \u0422\u0416\u041a-108, TSM-108 50M | 100M, TSP-108 50P | Pt100 jsou ur\u010deny pro m\u011b\u0159en\u00ed teploty","breadcrumb":{"@id":"https:\/\/regmik.ua\/product\/datchiki-temperatury-108\/#breadcrumb"},"inLanguage":"cs","potentialAction":[{"@type":"ReadAction","target":["https:\/\/regmik.ua\/product\/datchiki-temperatury-108\/"]}]},{"@type":"ImageObject","inLanguage":"cs","@id":"https:\/\/regmik.ua\/product\/datchiki-temperatury-108\/#primaryimage","url":"https:\/\/regmik.ua\/wp-content\/uploads\/2015\/08\/Txx108.gif","contentUrl":"https:\/\/regmik.ua\/wp-content\/uploads\/2015\/08\/Txx108.gif","width":800,"height":1024,"caption":"\u0414\u0430\u0442\u0447\u0438\u043a \u0442\u0435\u043c\u043f\u0435\u0440\u0430\u0442\u0443\u0440\u044b (\u041c\u043e\u0434\u0438\u0444\u0438\u043a\u0430\u0446\u0438\u044f 108)"},{"@type":"BreadcrumbList","@id":"https:\/\/regmik.ua\/product\/datchiki-temperatury-108\/#breadcrumb","itemListElement":[{"@type":"ListItem","position":1,"name":"\u0413\u043b\u0430\u0432\u043d\u0430\u044f \u0441\u0442\u0440\u0430\u043d\u0438\u0446\u0430","item":"https:\/\/regmik.ua\/"},{"@type":"ListItem","position":2,"name":"\u041f\u0440\u043e\u0434\u0443\u043a\u0446\u0438\u044f","item":"https:\/\/regmik.ua\/uk\/products\/"},{"@type":"ListItem","position":3,"name":"\u0414\u0430\u0442\u0447\u0438\u043a\u0438 \u0442\u0435\u043c\u043f\u0435\u0440\u0430\u0442\u0443\u0440\u044b \u0422\u0425\u0410-108, \u0422\u0425\u041a-108, \u0422\u0416\u041a-108, \u0422\u0421\u041c-108, \u0422\u0421\u041f-108"}]},{"@type":"WebSite","@id":"https:\/\/regmik.ua\/uk\/#website","url":"https:\/\/regmik.ua\/uk\/","name":"REGMIK","description":"M\u011b\u0159ic\u00ed p\u0159\u00edstroje a sn\u00edma\u010de teploty","publisher":{"@id":"https:\/\/regmik.ua\/uk\/#organization"},"alternateName":"REGMIK","potentialAction":[{"@type":"SearchAction","target":{"@type":"EntryPoint","urlTemplate":"https:\/\/regmik.ua\/uk\/?s={search_term_string}"},"query-input":{"@type":"PropertyValueSpecification","valueRequired":true,"valueName":"search_term_string"}}],"inLanguage":"cs"},{"@type":"Organization","@id":"https:\/\/regmik.ua\/uk\/#organization","name":"REGMIK","alternateName":"\u0420\u0415\u0413\u041c\u0418\u041a","url":"https:\/\/regmik.ua\/uk\/","logo":{"@type":"ImageObject","inLanguage":"cs","@id":"https:\/\/regmik.ua\/uk\/#\/schema\/logo\/image\/","url":"https:\/\/regmik.ua\/wp-content\/uploads\/2020\/03\/regmik_logo.png","contentUrl":"https:\/\/regmik.ua\/wp-content\/uploads\/2020\/03\/regmik_logo.png","width":194,"height":45,"caption":"REGMIK"},"image":{"@id":"https:\/\/regmik.ua\/uk\/#\/schema\/logo\/image\/"},"sameAs":["https:\/\/www.facebook.com\/regmik.npf","https:\/\/x.com\/regmiknpf","https:\/\/www.youtube.com\/channel\/UC_SrY98SKAmR3Kt95GcVKcw"]}]}},"_links":{"self":[{"href":"https:\/\/regmik.ua\/cs\/wp-json\/wp\/v2\/product\/13410","targetHints":{"allow":["GET"]}}],"collection":[{"href":"https:\/\/regmik.ua\/cs\/wp-json\/wp\/v2\/product"}],"about":[{"href":"https:\/\/regmik.ua\/cs\/wp-json\/wp\/v2\/types\/product"}],"replies":[{"embeddable":true,"href":"https:\/\/regmik.ua\/cs\/wp-json\/wp\/v2\/comments?post=13410"}],"version-history":[{"count":0,"href":"https:\/\/regmik.ua\/cs\/wp-json\/wp\/v2\/product\/13410\/revisions"}],"wp:featuredmedia":[{"embeddable":true,"href":"https:\/\/regmik.ua\/cs\/wp-json\/wp\/v2\/media\/12513"}],"wp:attachment":[{"href":"https:\/\/regmik.ua\/cs\/wp-json\/wp\/v2\/media?parent=13410"}],"wp:term":[{"taxonomy":"product_brand","embeddable":true,"href":"https:\/\/regmik.ua\/cs\/wp-json\/wp\/v2\/product_brand?post=13410"},{"taxonomy":"product_cat","embeddable":true,"href":"https:\/\/regmik.ua\/cs\/wp-json\/wp\/v2\/product_cat?post=13410"},{"taxonomy":"product_tag","embeddable":true,"href":"https:\/\/regmik.ua\/cs\/wp-json\/wp\/v2\/product_tag?post=13410"}],"curies":[{"name":"wp","href":"https:\/\/api.w.org\/{rel}","templated":true}]}}