{"id":12338,"date":"2016-09-28T15:09:32","date_gmt":"2016-09-28T13:09:32","guid":{"rendered":"http:\/\/test.regmik.com.ua\/index.php\/product\/izmeritel-vosmikanalnyiy-nastennyiy-i8\/"},"modified":"2026-02-16T13:15:49","modified_gmt":"2026-02-16T11:15:49","slug":"izmeritel-vosmikanalnyiy-nastennyiy-i8","status":"publish","type":"product","link":"https:\/\/regmik.ua\/cs\/product\/izmeritel-vosmikanalnyiy-nastennyiy-i8\/","title":{"rendered":"Osmikan\u00e1lov\u00fd m\u011b\u0159i\u010d I8"},"content":{"rendered":"<p>Osmikan\u00e1lov\u00fd m\u011b\u0159i\u010d I8-N (n\u00e1st\u011bnn\u00fd) je ur\u010den k m\u011b\u0159en\u00ed a ovl\u00e1d\u00e1n\u00ed od 1 do 8 fyzick\u00fdch veli\u010din a k zobrazen\u00ed nam\u011b\u0159en\u00fdch hodnot na osmi vestav\u011bn\u00fdch digit\u00e1ln\u00edch indik\u00e1torech.<br \/>\nI8 m\u00e1 osm nez\u00e1visl\u00fdch m\u011b\u0159ic\u00edch kan\u00e1l\u016f a schopnost zobrazit osm hodnot sou\u010dasn\u011b.<br \/>\nVyr\u00e1b\u00ed se pouze ve verzi IP24: nap\u00e1jen\u00ed ze zdroje konstantn\u00edho nap\u011bt\u00ed = 12..24V.<br \/>\nI8 je navr\u017een pro \u0159\u00edzen\u00ed teploty, tlaku, vlhkosti, pr\u016ftoku nebo jin\u00e9 fyzick\u00e9 veli\u010diny v n\u011bkolika z\u00f3n\u00e1ch sou\u010dasn\u011b (a\u017e 8) a v\u00fdstra\u017en\u00fd v\u00fdstup signalizuj\u00edc\u00ed v\u00fdstup kter\u00e9hokoli ze sledovan\u00fdch parametr\u016f nad stanoven\u00e9 limity.<br \/>\nI8 se pou\u017e\u00edv\u00e1 jako v\u00fdstra\u017en\u00e9 signaliza\u010dn\u00ed za\u0159\u00edzen\u00ed v pec\u00edch, su\u0161\u00e1rn\u00e1ch v potravin\u00e1\u0159sk\u00e9m, hutn\u00edm a jin\u00e9m pr\u016fmyslu.<\/p>\n<h3>Obecn\u00e9 funkce a provozn\u00ed re\u017eimy<\/h3>\n<ul>\n<li>m\u011b\u0159en\u00ed teploty (nebo jin\u00fdch fyzik\u00e1ln\u00edch veli\u010din) objekt\u016f pomoc\u00ed odporov\u00fdch tepeln\u00fdch p\u0159evodn\u00edk\u016f (teplotn\u00edch \u010didel) \u0422\u0421\u041c (50\u041c, 100\u041c) a \u0422\u0421\u041f (50\u041f, 100\u041f, Pt100, Pt500, Pt1000), termo\u010dl\u00e1nk\u016f (\u0422\u0425\u041a, \u0422\u0425\u0410, \u0422\u0416\u041a atd.), \u010didel se sjednocen\u00fdm v\u00fdstupn\u00edm sign\u00e1lem proudu AT (0..5 mA, 0..20 mA, 4..20 mA) a nap\u011bt\u00ed \u041d (0..1 V, 0..5 V, 0..10 V);<\/li>\n<li>dotazov\u00e1n\u00ed za\u0159\u00edzen\u00ed v s\u00edti p\u0159es rozhran\u00ed RS-485 pomoc\u00ed protokolu ModBus (za\u0159\u00edzen\u00ed funguje jako master);<\/li>\n<li>tvorba \u201enouzov\u00e9ho\u201c sign\u00e1lu (s mo\u017enost\u00ed vyd\u00e1n\u00ed \u0159\u00eddic\u00edho sign\u00e1lu do koncov\u00e9ho stupn\u011b), kdy\u017e je m\u011b\u0159en\u00e1 fyzik\u00e1ln\u00ed veli\u010dina mimo specifikovan\u00fd rozsah alarmu, i kdy\u017e jsou vstupn\u00ed senzory otev\u0159en\u00e9 nebo zkratovan\u00e9;<\/li>\n<li>funkce pro v\u00fdpo\u010det a indikaci druh\u00e9 odmocniny m\u011b\u0159en\u00e9 hodnoty (nap\u0159\u00edklad pro m\u011b\u0159en\u00ed okam\u017eit\u00e9ho pr\u016ftoku ze senzor\u016f \u0410\u041d a \u0410\u0422);<\/li>\n<li>zm\u011bna m\u011b\u0159\u00edtka rozsahu m\u011b\u0159en\u00ed;<\/li>\n<li>sv\u011bteln\u00e1 indikace provozn\u00edch re\u017eim\u016f;<\/li>\n<li>programovan\u00e1 zm\u011bna parametr\u016f transforma\u010dn\u00edch charakteristik (sklon, offset);<\/li>\n<li>digit\u00e1ln\u00ed filtrov\u00e1n\u00ed m\u011b\u0159en\u00ed (hloubka filtru - a\u017e 10 period m\u011b\u0159en\u00ed);<\/li>\n<li>zm\u011bna indika\u010dn\u00ed periody m\u011b\u0159en\u00fdch hodnot;<\/li>\n<li>digit\u00e1ln\u00ed kalibrace vstupn\u00edch kan\u00e1l\u016f;<\/li>\n<li>ochrana parametr\u016f pomoc\u00ed hesla;<\/li>\n<li>Rozhran\u00ed RS-485 ModBus RTU pro z\u00e1znam nam\u011b\u0159en\u00fdch hodnot na PC nebo pro pr\u00e1ci s PLC.<\/li>\n<\/ul>\n<p>&nbsp;<\/p>","protected":false},"excerpt":{"rendered":"<p>Osmikan\u00e1lov\u00fd n\u00e1st\u011bnn\u00fd m\u011b\u0159i\u010d I8-N m\u00e1 osm indik\u00e1tor\u016f pro sou\u010dasn\u00e9 zobrazen\u00ed a ovl\u00e1d\u00e1n\u00ed osmi vstupn\u00edch parametr\u016f. Je vyr\u00e1b\u011bn s izolovanou RS-485 a je nap\u00e1jen ze s\u00edt\u011b 12..24V DC.<\/p>","protected":false},"featured_media":12341,"comment_status":"open","ping_status":"closed","template":"","meta":[],"product_brand":[],"product_cat":[40,54],"product_tag":[89,88,360,91,45],"class_list":{"0":"post-12338","1":"product","2":"type-product","3":"status-publish","4":"has-post-thumbnail","6":"product_cat-meters","7":"product_cat-housing-wall","8":"product_tag-datchik","9":"product_tag-izmeritel","10":"product_tag-nastennyj","11":"product_tag-obekt","12":"product_tag-temperatura","13":"pa_number-of-indicators-359","14":"pa_number-of-inputs-247","15":"pa_number-of-outputs-249","16":"pa_outputs1-r","17":"pa_power-supply-ip24","18":"pa_rs485-rs485i","19":"pa_rs485-no","20":"pa_types-of-inputs-rs485-en","21":"pa_types-of-inputs-uvtsptanat","24":"instock","25":"shipping-taxable","26":"purchasable","27":"product-type-variable"},"yoast_head":"<title>\u0418\u0437\u043c\u0435\u0440\u0438\u0442\u0435\u043b\u044c \u0432\u043e\u0441\u044c\u043c\u0438\u043a\u0430\u043d\u0430\u043b\u044c\u043d\u044b\u0439 \u04188 &#8211; \u0420\u0415\u0413\u041c\u0406\u041a, \u041d\u0412\u0424, \u041f\u041f<\/title>\n<meta name=\"description\" content=\"\u0418\u0437\u043c\u0435\u0440\u0438\u0442\u0435\u043b\u044c \u0432\u043e\u0441\u044c\u043c\u0438\u043a\u0430\u043d\u0430\u043b\u044c\u043d\u044b\u0439 \u043d\u0430\u0441\u0442\u0435\u043d\u043d\u044b\u0439 \u04188-\u041d \u0438\u043c\u0435\u0435\u0442 \u0432\u043e\u0441\u0435\u043c\u044c \u0438\u043d\u0434\u0438\u043a\u0430\u0442\u043e\u0440\u043e\u0432 \u0434\u043b\u044f \u043e\u0434\u043d\u043e\u0432\u0440\u0435\u043c\u0435\u043d\u043d\u043e\u0433\u043e \u043e\u0442\u043e\u0431\u0440\u0430\u0436\u0435\u043d\u0438\u044f \u0438 \u043a\u043e\u043d\u0442\u0440\u043e\u043b\u044f \u0432\u043e\u0441\u044c\u043c\u0438 \u0432\u0445\u043e\u0434\u043d\u044b\u0445 \u043f\u0430\u0440\u0430\u043c\u0435\u0442\u0440\u043e\u0432\" \/>\n<meta name=\"robots\" content=\"index, follow, max-snippet:-1, max-image-preview:large, max-video-preview:-1\" \/>\n<link rel=\"canonical\" href=\"https:\/\/regmik.ua\/cs\/produkt\/izmeritel-vosmikanalnyiy-nastennyiy-i8\/\" \/>\n<script type=\"application\/ld+json\" class=\"yoast-schema-graph\">{\"@context\":\"https:\\\/\\\/schema.org\",\"@graph\":[{\"@type\":\"WebPage\",\"@id\":\"https:\\\/\\\/regmik.ua\\\/product\\\/izmeritel-vosmikanalnyiy-nastennyiy-i8\\\/\",\"url\":\"https:\\\/\\\/regmik.ua\\\/product\\\/izmeritel-vosmikanalnyiy-nastennyiy-i8\\\/\",\"name\":\"\u0418\u0437\u043c\u0435\u0440\u0438\u0442\u0435\u043b\u044c \u0432\u043e\u0441\u044c\u043c\u0438\u043a\u0430\u043d\u0430\u043b\u044c\u043d\u044b\u0439 \u04188 &#8211; \u0420\u0415\u0413\u041c\u0406\u041a, \u041d\u0412\u0424, \u041f\u041f\",\"isPartOf\":{\"@id\":\"https:\\\/\\\/regmik.ua\\\/uk\\\/#website\"},\"primaryImageOfPage\":{\"@id\":\"https:\\\/\\\/regmik.ua\\\/product\\\/izmeritel-vosmikanalnyiy-nastennyiy-i8\\\/#primaryimage\"},\"image\":{\"@id\":\"https:\\\/\\\/regmik.ua\\\/product\\\/izmeritel-vosmikanalnyiy-nastennyiy-i8\\\/#primaryimage\"},\"thumbnailUrl\":\"https:\\\/\\\/regmik.ua\\\/wp-content\\\/uploads\\\/2016\\\/09\\\/I8_N_front1.png\",\"datePublished\":\"2016-09-28T13:09:32+00:00\",\"dateModified\":\"2026-02-16T11:15:49+00:00\",\"description\":\"\u0418\u0437\u043c\u0435\u0440\u0438\u0442\u0435\u043b\u044c \u0432\u043e\u0441\u044c\u043c\u0438\u043a\u0430\u043d\u0430\u043b\u044c\u043d\u044b\u0439 \u043d\u0430\u0441\u0442\u0435\u043d\u043d\u044b\u0439 \u04188-\u041d \u0438\u043c\u0435\u0435\u0442 \u0432\u043e\u0441\u0435\u043c\u044c \u0438\u043d\u0434\u0438\u043a\u0430\u0442\u043e\u0440\u043e\u0432 \u0434\u043b\u044f \u043e\u0434\u043d\u043e\u0432\u0440\u0435\u043c\u0435\u043d\u043d\u043e\u0433\u043e \u043e\u0442\u043e\u0431\u0440\u0430\u0436\u0435\u043d\u0438\u044f \u0438 \u043a\u043e\u043d\u0442\u0440\u043e\u043b\u044f \u0432\u043e\u0441\u044c\u043c\u0438 \u0432\u0445\u043e\u0434\u043d\u044b\u0445 \u043f\u0430\u0440\u0430\u043c\u0435\u0442\u0440\u043e\u0432\",\"breadcrumb\":{\"@id\":\"https:\\\/\\\/regmik.ua\\\/product\\\/izmeritel-vosmikanalnyiy-nastennyiy-i8\\\/#breadcrumb\"},\"inLanguage\":\"cs\",\"potentialAction\":[{\"@type\":\"ReadAction\",\"target\":[\"https:\\\/\\\/regmik.ua\\\/product\\\/izmeritel-vosmikanalnyiy-nastennyiy-i8\\\/\"]}]},{\"@type\":\"ImageObject\",\"inLanguage\":\"cs\",\"@id\":\"https:\\\/\\\/regmik.ua\\\/product\\\/izmeritel-vosmikanalnyiy-nastennyiy-i8\\\/#primaryimage\",\"url\":\"https:\\\/\\\/regmik.ua\\\/wp-content\\\/uploads\\\/2016\\\/09\\\/I8_N_front1.png\",\"contentUrl\":\"https:\\\/\\\/regmik.ua\\\/wp-content\\\/uploads\\\/2016\\\/09\\\/I8_N_front1.png\",\"width\":800,\"height\":1024,\"caption\":\"\u0418\u0437\u043c\u0435\u0440\u0438\u0442\u0435\u043b\u044c \u0432\u043e\u0441\u044c\u043c\u0438\u043a\u0430\u043d\u0430\u043b\u044c\u043d\u044b\u0439 \u043d\u0430\u0441\u0442\u0435\u043d\u043d\u044b\u0439 (\u04188-\u041d)\"},{\"@type\":\"BreadcrumbList\",\"@id\":\"https:\\\/\\\/regmik.ua\\\/product\\\/izmeritel-vosmikanalnyiy-nastennyiy-i8\\\/#breadcrumb\",\"itemListElement\":[{\"@type\":\"ListItem\",\"position\":1,\"name\":\"\u0413\u043b\u0430\u0432\u043d\u0430\u044f \u0441\u0442\u0440\u0430\u043d\u0438\u0446\u0430\",\"item\":\"https:\\\/\\\/regmik.ua\\\/\"},{\"@type\":\"ListItem\",\"position\":2,\"name\":\"\u041f\u0440\u043e\u0434\u0443\u043a\u0446\u0438\u044f\",\"item\":\"https:\\\/\\\/regmik.ua\\\/uk\\\/products\\\/\"},{\"@type\":\"ListItem\",\"position\":3,\"name\":\"\u0418\u0437\u043c\u0435\u0440\u0438\u0442\u0435\u043b\u044c \u0432\u043e\u0441\u044c\u043c\u0438\u043a\u0430\u043d\u0430\u043b\u044c\u043d\u044b\u0439 \u04188\"}]},{\"@type\":\"WebSite\",\"@id\":\"https:\\\/\\\/regmik.ua\\\/uk\\\/#website\",\"url\":\"https:\\\/\\\/regmik.ua\\\/uk\\\/\",\"name\":\"REGMIK\",\"description\":\"\u0418\u0437\u043c\u0435\u0440\u0438\u0442\u0435\u043b\u044c\u043d\u044b\u0435 \u043f\u0440\u0438\u0431\u043e\u0440\u044b \u0438 \u0434\u0430\u0442\u0447\u0438\u043a\u0438 \u0442\u0435\u043c\u043f\u0435\u0440\u0430\u0442\u0443\u0440\u044b\",\"publisher\":{\"@id\":\"https:\\\/\\\/regmik.ua\\\/uk\\\/#organization\"},\"alternateName\":\"REGMIK\",\"potentialAction\":[{\"@type\":\"SearchAction\",\"target\":{\"@type\":\"EntryPoint\",\"urlTemplate\":\"https:\\\/\\\/regmik.ua\\\/uk\\\/?s={search_term_string}\"},\"query-input\":{\"@type\":\"PropertyValueSpecification\",\"valueRequired\":true,\"valueName\":\"search_term_string\"}}],\"inLanguage\":\"cs\"},{\"@type\":\"Organization\",\"@id\":\"https:\\\/\\\/regmik.ua\\\/uk\\\/#organization\",\"name\":\"REGMIK\",\"alternateName\":\"\u0420\u0415\u0413\u041c\u0418\u041a\",\"url\":\"https:\\\/\\\/regmik.ua\\\/uk\\\/\",\"logo\":{\"@type\":\"ImageObject\",\"inLanguage\":\"cs\",\"@id\":\"https:\\\/\\\/regmik.ua\\\/uk\\\/#\\\/schema\\\/logo\\\/image\\\/\",\"url\":\"https:\\\/\\\/regmik.ua\\\/wp-content\\\/uploads\\\/2020\\\/03\\\/regmik_logo.png\",\"contentUrl\":\"https:\\\/\\\/regmik.ua\\\/wp-content\\\/uploads\\\/2020\\\/03\\\/regmik_logo.png\",\"width\":194,\"height\":45,\"caption\":\"REGMIK\"},\"image\":{\"@id\":\"https:\\\/\\\/regmik.ua\\\/uk\\\/#\\\/schema\\\/logo\\\/image\\\/\"},\"sameAs\":[\"https:\\\/\\\/www.facebook.com\\\/regmik.npf\",\"https:\\\/\\\/x.com\\\/regmiknpf\",\"https:\\\/\\\/www.youtube.com\\\/channel\\\/UC_SrY98SKAmR3Kt95GcVKcw\"]}]}<\/script>","yoast_head_json":{"title":"Osmikan\u00e1lov\u00fd m\u011b\u0159i\u010d I8 \u2013 REGMIK, NVF, PP","description":"Osmikan\u00e1lov\u00fd n\u00e1st\u011bnn\u00fd m\u011b\u0159i\u010d I8-N m\u00e1 osm indik\u00e1tor\u016f pro sou\u010dasn\u00e9 zobrazen\u00ed a ovl\u00e1d\u00e1n\u00ed osmi vstupn\u00edch parametr\u016f","robots":{"index":"index","follow":"follow","max-snippet":"max-snippet:-1","max-image-preview":"max-image-preview:large","max-video-preview":"max-video-preview:-1"},"canonical":"https:\/\/regmik.ua\/cs\/produkt\/izmeritel-vosmikanalnyiy-nastennyiy-i8\/","schema":{"@context":"https:\/\/schema.org","@graph":[{"@type":"WebPage","@id":"https:\/\/regmik.ua\/product\/izmeritel-vosmikanalnyiy-nastennyiy-i8\/","url":"https:\/\/regmik.ua\/product\/izmeritel-vosmikanalnyiy-nastennyiy-i8\/","name":"Osmikan\u00e1lov\u00fd m\u011b\u0159i\u010d I8 \u2013 REGMIK, NVF, PP","isPartOf":{"@id":"https:\/\/regmik.ua\/uk\/#website"},"primaryImageOfPage":{"@id":"https:\/\/regmik.ua\/product\/izmeritel-vosmikanalnyiy-nastennyiy-i8\/#primaryimage"},"image":{"@id":"https:\/\/regmik.ua\/product\/izmeritel-vosmikanalnyiy-nastennyiy-i8\/#primaryimage"},"thumbnailUrl":"https:\/\/regmik.ua\/wp-content\/uploads\/2016\/09\/I8_N_front1.png","datePublished":"2016-09-28T13:09:32+00:00","dateModified":"2026-02-16T11:15:49+00:00","description":"Osmikan\u00e1lov\u00fd n\u00e1st\u011bnn\u00fd m\u011b\u0159i\u010d I8-N m\u00e1 osm indik\u00e1tor\u016f pro sou\u010dasn\u00e9 zobrazen\u00ed a ovl\u00e1d\u00e1n\u00ed osmi vstupn\u00edch parametr\u016f","breadcrumb":{"@id":"https:\/\/regmik.ua\/product\/izmeritel-vosmikanalnyiy-nastennyiy-i8\/#breadcrumb"},"inLanguage":"cs","potentialAction":[{"@type":"ReadAction","target":["https:\/\/regmik.ua\/product\/izmeritel-vosmikanalnyiy-nastennyiy-i8\/"]}]},{"@type":"ImageObject","inLanguage":"cs","@id":"https:\/\/regmik.ua\/product\/izmeritel-vosmikanalnyiy-nastennyiy-i8\/#primaryimage","url":"https:\/\/regmik.ua\/wp-content\/uploads\/2016\/09\/I8_N_front1.png","contentUrl":"https:\/\/regmik.ua\/wp-content\/uploads\/2016\/09\/I8_N_front1.png","width":800,"height":1024,"caption":"\u0418\u0437\u043c\u0435\u0440\u0438\u0442\u0435\u043b\u044c \u0432\u043e\u0441\u044c\u043c\u0438\u043a\u0430\u043d\u0430\u043b\u044c\u043d\u044b\u0439 \u043d\u0430\u0441\u0442\u0435\u043d\u043d\u044b\u0439 (\u04188-\u041d)"},{"@type":"BreadcrumbList","@id":"https:\/\/regmik.ua\/product\/izmeritel-vosmikanalnyiy-nastennyiy-i8\/#breadcrumb","itemListElement":[{"@type":"ListItem","position":1,"name":"\u0413\u043b\u0430\u0432\u043d\u0430\u044f \u0441\u0442\u0440\u0430\u043d\u0438\u0446\u0430","item":"https:\/\/regmik.ua\/"},{"@type":"ListItem","position":2,"name":"\u041f\u0440\u043e\u0434\u0443\u043a\u0446\u0438\u044f","item":"https:\/\/regmik.ua\/uk\/products\/"},{"@type":"ListItem","position":3,"name":"\u0418\u0437\u043c\u0435\u0440\u0438\u0442\u0435\u043b\u044c \u0432\u043e\u0441\u044c\u043c\u0438\u043a\u0430\u043d\u0430\u043b\u044c\u043d\u044b\u0439 \u04188"}]},{"@type":"WebSite","@id":"https:\/\/regmik.ua\/uk\/#website","url":"https:\/\/regmik.ua\/uk\/","name":"REGMIK","description":"M\u011b\u0159ic\u00ed p\u0159\u00edstroje a sn\u00edma\u010de teploty","publisher":{"@id":"https:\/\/regmik.ua\/uk\/#organization"},"alternateName":"REGMIK","potentialAction":[{"@type":"SearchAction","target":{"@type":"EntryPoint","urlTemplate":"https:\/\/regmik.ua\/uk\/?s={search_term_string}"},"query-input":{"@type":"PropertyValueSpecification","valueRequired":true,"valueName":"search_term_string"}}],"inLanguage":"cs"},{"@type":"Organization","@id":"https:\/\/regmik.ua\/uk\/#organization","name":"REGMIK","alternateName":"\u0420\u0415\u0413\u041c\u0418\u041a","url":"https:\/\/regmik.ua\/uk\/","logo":{"@type":"ImageObject","inLanguage":"cs","@id":"https:\/\/regmik.ua\/uk\/#\/schema\/logo\/image\/","url":"https:\/\/regmik.ua\/wp-content\/uploads\/2020\/03\/regmik_logo.png","contentUrl":"https:\/\/regmik.ua\/wp-content\/uploads\/2020\/03\/regmik_logo.png","width":194,"height":45,"caption":"REGMIK"},"image":{"@id":"https:\/\/regmik.ua\/uk\/#\/schema\/logo\/image\/"},"sameAs":["https:\/\/www.facebook.com\/regmik.npf","https:\/\/x.com\/regmiknpf","https:\/\/www.youtube.com\/channel\/UC_SrY98SKAmR3Kt95GcVKcw"]}]}},"_links":{"self":[{"href":"https:\/\/regmik.ua\/cs\/wp-json\/wp\/v2\/product\/12338","targetHints":{"allow":["GET"]}}],"collection":[{"href":"https:\/\/regmik.ua\/cs\/wp-json\/wp\/v2\/product"}],"about":[{"href":"https:\/\/regmik.ua\/cs\/wp-json\/wp\/v2\/types\/product"}],"replies":[{"embeddable":true,"href":"https:\/\/regmik.ua\/cs\/wp-json\/wp\/v2\/comments?post=12338"}],"version-history":[{"count":1,"href":"https:\/\/regmik.ua\/cs\/wp-json\/wp\/v2\/product\/12338\/revisions"}],"predecessor-version":[{"id":29592,"href":"https:\/\/regmik.ua\/cs\/wp-json\/wp\/v2\/product\/12338\/revisions\/29592"}],"wp:featuredmedia":[{"embeddable":true,"href":"https:\/\/regmik.ua\/cs\/wp-json\/wp\/v2\/media\/12341"}],"wp:attachment":[{"href":"https:\/\/regmik.ua\/cs\/wp-json\/wp\/v2\/media?parent=12338"}],"wp:term":[{"taxonomy":"product_brand","embeddable":true,"href":"https:\/\/regmik.ua\/cs\/wp-json\/wp\/v2\/product_brand?post=12338"},{"taxonomy":"product_cat","embeddable":true,"href":"https:\/\/regmik.ua\/cs\/wp-json\/wp\/v2\/product_cat?post=12338"},{"taxonomy":"product_tag","embeddable":true,"href":"https:\/\/regmik.ua\/cs\/wp-json\/wp\/v2\/product_tag?post=12338"}],"curies":[{"name":"wp","href":"https:\/\/api.w.org\/{rel}","templated":true}]}}