{"id":11701,"date":"2016-09-08T10:18:55","date_gmt":"2016-09-08T07:18:55","guid":{"rendered":"http:\/\/test.regmik.com.ua\/index.php\/product\/si2sch\/"},"modified":"2023-11-08T19:43:03","modified_gmt":"2023-11-08T17:43:03","slug":"schetchik-impulsov-dvuhkanalnyj-si2-sch","status":"publish","type":"product","link":"https:\/\/regmik.ua\/cs\/product\/schetchik-impulsov-dvuhkanalnyj-si2-sch\/","title":{"rendered":"Dvoukan\u00e1lov\u00fd \u010d\u00edta\u010d puls\u016f SI2"},"content":{"rendered":"<p>Dvoukan\u00e1lov\u00fd \u010d\u00edta\u010d puls\u016f SI2 je ur\u010den k po\u010d\u00edt\u00e1n\u00ed po\u010dtu puls\u016f vstupuj\u00edc\u00edch do vstupu za\u0159\u00edzen\u00ed dv\u011bma kan\u00e1ly. Mohou b\u00fdt pou\u017eity k ur\u010den\u00ed mno\u017estv\u00ed vyroben\u00fdch produkt\u016f (v jak\u00fdchkoli jednotk\u00e1ch - d\u00e9lka, hmotnost, kusy atd.), K m\u011b\u0159en\u00ed pohybu, doby pe\u010den\u00ed chleba atd. Integrovan\u00fd \u010dasova\u010d umo\u017e\u0148uje pou\u017e\u00edvat za\u0159\u00edzen\u00ed jako po\u010ditadlo doby provozu za\u0159\u00edzen\u00ed, <a href=\"https:\/\/regmik.ua\/product\/elektromagnitnyj-vytratomir-ers-50\/\">pr\u016ftokom\u011br<\/a>.<br \/>\nM\u011b\u0159i\u010de jsou vyr\u00e1b\u011bny ve dvou v\u00fdkonov\u00fdch modifikac\u00edch: ze s\u00edt\u011b se st\u0159\u00eddav\u00fdm nap\u011bt\u00edm se jmenovitou hodnotou 110..240 V nebo ze zdroje s konstantn\u00edm nap\u011bt\u00edm se jmenovitou hodnotou 12..24V.<\/p>\n<p>Po\u010d\u00edtadlo impuls\u016f SI2 je ur\u010deno pro:<\/p>\n<ul>\n<li>po\u010d\u00edt\u00e1n\u00ed po\u010dtu impulz\u016f p\u0159ich\u00e1zej\u00edc\u00edch z m\u011b\u0159ic\u00edch senzor\u016f do po\u010d\u00edtac\u00edch vstup\u016f (nebo jednoho po\u010d\u00edtac\u00edho vstupu) \u010d\u00edta\u010de impuls\u016f a jejich p\u0159epo\u010det na po\u017eadovan\u00e9 fyzick\u00e9 jednotky m\u011b\u0159en\u00ed vyn\u00e1soben\u00edm dan\u00fdm faktorem (nap\u0159\u00edklad v metrech, litrech, kusech, kilogramech atd.);<\/li>\n<li>v\u00fdpo\u010det celkov\u00e9ho v\u00fdkonu na sm\u011bnu, den, t\u00fdden, m\u011bs\u00edc atd .;<\/li>\n<li>ovl\u00e1d\u00e1n\u00ed ak\u010dn\u00edch \u010dlen\u016f s jedn\u00edm nebo v\u00edce diskr\u00e9tn\u00edmi v\u00fdstupy (nej\u010dast\u011bji se jako diskr\u00e9tn\u00ed v\u00fdstup v pulzn\u00edch po\u010d\u00edta\u010d\u00edch pou\u017e\u00edv\u00e1 rel\u00e9 nebo opto\u010dlen).<\/li>\n<\/ul>\n<p>Jako sn\u00edma\u010d se pou\u017e\u00edv\u00e1 induk\u010dn\u00ed sn\u00edma\u010d (sn\u00edma\u010d p\u0159ibl\u00ed\u017een\u00ed) nebo kod\u00e9r.<\/p>\n<p>Senzor p\u0159ibl\u00ed\u017een\u00ed je polohov\u00fd sp\u00edna\u010d, kter\u00fd pracuje bez mechanick\u00e9ho kontaktu s pohyblivou \u010d\u00e1st\u00ed (strojem). Polohov\u00fd sp\u00edna\u010d je automatick\u00fd sp\u00edna\u010d \u0159\u00eddic\u00edch obvod\u016f, jeho\u017e ovl\u00e1dac\u00ed mechanismus se aktivuje, kdy\u017e pohybliv\u00e1 \u010d\u00e1st stroje dos\u00e1hne dan\u00e9 polohy.<\/p>\n<h3>Hlavn\u00ed funkce SI2:<\/h3>\n<ul>\n<li>automatick\u00e9 po\u010d\u00edt\u00e1n\u00ed po\u010dtu p\u0159ijat\u00fdch impulz\u016f na po\u010d\u00edtac\u00edm vstupu (p\u0159es dva kan\u00e1ly);<\/li>\n<li>ovl\u00e1d\u00e1n\u00ed extern\u00edch v\u00fdkonn\u00fdch za\u0159\u00edzen\u00ed po dosa\u017een\u00ed dan\u00e9ho po\u010dtu pulz\u016f;<\/li>\n<li>dop\u0159edu a dozadu po\u010d\u00edt\u00e1n\u00ed impuls\u016f;<\/li>\n<li>v\u00fdpo\u010det doby provozu za\u0159\u00edzen\u00ed (\u010dasov\u00fd \u010d\u00edta\u010d);<\/li>\n<li>m\u011b\u0159en\u00ed po\u010dtu impulz\u016f za jednotku \u010dasu (ot\u00e1\u010dkom\u011br, pr\u016ftokom\u011br);<\/li>\n<li>automatick\u00e9 ukl\u00e1d\u00e1n\u00ed v\u00fdsledk\u016f po\u010d\u00edt\u00e1n\u00ed p\u0159i vypnut\u00ed nap\u00e1jen\u00ed;<\/li>\n<li>d\u011blen\u00ed a vyn\u00e1soben\u00ed po\u010d\u00edtan\u00e9ho po\u010dtu pulz\u016f koeficienty zadan\u00fdmi programov\u011b u\u017eivatelem;<\/li>\n<li>eliminace vlivu odskoku kontakt\u016f vstupn\u00edho senzoru na v\u00fdsledky po\u010d\u00edt\u00e1n\u00ed puls\u016f;<\/li>\n<li>zobrazen\u00ed v\u00fdsledk\u016f po\u010d\u00edt\u00e1n\u00ed po\u010dtu impulz\u016f na vestav\u011bn\u00e9m LED digit\u00e1ln\u00edm indik\u00e1toru (4 nebo 5 \u010d\u00edslic);<\/li>\n<li>schopnost pracovat s r\u016fzn\u00fdmi typy kod\u00e9r\u016f, optick\u00fdmi senzory s v\u00fdstupem npn nebo pnp;<\/li>\n<li>ochrana parametr\u016f pomoc\u00ed hesla;<\/li>\n<li>rychl\u00fd p\u0159\u00edstup k \u010dasto m\u011bn\u011bn\u00fdm parametr\u016fm;<\/li>\n<li>rozhran\u00ed <a href=\"https:\/\/ru.wikipedia.org\/wiki\/RS-485\">RS-485<\/a> (voliteln\u00fd).<\/li>\n<\/ul>\n<p>&nbsp;<\/p>","protected":false},"excerpt":{"rendered":"<p>Dvoukan\u00e1lov\u00fd \u010d\u00edta\u010d impuls\u016f spolu s r\u016fzn\u00fdmi senzory je ur\u010den k monitorov\u00e1n\u00ed a \u0159\u00edzen\u00ed r\u016fzn\u00fdch technologick\u00fdch v\u00fdrobn\u00edch proces\u016f, kde je vy\u017eadov\u00e1no automatick\u00e9 po\u010d\u00edt\u00e1n\u00ed mno\u017estv\u00ed ve dvou kan\u00e1lech.<\/p>","protected":false},"featured_media":11990,"comment_status":"open","ping_status":"closed","template":"","meta":[],"product_brand":[],"product_cat":[37,61,177],"product_tag":[3442,751,749,44],"class_list":{"0":"post-11701","1":"product","2":"type-product","3":"status-publish","4":"has-post-thumbnail","6":"product_cat-devices","7":"product_cat-pulse-counters","8":"product_cat-shield-body-pulse-counters","9":"product_tag-3442","10":"product_tag-rashodomer","11":"product_tag-schetchik-impulsov","12":"product_tag-upravlenie","13":"pa_number-of-indicators-73","14":"pa_number-of-indicators-74","15":"pa_number-of-inputs-244","16":"pa_number-of-outputs-250","17":"pa_outputs1-ok","18":"pa_outputs1-os","19":"pa_outputs1-r","20":"pa_power-supply-ip24","21":"pa_power-supply-ipi","22":"pa_rs485-yes","23":"pa_sk1-277","26":"instock","27":"shipping-taxable","28":"purchasable","29":"product-type-variable","30":"has-default-attributes"},"yoast_head":"<title>\u0421\u0447\u0435\u0442\u0447\u0438\u043a \u0438\u043c\u043f\u0443\u043b\u044c\u0441\u043e\u0432 \u0434\u0432\u0443\u0445\u043a\u0430\u043d\u0430\u043b\u044c\u043d\u044b\u0439 \u0421\u04182 &#8211; \u0420\u0415\u0413\u041c\u0406\u041a, \u041d\u0412\u0424, \u041f\u041f<\/title>\n<meta name=\"description\" content=\"\u0421\u0447\u0435\u0442\u0447\u0438\u043a \u0438\u043c\u043f\u0443\u043b\u044c\u0441\u043e\u0432 \u0434\u0432\u0443\u0445\u043a\u0430\u043d\u0430\u043b\u044c\u043d\u044b\u0439 \u0421\u04182 \u043f\u0440\u0435\u0434\u043d\u0430\u0437\u043d\u0430\u0447\u0435\u043d \u0434\u043b\u044f \u043f\u043e\u0434\u0441\u0447\u0435\u0442\u0430 \u043a\u043e\u043b\u0438\u0447\u0435\u0441\u0442\u0432\u0430 \u0438\u043c\u043f\u0443\u043b\u044c\u0441\u043e\u0432 \u043f\u043e\u0441\u0442\u0443\u043f\u0430\u044e\u0449\u0438\u0445 \u043d\u0430 \u0432\u0445\u043e\u0434 \u043f\u0440\u0438\u0431\u043e\u0440\u0430 \u043f\u043e \u0434\u0432\u0443\u043c \u043a\u0430\u043d\u0430\u043b\u0430\u043c.\" \/>\n<meta name=\"robots\" content=\"index, follow, max-snippet:-1, max-image-preview:large, max-video-preview:-1\" \/>\n<link rel=\"canonical\" href=\"https:\/\/regmik.ua\/cs\/produkt\/schetchik-impulsov-dvuhkanalnyj-si2-sch\/\" \/>\n<script type=\"application\/ld+json\" class=\"yoast-schema-graph\">{\"@context\":\"https:\\\/\\\/schema.org\",\"@graph\":[{\"@type\":\"WebPage\",\"@id\":\"https:\\\/\\\/regmik.ua\\\/product\\\/schetchik-impulsov-dvuhkanalnyj-si2-sch\\\/\",\"url\":\"https:\\\/\\\/regmik.ua\\\/product\\\/schetchik-impulsov-dvuhkanalnyj-si2-sch\\\/\",\"name\":\"\u0421\u0447\u0435\u0442\u0447\u0438\u043a \u0438\u043c\u043f\u0443\u043b\u044c\u0441\u043e\u0432 \u0434\u0432\u0443\u0445\u043a\u0430\u043d\u0430\u043b\u044c\u043d\u044b\u0439 \u0421\u04182 &#8211; \u0420\u0415\u0413\u041c\u0406\u041a, \u041d\u0412\u0424, \u041f\u041f\",\"isPartOf\":{\"@id\":\"https:\\\/\\\/regmik.ua\\\/uk\\\/#website\"},\"primaryImageOfPage\":{\"@id\":\"https:\\\/\\\/regmik.ua\\\/product\\\/schetchik-impulsov-dvuhkanalnyj-si2-sch\\\/#primaryimage\"},\"image\":{\"@id\":\"https:\\\/\\\/regmik.ua\\\/product\\\/schetchik-impulsov-dvuhkanalnyj-si2-sch\\\/#primaryimage\"},\"thumbnailUrl\":\"https:\\\/\\\/regmik.ua\\\/wp-content\\\/uploads\\\/2015\\\/08\\\/SI_front1.png\",\"datePublished\":\"2016-09-08T07:18:55+00:00\",\"dateModified\":\"2023-11-08T17:43:03+00:00\",\"description\":\"\u0421\u0447\u0435\u0442\u0447\u0438\u043a \u0438\u043c\u043f\u0443\u043b\u044c\u0441\u043e\u0432 \u0434\u0432\u0443\u0445\u043a\u0430\u043d\u0430\u043b\u044c\u043d\u044b\u0439 \u0421\u04182 \u043f\u0440\u0435\u0434\u043d\u0430\u0437\u043d\u0430\u0447\u0435\u043d \u0434\u043b\u044f \u043f\u043e\u0434\u0441\u0447\u0435\u0442\u0430 \u043a\u043e\u043b\u0438\u0447\u0435\u0441\u0442\u0432\u0430 \u0438\u043c\u043f\u0443\u043b\u044c\u0441\u043e\u0432 \u043f\u043e\u0441\u0442\u0443\u043f\u0430\u044e\u0449\u0438\u0445 \u043d\u0430 \u0432\u0445\u043e\u0434 \u043f\u0440\u0438\u0431\u043e\u0440\u0430 \u043f\u043e \u0434\u0432\u0443\u043c \u043a\u0430\u043d\u0430\u043b\u0430\u043c.\",\"breadcrumb\":{\"@id\":\"https:\\\/\\\/regmik.ua\\\/product\\\/schetchik-impulsov-dvuhkanalnyj-si2-sch\\\/#breadcrumb\"},\"inLanguage\":\"cs\",\"potentialAction\":[{\"@type\":\"ReadAction\",\"target\":[\"https:\\\/\\\/regmik.ua\\\/product\\\/schetchik-impulsov-dvuhkanalnyj-si2-sch\\\/\"]}]},{\"@type\":\"ImageObject\",\"inLanguage\":\"cs\",\"@id\":\"https:\\\/\\\/regmik.ua\\\/product\\\/schetchik-impulsov-dvuhkanalnyj-si2-sch\\\/#primaryimage\",\"url\":\"https:\\\/\\\/regmik.ua\\\/wp-content\\\/uploads\\\/2015\\\/08\\\/SI_front1.png\",\"contentUrl\":\"https:\\\/\\\/regmik.ua\\\/wp-content\\\/uploads\\\/2015\\\/08\\\/SI_front1.png\",\"width\":800,\"height\":1024,\"caption\":\"\u0421\u0447\u0435\u0442\u0447\u0438\u043a \u0438\u043c\u043f\u0443\u043b\u044c\u0441\u043e\u0432 \u0434\u0432\u0443\u0445\u043a\u0430\u043d\u0430\u043b\u044c\u043d\u044b\u0439 \u0449\u0438\u0442\u043e\u0432\u043e\u0439 (\u0421\u04182) \u0441 \u043e\u0434\u043d\u0438\u043c \u0438\u043d\u0434\u0438\u043a\u0430\u0442\u043e\u0440\u043e\u043c\"},{\"@type\":\"BreadcrumbList\",\"@id\":\"https:\\\/\\\/regmik.ua\\\/product\\\/schetchik-impulsov-dvuhkanalnyj-si2-sch\\\/#breadcrumb\",\"itemListElement\":[{\"@type\":\"ListItem\",\"position\":1,\"name\":\"\u0413\u043b\u0430\u0432\u043d\u0430\u044f \u0441\u0442\u0440\u0430\u043d\u0438\u0446\u0430\",\"item\":\"https:\\\/\\\/regmik.ua\\\/\"},{\"@type\":\"ListItem\",\"position\":2,\"name\":\"\u041f\u0440\u043e\u0434\u0443\u043a\u0446\u0438\u044f\",\"item\":\"https:\\\/\\\/regmik.ua\\\/uk\\\/products\\\/\"},{\"@type\":\"ListItem\",\"position\":3,\"name\":\"\u0421\u0447\u0435\u0442\u0447\u0438\u043a \u0438\u043c\u043f\u0443\u043b\u044c\u0441\u043e\u0432 \u0434\u0432\u0443\u0445\u043a\u0430\u043d\u0430\u043b\u044c\u043d\u044b\u0439 \u0421\u04182\"}]},{\"@type\":\"WebSite\",\"@id\":\"https:\\\/\\\/regmik.ua\\\/uk\\\/#website\",\"url\":\"https:\\\/\\\/regmik.ua\\\/uk\\\/\",\"name\":\"REGMIK\",\"description\":\"\u0418\u0437\u043c\u0435\u0440\u0438\u0442\u0435\u043b\u044c\u043d\u044b\u0435 \u043f\u0440\u0438\u0431\u043e\u0440\u044b \u0438 \u0434\u0430\u0442\u0447\u0438\u043a\u0438 \u0442\u0435\u043c\u043f\u0435\u0440\u0430\u0442\u0443\u0440\u044b\",\"publisher\":{\"@id\":\"https:\\\/\\\/regmik.ua\\\/uk\\\/#organization\"},\"alternateName\":\"REGMIK\",\"potentialAction\":[{\"@type\":\"SearchAction\",\"target\":{\"@type\":\"EntryPoint\",\"urlTemplate\":\"https:\\\/\\\/regmik.ua\\\/uk\\\/?s={search_term_string}\"},\"query-input\":{\"@type\":\"PropertyValueSpecification\",\"valueRequired\":true,\"valueName\":\"search_term_string\"}}],\"inLanguage\":\"cs\"},{\"@type\":\"Organization\",\"@id\":\"https:\\\/\\\/regmik.ua\\\/uk\\\/#organization\",\"name\":\"REGMIK\",\"alternateName\":\"\u0420\u0415\u0413\u041c\u0418\u041a\",\"url\":\"https:\\\/\\\/regmik.ua\\\/uk\\\/\",\"logo\":{\"@type\":\"ImageObject\",\"inLanguage\":\"cs\",\"@id\":\"https:\\\/\\\/regmik.ua\\\/uk\\\/#\\\/schema\\\/logo\\\/image\\\/\",\"url\":\"https:\\\/\\\/regmik.ua\\\/wp-content\\\/uploads\\\/2020\\\/03\\\/regmik_logo.png\",\"contentUrl\":\"https:\\\/\\\/regmik.ua\\\/wp-content\\\/uploads\\\/2020\\\/03\\\/regmik_logo.png\",\"width\":194,\"height\":45,\"caption\":\"REGMIK\"},\"image\":{\"@id\":\"https:\\\/\\\/regmik.ua\\\/uk\\\/#\\\/schema\\\/logo\\\/image\\\/\"},\"sameAs\":[\"https:\\\/\\\/www.facebook.com\\\/regmik.npf\",\"https:\\\/\\\/x.com\\\/regmiknpf\",\"https:\\\/\\\/www.youtube.com\\\/channel\\\/UC_SrY98SKAmR3Kt95GcVKcw\"]}]}<\/script>","yoast_head_json":{"title":"Dvoukan\u00e1lov\u00fd \u010d\u00edta\u010d impuls\u016f SI2 \u2013 REGMIK, NVF, PP","description":"Dvoukan\u00e1lov\u00fd \u010d\u00edta\u010d puls\u016f SI2 je ur\u010den k po\u010d\u00edt\u00e1n\u00ed po\u010dtu puls\u016f vstupuj\u00edc\u00edch do vstupu za\u0159\u00edzen\u00ed dv\u011bma kan\u00e1ly.","robots":{"index":"index","follow":"follow","max-snippet":"max-snippet:-1","max-image-preview":"max-image-preview:large","max-video-preview":"max-video-preview:-1"},"canonical":"https:\/\/regmik.ua\/cs\/produkt\/schetchik-impulsov-dvuhkanalnyj-si2-sch\/","schema":{"@context":"https:\/\/schema.org","@graph":[{"@type":"WebPage","@id":"https:\/\/regmik.ua\/product\/schetchik-impulsov-dvuhkanalnyj-si2-sch\/","url":"https:\/\/regmik.ua\/product\/schetchik-impulsov-dvuhkanalnyj-si2-sch\/","name":"Dvoukan\u00e1lov\u00fd \u010d\u00edta\u010d impuls\u016f SI2 \u2013 REGMIK, NVF, PP","isPartOf":{"@id":"https:\/\/regmik.ua\/uk\/#website"},"primaryImageOfPage":{"@id":"https:\/\/regmik.ua\/product\/schetchik-impulsov-dvuhkanalnyj-si2-sch\/#primaryimage"},"image":{"@id":"https:\/\/regmik.ua\/product\/schetchik-impulsov-dvuhkanalnyj-si2-sch\/#primaryimage"},"thumbnailUrl":"https:\/\/regmik.ua\/wp-content\/uploads\/2015\/08\/SI_front1.png","datePublished":"2016-09-08T07:18:55+00:00","dateModified":"2023-11-08T17:43:03+00:00","description":"Dvoukan\u00e1lov\u00fd \u010d\u00edta\u010d puls\u016f SI2 je ur\u010den k po\u010d\u00edt\u00e1n\u00ed po\u010dtu puls\u016f vstupuj\u00edc\u00edch do vstupu za\u0159\u00edzen\u00ed dv\u011bma kan\u00e1ly.","breadcrumb":{"@id":"https:\/\/regmik.ua\/product\/schetchik-impulsov-dvuhkanalnyj-si2-sch\/#breadcrumb"},"inLanguage":"cs","potentialAction":[{"@type":"ReadAction","target":["https:\/\/regmik.ua\/product\/schetchik-impulsov-dvuhkanalnyj-si2-sch\/"]}]},{"@type":"ImageObject","inLanguage":"cs","@id":"https:\/\/regmik.ua\/product\/schetchik-impulsov-dvuhkanalnyj-si2-sch\/#primaryimage","url":"https:\/\/regmik.ua\/wp-content\/uploads\/2015\/08\/SI_front1.png","contentUrl":"https:\/\/regmik.ua\/wp-content\/uploads\/2015\/08\/SI_front1.png","width":800,"height":1024,"caption":"\u0421\u0447\u0435\u0442\u0447\u0438\u043a \u0438\u043c\u043f\u0443\u043b\u044c\u0441\u043e\u0432 \u0434\u0432\u0443\u0445\u043a\u0430\u043d\u0430\u043b\u044c\u043d\u044b\u0439 \u0449\u0438\u0442\u043e\u0432\u043e\u0439 (\u0421\u04182) \u0441 \u043e\u0434\u043d\u0438\u043c \u0438\u043d\u0434\u0438\u043a\u0430\u0442\u043e\u0440\u043e\u043c"},{"@type":"BreadcrumbList","@id":"https:\/\/regmik.ua\/product\/schetchik-impulsov-dvuhkanalnyj-si2-sch\/#breadcrumb","itemListElement":[{"@type":"ListItem","position":1,"name":"\u0413\u043b\u0430\u0432\u043d\u0430\u044f \u0441\u0442\u0440\u0430\u043d\u0438\u0446\u0430","item":"https:\/\/regmik.ua\/"},{"@type":"ListItem","position":2,"name":"\u041f\u0440\u043e\u0434\u0443\u043a\u0446\u0438\u044f","item":"https:\/\/regmik.ua\/uk\/products\/"},{"@type":"ListItem","position":3,"name":"\u0421\u0447\u0435\u0442\u0447\u0438\u043a \u0438\u043c\u043f\u0443\u043b\u044c\u0441\u043e\u0432 \u0434\u0432\u0443\u0445\u043a\u0430\u043d\u0430\u043b\u044c\u043d\u044b\u0439 \u0421\u04182"}]},{"@type":"WebSite","@id":"https:\/\/regmik.ua\/uk\/#website","url":"https:\/\/regmik.ua\/uk\/","name":"REGMIK","description":"M\u011b\u0159ic\u00ed p\u0159\u00edstroje a sn\u00edma\u010de teploty","publisher":{"@id":"https:\/\/regmik.ua\/uk\/#organization"},"alternateName":"REGMIK","potentialAction":[{"@type":"SearchAction","target":{"@type":"EntryPoint","urlTemplate":"https:\/\/regmik.ua\/uk\/?s={search_term_string}"},"query-input":{"@type":"PropertyValueSpecification","valueRequired":true,"valueName":"search_term_string"}}],"inLanguage":"cs"},{"@type":"Organization","@id":"https:\/\/regmik.ua\/uk\/#organization","name":"REGMIK","alternateName":"\u0420\u0415\u0413\u041c\u0418\u041a","url":"https:\/\/regmik.ua\/uk\/","logo":{"@type":"ImageObject","inLanguage":"cs","@id":"https:\/\/regmik.ua\/uk\/#\/schema\/logo\/image\/","url":"https:\/\/regmik.ua\/wp-content\/uploads\/2020\/03\/regmik_logo.png","contentUrl":"https:\/\/regmik.ua\/wp-content\/uploads\/2020\/03\/regmik_logo.png","width":194,"height":45,"caption":"REGMIK"},"image":{"@id":"https:\/\/regmik.ua\/uk\/#\/schema\/logo\/image\/"},"sameAs":["https:\/\/www.facebook.com\/regmik.npf","https:\/\/x.com\/regmiknpf","https:\/\/www.youtube.com\/channel\/UC_SrY98SKAmR3Kt95GcVKcw"]}]}},"_links":{"self":[{"href":"https:\/\/regmik.ua\/cs\/wp-json\/wp\/v2\/product\/11701","targetHints":{"allow":["GET"]}}],"collection":[{"href":"https:\/\/regmik.ua\/cs\/wp-json\/wp\/v2\/product"}],"about":[{"href":"https:\/\/regmik.ua\/cs\/wp-json\/wp\/v2\/types\/product"}],"replies":[{"embeddable":true,"href":"https:\/\/regmik.ua\/cs\/wp-json\/wp\/v2\/comments?post=11701"}],"version-history":[{"count":0,"href":"https:\/\/regmik.ua\/cs\/wp-json\/wp\/v2\/product\/11701\/revisions"}],"wp:featuredmedia":[{"embeddable":true,"href":"https:\/\/regmik.ua\/cs\/wp-json\/wp\/v2\/media\/11990"}],"wp:attachment":[{"href":"https:\/\/regmik.ua\/cs\/wp-json\/wp\/v2\/media?parent=11701"}],"wp:term":[{"taxonomy":"product_brand","embeddable":true,"href":"https:\/\/regmik.ua\/cs\/wp-json\/wp\/v2\/product_brand?post=11701"},{"taxonomy":"product_cat","embeddable":true,"href":"https:\/\/regmik.ua\/cs\/wp-json\/wp\/v2\/product_cat?post=11701"},{"taxonomy":"product_tag","embeddable":true,"href":"https:\/\/regmik.ua\/cs\/wp-json\/wp\/v2\/product_tag?post=11701"}],"curies":[{"name":"wp","href":"https:\/\/api.w.org\/{rel}","templated":true}]}}