{"id":11450,"date":"2016-08-31T07:16:12","date_gmt":"2016-08-31T05:16:12","guid":{"rendered":"http:\/\/test.regmik.com.ua\/index.php\/product\/reguljator-moshhnosti-rm1\/"},"modified":"2025-03-18T15:05:26","modified_gmt":"2025-03-18T13:05:26","slug":"reguljator-moshhnosti-rm1","status":"publish","type":"product","link":"https:\/\/regmik.ua\/cs\/product\/reguljator-moshhnosti-rm1\/","title":{"rendered":"Regul\u00e1tor v\u00fdkonu PM1"},"content":{"rendered":"<h2>\u00da\u010del:<\/h2>\n<p>Regul\u00e1tory v\u00fdkonu jsou ur\u010deny pro:<\/p>\n<ul>\n<li>\u0159\u00edzen\u00ed v\u00fdkonu p\u0159i aktivn\u00ed z\u00e1t\u011b\u017ei, v\u00fdkonov\u00e9 triaky spole\u010dn\u011b p\u0159ipojen\u00e9 k za\u0159\u00edzen\u00ed;<\/li>\n<li>pou\u017eit\u00ed jako za\u0159\u00edzen\u00ed pro nastaven\u00ed v\u00fdkonu pro ru\u010dn\u011b ovl\u00e1dan\u00fd oh\u0159\u00edva\u010d, jako\u017e i pro automatickou \u00fadr\u017ebu teploty objektu spole\u010dn\u011b s termostaty (nap\u0159\u00edklad RD1, RP1 atd.).<\/li>\n<\/ul>\n<h2>Obecn\u00e9 funkce a provozn\u00ed re\u017eimy:<\/h2>\n<p>Regul\u00e1tor v\u00fdkonu pracuje v automatick\u00e9m re\u017eimu. Kdy\u017e je na \u0159\u00eddic\u00ed vstup p\u0159ivedeno nap\u011bt\u00ed 0 ... 10 V, za\u0159\u00edzen\u00ed proporcion\u00e1ln\u011b upravuje v\u00fdstupn\u00ed v\u00fdkon aktivn\u00ed z\u00e1t\u011b\u017ee v rozsahu 0 ... 100%.<\/p>\n<p>Za\u0159\u00edzen\u00ed poskytuje hladk\u00fd v\u00fdstup nastaven\u00e9mu v\u00fdkonu. To je nezbytn\u00e9, aby se zabr\u00e1nilo n\u00e1hl\u00e9mu p\u0159et\u00ed\u017een\u00ed nap\u00e1jec\u00ed s\u00edt\u011b. Kdy\u017e je za\u0159\u00edzen\u00ed zapnuto nebo kdy\u017e se \u00farove\u0148 sign\u00e1lu n\u00e1hle zm\u011bn\u00ed na ovl\u00e1dac\u00edm vstupu za\u0159\u00edzen\u00ed, v\u00fdkon v z\u00e1t\u011b\u017ei se nezvy\u0161uje n\u00e1hle, ale plynule. \u010cas pot\u0159ebn\u00fd k dosa\u017een\u00ed nastaven\u00e9ho v\u00fdkonu je nastaviteln\u00fd od 0,1 do 60 sekund, kter\u00fd se nastavuje pomoc\u00ed knofl\u00edku na p\u0159edn\u00edm panelu za\u0159\u00edzen\u00ed.<\/p>\n<p>Vstupn\u00ed sign\u00e1l \u201einhibovat\u201c inhibuje spou\u0161t\u011bn\u00ed \u0159\u00eddic\u00edch pulz\u016f. Kdy\u017e je odstran\u011bn, dojde k hladk\u00e9mu v\u00fdstupu na danou \u00farove\u0148 v\u00fdkonu. Jako zdroj &quot;blokovac\u00edho&quot; sign\u00e1lu lze pou\u017e\u00edt tranzistor typu n - p - n s v\u00fdstupem otev\u0159en\u00e9ho kolektoru nebo kontakty tla\u010d\u00edtka, p\u0159ep\u00ednac\u00edho sp\u00edna\u010de, jaz\u00fd\u010dkov\u00e9ho sp\u00edna\u010de, rel\u00e9.<\/p>\n<p>Provozn\u00ed re\u017eim je zobrazen na p\u0159edn\u00edm panelu za\u0159\u00edzen\u00ed a je zm\u011bn\u011bn softwarem. Tov\u00e1rna provede po\u010d\u00e1te\u010dn\u00ed kalibraci analogov\u00fdch vstup\u016f s tov\u00e1rn\u00edm nastaven\u00edm.<br \/>\nChcete-li regulovat v\u00fdkon na z\u00e1t\u011b\u017ei, za\u0159\u00edzen\u00ed umo\u017e\u0148uje generovat sign\u00e1ly, kter\u00e9 \u0159\u00edd\u00ed triaky, dv\u011bma zp\u016fsoby: f\u00e1z\u00ed nebo po\u010dtem polovi\u010dn\u00edch period.<\/p>\n<p>F\u00e1zov\u00e1 metoda se pou\u017e\u00edv\u00e1 k ovl\u00e1d\u00e1n\u00ed objekt\u016f s n\u00edzkou setrva\u010dnost\u00ed, kter\u00e9 jsou odpov\u011bdn\u00e9 za zm\u011bnu nap\u011bt\u00ed nap\u0159\u00ed\u010d z\u00e1t\u011b\u017e\u00ed, a tak\u00e9 p\u0159i \u0159\u00edzen\u00ed osv\u011btlen\u00ed. U f\u00e1zov\u00e9 metody za\u0159\u00edzen\u00ed m\u011bn\u00ed \u00fahel otev\u0159en\u00ed triaku v z\u00e1vislosti na velikosti sign\u00e1lu na \u0159\u00eddic\u00edm vstupu, \u010d\u00edm\u017e m\u011bn\u00ed \u00farove\u0148 v\u00fdkonu p\u0159i z\u00e1t\u011b\u017ei.<\/p>\n<p>Metoda \u0159\u00edzen\u00ed po p\u016fl cyklu je pou\u017eiteln\u00e1 pouze pro setrva\u010dn\u00e1 zat\u00ed\u017een\u00ed. Po\u010det polovi\u010dn\u00edch period na z\u00e1t\u011b\u017ei z\u00e1vis\u00ed na hodnot\u011b sign\u00e1lu na \u0159\u00eddic\u00edm vstupu: p\u0159i minim\u00e1ln\u00ed \u00farovni v\u00fdkonu (0%) nejsou p\u0159ij\u00edm\u00e1ny polovi\u010dn\u00ed vlny nap\u011bt\u00ed, p\u0159i maxim\u00e1ln\u00ed \u00farovni v\u00fdkonu (100%), do z\u00e1t\u011b\u017ee je dod\u00e1v\u00e1no 100 polovi\u010dn\u00edch vln a p\u0159i v\u00fdkonu 50% - 50 polovi\u010dn\u00edch vln nap\u00e1jec\u00edho nap\u011bt\u00ed.<\/p>\n<h3 id=\"desc\" class=\"attr\">Vlastnosti<\/h3>\n<p><span class=\"body_left_page\"><strong>Parametry analogov\u00e9ho vstupu<\/strong><\/span><\/p>\n<table class=\"reg-product-table\" cellspacing=\"0\" cellpadding=\"0\">\n<tbody>\n<tr bgcolor=\"#DDDDDD\">\n<th><span class=\"body_left_page\"><strong>Vlastnosti<\/strong><\/span><\/th>\n<th><span class=\"body_left_page\"><strong>AN<\/strong><\/span><\/th>\n<th><span class=\"body_left_page\"><strong>V<\/strong><\/span><\/th>\n<\/tr>\n<tr>\n<td><span class=\"body_left_page\">Pracovn\u00ed doba<\/span><\/td>\n<td><span class=\"body_left_page\">2<\/span><\/td>\n<td><span class=\"body_left_page\">3<\/span><\/td>\n<\/tr>\n<tr>\n<td><span class=\"body_left_page\">Tov\u00e1rn\u00ed nastaven\u00ed<\/span><\/td>\n<td><span class=\"body_left_page\">0 ... 10 V<\/span><\/td>\n<td><span class=\"body_left_page\">4 ... 20 mA<\/span><\/td>\n<\/tr>\n<tr>\n<td><span class=\"body_left_page\">Minim\u00e1ln\u00ed kalibra\u010dn\u00ed hodnota<\/span><\/td>\n<td><span class=\"body_left_page\">0 palc\u016f<\/span><\/td>\n<td><span class=\"body_left_page\">0 mA<\/span><\/td>\n<\/tr>\n<tr>\n<td><span class=\"body_left_page\">Maxim\u00e1ln\u00ed kalibra\u010dn\u00ed hodnota<\/span><\/td>\n<td><span class=\"body_left_page\">10 palc\u016f<\/span><\/td>\n<td><span class=\"body_left_page\">20 mA<\/span><\/td>\n<\/tr>\n<\/tbody>\n<\/table>\n<p>&nbsp;<\/p>\n<p><span class=\"body_left_page\"><strong>Hlavn\u00ed technick\u00e9 vlastnosti regul\u00e1toru v\u00fdkonu<\/strong><\/span><\/p>\n<table class=\"reg-product-table\" cellspacing=\"0\" cellpadding=\"0\">\n<tbody>\n<tr bgcolor=\"#DDDDDD\">\n<th><span class=\"body_left_page\"><strong>Popis charakteristik<\/strong><\/span><\/th>\n<th><span class=\"body_left_page\"><strong>Hodnota<\/strong><\/span><\/th>\n<\/tr>\n<tr>\n<td><span class=\"body_left_page\">Nap\u00e1jec\u00ed nap\u011bt\u00ed (ze s\u00edt\u011b), V<\/span><\/td>\n<td><span class=\"body_left_page\">220 (\u00b1 15)<\/span><\/td>\n<\/tr>\n<tr>\n<td><span class=\"body_left_page\">S\u00ed\u0165ov\u00e1 frekvence, Hz<\/span><\/td>\n<td><span class=\"body_left_page\">50 (\u00b1 10)<\/span><\/td>\n<\/tr>\n<tr>\n<td><span class=\"body_left_page\">Spot\u0159eba energie, W<\/span><\/td>\n<td><span class=\"body_left_page\">ne v\u00edce ne\u017e 3 <\/span><\/td>\n<\/tr>\n<tr>\n<td><span class=\"body_left_page\">Re\u017eim ovl\u00e1d\u00e1n\u00ed p\u0159\u00edstroje <\/span><\/td>\n<td><span class=\"body_left_page\">\u0159\u00eddic\u00ed sign\u00e1l 0 ... 10 V <\/span><\/td>\n<\/tr>\n<tr>\n<td>Metoda \u0159\u00edzen\u00ed triaku<\/td>\n<td><span class=\"body_left_page\">re\u017eim \u010d. 1 - f\u00e1ze<br \/>\nre\u017eim \u010d\u00edslo 2 - pulzn\u00ed (podle po\u010dtu period) <\/span><\/td>\n<\/tr>\n<tr>\n<td>\u0160\u00ed\u0159ka za\u0159\u00edzen\u00ed, mm<\/td>\n<td><span class=\"body_left_page\">67 <\/span><\/td>\n<\/tr>\n<tr>\n<td>Hmotnost, g (ne v\u00edce)<\/td>\n<td><span class=\"body_left_page\">400 <\/span><\/td>\n<\/tr>\n<\/tbody>\n<\/table>","protected":false},"excerpt":{"rendered":"<p>Za\u0159\u00edzen\u00ed \u0159\u00edd\u00ed a reguluje v\u00fdkon p\u0159i aktivn\u00edm zat\u00ed\u017een\u00ed jednoho kan\u00e1lu. Jako ovlada\u010d lze pou\u017e\u00edt senzory se sjednocen\u00fdm v\u00fdstupn\u00edm sign\u00e1lem proudu nebo nap\u011bt\u00ed.<\/p>","protected":false},"featured_media":11381,"comment_status":"open","ping_status":"closed","template":"","meta":[],"product_brand":[],"product_cat":[140,39],"product_tag":[3394,3392,3393,116,43,139,45,3395],"class_list":{"0":"post-11450","1":"product","2":"type-product","3":"status-publish","4":"has-post-thumbnail","6":"product_cat-reguljatory_moshhnosti","7":"product_cat-regulators","8":"product_tag-3394","9":"product_tag-3392","10":"product_tag-3393","11":"product_tag-nagrevatel","12":"product_tag-regulyator","13":"product_tag-regulyator-moshhnosti","14":"product_tag-temperatura","15":"product_tag-3395","18":"instock","19":"shipping-taxable","20":"purchasable","21":"product-type-simple"},"yoast_head":"<title>\u0420\u0435\u0433\u0443\u043b\u044f\u0442\u043e\u0440 \u043c\u043e\u0449\u043d\u043e\u0441\u0442\u0438 \u0420\u041c1 &#8211; \u0420\u0415\u0413\u041c\u0406\u041a, \u041d\u0412\u0424, \u041f\u041f<\/title>\n<meta name=\"description\" content=\"\u0420\u0435\u0433\u0443\u043b\u044f\u0442\u043e\u0440 \u043c\u043e\u0449\u043d\u043e\u0441\u0442\u0438 \u041a\u0423\u041f\u0418\u0422\u042c. \u042d\u043b\u0435\u043a\u0442\u0440\u043e\u043d\u043d\u044b\u0439 \u0440\u0435\u0433\u0443\u043b\u044f\u0442\u043e\u0440 \u043c\u043e\u0449\u043d\u043e\u0441\u0442\u0438 220\u0432 \u041f\u0440\u0438\u0431\u043e\u0440 \u0430\u0432\u0442\u043e\u043c\u0430\u0442\u0438\u0447\u0435\u0441\u043a\u0438 \u0440\u0435\u0433\u0443\u043b\u0438\u0440\u0443\u0435\u0442 \u043c\u043e\u0449\u043d\u043e\u0441\u0442\u044c\u044e \u0432 \u043d\u0430\u0433\u0440\u0443\u0437\u043a\u0435 \u043d\u0430 \u043e\u0441\u043d\u043e\u0432\u0430\u043d\u0438\u0438 \u0437\u0430\u0434\u0430\u044e\u0449\u0435\u0433\u043e \u0441\u0438\u0433\u043d\u0430\u043b\u0430.\" \/>\n<meta name=\"robots\" content=\"index, follow, max-snippet:-1, max-image-preview:large, max-video-preview:-1\" \/>\n<link rel=\"canonical\" href=\"https:\/\/regmik.ua\/cs\/produkt\/reguljator-moshhnosti-rm1\/\" \/>\n<script type=\"application\/ld+json\" class=\"yoast-schema-graph\">{\"@context\":\"https:\\\/\\\/schema.org\",\"@graph\":[{\"@type\":\"WebPage\",\"@id\":\"https:\\\/\\\/regmik.ua\\\/product\\\/reguljator-moshhnosti-rm1\\\/\",\"url\":\"https:\\\/\\\/regmik.ua\\\/product\\\/reguljator-moshhnosti-rm1\\\/\",\"name\":\"\u0420\u0435\u0433\u0443\u043b\u044f\u0442\u043e\u0440 \u043c\u043e\u0449\u043d\u043e\u0441\u0442\u0438 \u0420\u041c1 &#8211; \u0420\u0415\u0413\u041c\u0406\u041a, \u041d\u0412\u0424, \u041f\u041f\",\"isPartOf\":{\"@id\":\"https:\\\/\\\/regmik.ua\\\/uk\\\/#website\"},\"primaryImageOfPage\":{\"@id\":\"https:\\\/\\\/regmik.ua\\\/product\\\/reguljator-moshhnosti-rm1\\\/#primaryimage\"},\"image\":{\"@id\":\"https:\\\/\\\/regmik.ua\\\/product\\\/reguljator-moshhnosti-rm1\\\/#primaryimage\"},\"thumbnailUrl\":\"https:\\\/\\\/regmik.ua\\\/wp-content\\\/uploads\\\/2015\\\/08\\\/rm1_front.png\",\"datePublished\":\"2016-08-31T05:16:12+00:00\",\"dateModified\":\"2025-03-18T13:05:26+00:00\",\"description\":\"\u0420\u0435\u0433\u0443\u043b\u044f\u0442\u043e\u0440 \u043c\u043e\u0449\u043d\u043e\u0441\u0442\u0438 \u041a\u0423\u041f\u0418\u0422\u042c. \u042d\u043b\u0435\u043a\u0442\u0440\u043e\u043d\u043d\u044b\u0439 \u0440\u0435\u0433\u0443\u043b\u044f\u0442\u043e\u0440 \u043c\u043e\u0449\u043d\u043e\u0441\u0442\u0438 220\u0432 \u041f\u0440\u0438\u0431\u043e\u0440 \u0430\u0432\u0442\u043e\u043c\u0430\u0442\u0438\u0447\u0435\u0441\u043a\u0438 \u0440\u0435\u0433\u0443\u043b\u0438\u0440\u0443\u0435\u0442 \u043c\u043e\u0449\u043d\u043e\u0441\u0442\u044c\u044e \u0432 \u043d\u0430\u0433\u0440\u0443\u0437\u043a\u0435 \u043d\u0430 \u043e\u0441\u043d\u043e\u0432\u0430\u043d\u0438\u0438 \u0437\u0430\u0434\u0430\u044e\u0449\u0435\u0433\u043e \u0441\u0438\u0433\u043d\u0430\u043b\u0430.\",\"breadcrumb\":{\"@id\":\"https:\\\/\\\/regmik.ua\\\/product\\\/reguljator-moshhnosti-rm1\\\/#breadcrumb\"},\"inLanguage\":\"cs\",\"potentialAction\":[{\"@type\":\"ReadAction\",\"target\":[\"https:\\\/\\\/regmik.ua\\\/product\\\/reguljator-moshhnosti-rm1\\\/\"]}]},{\"@type\":\"ImageObject\",\"inLanguage\":\"cs\",\"@id\":\"https:\\\/\\\/regmik.ua\\\/product\\\/reguljator-moshhnosti-rm1\\\/#primaryimage\",\"url\":\"https:\\\/\\\/regmik.ua\\\/wp-content\\\/uploads\\\/2015\\\/08\\\/rm1_front.png\",\"contentUrl\":\"https:\\\/\\\/regmik.ua\\\/wp-content\\\/uploads\\\/2015\\\/08\\\/rm1_front.png\",\"width\":800,\"height\":1024,\"caption\":\"\u0420\u0415\u0413\u0423\u041b\u042f\u0422\u041e\u0420 \u041c\u041e\u0429\u041d\u041e\u0421\u0422\u0418 (\u0420\u041c1) front\"},{\"@type\":\"BreadcrumbList\",\"@id\":\"https:\\\/\\\/regmik.ua\\\/product\\\/reguljator-moshhnosti-rm1\\\/#breadcrumb\",\"itemListElement\":[{\"@type\":\"ListItem\",\"position\":1,\"name\":\"\u0413\u043b\u0430\u0432\u043d\u0430\u044f \u0441\u0442\u0440\u0430\u043d\u0438\u0446\u0430\",\"item\":\"https:\\\/\\\/regmik.ua\\\/\"},{\"@type\":\"ListItem\",\"position\":2,\"name\":\"\u041f\u0440\u043e\u0434\u0443\u043a\u0446\u0438\u044f\",\"item\":\"https:\\\/\\\/regmik.ua\\\/uk\\\/products\\\/\"},{\"@type\":\"ListItem\",\"position\":3,\"name\":\"\u0420\u0435\u0433\u0443\u043b\u044f\u0442\u043e\u0440 \u043c\u043e\u0449\u043d\u043e\u0441\u0442\u0438 \u0420\u041c1\"}]},{\"@type\":\"WebSite\",\"@id\":\"https:\\\/\\\/regmik.ua\\\/uk\\\/#website\",\"url\":\"https:\\\/\\\/regmik.ua\\\/uk\\\/\",\"name\":\"REGMIK\",\"description\":\"\u0418\u0437\u043c\u0435\u0440\u0438\u0442\u0435\u043b\u044c\u043d\u044b\u0435 \u043f\u0440\u0438\u0431\u043e\u0440\u044b \u0438 \u0434\u0430\u0442\u0447\u0438\u043a\u0438 \u0442\u0435\u043c\u043f\u0435\u0440\u0430\u0442\u0443\u0440\u044b\",\"publisher\":{\"@id\":\"https:\\\/\\\/regmik.ua\\\/uk\\\/#organization\"},\"alternateName\":\"REGMIK\",\"potentialAction\":[{\"@type\":\"SearchAction\",\"target\":{\"@type\":\"EntryPoint\",\"urlTemplate\":\"https:\\\/\\\/regmik.ua\\\/uk\\\/?s={search_term_string}\"},\"query-input\":{\"@type\":\"PropertyValueSpecification\",\"valueRequired\":true,\"valueName\":\"search_term_string\"}}],\"inLanguage\":\"cs\"},{\"@type\":\"Organization\",\"@id\":\"https:\\\/\\\/regmik.ua\\\/uk\\\/#organization\",\"name\":\"REGMIK\",\"alternateName\":\"\u0420\u0415\u0413\u041c\u0418\u041a\",\"url\":\"https:\\\/\\\/regmik.ua\\\/uk\\\/\",\"logo\":{\"@type\":\"ImageObject\",\"inLanguage\":\"cs\",\"@id\":\"https:\\\/\\\/regmik.ua\\\/uk\\\/#\\\/schema\\\/logo\\\/image\\\/\",\"url\":\"https:\\\/\\\/regmik.ua\\\/wp-content\\\/uploads\\\/2020\\\/03\\\/regmik_logo.png\",\"contentUrl\":\"https:\\\/\\\/regmik.ua\\\/wp-content\\\/uploads\\\/2020\\\/03\\\/regmik_logo.png\",\"width\":194,\"height\":45,\"caption\":\"REGMIK\"},\"image\":{\"@id\":\"https:\\\/\\\/regmik.ua\\\/uk\\\/#\\\/schema\\\/logo\\\/image\\\/\"},\"sameAs\":[\"https:\\\/\\\/www.facebook.com\\\/regmik.npf\",\"https:\\\/\\\/x.com\\\/regmiknpf\",\"https:\\\/\\\/www.youtube.com\\\/channel\\\/UC_SrY98SKAmR3Kt95GcVKcw\"]}]}<\/script>","yoast_head_json":{"title":"Regul\u00e1tor v\u00fdkonu RM1 \u2013 REGMIK, NVF, PP","description":"Regul\u00e1tor v\u00fdkonu KOUPIT. Elektronick\u00fd regul\u00e1tor v\u00fdkonu 220v Za\u0159\u00edzen\u00ed automaticky reguluje v\u00fdkon v z\u00e1t\u011b\u017ei na z\u00e1klad\u011b referen\u010dn\u00edho sign\u00e1lu.","robots":{"index":"index","follow":"follow","max-snippet":"max-snippet:-1","max-image-preview":"max-image-preview:large","max-video-preview":"max-video-preview:-1"},"canonical":"https:\/\/regmik.ua\/cs\/produkt\/reguljator-moshhnosti-rm1\/","schema":{"@context":"https:\/\/schema.org","@graph":[{"@type":"WebPage","@id":"https:\/\/regmik.ua\/product\/reguljator-moshhnosti-rm1\/","url":"https:\/\/regmik.ua\/product\/reguljator-moshhnosti-rm1\/","name":"Regul\u00e1tor v\u00fdkonu RM1 \u2013 REGMIK, NVF, PP","isPartOf":{"@id":"https:\/\/regmik.ua\/uk\/#website"},"primaryImageOfPage":{"@id":"https:\/\/regmik.ua\/product\/reguljator-moshhnosti-rm1\/#primaryimage"},"image":{"@id":"https:\/\/regmik.ua\/product\/reguljator-moshhnosti-rm1\/#primaryimage"},"thumbnailUrl":"https:\/\/regmik.ua\/wp-content\/uploads\/2015\/08\/rm1_front.png","datePublished":"2016-08-31T05:16:12+00:00","dateModified":"2025-03-18T13:05:26+00:00","description":"Regul\u00e1tor v\u00fdkonu KOUPIT. Elektronick\u00fd regul\u00e1tor v\u00fdkonu 220v Za\u0159\u00edzen\u00ed automaticky reguluje v\u00fdkon v z\u00e1t\u011b\u017ei na z\u00e1klad\u011b referen\u010dn\u00edho sign\u00e1lu.","breadcrumb":{"@id":"https:\/\/regmik.ua\/product\/reguljator-moshhnosti-rm1\/#breadcrumb"},"inLanguage":"cs","potentialAction":[{"@type":"ReadAction","target":["https:\/\/regmik.ua\/product\/reguljator-moshhnosti-rm1\/"]}]},{"@type":"ImageObject","inLanguage":"cs","@id":"https:\/\/regmik.ua\/product\/reguljator-moshhnosti-rm1\/#primaryimage","url":"https:\/\/regmik.ua\/wp-content\/uploads\/2015\/08\/rm1_front.png","contentUrl":"https:\/\/regmik.ua\/wp-content\/uploads\/2015\/08\/rm1_front.png","width":800,"height":1024,"caption":"\u0420\u0415\u0413\u0423\u041b\u042f\u0422\u041e\u0420 \u041c\u041e\u0429\u041d\u041e\u0421\u0422\u0418 (\u0420\u041c1) front"},{"@type":"BreadcrumbList","@id":"https:\/\/regmik.ua\/product\/reguljator-moshhnosti-rm1\/#breadcrumb","itemListElement":[{"@type":"ListItem","position":1,"name":"\u0413\u043b\u0430\u0432\u043d\u0430\u044f \u0441\u0442\u0440\u0430\u043d\u0438\u0446\u0430","item":"https:\/\/regmik.ua\/"},{"@type":"ListItem","position":2,"name":"\u041f\u0440\u043e\u0434\u0443\u043a\u0446\u0438\u044f","item":"https:\/\/regmik.ua\/uk\/products\/"},{"@type":"ListItem","position":3,"name":"\u0420\u0435\u0433\u0443\u043b\u044f\u0442\u043e\u0440 \u043c\u043e\u0449\u043d\u043e\u0441\u0442\u0438 \u0420\u041c1"}]},{"@type":"WebSite","@id":"https:\/\/regmik.ua\/uk\/#website","url":"https:\/\/regmik.ua\/uk\/","name":"REGMIK","description":"M\u011b\u0159ic\u00ed p\u0159\u00edstroje a sn\u00edma\u010de teploty","publisher":{"@id":"https:\/\/regmik.ua\/uk\/#organization"},"alternateName":"REGMIK","potentialAction":[{"@type":"SearchAction","target":{"@type":"EntryPoint","urlTemplate":"https:\/\/regmik.ua\/uk\/?s={search_term_string}"},"query-input":{"@type":"PropertyValueSpecification","valueRequired":true,"valueName":"search_term_string"}}],"inLanguage":"cs"},{"@type":"Organization","@id":"https:\/\/regmik.ua\/uk\/#organization","name":"REGMIK","alternateName":"\u0420\u0415\u0413\u041c\u0418\u041a","url":"https:\/\/regmik.ua\/uk\/","logo":{"@type":"ImageObject","inLanguage":"cs","@id":"https:\/\/regmik.ua\/uk\/#\/schema\/logo\/image\/","url":"https:\/\/regmik.ua\/wp-content\/uploads\/2020\/03\/regmik_logo.png","contentUrl":"https:\/\/regmik.ua\/wp-content\/uploads\/2020\/03\/regmik_logo.png","width":194,"height":45,"caption":"REGMIK"},"image":{"@id":"https:\/\/regmik.ua\/uk\/#\/schema\/logo\/image\/"},"sameAs":["https:\/\/www.facebook.com\/regmik.npf","https:\/\/x.com\/regmiknpf","https:\/\/www.youtube.com\/channel\/UC_SrY98SKAmR3Kt95GcVKcw"]}]}},"_links":{"self":[{"href":"https:\/\/regmik.ua\/cs\/wp-json\/wp\/v2\/product\/11450","targetHints":{"allow":["GET"]}}],"collection":[{"href":"https:\/\/regmik.ua\/cs\/wp-json\/wp\/v2\/product"}],"about":[{"href":"https:\/\/regmik.ua\/cs\/wp-json\/wp\/v2\/types\/product"}],"replies":[{"embeddable":true,"href":"https:\/\/regmik.ua\/cs\/wp-json\/wp\/v2\/comments?post=11450"}],"version-history":[{"count":0,"href":"https:\/\/regmik.ua\/cs\/wp-json\/wp\/v2\/product\/11450\/revisions"}],"wp:featuredmedia":[{"embeddable":true,"href":"https:\/\/regmik.ua\/cs\/wp-json\/wp\/v2\/media\/11381"}],"wp:attachment":[{"href":"https:\/\/regmik.ua\/cs\/wp-json\/wp\/v2\/media?parent=11450"}],"wp:term":[{"taxonomy":"product_brand","embeddable":true,"href":"https:\/\/regmik.ua\/cs\/wp-json\/wp\/v2\/product_brand?post=11450"},{"taxonomy":"product_cat","embeddable":true,"href":"https:\/\/regmik.ua\/cs\/wp-json\/wp\/v2\/product_cat?post=11450"},{"taxonomy":"product_tag","embeddable":true,"href":"https:\/\/regmik.ua\/cs\/wp-json\/wp\/v2\/product_tag?post=11450"}],"curies":[{"name":"wp","href":"https:\/\/api.w.org\/{rel}","templated":true}]}}