{"id":11413,"date":"2016-08-30T15:58:23","date_gmt":"2016-08-30T12:58:23","guid":{"rendered":"http:\/\/test.regmik.com.ua\/index.php\/product\/rd4\/"},"modified":"2026-03-19T12:06:34","modified_gmt":"2026-03-19T10:06:34","slug":"reguljator-dvuhpozicionnyj-chetyrehkanalnyj-rd4-ch","status":"publish","type":"product","link":"https:\/\/regmik.ua\/cs\/product\/reguljator-dvuhpozicionnyj-chetyrehkanalnyj-rd4-ch\/","title":{"rendered":"Dvoupolohov\u00fd \u010dty\u0159kan\u00e1lov\u00fd regul\u00e1tor RD4"},"content":{"rendered":"<p>Dvoupolohov\u00fd \u010dty\u0159kan\u00e1lov\u00fd regul\u00e1tor RD4 prov\u00e1d\u00ed dvoupolohovou regulaci vstupn\u00ed fyzik\u00e1ln\u00ed veli\u010diny, automaticky \u0159\u00edd\u00ed stav vstupn\u00edho sn\u00edma\u010de, zda je nam\u011b\u0159en\u00e1 vstupn\u00ed hodnota mimo stanoven\u00fd rozsah m\u011b\u0159en\u00ed, spr\u00e1vnost zad\u00e1v\u00e1n\u00ed parametr\u016f a kalibraci za\u0159\u00edzen\u00ed . Na z\u00e1klad\u011b v\u00fdsledk\u016f kontroly je generov\u00e1n sign\u00e1l \u201eChyba\u201c.<br \/>\nRegul\u00e1tor m\u016f\u017ee b\u00fdt proveden ve dvou modifikac\u00edch z hlediska nap\u00e1jen\u00ed: s\u00ed\u0165 st\u0159\u00eddav\u00e9ho nap\u011bt\u00ed 90..240 V (IPI) nebo zdroj stejnosm\u011brn\u00e9ho nap\u011bt\u00ed = 12..24 V (IP24). Je tak\u00e9 mo\u017en\u00e9 vyrobit modely se dv\u011bma indik\u00e1tory pro sou\u010dasn\u00e9 zobrazen\u00ed aktu\u00e1ln\u00edch, po\u017eadovan\u00fdch a p\u00edsmenn\u00fdch informac\u00ed.<\/p>\n<h3>\u00da\u010del:<\/h3>\n<p>Dvoupolohov\u00fd \u010dty\u0159kan\u00e1lov\u00fd regul\u00e1tor RD4 je ur\u010den pro p\u0159\u00edjem a p\u0159evod sign\u00e1l\u016f z odporov\u00fdch termo\u010dl\u00e1nk\u016f (RT), termoelektrick\u00fdch p\u0159evodn\u00edk\u016f (PT) a sn\u00edma\u010d\u016f s jednotn\u00fdm proudov\u00fdm a nap\u011b\u0165ov\u00fdm v\u00fdstupn\u00edm sign\u00e1lem na teplotu, vlhkost, tlak (nebo jin\u00fd fyzik\u00e1ln\u00ed parametr) a Zobrazit<br \/>\nje na vestav\u011bn\u00e9 digit\u00e1ln\u00ed ukazatele se sou\u010dasnou regulac\u00ed teploty objekt\u016f podle dvoupolohov\u00e9ho z\u00e1kona.<br \/>\nP\u0159\u00edstroj automaticky kontroluje stav senzor\u016f, zji\u0161t\u011bn\u00ed nam\u011b\u0159en\u00e9 teploty v nastaven\u00e9m rozsahu m\u011b\u0159en\u00ed, spr\u00e1vnost zad\u00e1n\u00ed parametr\u016f a kalibraci p\u0159\u00edstroje. Podle v\u00fdsledk\u016f kontroly je generov\u00e1n sign\u00e1l \u201eChyba\u201c.<\/p>\n<p>Za\u0159\u00edzen\u00ed lze pou\u017e\u00edt k \u0159\u00edzen\u00ed implementace r\u016fzn\u00fdch technologick\u00fdch proces\u016f v pr\u016fmyslu, zem\u011bd\u011blstv\u00ed a komun\u00e1ln\u00edch slu\u017eb\u00e1ch.<\/p>\n<h3>Za\u0159\u00edzen\u00ed poskytuje n\u00e1sleduj\u00edc\u00ed funkce:<\/h3>\n<ul>\n<li style=\"list-style-type: none\">\n<ul>\n<li>- m\u011b\u0159en\u00ed teploty, vlhkosti, tlaku (nebo jin\u00fdch fyzik\u00e1ln\u00edch parametr\u016f) r\u016fzn\u00fdch objekt\u016f prost\u0159ednictv\u00edm \u010dty\u0159 kan\u00e1l\u016f pomoc\u00ed standardn\u00edho RTD, PT a \/ nebo pomoc\u00ed senzor\u016f s jednotn\u00fdm v\u00fdstupn\u00edm sign\u00e1lem proudu 0 (4) .. 20 mA, 0..5 mA a nap\u011bt\u00ed 0..1V, 0..10V;<\/li>\n<li>m\u011b\u0159en\u00ed vlhkosti zalo\u017een\u00e9 na psychrometrick\u00e9 metod\u011b s pou\u017eit\u00edm standardn\u00edch vozidel;<\/li>\n<li>v\u00fdpo\u010det sou\u010dtu, rozd\u00edlu a pr\u016fm\u011brn\u00e9 hodnoty mezi libovoln\u00fdmi dv\u011bma vstupn\u00edmi parametry za\u0159\u00edzen\u00ed;<\/li>\n<li>zobrazit na vestav\u011bn\u00fdch LED digit\u00e1ln\u00edch indik\u00e1torech aktu\u00e1ln\u00ed a nastaven\u00e9 hodnoty teploty v jednom z kan\u00e1l\u016f;<\/li>\n<li>regulace teploty p\u0159edm\u011bt\u016f podle dvoupolohov\u00e9ho z\u00e1kona \u010dty\u0159mi kan\u00e1ly;<\/li>\n<li>regulace teploty objektu podle v\u00edcepolohov\u00e9ho z\u00e1kona v jednom kan\u00e1lu;<\/li>\n<li>ukon\u010den\u00ed kontroly v\u00fdkonn\u00fdch za\u0159\u00edzen\u00ed po \u010dase stanoven\u00e9m softwarem;<\/li>\n<li>pracovat v re\u017eimu pulzn\u00edho regul\u00e1toru (se schopnost\u00ed nastavit dobu a trv\u00e1n\u00ed pulz\u016f);<\/li>\n<li>sv\u011bteln\u00e1 indikace provozn\u00edho re\u017eimu za\u0159\u00edzen\u00ed;<\/li>\n<li>v\u00fdm\u011bna dat s osobn\u00edm po\u010d\u00edta\u010dem p\u0159es rozhran\u00ed RS-485;<\/li>\n<li>generov\u00e1n\u00ed sign\u00e1lu \u201eChyba\u201c;<\/li>\n<li>programov\u00e1 zm\u011bna parametr\u016f transforma\u010dn\u00edch charakteristik.<\/li>\n<\/ul>\n<\/li>\n<\/ul>\n<p>Funk\u010dn\u00ed parametry m\u011b\u0159en\u00ed a regulace jsou nastaveny servisn\u00edm person\u00e1lem a jsou ulo\u017eeny p\u0159i vypnut\u00ed nap\u00e1jen\u00ed v energeticky nez\u00e1visl\u00e9 pam\u011bti p\u0159\u00edstroje.<br \/>\nZa\u0159\u00edzen\u00ed je ur\u010deno k pou\u017eit\u00ed v n\u00e1sleduj\u00edc\u00edch podm\u00ednk\u00e1ch prost\u0159ed\u00ed:<br \/>\nteplota vzduchu obklopuj\u00edc\u00edho sk\u0159\u00ed\u0148 za\u0159\u00edzen\u00ed + 5 ... + 50 \u00b0 \u0421;<br \/>\natmosf\u00e9rick\u00fd tlak 86 ... 107 kPa;<br \/>\nrelativn\u00ed vlhkost vzduchu (p\u0159i teplot\u011b + 35 \u00b0 \u0421) 30\u2026 80%.<\/p>","protected":false},"excerpt":{"rendered":"<p>Dvoupolohov\u00fd \u010dty\u0159kan\u00e1lov\u00fd regul\u00e1tor RD4 m\u011b\u0159\u00ed, \u0159\u00edd\u00ed a reguluje teplotu nebo jin\u00e9 fyzik\u00e1ln\u00ed veli\u010diny pomoc\u00ed standardn\u00edch sn\u00edma\u010d\u016f ve \u010dty\u0159ech kan\u00e1lech. Jako sn\u00edma\u010de lze pou\u017e\u00edt odporov\u00e9 tepeln\u00e9 p\u0159evodn\u00edky, termoelektrick\u00e9 p\u0159evodn\u00edky a sn\u00edma\u010de s unifikovan\u00fdm proudov\u00fdm nebo nap\u011b\u0165ov\u00fdm v\u00fdstupn\u00edm sign\u00e1lem.<\/p>","protected":false},"featured_media":11343,"comment_status":"open","ping_status":"closed","template":"","meta":[],"product_brand":[],"product_cat":[39,50,122],"product_tag":[119,120,89,105,88,116,91,118,43,45,117,109,110,115],"class_list":{"0":"post-11413","1":"product","2":"type-product","3":"status-publish","4":"has-post-thumbnail","6":"product_cat-regulators","7":"product_cat-discrete-control","8":"product_cat-sh","9":"product_tag-an","10":"product_tag-at","11":"product_tag-datchik","12":"product_tag-dvuhpozitsionnyj","13":"product_tag-izmeritel","14":"product_tag-nagrevatel","15":"product_tag-obekt","16":"product_tag-pt","17":"product_tag-regulyator","18":"product_tag-temperatura","19":"product_tag-ts","20":"product_tag-tsm","21":"product_tag-tsp","22":"product_tag-holodilnik","23":"pa_number-of-inputs-246","24":"pa_number-of-outputs-252","25":"pa_outputs1-ok","26":"pa_outputs1-os","27":"pa_outputs1-r","28":"pa_power-supply-ip24","29":"pa_power-supply-ipi","30":"pa_rs485-yes","31":"pa_types-of-inputs-at0-5ma-0-20ma-4-20ma","32":"pa_types-of-inputs-uvtsptanat","35":"instock","36":"shipping-taxable","37":"purchasable","38":"product-type-variable","39":"has-default-attributes"},"yoast_head":"<title>\u0420\u0435\u0433\u0443\u043b\u044f\u0442\u043e\u0440 \u0434\u0432\u0443\u0445\u043f\u043e\u0437\u0438\u0446\u0438\u043e\u043d\u043d\u044b\u0439 \u0447\u0435\u0442\u044b\u0440\u0435\u0445\u043a\u0430\u043d\u0430\u043b\u044c\u043d\u044b\u0439 \u0420\u04144 &#8211; \u0420\u0415\u0413\u041c\u0406\u041a, \u041d\u0412\u0424, \u041f\u041f<\/title>\n<meta name=\"description\" content=\"\u0420\u0435\u0433\u0443\u043b\u044f\u0442\u043e\u0440 \u0434\u0432\u0443\u0445\u043f\u043e\u0437\u0438\u0446\u0438\u043e\u043d\u043d\u044b\u0439 \u0447\u0435\u0442\u044b\u0440\u0435\u0445\u043a\u0430\u043d\u0430\u043b\u044c\u043d\u044b\u0439 \u0420\u04144 \u0438\u0437\u043c\u0435\u0440\u044f\u0435\u0442, \u043a\u043e\u043d\u0442\u0440\u043e\u043b\u0438\u0440\u0443\u0435\u0442 \u0438 \u0440\u0435\u0433\u0443\u043b\u0438\u0440\u0443\u0435\u0442 \u0442\u0435\u043c\u043f\u0435\u0440\u0430\u0442\u0443\u0440\u0443 \u0438\u043b\u0438 \u0434\u0440\u0443\u0433\u0438\u0435 \u0444\u0438\u0437\u0438\u0447\u0435\u0441\u043a\u0438\u0435 \u0432\u0435\u043b\u0438\u0447\u0438\u043d\u044b \u0441 \u043f\u043e\u043c\u043e\u0449\u044c\u044e \u0441\u0442\u0430\u043d\u0434\u0430\u0440\u0442\u043d\u044b\u0445 \u0434\u0430\u0442\u0447\u0438\u043a\u043e\u0432 \u043f\u043e \u0447\u0435\u0442\u044b\u0440\u0435\u043c \u043a\u0430\u043d\u0430\u043b\u0430\u043c. \u0412 \u043a\u0430\u0447\u0435\u0441\u0442\u0432\u0435 \u0434\u0430\u0442\u0447\u0438\u043a\u043e\u0432 \u043c\u043e\u0433\u0443\u0442 \u0431\u044b\u0442\u044c \u0438\u0441\u043f\u043e\u043b\u044c\u0437\u043e\u0432\u0430\u043d\u044b \u0442\u0435\u0440\u043c\u043e\u043f\u0440\u0435\u043e\u0431\u0440\u0430\u0437\u043e\u0432\u0430\u0442\u0435\u043b\u0438 \u0441\u043e\u043f\u0440\u043e\u0442\u0438\u0432\u043b\u0435\u043d\u0438\u044f, \u043f\u0440\u0435\u043e\u0431\u0440\u0430\u0437\u043e\u0432\u0430\u0442\u0435\u043b\u0438 \u0442\u0435\u0440\u043c\u043e\u044d\u043b\u0435\u043a\u0442\u0440\u0438\u0447\u0435\u0441\u043a\u0438\u0435 \u0438 \u0434\u0430\u0442\u0447\u0438\u043a\u0438 \u0441 \u0443\u043d\u0438\u0444\u0438\u0446\u0438\u0440\u043e\u0432\u0430\u043d\u043d\u044b\u043c \u0432\u044b\u0445\u043e\u0434\u043d\u044b\u043c \u0441\u0438\u0433\u043d\u0430\u043b\u043e\u043c \u0442\u043e\u043a\u0430 \u0438\u043b\u0438 \u043d\u0430\u043f\u0440\u044f\u0436\u0435\u043d\u0438\u044f.\" \/>\n<meta name=\"robots\" content=\"index, follow, max-snippet:-1, max-image-preview:large, max-video-preview:-1\" \/>\n<link rel=\"canonical\" href=\"https:\/\/regmik.ua\/cs\/produkt\/reguljator-dvuhpozicionnyj-chetyrehkanalnyj-rd4-ch\/\" \/>\n<script type=\"application\/ld+json\" class=\"yoast-schema-graph\">{\"@context\":\"https:\\\/\\\/schema.org\",\"@graph\":[{\"@type\":\"WebPage\",\"@id\":\"https:\\\/\\\/regmik.ua\\\/product\\\/reguljator-dvuhpozicionnyj-chetyrehkanalnyj-rd4-ch\\\/\",\"url\":\"https:\\\/\\\/regmik.ua\\\/product\\\/reguljator-dvuhpozicionnyj-chetyrehkanalnyj-rd4-ch\\\/\",\"name\":\"\u0420\u0435\u0433\u0443\u043b\u044f\u0442\u043e\u0440 \u0434\u0432\u0443\u0445\u043f\u043e\u0437\u0438\u0446\u0438\u043e\u043d\u043d\u044b\u0439 \u0447\u0435\u0442\u044b\u0440\u0435\u0445\u043a\u0430\u043d\u0430\u043b\u044c\u043d\u044b\u0439 \u0420\u04144 &#8211; \u0420\u0415\u0413\u041c\u0406\u041a, \u041d\u0412\u0424, \u041f\u041f\",\"isPartOf\":{\"@id\":\"https:\\\/\\\/regmik.ua\\\/uk\\\/#website\"},\"primaryImageOfPage\":{\"@id\":\"https:\\\/\\\/regmik.ua\\\/product\\\/reguljator-dvuhpozicionnyj-chetyrehkanalnyj-rd4-ch\\\/#primaryimage\"},\"image\":{\"@id\":\"https:\\\/\\\/regmik.ua\\\/product\\\/reguljator-dvuhpozicionnyj-chetyrehkanalnyj-rd4-ch\\\/#primaryimage\"},\"thumbnailUrl\":\"https:\\\/\\\/regmik.ua\\\/wp-content\\\/uploads\\\/2015\\\/08\\\/unknown0_front.png\",\"datePublished\":\"2016-08-30T12:58:23+00:00\",\"dateModified\":\"2026-03-19T10:06:34+00:00\",\"description\":\"\u0420\u0435\u0433\u0443\u043b\u044f\u0442\u043e\u0440 \u0434\u0432\u0443\u0445\u043f\u043e\u0437\u0438\u0446\u0438\u043e\u043d\u043d\u044b\u0439 \u0447\u0435\u0442\u044b\u0440\u0435\u0445\u043a\u0430\u043d\u0430\u043b\u044c\u043d\u044b\u0439 \u0420\u04144 \u0438\u0437\u043c\u0435\u0440\u044f\u0435\u0442, \u043a\u043e\u043d\u0442\u0440\u043e\u043b\u0438\u0440\u0443\u0435\u0442 \u0438 \u0440\u0435\u0433\u0443\u043b\u0438\u0440\u0443\u0435\u0442 \u0442\u0435\u043c\u043f\u0435\u0440\u0430\u0442\u0443\u0440\u0443 \u0438\u043b\u0438 \u0434\u0440\u0443\u0433\u0438\u0435 \u0444\u0438\u0437\u0438\u0447\u0435\u0441\u043a\u0438\u0435 \u0432\u0435\u043b\u0438\u0447\u0438\u043d\u044b \u0441 \u043f\u043e\u043c\u043e\u0449\u044c\u044e \u0441\u0442\u0430\u043d\u0434\u0430\u0440\u0442\u043d\u044b\u0445 \u0434\u0430\u0442\u0447\u0438\u043a\u043e\u0432 \u043f\u043e \u0447\u0435\u0442\u044b\u0440\u0435\u043c \u043a\u0430\u043d\u0430\u043b\u0430\u043c. \u0412 \u043a\u0430\u0447\u0435\u0441\u0442\u0432\u0435 \u0434\u0430\u0442\u0447\u0438\u043a\u043e\u0432 \u043c\u043e\u0433\u0443\u0442 \u0431\u044b\u0442\u044c \u0438\u0441\u043f\u043e\u043b\u044c\u0437\u043e\u0432\u0430\u043d\u044b \u0442\u0435\u0440\u043c\u043e\u043f\u0440\u0435\u043e\u0431\u0440\u0430\u0437\u043e\u0432\u0430\u0442\u0435\u043b\u0438 \u0441\u043e\u043f\u0440\u043e\u0442\u0438\u0432\u043b\u0435\u043d\u0438\u044f, \u043f\u0440\u0435\u043e\u0431\u0440\u0430\u0437\u043e\u0432\u0430\u0442\u0435\u043b\u0438 \u0442\u0435\u0440\u043c\u043e\u044d\u043b\u0435\u043a\u0442\u0440\u0438\u0447\u0435\u0441\u043a\u0438\u0435 \u0438 \u0434\u0430\u0442\u0447\u0438\u043a\u0438 \u0441 \u0443\u043d\u0438\u0444\u0438\u0446\u0438\u0440\u043e\u0432\u0430\u043d\u043d\u044b\u043c \u0432\u044b\u0445\u043e\u0434\u043d\u044b\u043c \u0441\u0438\u0433\u043d\u0430\u043b\u043e\u043c \u0442\u043e\u043a\u0430 \u0438\u043b\u0438 \u043d\u0430\u043f\u0440\u044f\u0436\u0435\u043d\u0438\u044f.\",\"breadcrumb\":{\"@id\":\"https:\\\/\\\/regmik.ua\\\/product\\\/reguljator-dvuhpozicionnyj-chetyrehkanalnyj-rd4-ch\\\/#breadcrumb\"},\"inLanguage\":\"cs\",\"potentialAction\":[{\"@type\":\"ReadAction\",\"target\":[\"https:\\\/\\\/regmik.ua\\\/product\\\/reguljator-dvuhpozicionnyj-chetyrehkanalnyj-rd4-ch\\\/\"]}]},{\"@type\":\"ImageObject\",\"inLanguage\":\"cs\",\"@id\":\"https:\\\/\\\/regmik.ua\\\/product\\\/reguljator-dvuhpozicionnyj-chetyrehkanalnyj-rd4-ch\\\/#primaryimage\",\"url\":\"https:\\\/\\\/regmik.ua\\\/wp-content\\\/uploads\\\/2015\\\/08\\\/unknown0_front.png\",\"contentUrl\":\"https:\\\/\\\/regmik.ua\\\/wp-content\\\/uploads\\\/2015\\\/08\\\/unknown0_front.png\",\"width\":800,\"height\":1024,\"caption\":\"\u0420\u0415\u0413\u0423\u041b\u042f\u0422\u041e\u0420 \u0414\u0412\u0423\u0425\u041f\u041e\u0417\u0418\u0426\u0418\u041e\u041d\u041d\u042b\u0419 \u0427\u0415\u0422\u042b\u0420\u0415\u0425\u041a\u0410\u041d\u0410\u041b\u042c\u041d\u042b\u0419\"},{\"@type\":\"BreadcrumbList\",\"@id\":\"https:\\\/\\\/regmik.ua\\\/product\\\/reguljator-dvuhpozicionnyj-chetyrehkanalnyj-rd4-ch\\\/#breadcrumb\",\"itemListElement\":[{\"@type\":\"ListItem\",\"position\":1,\"name\":\"\u0413\u043b\u0430\u0432\u043d\u0430\u044f \u0441\u0442\u0440\u0430\u043d\u0438\u0446\u0430\",\"item\":\"https:\\\/\\\/regmik.ua\\\/\"},{\"@type\":\"ListItem\",\"position\":2,\"name\":\"\u041f\u0440\u043e\u0434\u0443\u043a\u0446\u0438\u044f\",\"item\":\"https:\\\/\\\/regmik.ua\\\/uk\\\/products\\\/\"},{\"@type\":\"ListItem\",\"position\":3,\"name\":\"\u0420\u0435\u0433\u0443\u043b\u044f\u0442\u043e\u0440 \u0434\u0432\u0443\u0445\u043f\u043e\u0437\u0438\u0446\u0438\u043e\u043d\u043d\u044b\u0439 \u0447\u0435\u0442\u044b\u0440\u0435\u0445\u043a\u0430\u043d\u0430\u043b\u044c\u043d\u044b\u0439 \u0420\u04144\"}]},{\"@type\":\"WebSite\",\"@id\":\"https:\\\/\\\/regmik.ua\\\/uk\\\/#website\",\"url\":\"https:\\\/\\\/regmik.ua\\\/uk\\\/\",\"name\":\"REGMIK\",\"description\":\"\u0418\u0437\u043c\u0435\u0440\u0438\u0442\u0435\u043b\u044c\u043d\u044b\u0435 \u043f\u0440\u0438\u0431\u043e\u0440\u044b \u0438 \u0434\u0430\u0442\u0447\u0438\u043a\u0438 \u0442\u0435\u043c\u043f\u0435\u0440\u0430\u0442\u0443\u0440\u044b\",\"publisher\":{\"@id\":\"https:\\\/\\\/regmik.ua\\\/uk\\\/#organization\"},\"alternateName\":\"REGMIK\",\"potentialAction\":[{\"@type\":\"SearchAction\",\"target\":{\"@type\":\"EntryPoint\",\"urlTemplate\":\"https:\\\/\\\/regmik.ua\\\/uk\\\/?s={search_term_string}\"},\"query-input\":{\"@type\":\"PropertyValueSpecification\",\"valueRequired\":true,\"valueName\":\"search_term_string\"}}],\"inLanguage\":\"cs\"},{\"@type\":\"Organization\",\"@id\":\"https:\\\/\\\/regmik.ua\\\/uk\\\/#organization\",\"name\":\"REGMIK\",\"alternateName\":\"\u0420\u0415\u0413\u041c\u0418\u041a\",\"url\":\"https:\\\/\\\/regmik.ua\\\/uk\\\/\",\"logo\":{\"@type\":\"ImageObject\",\"inLanguage\":\"cs\",\"@id\":\"https:\\\/\\\/regmik.ua\\\/uk\\\/#\\\/schema\\\/logo\\\/image\\\/\",\"url\":\"https:\\\/\\\/regmik.ua\\\/wp-content\\\/uploads\\\/2020\\\/03\\\/regmik_logo.png\",\"contentUrl\":\"https:\\\/\\\/regmik.ua\\\/wp-content\\\/uploads\\\/2020\\\/03\\\/regmik_logo.png\",\"width\":194,\"height\":45,\"caption\":\"REGMIK\"},\"image\":{\"@id\":\"https:\\\/\\\/regmik.ua\\\/uk\\\/#\\\/schema\\\/logo\\\/image\\\/\"},\"sameAs\":[\"https:\\\/\\\/www.facebook.com\\\/regmik.npf\",\"https:\\\/\\\/x.com\\\/regmiknpf\",\"https:\\\/\\\/www.youtube.com\\\/channel\\\/UC_SrY98SKAmR3Kt95GcVKcw\"]}]}<\/script>","yoast_head_json":{"title":"Dvoupolohov\u00fd \u010dty\u0159kan\u00e1lov\u00fd regul\u00e1tor RD4 \u2013 REGMIK, NVF, PP","description":"Dvoupolohov\u00fd \u010dty\u0159kan\u00e1lov\u00fd regul\u00e1tor RD4 m\u011b\u0159\u00ed, \u0159\u00edd\u00ed a reguluje teplotu nebo jin\u00e9 fyzik\u00e1ln\u00ed veli\u010diny pomoc\u00ed standardn\u00edch sn\u00edma\u010d\u016f ve \u010dty\u0159ech kan\u00e1lech. Jako sn\u00edma\u010de lze pou\u017e\u00edt odporov\u00e9 tepeln\u00e9 p\u0159evodn\u00edky, termoelektrick\u00e9 p\u0159evodn\u00edky a sn\u00edma\u010de s unifikovan\u00fdm proudov\u00fdm nebo nap\u011b\u0165ov\u00fdm v\u00fdstupn\u00edm sign\u00e1lem.","robots":{"index":"index","follow":"follow","max-snippet":"max-snippet:-1","max-image-preview":"max-image-preview:large","max-video-preview":"max-video-preview:-1"},"canonical":"https:\/\/regmik.ua\/cs\/produkt\/reguljator-dvuhpozicionnyj-chetyrehkanalnyj-rd4-ch\/","schema":{"@context":"https:\/\/schema.org","@graph":[{"@type":"WebPage","@id":"https:\/\/regmik.ua\/product\/reguljator-dvuhpozicionnyj-chetyrehkanalnyj-rd4-ch\/","url":"https:\/\/regmik.ua\/product\/reguljator-dvuhpozicionnyj-chetyrehkanalnyj-rd4-ch\/","name":"Dvoupolohov\u00fd \u010dty\u0159kan\u00e1lov\u00fd regul\u00e1tor RD4 \u2013 REGMIK, NVF, PP","isPartOf":{"@id":"https:\/\/regmik.ua\/uk\/#website"},"primaryImageOfPage":{"@id":"https:\/\/regmik.ua\/product\/reguljator-dvuhpozicionnyj-chetyrehkanalnyj-rd4-ch\/#primaryimage"},"image":{"@id":"https:\/\/regmik.ua\/product\/reguljator-dvuhpozicionnyj-chetyrehkanalnyj-rd4-ch\/#primaryimage"},"thumbnailUrl":"https:\/\/regmik.ua\/wp-content\/uploads\/2015\/08\/unknown0_front.png","datePublished":"2016-08-30T12:58:23+00:00","dateModified":"2026-03-19T10:06:34+00:00","description":"Dvoupolohov\u00fd \u010dty\u0159kan\u00e1lov\u00fd regul\u00e1tor RD4 m\u011b\u0159\u00ed, \u0159\u00edd\u00ed a reguluje teplotu nebo jin\u00e9 fyzik\u00e1ln\u00ed veli\u010diny pomoc\u00ed standardn\u00edch sn\u00edma\u010d\u016f ve \u010dty\u0159ech kan\u00e1lech. Jako sn\u00edma\u010de lze pou\u017e\u00edt odporov\u00e9 tepeln\u00e9 p\u0159evodn\u00edky, termoelektrick\u00e9 p\u0159evodn\u00edky a sn\u00edma\u010de s unifikovan\u00fdm proudov\u00fdm nebo nap\u011b\u0165ov\u00fdm v\u00fdstupn\u00edm sign\u00e1lem.","breadcrumb":{"@id":"https:\/\/regmik.ua\/product\/reguljator-dvuhpozicionnyj-chetyrehkanalnyj-rd4-ch\/#breadcrumb"},"inLanguage":"cs","potentialAction":[{"@type":"ReadAction","target":["https:\/\/regmik.ua\/product\/reguljator-dvuhpozicionnyj-chetyrehkanalnyj-rd4-ch\/"]}]},{"@type":"ImageObject","inLanguage":"cs","@id":"https:\/\/regmik.ua\/product\/reguljator-dvuhpozicionnyj-chetyrehkanalnyj-rd4-ch\/#primaryimage","url":"https:\/\/regmik.ua\/wp-content\/uploads\/2015\/08\/unknown0_front.png","contentUrl":"https:\/\/regmik.ua\/wp-content\/uploads\/2015\/08\/unknown0_front.png","width":800,"height":1024,"caption":"\u0420\u0415\u0413\u0423\u041b\u042f\u0422\u041e\u0420 \u0414\u0412\u0423\u0425\u041f\u041e\u0417\u0418\u0426\u0418\u041e\u041d\u041d\u042b\u0419 \u0427\u0415\u0422\u042b\u0420\u0415\u0425\u041a\u0410\u041d\u0410\u041b\u042c\u041d\u042b\u0419"},{"@type":"BreadcrumbList","@id":"https:\/\/regmik.ua\/product\/reguljator-dvuhpozicionnyj-chetyrehkanalnyj-rd4-ch\/#breadcrumb","itemListElement":[{"@type":"ListItem","position":1,"name":"\u0413\u043b\u0430\u0432\u043d\u0430\u044f \u0441\u0442\u0440\u0430\u043d\u0438\u0446\u0430","item":"https:\/\/regmik.ua\/"},{"@type":"ListItem","position":2,"name":"\u041f\u0440\u043e\u0434\u0443\u043a\u0446\u0438\u044f","item":"https:\/\/regmik.ua\/uk\/products\/"},{"@type":"ListItem","position":3,"name":"\u0420\u0435\u0433\u0443\u043b\u044f\u0442\u043e\u0440 \u0434\u0432\u0443\u0445\u043f\u043e\u0437\u0438\u0446\u0438\u043e\u043d\u043d\u044b\u0439 \u0447\u0435\u0442\u044b\u0440\u0435\u0445\u043a\u0430\u043d\u0430\u043b\u044c\u043d\u044b\u0439 \u0420\u04144"}]},{"@type":"WebSite","@id":"https:\/\/regmik.ua\/uk\/#website","url":"https:\/\/regmik.ua\/uk\/","name":"REGMIK","description":"M\u011b\u0159ic\u00ed p\u0159\u00edstroje a sn\u00edma\u010de teploty","publisher":{"@id":"https:\/\/regmik.ua\/uk\/#organization"},"alternateName":"REGMIK","potentialAction":[{"@type":"SearchAction","target":{"@type":"EntryPoint","urlTemplate":"https:\/\/regmik.ua\/uk\/?s={search_term_string}"},"query-input":{"@type":"PropertyValueSpecification","valueRequired":true,"valueName":"search_term_string"}}],"inLanguage":"cs"},{"@type":"Organization","@id":"https:\/\/regmik.ua\/uk\/#organization","name":"REGMIK","alternateName":"\u0420\u0415\u0413\u041c\u0418\u041a","url":"https:\/\/regmik.ua\/uk\/","logo":{"@type":"ImageObject","inLanguage":"cs","@id":"https:\/\/regmik.ua\/uk\/#\/schema\/logo\/image\/","url":"https:\/\/regmik.ua\/wp-content\/uploads\/2020\/03\/regmik_logo.png","contentUrl":"https:\/\/regmik.ua\/wp-content\/uploads\/2020\/03\/regmik_logo.png","width":194,"height":45,"caption":"REGMIK"},"image":{"@id":"https:\/\/regmik.ua\/uk\/#\/schema\/logo\/image\/"},"sameAs":["https:\/\/www.facebook.com\/regmik.npf","https:\/\/x.com\/regmiknpf","https:\/\/www.youtube.com\/channel\/UC_SrY98SKAmR3Kt95GcVKcw"]}]}},"_links":{"self":[{"href":"https:\/\/regmik.ua\/cs\/wp-json\/wp\/v2\/product\/11413","targetHints":{"allow":["GET"]}}],"collection":[{"href":"https:\/\/regmik.ua\/cs\/wp-json\/wp\/v2\/product"}],"about":[{"href":"https:\/\/regmik.ua\/cs\/wp-json\/wp\/v2\/types\/product"}],"replies":[{"embeddable":true,"href":"https:\/\/regmik.ua\/cs\/wp-json\/wp\/v2\/comments?post=11413"}],"version-history":[{"count":1,"href":"https:\/\/regmik.ua\/cs\/wp-json\/wp\/v2\/product\/11413\/revisions"}],"predecessor-version":[{"id":29632,"href":"https:\/\/regmik.ua\/cs\/wp-json\/wp\/v2\/product\/11413\/revisions\/29632"}],"wp:featuredmedia":[{"embeddable":true,"href":"https:\/\/regmik.ua\/cs\/wp-json\/wp\/v2\/media\/11343"}],"wp:attachment":[{"href":"https:\/\/regmik.ua\/cs\/wp-json\/wp\/v2\/media?parent=11413"}],"wp:term":[{"taxonomy":"product_brand","embeddable":true,"href":"https:\/\/regmik.ua\/cs\/wp-json\/wp\/v2\/product_brand?post=11413"},{"taxonomy":"product_cat","embeddable":true,"href":"https:\/\/regmik.ua\/cs\/wp-json\/wp\/v2\/product_cat?post=11413"},{"taxonomy":"product_tag","embeddable":true,"href":"https:\/\/regmik.ua\/cs\/wp-json\/wp\/v2\/product_tag?post=11413"}],"curies":[{"name":"wp","href":"https:\/\/api.w.org\/{rel}","templated":true}]}}