{"id":11225,"date":"2016-08-30T08:25:57","date_gmt":"2016-08-30T06:25:57","guid":{"rendered":"http:\/\/test.regmik.com.ua\/index.php\/product\/i4-1dvt\/"},"modified":"2024-04-24T06:36:44","modified_gmt":"2024-04-24T04:36:44","slug":"i4-2dvt","status":"publish","type":"product","link":"https:\/\/regmik.ua\/cs\/product\/i4-2dvt\/","title":{"rendered":"Dvoukan\u00e1lov\u00fd m\u011b\u0159i\u010d vlhkosti a teploty I4-2DVT"},"content":{"rendered":"<p>M\u011b\u0159i\u010d teploty a vlhkosti I2-DVT je navr\u017een tak, aby p\u0159ij\u00edmal a p\u0159ev\u00e1d\u011bl sign\u00e1ly z digit\u00e1ln\u00edch sn\u00edma\u010d\u016f teploty a vlhkosti a zobrazoval z\u00edskan\u00e9 hodnoty na vestav\u011bn\u00fdch digit\u00e1ln\u00edch indik\u00e1torech.<br \/>\nI4-2 lze pou\u017e\u00edt k vytvo\u0159en\u00ed klimatiza\u010dn\u00edch syst\u00e9m\u016f p\u0159es rozhran\u00ed RS-485 spolu s PLC od r\u016fzn\u00fdch v\u00fdrobc\u016f, stejn\u011b jako syst\u00e9my sb\u011bru dat na PC.<\/p>\n<h2>Obecn\u00e9 funkce a provozn\u00ed re\u017eimy I4-2DVT:<\/h2>\n<ul>\n<li>spole\u010dn\u00e1 pr\u00e1ce se dv\u011bma kombinovan\u00fdmi \u010didly vlhkosti s digit\u00e1ln\u00edm v\u00fdstupem typu DVT-001ts, -002ts, -101ts, -302ts, -303ts;<\/li>\n<li>schopnost pracovat se senzory vlhkosti a teploty SHT1x, SHT2x, DHT11, DHT22;<\/li>\n<li>\u00fadaj o hodnot\u011b vlhkosti, teploty a rosn\u00e9ho bodu;<\/li>\n<li>digit\u00e1ln\u00ed nastaven\u00ed m\u011b\u0159i\u010de teploty a vlhkosti;<\/li>\n<li>schopnost pracovat v m\u011b\u0159i\u010di teploty, vlhkom\u011bru, m\u011b\u0159i\u010di teploty a vlhkosti;<\/li>\n<li>sv\u011bteln\u00e1 indikace provozn\u00edch re\u017eim\u016f;<\/li>\n<li>programovan\u00e1 zm\u011bna parametr\u016f transforma\u010dn\u00edch charakteristik (sklon, offset);<\/li>\n<li>digit\u00e1ln\u00ed filtrace m\u011b\u0159en\u00ed (hloubka filtru \u2013 a\u017e 10 period m\u011b\u0159en\u00ed teploty a vlhkosti);<\/li>\n<li>alarm (sign\u00e1lem odeslan\u00fdm do extern\u00edho ak\u010dn\u00edho \u010dlenu), kdy\u017e kter\u00fdkoli m\u011b\u0159en\u00fd parametr p\u0159ekro\u010d\u00ed specifikovan\u00e9 limity;<\/li>\n<li>zm\u011bna indika\u010dn\u00ed periody m\u011b\u0159en\u00e9 hodnoty;<\/li>\n<li>ochrana parametr\u016f heslem;<\/li>\n<li>Rozhran\u00ed RS-485 Modbus RTU.<\/li>\n<\/ul>","protected":false},"excerpt":{"rendered":"<p>Dvoukan\u00e1lov\u00fd m\u011b\u0159i\u010d vlhkosti a teploty I4-2DVT je ur\u010den pro m\u011b\u0159en\u00ed, sledov\u00e1n\u00ed a zobrazov\u00e1n\u00ed vlhkosti a teploty na vestav\u011bn\u00fdch digit\u00e1ln\u00edch indik\u00e1torech ze dvou digit\u00e1ln\u00edch \u010didel DVTts a m\u00e1 alarmov\u00fd v\u00fdstup.<\/p>","protected":false},"featured_media":12175,"comment_status":"open","ping_status":"closed","template":"","meta":[],"product_brand":[],"product_cat":[40,52],"product_tag":[94,89,96,88,99,91,95,45],"class_list":{"0":"post-11225","1":"product","2":"type-product","3":"status-publish","4":"has-post-thumbnail","6":"product_cat-meters","7":"product_cat-shield-housing","8":"product_tag-avariya","9":"product_tag-datchik","10":"product_tag-i4","11":"product_tag-izmeritel","12":"product_tag-izmeritel-vlazhnosti-i-temperatury","13":"product_tag-obekt","14":"product_tag-signalizatsiya","15":"product_tag-temperatura","16":"pa_number-of-inputs-244","17":"pa_number-of-outputs-249","18":"pa_outputs1-ok","19":"pa_outputs1-os","20":"pa_outputs1-r","21":"pa_power-supply-ip24","22":"pa_power-supply-ipi","23":"pa_rs485-yes","24":"pa_types-of-inputs-dvt","27":"instock","28":"shipping-taxable","29":"purchasable","30":"product-type-variable","31":"has-default-attributes"},"yoast_head":"<title>\u0418\u0437\u043c\u0435\u0440\u0438\u0442\u0435\u043b\u044c \u0432\u043b\u0430\u0436\u043d\u043e\u0441\u0442\u0438 \u0438 \u0442\u0435\u043c\u043f\u0435\u0440\u0430\u0442\u0443\u0440\u044b \u0434\u0432\u0443\u0445\u043a\u0430\u043d\u0430\u043b\u044c\u043d\u044b\u0439 \u04184-2\u0414\u0412\u0422 &#8211; \u0420\u0415\u0413\u041c\u0406\u041a, \u041d\u0412\u0424, \u041f\u041f (\u0418\u0437\u0433\u043e\u0442\u043e\u0432\u043b\u0435\u043d\u043e \u0432 \u0423\u043a\u0440\u0430\u0438\u043d\u0435)<\/title>\n<meta name=\"description\" content=\"\u0418\u0437\u043c\u0435\u0440\u0438\u0442\u0435\u043b\u044c \u0432\u043b\u0430\u0436\u043d\u043e\u0441\u0442\u0438 \u0438 \u0442\u0435\u043c\u043f\u0435\u0440\u0430\u0442\u0443\u0440\u044b \u0434\u0432\u0443\u0445\u043a\u0430\u043d\u0430\u043b\u044c\u043d\u044b\u0439 \u04184-2\u0414\u0412\u0422 \u043f\u0440\u0435\u0434\u043d\u0430\u0437\u043d\u0430\u0447\u0435\u043d \u0434\u043b\u044f \u0438\u0437\u043c\u0435\u0440\u0435\u043d\u0438\u044f \u0438 \u043e\u0442\u043e\u0431\u0440\u0430\u0436\u0435\u043d\u0438\u044f \u0432\u043b\u0430\u0436\u043d\u043e\u0441\u0442\u0438 \u0438 \u0442\u0435\u043c\u043f\u0435\u0440\u0430\u0442\u0443\u0440\u044b \u043e\u0442 \u0434\u0432\u0443\u0445 \u0446\u0438\u0444\u0440\u043e\u0432\u044b\u0445 \u0434\u0430\u0442\u0447\u0438\u043a\u043e\u0432 \u0414\u0412\u0422\" \/>\n<meta name=\"robots\" content=\"index, follow, max-snippet:-1, max-image-preview:large, max-video-preview:-1\" \/>\n<link rel=\"canonical\" href=\"https:\/\/regmik.ua\/cs\/produkt\/i4-2dvt\/\" \/>\n<script type=\"application\/ld+json\" class=\"yoast-schema-graph\">{\"@context\":\"https:\\\/\\\/schema.org\",\"@graph\":[{\"@type\":\"WebPage\",\"@id\":\"https:\\\/\\\/regmik.ua\\\/product\\\/i4-2dvt\\\/\",\"url\":\"https:\\\/\\\/regmik.ua\\\/product\\\/i4-2dvt\\\/\",\"name\":\"\u0418\u0437\u043c\u0435\u0440\u0438\u0442\u0435\u043b\u044c \u0432\u043b\u0430\u0436\u043d\u043e\u0441\u0442\u0438 \u0438 \u0442\u0435\u043c\u043f\u0435\u0440\u0430\u0442\u0443\u0440\u044b \u0434\u0432\u0443\u0445\u043a\u0430\u043d\u0430\u043b\u044c\u043d\u044b\u0439 \u04184-2\u0414\u0412\u0422 &#8211; \u0420\u0415\u0413\u041c\u0406\u041a, \u041d\u0412\u0424, \u041f\u041f (\u0418\u0437\u0433\u043e\u0442\u043e\u0432\u043b\u0435\u043d\u043e \u0432 \u0423\u043a\u0440\u0430\u0438\u043d\u0435)\",\"isPartOf\":{\"@id\":\"https:\\\/\\\/regmik.ua\\\/uk\\\/#website\"},\"primaryImageOfPage\":{\"@id\":\"https:\\\/\\\/regmik.ua\\\/product\\\/i4-2dvt\\\/#primaryimage\"},\"image\":{\"@id\":\"https:\\\/\\\/regmik.ua\\\/product\\\/i4-2dvt\\\/#primaryimage\"},\"thumbnailUrl\":\"https:\\\/\\\/regmik.ua\\\/wp-content\\\/uploads\\\/2015\\\/08\\\/RD4_4TC_front.png\",\"datePublished\":\"2016-08-30T06:25:57+00:00\",\"dateModified\":\"2024-04-24T04:36:44+00:00\",\"description\":\"\u0418\u0437\u043c\u0435\u0440\u0438\u0442\u0435\u043b\u044c \u0432\u043b\u0430\u0436\u043d\u043e\u0441\u0442\u0438 \u0438 \u0442\u0435\u043c\u043f\u0435\u0440\u0430\u0442\u0443\u0440\u044b \u0434\u0432\u0443\u0445\u043a\u0430\u043d\u0430\u043b\u044c\u043d\u044b\u0439 \u04184-2\u0414\u0412\u0422 \u043f\u0440\u0435\u0434\u043d\u0430\u0437\u043d\u0430\u0447\u0435\u043d \u0434\u043b\u044f \u0438\u0437\u043c\u0435\u0440\u0435\u043d\u0438\u044f \u0438 \u043e\u0442\u043e\u0431\u0440\u0430\u0436\u0435\u043d\u0438\u044f \u0432\u043b\u0430\u0436\u043d\u043e\u0441\u0442\u0438 \u0438 \u0442\u0435\u043c\u043f\u0435\u0440\u0430\u0442\u0443\u0440\u044b \u043e\u0442 \u0434\u0432\u0443\u0445 \u0446\u0438\u0444\u0440\u043e\u0432\u044b\u0445 \u0434\u0430\u0442\u0447\u0438\u043a\u043e\u0432 \u0414\u0412\u0422\",\"breadcrumb\":{\"@id\":\"https:\\\/\\\/regmik.ua\\\/product\\\/i4-2dvt\\\/#breadcrumb\"},\"inLanguage\":\"cs\",\"potentialAction\":[{\"@type\":\"ReadAction\",\"target\":[\"https:\\\/\\\/regmik.ua\\\/product\\\/i4-2dvt\\\/\"]}]},{\"@type\":\"ImageObject\",\"inLanguage\":\"cs\",\"@id\":\"https:\\\/\\\/regmik.ua\\\/product\\\/i4-2dvt\\\/#primaryimage\",\"url\":\"https:\\\/\\\/regmik.ua\\\/wp-content\\\/uploads\\\/2015\\\/08\\\/RD4_4TC_front.png\",\"contentUrl\":\"https:\\\/\\\/regmik.ua\\\/wp-content\\\/uploads\\\/2015\\\/08\\\/RD4_4TC_front.png\",\"width\":800,\"height\":1024,\"caption\":\"\u0418\u0437\u043c\u0435\u0440\u0438\u0442\u0435\u043b\u044c \u0432\u043b\u0430\u0436\u043d\u043e\u0441\u0442\u0438 \u0438 \u0442\u0435\u043c\u043f\u0435\u0440\u0430\u0442\u0443\u0440\u044b \u0447\u0435\u0442\u044b\u0440\u0435\u0445\u043a\u0430\u043d\u0430\u043b\u044c\u043d\u044b\u0439 (\u04184 2\u0414\u0412\u0422)\"},{\"@type\":\"BreadcrumbList\",\"@id\":\"https:\\\/\\\/regmik.ua\\\/product\\\/i4-2dvt\\\/#breadcrumb\",\"itemListElement\":[{\"@type\":\"ListItem\",\"position\":1,\"name\":\"\u0413\u043b\u0430\u0432\u043d\u0430\u044f \u0441\u0442\u0440\u0430\u043d\u0438\u0446\u0430\",\"item\":\"https:\\\/\\\/regmik.ua\\\/\"},{\"@type\":\"ListItem\",\"position\":2,\"name\":\"\u041f\u0440\u043e\u0434\u0443\u043a\u0446\u0438\u044f\",\"item\":\"https:\\\/\\\/regmik.ua\\\/uk\\\/products\\\/\"},{\"@type\":\"ListItem\",\"position\":3,\"name\":\"\u0418\u0437\u043c\u0435\u0440\u0438\u0442\u0435\u043b\u044c \u0432\u043b\u0430\u0436\u043d\u043e\u0441\u0442\u0438 \u0438 \u0442\u0435\u043c\u043f\u0435\u0440\u0430\u0442\u0443\u0440\u044b \u0434\u0432\u0443\u0445\u043a\u0430\u043d\u0430\u043b\u044c\u043d\u044b\u0439 \u04184-2\u0414\u0412\u0422\"}]},{\"@type\":\"WebSite\",\"@id\":\"https:\\\/\\\/regmik.ua\\\/uk\\\/#website\",\"url\":\"https:\\\/\\\/regmik.ua\\\/uk\\\/\",\"name\":\"REGMIK\",\"description\":\"\u0418\u0437\u043c\u0435\u0440\u0438\u0442\u0435\u043b\u044c\u043d\u044b\u0435 \u043f\u0440\u0438\u0431\u043e\u0440\u044b \u0438 \u0434\u0430\u0442\u0447\u0438\u043a\u0438 \u0442\u0435\u043c\u043f\u0435\u0440\u0430\u0442\u0443\u0440\u044b\",\"publisher\":{\"@id\":\"https:\\\/\\\/regmik.ua\\\/uk\\\/#organization\"},\"alternateName\":\"REGMIK\",\"potentialAction\":[{\"@type\":\"SearchAction\",\"target\":{\"@type\":\"EntryPoint\",\"urlTemplate\":\"https:\\\/\\\/regmik.ua\\\/uk\\\/?s={search_term_string}\"},\"query-input\":{\"@type\":\"PropertyValueSpecification\",\"valueRequired\":true,\"valueName\":\"search_term_string\"}}],\"inLanguage\":\"cs\"},{\"@type\":\"Organization\",\"@id\":\"https:\\\/\\\/regmik.ua\\\/uk\\\/#organization\",\"name\":\"REGMIK\",\"alternateName\":\"\u0420\u0415\u0413\u041c\u0418\u041a\",\"url\":\"https:\\\/\\\/regmik.ua\\\/uk\\\/\",\"logo\":{\"@type\":\"ImageObject\",\"inLanguage\":\"cs\",\"@id\":\"https:\\\/\\\/regmik.ua\\\/uk\\\/#\\\/schema\\\/logo\\\/image\\\/\",\"url\":\"https:\\\/\\\/regmik.ua\\\/wp-content\\\/uploads\\\/2020\\\/03\\\/regmik_logo.png\",\"contentUrl\":\"https:\\\/\\\/regmik.ua\\\/wp-content\\\/uploads\\\/2020\\\/03\\\/regmik_logo.png\",\"width\":194,\"height\":45,\"caption\":\"REGMIK\"},\"image\":{\"@id\":\"https:\\\/\\\/regmik.ua\\\/uk\\\/#\\\/schema\\\/logo\\\/image\\\/\"},\"sameAs\":[\"https:\\\/\\\/www.facebook.com\\\/regmik.npf\",\"https:\\\/\\\/x.com\\\/regmiknpf\",\"https:\\\/\\\/www.youtube.com\\\/channel\\\/UC_SrY98SKAmR3Kt95GcVKcw\"]}]}<\/script>","yoast_head_json":{"title":"Dvoukan\u00e1lov\u00fd m\u011b\u0159i\u010d vlhkosti a teploty I4-2DVT \u2013 REGMIK, NVF, PP (Vyrobeno na Ukrajin\u011b)","description":"Dvoukan\u00e1lov\u00fd m\u011b\u0159i\u010d vlhkosti a teploty I4-2DVT je ur\u010den k m\u011b\u0159en\u00ed a zobrazov\u00e1n\u00ed vlhkosti a teploty ze dvou digit\u00e1ln\u00edch \u010didel DVT","robots":{"index":"index","follow":"follow","max-snippet":"max-snippet:-1","max-image-preview":"max-image-preview:large","max-video-preview":"max-video-preview:-1"},"canonical":"https:\/\/regmik.ua\/cs\/produkt\/i4-2dvt\/","schema":{"@context":"https:\/\/schema.org","@graph":[{"@type":"WebPage","@id":"https:\/\/regmik.ua\/product\/i4-2dvt\/","url":"https:\/\/regmik.ua\/product\/i4-2dvt\/","name":"Dvoukan\u00e1lov\u00fd m\u011b\u0159i\u010d vlhkosti a teploty I4-2DVT \u2013 REGMIK, NVF, PP (Vyrobeno na Ukrajin\u011b)","isPartOf":{"@id":"https:\/\/regmik.ua\/uk\/#website"},"primaryImageOfPage":{"@id":"https:\/\/regmik.ua\/product\/i4-2dvt\/#primaryimage"},"image":{"@id":"https:\/\/regmik.ua\/product\/i4-2dvt\/#primaryimage"},"thumbnailUrl":"https:\/\/regmik.ua\/wp-content\/uploads\/2015\/08\/RD4_4TC_front.png","datePublished":"2016-08-30T06:25:57+00:00","dateModified":"2024-04-24T04:36:44+00:00","description":"Dvoukan\u00e1lov\u00fd m\u011b\u0159i\u010d vlhkosti a teploty I4-2DVT je ur\u010den k m\u011b\u0159en\u00ed a zobrazov\u00e1n\u00ed vlhkosti a teploty ze dvou digit\u00e1ln\u00edch \u010didel DVT","breadcrumb":{"@id":"https:\/\/regmik.ua\/product\/i4-2dvt\/#breadcrumb"},"inLanguage":"cs","potentialAction":[{"@type":"ReadAction","target":["https:\/\/regmik.ua\/product\/i4-2dvt\/"]}]},{"@type":"ImageObject","inLanguage":"cs","@id":"https:\/\/regmik.ua\/product\/i4-2dvt\/#primaryimage","url":"https:\/\/regmik.ua\/wp-content\/uploads\/2015\/08\/RD4_4TC_front.png","contentUrl":"https:\/\/regmik.ua\/wp-content\/uploads\/2015\/08\/RD4_4TC_front.png","width":800,"height":1024,"caption":"\u0418\u0437\u043c\u0435\u0440\u0438\u0442\u0435\u043b\u044c \u0432\u043b\u0430\u0436\u043d\u043e\u0441\u0442\u0438 \u0438 \u0442\u0435\u043c\u043f\u0435\u0440\u0430\u0442\u0443\u0440\u044b \u0447\u0435\u0442\u044b\u0440\u0435\u0445\u043a\u0430\u043d\u0430\u043b\u044c\u043d\u044b\u0439 (\u04184 2\u0414\u0412\u0422)"},{"@type":"BreadcrumbList","@id":"https:\/\/regmik.ua\/product\/i4-2dvt\/#breadcrumb","itemListElement":[{"@type":"ListItem","position":1,"name":"\u0413\u043b\u0430\u0432\u043d\u0430\u044f \u0441\u0442\u0440\u0430\u043d\u0438\u0446\u0430","item":"https:\/\/regmik.ua\/"},{"@type":"ListItem","position":2,"name":"\u041f\u0440\u043e\u0434\u0443\u043a\u0446\u0438\u044f","item":"https:\/\/regmik.ua\/uk\/products\/"},{"@type":"ListItem","position":3,"name":"\u0418\u0437\u043c\u0435\u0440\u0438\u0442\u0435\u043b\u044c \u0432\u043b\u0430\u0436\u043d\u043e\u0441\u0442\u0438 \u0438 \u0442\u0435\u043c\u043f\u0435\u0440\u0430\u0442\u0443\u0440\u044b \u0434\u0432\u0443\u0445\u043a\u0430\u043d\u0430\u043b\u044c\u043d\u044b\u0439 \u04184-2\u0414\u0412\u0422"}]},{"@type":"WebSite","@id":"https:\/\/regmik.ua\/uk\/#website","url":"https:\/\/regmik.ua\/uk\/","name":"REGMIK","description":"M\u011b\u0159ic\u00ed p\u0159\u00edstroje a sn\u00edma\u010de teploty","publisher":{"@id":"https:\/\/regmik.ua\/uk\/#organization"},"alternateName":"REGMIK","potentialAction":[{"@type":"SearchAction","target":{"@type":"EntryPoint","urlTemplate":"https:\/\/regmik.ua\/uk\/?s={search_term_string}"},"query-input":{"@type":"PropertyValueSpecification","valueRequired":true,"valueName":"search_term_string"}}],"inLanguage":"cs"},{"@type":"Organization","@id":"https:\/\/regmik.ua\/uk\/#organization","name":"REGMIK","alternateName":"\u0420\u0415\u0413\u041c\u0418\u041a","url":"https:\/\/regmik.ua\/uk\/","logo":{"@type":"ImageObject","inLanguage":"cs","@id":"https:\/\/regmik.ua\/uk\/#\/schema\/logo\/image\/","url":"https:\/\/regmik.ua\/wp-content\/uploads\/2020\/03\/regmik_logo.png","contentUrl":"https:\/\/regmik.ua\/wp-content\/uploads\/2020\/03\/regmik_logo.png","width":194,"height":45,"caption":"REGMIK"},"image":{"@id":"https:\/\/regmik.ua\/uk\/#\/schema\/logo\/image\/"},"sameAs":["https:\/\/www.facebook.com\/regmik.npf","https:\/\/x.com\/regmiknpf","https:\/\/www.youtube.com\/channel\/UC_SrY98SKAmR3Kt95GcVKcw"]}]}},"_links":{"self":[{"href":"https:\/\/regmik.ua\/cs\/wp-json\/wp\/v2\/product\/11225","targetHints":{"allow":["GET"]}}],"collection":[{"href":"https:\/\/regmik.ua\/cs\/wp-json\/wp\/v2\/product"}],"about":[{"href":"https:\/\/regmik.ua\/cs\/wp-json\/wp\/v2\/types\/product"}],"replies":[{"embeddable":true,"href":"https:\/\/regmik.ua\/cs\/wp-json\/wp\/v2\/comments?post=11225"}],"version-history":[{"count":0,"href":"https:\/\/regmik.ua\/cs\/wp-json\/wp\/v2\/product\/11225\/revisions"}],"wp:featuredmedia":[{"embeddable":true,"href":"https:\/\/regmik.ua\/cs\/wp-json\/wp\/v2\/media\/12175"}],"wp:attachment":[{"href":"https:\/\/regmik.ua\/cs\/wp-json\/wp\/v2\/media?parent=11225"}],"wp:term":[{"taxonomy":"product_brand","embeddable":true,"href":"https:\/\/regmik.ua\/cs\/wp-json\/wp\/v2\/product_brand?post=11225"},{"taxonomy":"product_cat","embeddable":true,"href":"https:\/\/regmik.ua\/cs\/wp-json\/wp\/v2\/product_cat?post=11225"},{"taxonomy":"product_tag","embeddable":true,"href":"https:\/\/regmik.ua\/cs\/wp-json\/wp\/v2\/product_tag?post=11225"}],"curies":[{"name":"wp","href":"https:\/\/api.w.org\/{rel}","templated":true}]}}