{"id":11159,"date":"2016-08-29T16:48:02","date_gmt":"2016-08-29T13:48:02","guid":{"rendered":"http:\/\/test.regmik.com.ua\/index.php\/product\/i4\/"},"modified":"2024-06-12T18:45:46","modified_gmt":"2024-06-12T16:45:46","slug":"i4","status":"publish","type":"product","link":"https:\/\/regmik.ua\/cs\/product\/i4\/","title":{"rendered":"\u010cty\u0159kan\u00e1lov\u00fd m\u011b\u0159i\u010d I4"},"content":{"rendered":"<p>\u010cty\u0159kan\u00e1lov\u00fd m\u011b\u0159i\u010d I4 je ur\u010den k m\u011b\u0159en\u00ed a ovl\u00e1d\u00e1n\u00ed od 1 do 4 fyzick\u00fdch veli\u010din a k zobrazen\u00ed nam\u011b\u0159en\u00fdch hodnot na zabudovan\u00e9m digit\u00e1ln\u00edm indik\u00e1toru.<br \/>\nI4 m\u00e1 \u010dty\u0159i nez\u00e1visl\u00e9 m\u011b\u0159ic\u00ed kan\u00e1ly, alarmov\u00fd v\u00fdstup (optosimistor (OS), opto-sp\u00edna\u010d (OK) nebo rel\u00e9 (P)), rozhran\u00ed RS-485 s protokolem ModBus RTU. Elektrom\u011br m\u00e1 dv\u011b verze z hlediska nap\u00e1jec\u00edho nap\u011bt\u00ed: AC nap\u011bt\u00ed 90..240V (IPI) nebo DC zdroj nap\u011bt\u00ed 12..24V (IP24).<\/p>\n<h2>Jmenov\u00e1n\u00ed<\/h2>\n<p>I4 je ur\u010den k \u0159\u00edzen\u00ed teploty, tlaku, vlhkosti, pr\u016ftoku nebo jin\u00e9 fyzik\u00e1ln\u00ed veli\u010diny v n\u011bkolika z\u00f3n\u00e1ch sou\u010dasn\u011b (a\u017e 4) a v\u00fdstra\u017en\u00e9 signalizaci kter\u00e9hokoli ze sledovan\u00fdch parametr\u016f p\u0159ekra\u010duj\u00edc\u00edch stanoven\u00e9 limity (jeden nouzov\u00fd v\u00fdchod).<br \/>\nI4 se pou\u017e\u00edv\u00e1 jako v\u00fdstra\u017en\u00e9 za\u0159\u00edzen\u00ed v pec\u00edch, su\u0161\u00e1rn\u00e1ch v potravin\u00e1\u0159sk\u00e9m, hutn\u00edm a jin\u00e9m pr\u016fmyslu.<\/p>\n<h2>Obecn\u00e9 funkce a provozn\u00ed re\u017eimy<\/h2>\n<ul>\n<li>m\u011b\u0159en\u00ed teploty (nebo jin\u00fdch fyzik\u00e1ln\u00edch veli\u010din) objekt\u016f pomoc\u00ed odporov\u00fdch tepeln\u00fdch p\u0159evodn\u00edk\u016f (teplotn\u00edch \u010didel) \u0422\u0421\u041c (50\u041c, 100\u041c) a \u0422\u0421\u041f (50\u041f, 100\u041f, Pt100, Pt500, Pt1000), termo\u010dl\u00e1nk\u016f (\u0422\u0425\u041a, \u0422\u0425\u0410, \u0422\u0416\u041a atd.), \u010didel se sjednocen\u00fdm v\u00fdstupn\u00edm sign\u00e1lem proudu AT (0..5 mA, 0..20 mA, 4..20 mA) a nap\u011bt\u00ed \u041d (0..1 V, 0..5 V, 0..10 V);<\/li>\n<\/ul>\n<ul>\n<li>tvorba \u201enouzov\u00e9ho\u201c sign\u00e1lu (s mo\u017enost\u00ed vyd\u00e1n\u00ed \u0159\u00eddic\u00edho sign\u00e1lu do koncov\u00e9ho stupn\u011b), kdy\u017e je m\u011b\u0159en\u00e1 fyzik\u00e1ln\u00ed veli\u010dina mimo specifikovan\u00fd rozsah alarmu, i kdy\u017e je vstupn\u00ed sn\u00edma\u010d otev\u0159en\u00fd nebo zkratovan\u00fd;<\/li>\n<\/ul>\n<ul>\n<li>funkce pro v\u00fdpo\u010det a indikaci druh\u00e9 odmocniny m\u011b\u0159en\u00e9 hodnoty (nap\u0159\u00edklad pro m\u011b\u0159en\u00ed okam\u017eit\u00e9ho pr\u016ftoku ze senzor\u016f \u0410\u041d a \u0410\u0422);<\/li>\n<\/ul>\n<ul>\n<li>zm\u011bna m\u011b\u0159\u00edtka rozsahu m\u011b\u0159en\u00ed;<\/li>\n<\/ul>\n<ul>\n<li>sv\u011bteln\u00e1 indikace provozn\u00edch re\u017eim\u016f;<\/li>\n<\/ul>\n<ul>\n<li>programovan\u00e1 zm\u011bna parametr\u016f transforma\u010dn\u00edch charakteristik (sklon, offset);<\/li>\n<\/ul>\n<ul>\n<li>digit\u00e1ln\u00ed filtrov\u00e1n\u00ed m\u011b\u0159en\u00ed (hloubka filtru - a\u017e 10 period m\u011b\u0159en\u00ed);<\/li>\n<\/ul>\n<ul>\n<li>zm\u011bna indika\u010dn\u00ed periody m\u011b\u0159en\u00fdch hodnot;<\/li>\n<\/ul>\n<ul>\n<li>digit\u00e1ln\u00ed kalibrace vstupn\u00edch kan\u00e1l\u016f;<\/li>\n<\/ul>\n<ul>\n<li>ochrana parametr\u016f pomoc\u00ed hesla;<\/li>\n<\/ul>\n<ul>\n<li>vestav\u011bn\u00fd zdroj konstantn\u00edho nap\u011bt\u00ed (24V, 100mA) pro nap\u00e1jen\u00ed aktivn\u00edch senzor\u016f nebo pro p\u0159ipojen\u00ed alarmov\u00e9ho rel\u00e9;<\/li>\n<\/ul>\n<ul>\n<li>Rozhran\u00ed RS-485 ModBus RTU pro z\u00e1znam nam\u011b\u0159en\u00fdch hodnot na PC nebo pro pr\u00e1ci s PLC.<\/li>\n<\/ul>\n<p>&nbsp;<\/p>","protected":false},"excerpt":{"rendered":"<p>M\u011b\u0159i\u010d \/ indik\u00e1tor I4 m\u011b\u0159\u00ed vstupn\u00ed fyzickou veli\u010dinu p\u0159es \u010dty\u0159i kan\u00e1ly pomoc\u00ed standardn\u00edch senzor\u016f \u0422\u0421, \u041f\u0422, \u0410\u041d a \u0410\u0422 a m\u00e1 alarmov\u00fd v\u00fdstup.<\/p>","protected":false},"featured_media":12130,"comment_status":"open","ping_status":"closed","template":"","meta":[],"product_brand":[],"product_cat":[40,52],"product_tag":[94,89,96,88,91,95,45],"class_list":{"0":"post-11159","1":"product","2":"type-product","3":"status-publish","4":"has-post-thumbnail","6":"product_cat-meters","7":"product_cat-shield-housing","8":"product_tag-avariya","9":"product_tag-datchik","10":"product_tag-i4","11":"product_tag-izmeritel","12":"product_tag-obekt","13":"product_tag-signalizatsiya","14":"product_tag-temperatura","15":"pa_number-of-inputs-246","16":"pa_number-of-outputs-249","17":"pa_outputs1-ok","18":"pa_outputs1-os","19":"pa_outputs1-r","20":"pa_power-supply-ip24","21":"pa_power-supply-ipi","22":"pa_rs485-yes","23":"pa_types-of-inputs-at0-5ma-0-20ma-4-20ma","24":"pa_types-of-inputs-uvtsptanat","27":"instock","28":"shipping-taxable","29":"purchasable","30":"product-type-variable","31":"has-default-attributes"},"yoast_head":"<title>\u0418\u0437\u043c\u0435\u0440\u0438\u0442\u0435\u043b\u044c \u0447\u0435\u0442\u044b\u0440\u0435\u0445\u043a\u0430\u043d\u0430\u043b\u044c\u043d\u044b\u0439 \u04184 &#8211; \u0420\u0415\u0413\u041c\u0406\u041a, \u041d\u0412\u0424, \u041f\u041f<\/title>\n<meta name=\"description\" content=\"\u0418\u0437\u043c\u0435\u0440\u0438\u0442\u0435\u043b\u044c \u0447\u0435\u0442\u044b\u0440\u0435\u0445\u043a\u0430\u043d\u0430\u043b\u044c\u043d\u044b\u0439 \u04184 \u043f\u0440\u0435\u0434\u043d\u0430\u0437\u043d\u0430\u0447\u0435\u043d \u0434\u043b\u044f \u0438\u0437\u043c\u0435\u0440\u0435\u043d\u0438\u044f \u0438 \u043a\u043e\u043d\u0442\u0440\u043e\u043b\u044f \u0434\u043e 4-\u0445 \u0444\u0438\u0437\u0438\u0447\u0435\u0441\u043a\u0438\u0445 \u0432\u0435\u043b\u0438\u0447\u0438\u043d \u0438 \u043e\u0442\u043e\u0431\u0440\u0430\u0436\u0435\u043d\u0438\u044f \u0438\u0437\u043c\u0435\u0440\u0435\u043d\u043d\u044b\u0445 \u0437\u043d\u0430\u0447\u0435\u043d\u0438\u0439 \u043d\u0430 \u0446\u0438\u0444\u0440\u043e\u0432\u043e\u043c \u0438\u043d\u0434\u0438\u043a\u0430\u0442\u043e\u0440\u0435\" \/>\n<meta name=\"robots\" content=\"index, follow, max-snippet:-1, max-image-preview:large, max-video-preview:-1\" \/>\n<link rel=\"canonical\" href=\"https:\/\/regmik.ua\/cs\/produkt\/i4\/\" \/>\n<script type=\"application\/ld+json\" class=\"yoast-schema-graph\">{\"@context\":\"https:\\\/\\\/schema.org\",\"@graph\":[{\"@type\":\"WebPage\",\"@id\":\"https:\\\/\\\/regmik.ua\\\/product\\\/i4\\\/\",\"url\":\"https:\\\/\\\/regmik.ua\\\/product\\\/i4\\\/\",\"name\":\"\u0418\u0437\u043c\u0435\u0440\u0438\u0442\u0435\u043b\u044c \u0447\u0435\u0442\u044b\u0440\u0435\u0445\u043a\u0430\u043d\u0430\u043b\u044c\u043d\u044b\u0439 \u04184 &#8211; \u0420\u0415\u0413\u041c\u0406\u041a, \u041d\u0412\u0424, \u041f\u041f\",\"isPartOf\":{\"@id\":\"https:\\\/\\\/regmik.ua\\\/uk\\\/#website\"},\"primaryImageOfPage\":{\"@id\":\"https:\\\/\\\/regmik.ua\\\/product\\\/i4\\\/#primaryimage\"},\"image\":{\"@id\":\"https:\\\/\\\/regmik.ua\\\/product\\\/i4\\\/#primaryimage\"},\"thumbnailUrl\":\"https:\\\/\\\/regmik.ua\\\/wp-content\\\/uploads\\\/2015\\\/08\\\/RD2_1ts_side.png\",\"datePublished\":\"2016-08-29T13:48:02+00:00\",\"dateModified\":\"2024-06-12T16:45:46+00:00\",\"description\":\"\u0418\u0437\u043c\u0435\u0440\u0438\u0442\u0435\u043b\u044c \u0447\u0435\u0442\u044b\u0440\u0435\u0445\u043a\u0430\u043d\u0430\u043b\u044c\u043d\u044b\u0439 \u04184 \u043f\u0440\u0435\u0434\u043d\u0430\u0437\u043d\u0430\u0447\u0435\u043d \u0434\u043b\u044f \u0438\u0437\u043c\u0435\u0440\u0435\u043d\u0438\u044f \u0438 \u043a\u043e\u043d\u0442\u0440\u043e\u043b\u044f \u0434\u043e 4-\u0445 \u0444\u0438\u0437\u0438\u0447\u0435\u0441\u043a\u0438\u0445 \u0432\u0435\u043b\u0438\u0447\u0438\u043d \u0438 \u043e\u0442\u043e\u0431\u0440\u0430\u0436\u0435\u043d\u0438\u044f \u0438\u0437\u043c\u0435\u0440\u0435\u043d\u043d\u044b\u0445 \u0437\u043d\u0430\u0447\u0435\u043d\u0438\u0439 \u043d\u0430 \u0446\u0438\u0444\u0440\u043e\u0432\u043e\u043c \u0438\u043d\u0434\u0438\u043a\u0430\u0442\u043e\u0440\u0435\",\"breadcrumb\":{\"@id\":\"https:\\\/\\\/regmik.ua\\\/product\\\/i4\\\/#breadcrumb\"},\"inLanguage\":\"cs\",\"potentialAction\":[{\"@type\":\"ReadAction\",\"target\":[\"https:\\\/\\\/regmik.ua\\\/product\\\/i4\\\/\"]}]},{\"@type\":\"ImageObject\",\"inLanguage\":\"cs\",\"@id\":\"https:\\\/\\\/regmik.ua\\\/product\\\/i4\\\/#primaryimage\",\"url\":\"https:\\\/\\\/regmik.ua\\\/wp-content\\\/uploads\\\/2015\\\/08\\\/RD2_1ts_side.png\",\"contentUrl\":\"https:\\\/\\\/regmik.ua\\\/wp-content\\\/uploads\\\/2015\\\/08\\\/RD2_1ts_side.png\",\"width\":800,\"height\":1024,\"caption\":\"\u0418\u0437\u043c\u0435\u0440\u0438\u0442\u0435\u043b\u044c \u0447\u0435\u0442\u044b\u0440\u0435\u0445\u043a\u0430\u043d\u0430\u043b\u044c\u043d\u044b\u0439 \u0449\u0438\u0442\u043e\u0432\u043e\u0439 (\u04184)\"},{\"@type\":\"BreadcrumbList\",\"@id\":\"https:\\\/\\\/regmik.ua\\\/product\\\/i4\\\/#breadcrumb\",\"itemListElement\":[{\"@type\":\"ListItem\",\"position\":1,\"name\":\"\u0413\u043b\u0430\u0432\u043d\u0430\u044f \u0441\u0442\u0440\u0430\u043d\u0438\u0446\u0430\",\"item\":\"https:\\\/\\\/regmik.ua\\\/\"},{\"@type\":\"ListItem\",\"position\":2,\"name\":\"\u041f\u0440\u043e\u0434\u0443\u043a\u0446\u0438\u044f\",\"item\":\"https:\\\/\\\/regmik.ua\\\/uk\\\/products\\\/\"},{\"@type\":\"ListItem\",\"position\":3,\"name\":\"\u0418\u0437\u043c\u0435\u0440\u0438\u0442\u0435\u043b\u044c \u0447\u0435\u0442\u044b\u0440\u0435\u0445\u043a\u0430\u043d\u0430\u043b\u044c\u043d\u044b\u0439 \u04184\"}]},{\"@type\":\"WebSite\",\"@id\":\"https:\\\/\\\/regmik.ua\\\/uk\\\/#website\",\"url\":\"https:\\\/\\\/regmik.ua\\\/uk\\\/\",\"name\":\"REGMIK\",\"description\":\"\u0418\u0437\u043c\u0435\u0440\u0438\u0442\u0435\u043b\u044c\u043d\u044b\u0435 \u043f\u0440\u0438\u0431\u043e\u0440\u044b \u0438 \u0434\u0430\u0442\u0447\u0438\u043a\u0438 \u0442\u0435\u043c\u043f\u0435\u0440\u0430\u0442\u0443\u0440\u044b\",\"publisher\":{\"@id\":\"https:\\\/\\\/regmik.ua\\\/uk\\\/#organization\"},\"alternateName\":\"REGMIK\",\"potentialAction\":[{\"@type\":\"SearchAction\",\"target\":{\"@type\":\"EntryPoint\",\"urlTemplate\":\"https:\\\/\\\/regmik.ua\\\/uk\\\/?s={search_term_string}\"},\"query-input\":{\"@type\":\"PropertyValueSpecification\",\"valueRequired\":true,\"valueName\":\"search_term_string\"}}],\"inLanguage\":\"cs\"},{\"@type\":\"Organization\",\"@id\":\"https:\\\/\\\/regmik.ua\\\/uk\\\/#organization\",\"name\":\"REGMIK\",\"alternateName\":\"\u0420\u0415\u0413\u041c\u0418\u041a\",\"url\":\"https:\\\/\\\/regmik.ua\\\/uk\\\/\",\"logo\":{\"@type\":\"ImageObject\",\"inLanguage\":\"cs\",\"@id\":\"https:\\\/\\\/regmik.ua\\\/uk\\\/#\\\/schema\\\/logo\\\/image\\\/\",\"url\":\"https:\\\/\\\/regmik.ua\\\/wp-content\\\/uploads\\\/2020\\\/03\\\/regmik_logo.png\",\"contentUrl\":\"https:\\\/\\\/regmik.ua\\\/wp-content\\\/uploads\\\/2020\\\/03\\\/regmik_logo.png\",\"width\":194,\"height\":45,\"caption\":\"REGMIK\"},\"image\":{\"@id\":\"https:\\\/\\\/regmik.ua\\\/uk\\\/#\\\/schema\\\/logo\\\/image\\\/\"},\"sameAs\":[\"https:\\\/\\\/www.facebook.com\\\/regmik.npf\",\"https:\\\/\\\/x.com\\\/regmiknpf\",\"https:\\\/\\\/www.youtube.com\\\/channel\\\/UC_SrY98SKAmR3Kt95GcVKcw\"]}]}<\/script>","yoast_head_json":{"title":"\u010cty\u0159kan\u00e1lov\u00fd m\u011b\u0159i\u010d I4 \u2013 REGMIK, NVF, PP","description":"\u010cty\u0159kan\u00e1lov\u00fd m\u011b\u0159i\u010d I4 je ur\u010den k m\u011b\u0159en\u00ed a ovl\u00e1d\u00e1n\u00ed od 1 do 4 fyzick\u00fdch veli\u010din a k zobrazen\u00ed nam\u011b\u0159en\u00fdch hodnot na zabudovan\u00e9m digit\u00e1ln\u00edm indik\u00e1toru.","robots":{"index":"index","follow":"follow","max-snippet":"max-snippet:-1","max-image-preview":"max-image-preview:large","max-video-preview":"max-video-preview:-1"},"canonical":"https:\/\/regmik.ua\/cs\/produkt\/i4\/","schema":{"@context":"https:\/\/schema.org","@graph":[{"@type":"WebPage","@id":"https:\/\/regmik.ua\/product\/i4\/","url":"https:\/\/regmik.ua\/product\/i4\/","name":"\u010cty\u0159kan\u00e1lov\u00fd m\u011b\u0159i\u010d I4 \u2013 REGMIK, NVF, PP","isPartOf":{"@id":"https:\/\/regmik.ua\/uk\/#website"},"primaryImageOfPage":{"@id":"https:\/\/regmik.ua\/product\/i4\/#primaryimage"},"image":{"@id":"https:\/\/regmik.ua\/product\/i4\/#primaryimage"},"thumbnailUrl":"https:\/\/regmik.ua\/wp-content\/uploads\/2015\/08\/RD2_1ts_side.png","datePublished":"2016-08-29T13:48:02+00:00","dateModified":"2024-06-12T16:45:46+00:00","description":"\u010cty\u0159kan\u00e1lov\u00fd m\u011b\u0159i\u010d I4 je ur\u010den k m\u011b\u0159en\u00ed a ovl\u00e1d\u00e1n\u00ed od 1 do 4 fyzick\u00fdch veli\u010din a k zobrazen\u00ed nam\u011b\u0159en\u00fdch hodnot na zabudovan\u00e9m digit\u00e1ln\u00edm indik\u00e1toru.","breadcrumb":{"@id":"https:\/\/regmik.ua\/product\/i4\/#breadcrumb"},"inLanguage":"cs","potentialAction":[{"@type":"ReadAction","target":["https:\/\/regmik.ua\/product\/i4\/"]}]},{"@type":"ImageObject","inLanguage":"cs","@id":"https:\/\/regmik.ua\/product\/i4\/#primaryimage","url":"https:\/\/regmik.ua\/wp-content\/uploads\/2015\/08\/RD2_1ts_side.png","contentUrl":"https:\/\/regmik.ua\/wp-content\/uploads\/2015\/08\/RD2_1ts_side.png","width":800,"height":1024,"caption":"\u0418\u0437\u043c\u0435\u0440\u0438\u0442\u0435\u043b\u044c \u0447\u0435\u0442\u044b\u0440\u0435\u0445\u043a\u0430\u043d\u0430\u043b\u044c\u043d\u044b\u0439 \u0449\u0438\u0442\u043e\u0432\u043e\u0439 (\u04184)"},{"@type":"BreadcrumbList","@id":"https:\/\/regmik.ua\/product\/i4\/#breadcrumb","itemListElement":[{"@type":"ListItem","position":1,"name":"\u0413\u043b\u0430\u0432\u043d\u0430\u044f \u0441\u0442\u0440\u0430\u043d\u0438\u0446\u0430","item":"https:\/\/regmik.ua\/"},{"@type":"ListItem","position":2,"name":"\u041f\u0440\u043e\u0434\u0443\u043a\u0446\u0438\u044f","item":"https:\/\/regmik.ua\/uk\/products\/"},{"@type":"ListItem","position":3,"name":"\u0418\u0437\u043c\u0435\u0440\u0438\u0442\u0435\u043b\u044c \u0447\u0435\u0442\u044b\u0440\u0435\u0445\u043a\u0430\u043d\u0430\u043b\u044c\u043d\u044b\u0439 \u04184"}]},{"@type":"WebSite","@id":"https:\/\/regmik.ua\/uk\/#website","url":"https:\/\/regmik.ua\/uk\/","name":"REGMIK","description":"M\u011b\u0159ic\u00ed p\u0159\u00edstroje a sn\u00edma\u010de teploty","publisher":{"@id":"https:\/\/regmik.ua\/uk\/#organization"},"alternateName":"REGMIK","potentialAction":[{"@type":"SearchAction","target":{"@type":"EntryPoint","urlTemplate":"https:\/\/regmik.ua\/uk\/?s={search_term_string}"},"query-input":{"@type":"PropertyValueSpecification","valueRequired":true,"valueName":"search_term_string"}}],"inLanguage":"cs"},{"@type":"Organization","@id":"https:\/\/regmik.ua\/uk\/#organization","name":"REGMIK","alternateName":"\u0420\u0415\u0413\u041c\u0418\u041a","url":"https:\/\/regmik.ua\/uk\/","logo":{"@type":"ImageObject","inLanguage":"cs","@id":"https:\/\/regmik.ua\/uk\/#\/schema\/logo\/image\/","url":"https:\/\/regmik.ua\/wp-content\/uploads\/2020\/03\/regmik_logo.png","contentUrl":"https:\/\/regmik.ua\/wp-content\/uploads\/2020\/03\/regmik_logo.png","width":194,"height":45,"caption":"REGMIK"},"image":{"@id":"https:\/\/regmik.ua\/uk\/#\/schema\/logo\/image\/"},"sameAs":["https:\/\/www.facebook.com\/regmik.npf","https:\/\/x.com\/regmiknpf","https:\/\/www.youtube.com\/channel\/UC_SrY98SKAmR3Kt95GcVKcw"]}]}},"_links":{"self":[{"href":"https:\/\/regmik.ua\/cs\/wp-json\/wp\/v2\/product\/11159","targetHints":{"allow":["GET"]}}],"collection":[{"href":"https:\/\/regmik.ua\/cs\/wp-json\/wp\/v2\/product"}],"about":[{"href":"https:\/\/regmik.ua\/cs\/wp-json\/wp\/v2\/types\/product"}],"replies":[{"embeddable":true,"href":"https:\/\/regmik.ua\/cs\/wp-json\/wp\/v2\/comments?post=11159"}],"version-history":[{"count":0,"href":"https:\/\/regmik.ua\/cs\/wp-json\/wp\/v2\/product\/11159\/revisions"}],"wp:featuredmedia":[{"embeddable":true,"href":"https:\/\/regmik.ua\/cs\/wp-json\/wp\/v2\/media\/12130"}],"wp:attachment":[{"href":"https:\/\/regmik.ua\/cs\/wp-json\/wp\/v2\/media?parent=11159"}],"wp:term":[{"taxonomy":"product_brand","embeddable":true,"href":"https:\/\/regmik.ua\/cs\/wp-json\/wp\/v2\/product_brand?post=11159"},{"taxonomy":"product_cat","embeddable":true,"href":"https:\/\/regmik.ua\/cs\/wp-json\/wp\/v2\/product_cat?post=11159"},{"taxonomy":"product_tag","embeddable":true,"href":"https:\/\/regmik.ua\/cs\/wp-json\/wp\/v2\/product_tag?post=11159"}],"curies":[{"name":"wp","href":"https:\/\/api.w.org\/{rel}","templated":true}]}}