{"id":11056,"date":"2016-08-29T14:15:50","date_gmt":"2016-08-29T12:15:50","guid":{"rendered":"http:\/\/test.regmik.com.ua\/index.php\/product\/%d0%b82\/"},"modified":"2024-04-16T18:36:01","modified_gmt":"2024-04-16T16:36:01","slug":"i2","status":"publish","type":"product","link":"https:\/\/regmik.ua\/cs\/product\/i2\/","title":{"rendered":"Dvoukan\u00e1lov\u00fd m\u011b\u0159i\u010d I2"},"content":{"rendered":"<p>Dvoukan\u00e1lov\u00fd m\u011b\u0159i\u010d I2 je ur\u010den pro p\u0159\u00edjem a p\u0159evod jednoho nebo dvou vstupn\u00edch analogov\u00fdch sign\u00e1l\u016f na hodnoty fyzick\u00fdch veli\u010din (teplota, vlhkost, tlak, hladina atd.) A zobrazen\u00ed z\u00edskan\u00fdch hodnot na vestav\u011bn\u00e9m digit\u00e1ln\u00edm indik\u00e1toru.<br \/>\nM\u011b\u0159i\u010d m\u00e1 dva nez\u00e1visl\u00e9 m\u011b\u0159ic\u00ed kan\u00e1ly a mo\u017enost proveden\u00ed ve dvou modifikac\u00edch pro nap\u00e1jen\u00ed: s\u00ed\u0165 st\u0159\u00eddav\u00e9ho nap\u011bt\u00ed 90..240 V (IPI) nebo zdroj stejnosm\u011brn\u00e9ho nap\u011bt\u00ed = 12..24 V (IP24).<br \/>\nJe tak\u00e9 mo\u017en\u00e9 vyrobit za\u0159\u00edzen\u00ed se dv\u011bma indik\u00e1tory pro sou\u010dasn\u00e9 zobrazen\u00ed m\u011b\u0159en\u00fdch hodnot ve dvou kan\u00e1lech.<\/p>\n<p><center><strong>\u00da\u010del:<\/strong><\/center>Dvoukan\u00e1lov\u00fd m\u011b\u0159i\u010d I2 je ur\u010den k m\u011b\u0159en\u00ed a indikaci teploty r\u016fzn\u00fdch prost\u0159ed\u00ed v su\u0161\u00e1rn\u00e1ch, chladic\u00edch za\u0159\u00edzen\u00edch, pr\u016fmyslov\u00fdch \/ dom\u00e1c\u00edch pec\u00edch a jin\u00fdch technologick\u00fdch za\u0159\u00edzen\u00edch, k m\u011b\u0159en\u00ed vlhkosti psychrometrickou metodou p\u0159i su\u0161en\u00ed d\u0159eva a tak\u00e9 k m\u011b\u0159en\u00ed dal\u0161\u00edch fyzik\u00e1ln\u00edch veli\u010din (hladina, pr\u016ftok, tlak, vlhkost atd.) pomoc\u00ed senzor\u016f s jednotn\u00fdm analogov\u00fdm sign\u00e1lem.<\/p>\n<p><center><strong>Obecn\u00e9 funkce a provozn\u00ed re\u017eimy:<\/strong><\/center><\/p>\n<ul>\n<li>m\u011b\u0159en\u00ed teploty (nebo jin\u00fdch fyzik\u00e1ln\u00edch veli\u010din) objekt\u016f pomoc\u00ed odporov\u00fdch tepeln\u00fdch p\u0159evodn\u00edk\u016f (teplotn\u00edch \u010didel) \u0422\u0421\u041c (50\u041c, 100\u041c) a \u0422\u0421\u041f (50\u041f, 100\u041f, Pt100, Pt500, Pt1000), termo\u010dl\u00e1nk\u016f (\u0422\u0425\u041a, \u0422\u0425\u0410, \u0422\u0416\u041a atd.), \u010didel se sjednocen\u00fdm v\u00fdstupn\u00edm sign\u00e1lem proudu AT (0..5 mA, 0..20 mA, 4..20 mA) a nap\u011bt\u00ed \u041d (0..1 V, 0..5 V, 0..10 V);<\/li>\n<\/ul>\n<ul>\n<li>zobrazen\u00ed nam\u011b\u0159en\u00fdch hodnot na vestav\u011bn\u00e9m LED indik\u00e1toru (digit\u00e1ln\u00ed dvoukan\u00e1lov\u00fd indik\u00e1tor teploty);<\/li>\n<\/ul>\n<ul>\n<li>v\u00fdpo\u010dty a indikace na druh\u00e9m kan\u00e1lu matematick\u00e9 funkce dvou m\u011b\u0159en\u00fdch hodnot (sou\u010det, rozd\u00edl, pr\u016fm\u011br, minimum, maximum);<\/li>\n<\/ul>\n<ul>\n<li>v\u00fdpo\u010dty a indikace druh\u00e9ho vlhkostn\u00edho kan\u00e1lu psychrometrickou metodou (T1-such\u00fd, T2-mokr\u00fd);<\/li>\n<\/ul>\n<ul>\n<li>funkce pro v\u00fdpo\u010det a indikaci druh\u00e9 odmocniny m\u011b\u0159en\u00e9 hodnoty (nap\u0159\u00edklad pro m\u011b\u0159en\u00ed okam\u017eit\u00e9ho pr\u016ftoku ze senzor\u016f \u0410\u041d a \u0410\u0422);<\/li>\n<\/ul>\n<ul>\n<li>zm\u011bna m\u011b\u0159\u00edtka stupnice m\u011b\u0159en\u00ed (pro senzory \u0410\u041d a \u0410\u0422);<\/li>\n<\/ul>\n<ul>\n<li>sv\u011bteln\u00e1 indikace provozn\u00edch re\u017eim\u016f (porucha sn\u00edma\u010de, programov\u00e1n\u00ed);<\/li>\n<\/ul>\n<ul>\n<li>programovan\u00e1 zm\u011bna parametr\u016f transforma\u010dn\u00edch charakteristik (sklon, offset);<\/li>\n<\/ul>\n<ul>\n<li>digit\u00e1ln\u00ed filtrov\u00e1n\u00ed m\u011b\u0159en\u00ed (hloubka filtru - a\u017e 10 period m\u011b\u0159en\u00ed);<\/li>\n<\/ul>\n<ul>\n<li>digit\u00e1ln\u00ed kalibrace vstupn\u00edch kan\u00e1l\u016f;<\/li>\n<\/ul>\n<ul>\n<li>zm\u011bna indika\u010dn\u00ed periody m\u011b\u0159en\u00e9 hodnoty;<\/li>\n<\/ul>\n<ul>\n<li>programov\u00e1n\u00ed pomoc\u00ed tla\u010d\u00edtek na p\u0159edn\u00edm panelu za\u0159\u00edzen\u00ed;<\/li>\n<\/ul>\n<ul>\n<li>ochrana parametr\u016f pomoc\u00ed hesla;<\/li>\n<\/ul>\n<ul>\n<li>ukl\u00e1d\u00e1n\u00ed nastaven\u00ed p\u0159i vypnut\u00ed;<\/li>\n<\/ul>\n<ul>\n<li>vestav\u011bn\u00e9 nap\u00e1jen\u00ed = 24 V, 100 mA pro aktivn\u00ed senzory v modifikac\u00edch s \u0410\u041d a \/ nebo \u0410\u0422;<\/li>\n<\/ul>\n<ul>\n<li>Rozhran\u00ed RS-485 Modbus RTU (voliteln\u00e9).<\/li>\n<\/ul>","protected":false},"excerpt":{"rendered":"<p><strong><span style=\"color: #ff0000;\">UKON\u010cENO Z V\u00ddROBY !!!<\/span><\/strong><\/p>\n<p><strong><span style=\"color: #008000;\">V\u00fdm\u011bna, nahrazen\u00ed - <a href=\"https:\/\/regmik.ua\/product\/universalnyiy-dvuhkanalnyiy-regulyator-s-taymerom-sch3\/\">RP2-U<\/a><\/span><\/strong><\/p>\n<p>M\u011b\u0159i\u010d \/ indik\u00e1tor I2 m\u011b\u0159\u00ed vstupn\u00ed fyzickou veli\u010dinu dv\u011bma kan\u00e1ly pomoc\u00ed standardn\u00edch senzor\u016f \u0422\u0421, \u041f\u0422, \u0410\u041d a \u0410\u0422.<\/p>","protected":false},"featured_media":12126,"comment_status":"open","ping_status":"closed","template":"","meta":[],"product_brand":[],"product_cat":[40,52],"product_tag":[89,92,88,91,45],"class_list":{"0":"post-11056","1":"product","2":"type-product","3":"status-publish","4":"has-post-thumbnail","6":"product_cat-meters","7":"product_cat-shield-housing","8":"product_tag-datchik","9":"product_tag-i2","10":"product_tag-izmeritel","11":"product_tag-obekt","12":"product_tag-temperatura","13":"pa_number-of-indicators-73","14":"pa_number-of-indicators-74","15":"pa_number-of-inputs-244","16":"pa_power-supply-ip24","17":"pa_power-supply-ipi","18":"pa_rs485-yes","19":"pa_rs485-no","20":"pa_types-of-inputs-an0-1v-0-10v-0-5v","21":"pa_types-of-inputs-at0-5ma-0-20ma-4-20ma","22":"pa_types-of-inputs-ts50m-100m-50p-100p-pt100-500-1000","23":"pa_types-of-inputs-ptthk-tha-tgk-tpp-tpr-tvr","24":"pa_types-of-inputs-uvtsptanat","27":"onbackorder","28":"shipping-taxable","29":"purchasable","30":"product-type-variable","31":"has-default-attributes"},"yoast_head":"<title>\u0418\u0437\u043c\u0435\u0440\u0438\u0442\u0435\u043b\u044c \u0434\u0432\u0443\u0445\u043a\u0430\u043d\u0430\u043b\u044c\u043d\u044b\u0439 \u04182 &#8211; \u0420\u0415\u0413\u041c\u0406\u041a, \u041d\u0412\u0424, \u041f\u041f<\/title>\n<meta name=\"description\" content=\"\u0421\u041d\u042f\u0422 \u0421 \u041f\u0420\u041e\u0418\u0417\u0412\u041e\u0414\u0421\u0422\u0412\u0410!!!  \u0417\u0430\u043c\u0435\u043d\u0430 \u2014 \u0420\u041f2-\u0423  \u0418\u0437\u043c\u0435\u0440\u0438\u0442\u0435\u043b\u044c\/\u0438\u043d\u0434\u0438\u043a\u0430\u0442\u043e\u0440 \u04182 \u0438\u0437\u043c\u0435\u0440\u044f\u0435\u0442 \u0432\u0445\u043e\u0434\u043d\u0443\u044e \u0444\u0438\u0437\u0438\u0447\u0435\u0441\u043a\u0443\u044e \u0432\u0435\u043b\u0438\u0447\u0438\u043d\u0443 \u043f\u043e \u0434\u0432\u0443\u043c \u043a\u0430\u043d\u0430\u043b\u0430\u043c \u0441 \u043f\u043e\u043c\u043e\u0449\u044c\u044e \u0441\u0442\u0430\u043d\u0434\u0430\u0440\u0442\u043d\u044b\u0445 \u0434\u0430\u0442\u0447\u0438\u043a\u043e\u0432 \u0422\u0421, \u041f\u0422, \u0410\u041d \u0438 \u0410\u0422.\" \/>\n<meta name=\"robots\" content=\"index, follow, max-snippet:-1, max-image-preview:large, max-video-preview:-1\" \/>\n<link rel=\"canonical\" href=\"https:\/\/regmik.ua\/cs\/produkt\/i2\/\" \/>\n<script type=\"application\/ld+json\" class=\"yoast-schema-graph\">{\"@context\":\"https:\\\/\\\/schema.org\",\"@graph\":[{\"@type\":\"WebPage\",\"@id\":\"https:\\\/\\\/regmik.ua\\\/product\\\/i2\\\/\",\"url\":\"https:\\\/\\\/regmik.ua\\\/product\\\/i2\\\/\",\"name\":\"\u0418\u0437\u043c\u0435\u0440\u0438\u0442\u0435\u043b\u044c \u0434\u0432\u0443\u0445\u043a\u0430\u043d\u0430\u043b\u044c\u043d\u044b\u0439 \u04182 &#8211; \u0420\u0415\u0413\u041c\u0406\u041a, \u041d\u0412\u0424, \u041f\u041f\",\"isPartOf\":{\"@id\":\"https:\\\/\\\/regmik.ua\\\/uk\\\/#website\"},\"primaryImageOfPage\":{\"@id\":\"https:\\\/\\\/regmik.ua\\\/product\\\/i2\\\/#primaryimage\"},\"image\":{\"@id\":\"https:\\\/\\\/regmik.ua\\\/product\\\/i2\\\/#primaryimage\"},\"thumbnailUrl\":\"https:\\\/\\\/regmik.ua\\\/wp-content\\\/uploads\\\/2015\\\/08\\\/i2_ts2.png\",\"datePublished\":\"2016-08-29T12:15:50+00:00\",\"dateModified\":\"2024-04-16T16:36:01+00:00\",\"description\":\"\u0421\u041d\u042f\u0422 \u0421 \u041f\u0420\u041e\u0418\u0417\u0412\u041e\u0414\u0421\u0422\u0412\u0410!!! \u0417\u0430\u043c\u0435\u043d\u0430 \u2014 \u0420\u041f2-\u0423 \u0418\u0437\u043c\u0435\u0440\u0438\u0442\u0435\u043b\u044c\\\/\u0438\u043d\u0434\u0438\u043a\u0430\u0442\u043e\u0440 \u04182 \u0438\u0437\u043c\u0435\u0440\u044f\u0435\u0442 \u0432\u0445\u043e\u0434\u043d\u0443\u044e \u0444\u0438\u0437\u0438\u0447\u0435\u0441\u043a\u0443\u044e \u0432\u0435\u043b\u0438\u0447\u0438\u043d\u0443 \u043f\u043e \u0434\u0432\u0443\u043c \u043a\u0430\u043d\u0430\u043b\u0430\u043c \u0441 \u043f\u043e\u043c\u043e\u0449\u044c\u044e \u0441\u0442\u0430\u043d\u0434\u0430\u0440\u0442\u043d\u044b\u0445 \u0434\u0430\u0442\u0447\u0438\u043a\u043e\u0432 \u0422\u0421, \u041f\u0422, \u0410\u041d \u0438 \u0410\u0422.\",\"breadcrumb\":{\"@id\":\"https:\\\/\\\/regmik.ua\\\/product\\\/i2\\\/#breadcrumb\"},\"inLanguage\":\"cs\",\"potentialAction\":[{\"@type\":\"ReadAction\",\"target\":[\"https:\\\/\\\/regmik.ua\\\/product\\\/i2\\\/\"]}]},{\"@type\":\"ImageObject\",\"inLanguage\":\"cs\",\"@id\":\"https:\\\/\\\/regmik.ua\\\/product\\\/i2\\\/#primaryimage\",\"url\":\"https:\\\/\\\/regmik.ua\\\/wp-content\\\/uploads\\\/2015\\\/08\\\/i2_ts2.png\",\"contentUrl\":\"https:\\\/\\\/regmik.ua\\\/wp-content\\\/uploads\\\/2015\\\/08\\\/i2_ts2.png\",\"width\":800,\"height\":1024,\"caption\":\"\u0418\u0437\u043c\u0435\u0440\u0438\u0442\u0435\u043b\u044c \u0434\u0432\u0443\u0445\u043a\u0430\u043d\u0430\u043b\u044c\u043d\u044b\u0439 \u0449\u0438\u0442\u043e\u0432\u043e\u0439 (\u04182)\"},{\"@type\":\"BreadcrumbList\",\"@id\":\"https:\\\/\\\/regmik.ua\\\/product\\\/i2\\\/#breadcrumb\",\"itemListElement\":[{\"@type\":\"ListItem\",\"position\":1,\"name\":\"\u0413\u043b\u0430\u0432\u043d\u0430\u044f \u0441\u0442\u0440\u0430\u043d\u0438\u0446\u0430\",\"item\":\"https:\\\/\\\/regmik.ua\\\/\"},{\"@type\":\"ListItem\",\"position\":2,\"name\":\"\u041f\u0440\u043e\u0434\u0443\u043a\u0446\u0438\u044f\",\"item\":\"https:\\\/\\\/regmik.ua\\\/uk\\\/products\\\/\"},{\"@type\":\"ListItem\",\"position\":3,\"name\":\"\u0418\u0437\u043c\u0435\u0440\u0438\u0442\u0435\u043b\u044c \u0434\u0432\u0443\u0445\u043a\u0430\u043d\u0430\u043b\u044c\u043d\u044b\u0439 \u04182\"}]},{\"@type\":\"WebSite\",\"@id\":\"https:\\\/\\\/regmik.ua\\\/uk\\\/#website\",\"url\":\"https:\\\/\\\/regmik.ua\\\/uk\\\/\",\"name\":\"REGMIK\",\"description\":\"\u0418\u0437\u043c\u0435\u0440\u0438\u0442\u0435\u043b\u044c\u043d\u044b\u0435 \u043f\u0440\u0438\u0431\u043e\u0440\u044b \u0438 \u0434\u0430\u0442\u0447\u0438\u043a\u0438 \u0442\u0435\u043c\u043f\u0435\u0440\u0430\u0442\u0443\u0440\u044b\",\"publisher\":{\"@id\":\"https:\\\/\\\/regmik.ua\\\/uk\\\/#organization\"},\"alternateName\":\"REGMIK\",\"potentialAction\":[{\"@type\":\"SearchAction\",\"target\":{\"@type\":\"EntryPoint\",\"urlTemplate\":\"https:\\\/\\\/regmik.ua\\\/uk\\\/?s={search_term_string}\"},\"query-input\":{\"@type\":\"PropertyValueSpecification\",\"valueRequired\":true,\"valueName\":\"search_term_string\"}}],\"inLanguage\":\"cs\"},{\"@type\":\"Organization\",\"@id\":\"https:\\\/\\\/regmik.ua\\\/uk\\\/#organization\",\"name\":\"REGMIK\",\"alternateName\":\"\u0420\u0415\u0413\u041c\u0418\u041a\",\"url\":\"https:\\\/\\\/regmik.ua\\\/uk\\\/\",\"logo\":{\"@type\":\"ImageObject\",\"inLanguage\":\"cs\",\"@id\":\"https:\\\/\\\/regmik.ua\\\/uk\\\/#\\\/schema\\\/logo\\\/image\\\/\",\"url\":\"https:\\\/\\\/regmik.ua\\\/wp-content\\\/uploads\\\/2020\\\/03\\\/regmik_logo.png\",\"contentUrl\":\"https:\\\/\\\/regmik.ua\\\/wp-content\\\/uploads\\\/2020\\\/03\\\/regmik_logo.png\",\"width\":194,\"height\":45,\"caption\":\"REGMIK\"},\"image\":{\"@id\":\"https:\\\/\\\/regmik.ua\\\/uk\\\/#\\\/schema\\\/logo\\\/image\\\/\"},\"sameAs\":[\"https:\\\/\\\/www.facebook.com\\\/regmik.npf\",\"https:\\\/\\\/x.com\\\/regmiknpf\",\"https:\\\/\\\/www.youtube.com\\\/channel\\\/UC_SrY98SKAmR3Kt95GcVKcw\"]}]}<\/script>","yoast_head_json":{"title":"Dvoukan\u00e1lov\u00fd m\u011b\u0159ic\u00ed p\u0159\u00edstroj I2 \u2013 REGMIK, NVF, PP","description":"MIMO V\u00ddROBA!!! V\u00fdm\u011bna - RP2-U M\u011b\u0159i\u010d\/indik\u00e1tor I2 m\u011b\u0159\u00ed vstupn\u00ed fyzik\u00e1ln\u00ed veli\u010dinu p\u0159es dva kan\u00e1ly pomoc\u00ed standardn\u00edch sn\u00edma\u010d\u016f TS, PT, AN a AT.","robots":{"index":"index","follow":"follow","max-snippet":"max-snippet:-1","max-image-preview":"max-image-preview:large","max-video-preview":"max-video-preview:-1"},"canonical":"https:\/\/regmik.ua\/cs\/produkt\/i2\/","schema":{"@context":"https:\/\/schema.org","@graph":[{"@type":"WebPage","@id":"https:\/\/regmik.ua\/product\/i2\/","url":"https:\/\/regmik.ua\/product\/i2\/","name":"Dvoukan\u00e1lov\u00fd m\u011b\u0159ic\u00ed p\u0159\u00edstroj I2 \u2013 REGMIK, NVF, PP","isPartOf":{"@id":"https:\/\/regmik.ua\/uk\/#website"},"primaryImageOfPage":{"@id":"https:\/\/regmik.ua\/product\/i2\/#primaryimage"},"image":{"@id":"https:\/\/regmik.ua\/product\/i2\/#primaryimage"},"thumbnailUrl":"https:\/\/regmik.ua\/wp-content\/uploads\/2015\/08\/i2_ts2.png","datePublished":"2016-08-29T12:15:50+00:00","dateModified":"2024-04-16T16:36:01+00:00","description":"MIMO V\u00ddROBA!!! V\u00fdm\u011bna - RP2-U M\u011b\u0159i\u010d\/indik\u00e1tor I2 m\u011b\u0159\u00ed vstupn\u00ed fyzik\u00e1ln\u00ed veli\u010dinu p\u0159es dva kan\u00e1ly pomoc\u00ed standardn\u00edch sn\u00edma\u010d\u016f TS, PT, AN a AT.","breadcrumb":{"@id":"https:\/\/regmik.ua\/product\/i2\/#breadcrumb"},"inLanguage":"cs","potentialAction":[{"@type":"ReadAction","target":["https:\/\/regmik.ua\/product\/i2\/"]}]},{"@type":"ImageObject","inLanguage":"cs","@id":"https:\/\/regmik.ua\/product\/i2\/#primaryimage","url":"https:\/\/regmik.ua\/wp-content\/uploads\/2015\/08\/i2_ts2.png","contentUrl":"https:\/\/regmik.ua\/wp-content\/uploads\/2015\/08\/i2_ts2.png","width":800,"height":1024,"caption":"\u0418\u0437\u043c\u0435\u0440\u0438\u0442\u0435\u043b\u044c \u0434\u0432\u0443\u0445\u043a\u0430\u043d\u0430\u043b\u044c\u043d\u044b\u0439 \u0449\u0438\u0442\u043e\u0432\u043e\u0439 (\u04182)"},{"@type":"BreadcrumbList","@id":"https:\/\/regmik.ua\/product\/i2\/#breadcrumb","itemListElement":[{"@type":"ListItem","position":1,"name":"\u0413\u043b\u0430\u0432\u043d\u0430\u044f \u0441\u0442\u0440\u0430\u043d\u0438\u0446\u0430","item":"https:\/\/regmik.ua\/"},{"@type":"ListItem","position":2,"name":"\u041f\u0440\u043e\u0434\u0443\u043a\u0446\u0438\u044f","item":"https:\/\/regmik.ua\/uk\/products\/"},{"@type":"ListItem","position":3,"name":"\u0418\u0437\u043c\u0435\u0440\u0438\u0442\u0435\u043b\u044c \u0434\u0432\u0443\u0445\u043a\u0430\u043d\u0430\u043b\u044c\u043d\u044b\u0439 \u04182"}]},{"@type":"WebSite","@id":"https:\/\/regmik.ua\/uk\/#website","url":"https:\/\/regmik.ua\/uk\/","name":"REGMIK","description":"M\u011b\u0159ic\u00ed p\u0159\u00edstroje a sn\u00edma\u010de teploty","publisher":{"@id":"https:\/\/regmik.ua\/uk\/#organization"},"alternateName":"REGMIK","potentialAction":[{"@type":"SearchAction","target":{"@type":"EntryPoint","urlTemplate":"https:\/\/regmik.ua\/uk\/?s={search_term_string}"},"query-input":{"@type":"PropertyValueSpecification","valueRequired":true,"valueName":"search_term_string"}}],"inLanguage":"cs"},{"@type":"Organization","@id":"https:\/\/regmik.ua\/uk\/#organization","name":"REGMIK","alternateName":"\u0420\u0415\u0413\u041c\u0418\u041a","url":"https:\/\/regmik.ua\/uk\/","logo":{"@type":"ImageObject","inLanguage":"cs","@id":"https:\/\/regmik.ua\/uk\/#\/schema\/logo\/image\/","url":"https:\/\/regmik.ua\/wp-content\/uploads\/2020\/03\/regmik_logo.png","contentUrl":"https:\/\/regmik.ua\/wp-content\/uploads\/2020\/03\/regmik_logo.png","width":194,"height":45,"caption":"REGMIK"},"image":{"@id":"https:\/\/regmik.ua\/uk\/#\/schema\/logo\/image\/"},"sameAs":["https:\/\/www.facebook.com\/regmik.npf","https:\/\/x.com\/regmiknpf","https:\/\/www.youtube.com\/channel\/UC_SrY98SKAmR3Kt95GcVKcw"]}]}},"_links":{"self":[{"href":"https:\/\/regmik.ua\/cs\/wp-json\/wp\/v2\/product\/11056","targetHints":{"allow":["GET"]}}],"collection":[{"href":"https:\/\/regmik.ua\/cs\/wp-json\/wp\/v2\/product"}],"about":[{"href":"https:\/\/regmik.ua\/cs\/wp-json\/wp\/v2\/types\/product"}],"replies":[{"embeddable":true,"href":"https:\/\/regmik.ua\/cs\/wp-json\/wp\/v2\/comments?post=11056"}],"version-history":[{"count":0,"href":"https:\/\/regmik.ua\/cs\/wp-json\/wp\/v2\/product\/11056\/revisions"}],"wp:featuredmedia":[{"embeddable":true,"href":"https:\/\/regmik.ua\/cs\/wp-json\/wp\/v2\/media\/12126"}],"wp:attachment":[{"href":"https:\/\/regmik.ua\/cs\/wp-json\/wp\/v2\/media?parent=11056"}],"wp:term":[{"taxonomy":"product_brand","embeddable":true,"href":"https:\/\/regmik.ua\/cs\/wp-json\/wp\/v2\/product_brand?post=11056"},{"taxonomy":"product_cat","embeddable":true,"href":"https:\/\/regmik.ua\/cs\/wp-json\/wp\/v2\/product_cat?post=11056"},{"taxonomy":"product_tag","embeddable":true,"href":"https:\/\/regmik.ua\/cs\/wp-json\/wp\/v2\/product_tag?post=11056"}],"curies":[{"name":"wp","href":"https:\/\/api.w.org\/{rel}","templated":true}]}}